{"id":51594,"date":"2025-08-30T11:32:31","date_gmt":"2025-08-30T11:32:31","guid":{"rendered":"https:\/\/burkinistar.com\/?product=tankini-mayo-kisa-taytli-lacivert"},"modified":"2025-08-30T11:32:43","modified_gmt":"2025-08-30T11:32:43","slug":"tankini-mayo-kisa-taytli-lacivert","status":"publish","type":"product","link":"https:\/\/burkinistar.com\/?product=tankini-mayo-kisa-taytli-lacivert","title":{"rendered":"Tankini Mayo K\u0131sa Taytl\u0131 Lacivert"},"content":{"rendered":"<p>Lacivert Tankini Mayo Tak\u0131m\u0131 Tankini \u00fcst\u00fc ve tayt olmak \u00fczere iki par\u00e7a halindedir. G\u00f6\u011f\u00fcs pedi vard\u0131r G\u00f6\u011f\u00fcs pedi \u00e7\u0131kar\u0131lamaz. Polyamid kar\u0131\u015f\u0131ml\u0131 esnek kuma\u015ftan \u00fcretilmi\u015ftir. Yumu\u015fak bir dokuludur. H\u0131zl\u0131 kuruma \u00f6zelli\u011fi vard\u0131r.<\/p>\n","protected":false},"excerpt":{"rendered":"<p>Lacivert Tankini Mayo Tak\u0131m\u0131 Tankini \u00fcst\u00fc ve tayt olmak \u00fczere iki par\u00e7a halindedir. G\u00f6\u011f\u00fcs pedi&hellip;<\/p>\n","protected":false},"featured_media":51597,"comment_status":"closed","ping_status":"open","template":"","meta":[],"product_brand":[2555],"product_cat":[2567],"product_tag":[],"class_list":{"0":"post-51594","1":"product","2":"type-product","3":"status-publish","4":"has-post-thumbnail","6":"product_brand-armes","7":"product_cat-elbise-mayo","8":"pa_color-lacivert","9":"pa_size-2581","10":"pa_size-2582","11":"pa_size-2583","13":"first","14":"instock","15":"shipping-taxable","16":"purchasable","17":"product-type-variable","18":"layout-style-2","19":"col-md-4 col-sm-4 col-xs-6","20":"col-lg-4","21":"product-has-gallery","22":"product-style-slider"},"yoast_head":"<!-- This site is optimized with the Yoast SEO plugin v25.8 - https:\/\/yoast.com\/wordpress\/plugins\/seo\/ -->\n<title>Tankini Mayo K\u0131sa Taytl\u0131 Lacivert - BURKINISTAR<\/title>\n<meta name=\"robots\" content=\"index, follow, max-snippet:-1, max-image-preview:large, max-video-preview:-1\" \/>\n<link rel=\"canonical\" href=\"https:\/\/burkinistar.com\/?product=tankini-mayo-kisa-taytli-lacivert\" \/>\n<meta property=\"og:locale\" content=\"en_US\" \/>\n<meta property=\"og:type\" content=\"article\" \/>\n<meta property=\"og:title\" content=\"Tankini Mayo K\u0131sa Taytl\u0131 Lacivert - BURKINISTAR\" \/>\n<meta property=\"og:description\" content=\"Lacivert Tankini Mayo Tak\u0131m\u0131 Tankini \u00fcst\u00fc ve tayt olmak \u00fczere iki par\u00e7a halindedir. G\u00f6\u011f\u00fcs pedi&hellip;\" \/>\n<meta property=\"og:url\" content=\"https:\/\/burkinistar.com\/?product=tankini-mayo-kisa-taytli-lacivert\" \/>\n<meta property=\"og:site_name\" content=\"BURKINISTAR\" \/>\n<meta property=\"article:modified_time\" content=\"2025-08-30T11:32:43+00:00\" \/>\n<meta property=\"og:image\" content=\"https:\/\/burkinistar.com\/wp-content\/uploads\/2025\/08\/elbise-mayotankini-mayo-kisa-taytli-la-b0-a9f.jpg\" \/>\n\t<meta property=\"og:image:width\" content=\"600\" \/>\n\t<meta property=\"og:image:height\" content=\"900\" \/>\n\t<meta property=\"og:image:type\" content=\"image\/jpeg\" \/>\n<meta name=\"twitter:card\" content=\"summary_large_image\" \/>\n<script type=\"application\/ld+json\" class=\"yoast-schema-graph\">{\"@context\":\"https:\/\/schema.org\",\"@graph\":[{\"@type\":\"WebPage\",\"@id\":\"https:\/\/burkinistar.com\/?product=tankini-mayo-kisa-taytli-lacivert\",\"url\":\"https:\/\/burkinistar.com\/?product=tankini-mayo-kisa-taytli-lacivert\",\"name\":\"Tankini Mayo K\u0131sa Taytl\u0131 Lacivert - BURKINISTAR\",\"isPartOf\":{\"@id\":\"https:\/\/burkinistar.com\/#website\"},\"primaryImageOfPage\":{\"@id\":\"https:\/\/burkinistar.com\/?product=tankini-mayo-kisa-taytli-lacivert#primaryimage\"},\"image\":{\"@id\":\"https:\/\/burkinistar.com\/?product=tankini-mayo-kisa-taytli-lacivert#primaryimage\"},\"thumbnailUrl\":\"https:\/\/burkinistar.com\/wp-content\/uploads\/2025\/08\/elbise-mayotankini-mayo-kisa-taytli-la-b0-a9f.jpg\",\"datePublished\":\"2025-08-30T11:32:31+00:00\",\"dateModified\":\"2025-08-30T11:32:43+00:00\",\"breadcrumb\":{\"@id\":\"https:\/\/burkinistar.com\/?product=tankini-mayo-kisa-taytli-lacivert#breadcrumb\"},\"inLanguage\":\"en-US\",\"potentialAction\":[{\"@type\":\"ReadAction\",\"target\":[\"https:\/\/burkinistar.com\/?product=tankini-mayo-kisa-taytli-lacivert\"]}]},{\"@type\":\"ImageObject\",\"inLanguage\":\"en-US\",\"@id\":\"https:\/\/burkinistar.com\/?product=tankini-mayo-kisa-taytli-lacivert#primaryimage\",\"url\":\"https:\/\/burkinistar.com\/wp-content\/uploads\/2025\/08\/elbise-mayotankini-mayo-kisa-taytli-la-b0-a9f.jpg\",\"contentUrl\":\"https:\/\/burkinistar.com\/wp-content\/uploads\/2025\/08\/elbise-mayotankini-mayo-kisa-taytli-la-b0-a9f.jpg\",\"width\":600,\"height\":900},{\"@type\":\"BreadcrumbList\",\"@id\":\"https:\/\/burkinistar.com\/?product=tankini-mayo-kisa-taytli-lacivert#breadcrumb\",\"itemListElement\":[{\"@type\":\"ListItem\",\"position\":1,\"name\":\"Homepage\",\"item\":\"https:\/\/burkinistar.com\/\"},{\"@type\":\"ListItem\",\"position\":2,\"name\":\"All Products\",\"item\":\"https:\/\/burkinistar.com\/?page_id=8\"},{\"@type\":\"ListItem\",\"position\":3,\"name\":\"Tankini Mayo K\u0131sa Taytl\u0131 Lacivert\"}]},{\"@type\":\"WebSite\",\"@id\":\"https:\/\/burkinistar.com\/#website\",\"url\":\"https:\/\/burkinistar.com\/\",\"name\":\"BURKINISTAR\",\"description\":\"The Best Modest Swimwear and Bikini Store | Burkinistar\",\"potentialAction\":[{\"@type\":\"SearchAction\",\"target\":{\"@type\":\"EntryPoint\",\"urlTemplate\":\"https:\/\/burkinistar.com\/?s={search_term_string}\"},\"query-input\":{\"@type\":\"PropertyValueSpecification\",\"valueRequired\":true,\"valueName\":\"search_term_string\"}}],\"inLanguage\":\"en-US\"}]}<\/script>\n<!-- \/ Yoast SEO plugin. -->","yoast_head_json":{"title":"Tankini Mayo K\u0131sa Taytl\u0131 Lacivert - BURKINISTAR","robots":{"index":"index","follow":"follow","max-snippet":"max-snippet:-1","max-image-preview":"max-image-preview:large","max-video-preview":"max-video-preview:-1"},"canonical":"https:\/\/burkinistar.com\/?product=tankini-mayo-kisa-taytli-lacivert","og_locale":"en_US","og_type":"article","og_title":"Tankini Mayo K\u0131sa Taytl\u0131 Lacivert - BURKINISTAR","og_description":"Lacivert Tankini Mayo Tak\u0131m\u0131 Tankini \u00fcst\u00fc ve tayt olmak \u00fczere iki par\u00e7a halindedir. G\u00f6\u011f\u00fcs pedi&hellip;","og_url":"https:\/\/burkinistar.com\/?product=tankini-mayo-kisa-taytli-lacivert","og_site_name":"BURKINISTAR","article_modified_time":"2025-08-30T11:32:43+00:00","og_image":[{"width":600,"height":900,"url":"https:\/\/burkinistar.com\/wp-content\/uploads\/2025\/08\/elbise-mayotankini-mayo-kisa-taytli-la-b0-a9f.jpg","type":"image\/jpeg"}],"twitter_card":"summary_large_image","schema":{"@context":"https:\/\/schema.org","@graph":[{"@type":"WebPage","@id":"https:\/\/burkinistar.com\/?product=tankini-mayo-kisa-taytli-lacivert","url":"https:\/\/burkinistar.com\/?product=tankini-mayo-kisa-taytli-lacivert","name":"Tankini Mayo K\u0131sa Taytl\u0131 Lacivert - BURKINISTAR","isPartOf":{"@id":"https:\/\/burkinistar.com\/#website"},"primaryImageOfPage":{"@id":"https:\/\/burkinistar.com\/?product=tankini-mayo-kisa-taytli-lacivert#primaryimage"},"image":{"@id":"https:\/\/burkinistar.com\/?product=tankini-mayo-kisa-taytli-lacivert#primaryimage"},"thumbnailUrl":"https:\/\/burkinistar.com\/wp-content\/uploads\/2025\/08\/elbise-mayotankini-mayo-kisa-taytli-la-b0-a9f.jpg","datePublished":"2025-08-30T11:32:31+00:00","dateModified":"2025-08-30T11:32:43+00:00","breadcrumb":{"@id":"https:\/\/burkinistar.com\/?product=tankini-mayo-kisa-taytli-lacivert#breadcrumb"},"inLanguage":"en-US","potentialAction":[{"@type":"ReadAction","target":["https:\/\/burkinistar.com\/?product=tankini-mayo-kisa-taytli-lacivert"]}]},{"@type":"ImageObject","inLanguage":"en-US","@id":"https:\/\/burkinistar.com\/?product=tankini-mayo-kisa-taytli-lacivert#primaryimage","url":"https:\/\/burkinistar.com\/wp-content\/uploads\/2025\/08\/elbise-mayotankini-mayo-kisa-taytli-la-b0-a9f.jpg","contentUrl":"https:\/\/burkinistar.com\/wp-content\/uploads\/2025\/08\/elbise-mayotankini-mayo-kisa-taytli-la-b0-a9f.jpg","width":600,"height":900},{"@type":"BreadcrumbList","@id":"https:\/\/burkinistar.com\/?product=tankini-mayo-kisa-taytli-lacivert#breadcrumb","itemListElement":[{"@type":"ListItem","position":1,"name":"Homepage","item":"https:\/\/burkinistar.com\/"},{"@type":"ListItem","position":2,"name":"All Products","item":"https:\/\/burkinistar.com\/?page_id=8"},{"@type":"ListItem","position":3,"name":"Tankini Mayo K\u0131sa Taytl\u0131 Lacivert"}]},{"@type":"WebSite","@id":"https:\/\/burkinistar.com\/#website","url":"https:\/\/burkinistar.com\/","name":"BURKINISTAR","description":"The Best Modest Swimwear and Bikini Store | Burkinistar","potentialAction":[{"@type":"SearchAction","target":{"@type":"EntryPoint","urlTemplate":"https:\/\/burkinistar.com\/?s={search_term_string}"},"query-input":{"@type":"PropertyValueSpecification","valueRequired":true,"valueName":"search_term_string"}}],"inLanguage":"en-US"}]}},"_links":{"self":[{"href":"https:\/\/burkinistar.com\/index.php?rest_route=\/wp\/v2\/product\/51594","targetHints":{"allow":["GET"]}}],"collection":[{"href":"https:\/\/burkinistar.com\/index.php?rest_route=\/wp\/v2\/product"}],"about":[{"href":"https:\/\/burkinistar.com\/index.php?rest_route=\/wp\/v2\/types\/product"}],"replies":[{"embeddable":true,"href":"https:\/\/burkinistar.com\/index.php?rest_route=%2Fwp%2Fv2%2Fcomments&post=51594"}],"version-history":[{"count":1,"href":"https:\/\/burkinistar.com\/index.php?rest_route=\/wp\/v2\/product\/51594\/revisions"}],"predecessor-version":[{"id":51595,"href":"https:\/\/burkinistar.com\/index.php?rest_route=\/wp\/v2\/product\/51594\/revisions\/51595"}],"wp:featuredmedia":[{"embeddable":true,"href":"https:\/\/burkinistar.com\/index.php?rest_route=\/wp\/v2\/media\/51597"}],"wp:attachment":[{"href":"https:\/\/burkinistar.com\/index.php?rest_route=%2Fwp%2Fv2%2Fmedia&parent=51594"}],"wp:term":[{"taxonomy":"product_brand","embeddable":true,"href":"https:\/\/burkinistar.com\/index.php?rest_route=%2Fwp%2Fv2%2Fproduct_brand&post=51594"},{"taxonomy":"product_cat","embeddable":true,"href":"https:\/\/burkinistar.com\/index.php?rest_route=%2Fwp%2Fv2%2Fproduct_cat&post=51594"},{"taxonomy":"product_tag","embeddable":true,"href":"https:\/\/burkinistar.com\/index.php?rest_route=%2Fwp%2Fv2%2Fproduct_tag&post=51594"}],"curies":[{"name":"wp","href":"https:\/\/api.w.org\/{rel}","templated":true}]}}