{"id":51601,"date":"2025-08-30T11:32:31","date_gmt":"2025-08-30T11:32:31","guid":{"rendered":"https:\/\/burkinistar.com\/?product=tankini-mayo-kisa-taytli-siyah"},"modified":"2025-08-30T11:32:43","modified_gmt":"2025-08-30T11:32:43","slug":"tankini-mayo-kisa-taytli-siyah","status":"publish","type":"product","link":"https:\/\/burkinistar.com\/?product=tankini-mayo-kisa-taytli-siyah","title":{"rendered":"Tankini Mayo K\u0131sa Taytl\u0131 Siyah"},"content":{"rendered":"<p>Lacivert Tankini Mayo Tak\u0131m\u0131 Tankini \u00fcst\u00fc ve tayt olmak \u00fczere iki par\u00e7a halindedir. G\u00f6\u011f\u00fcs pedi vard\u0131r G\u00f6\u011f\u00fcs pedi \u00e7\u0131kar\u0131lamaz. Polyamid kar\u0131\u015f\u0131ml\u0131 esnek kuma\u015ftan \u00fcretilmi\u015ftir. Yumu\u015fak bir dokuludur. H\u0131zl\u0131 kuruma \u00f6zelli\u011fi vard\u0131r.<\/p>\n","protected":false},"excerpt":{"rendered":"<p>Lacivert Tankini Mayo Tak\u0131m\u0131 Tankini \u00fcst\u00fc ve tayt olmak \u00fczere iki par\u00e7a halindedir. G\u00f6\u011f\u00fcs pedi&hellip;<\/p>\n","protected":false},"featured_media":51604,"comment_status":"closed","ping_status":"open","template":"","meta":[],"product_brand":[2555],"product_cat":[2567],"product_tag":[],"class_list":{"0":"post-51601","1":"product","2":"type-product","3":"status-publish","4":"has-post-thumbnail","6":"product_brand-armes","7":"product_cat-elbise-mayo","8":"pa_color-lacivert","9":"pa_size-2581","10":"pa_size-2582","11":"pa_size-2583","12":"pa_size-2584","13":"pa_size-2585","15":"first","16":"instock","17":"shipping-taxable","18":"purchasable","19":"product-type-variable","20":"layout-style-2","21":"col-md-4 col-sm-4 col-xs-6","22":"col-lg-4","23":"product-has-gallery","24":"product-style-slider"},"yoast_head":"<!-- This site is optimized with the Yoast SEO plugin v25.8 - https:\/\/yoast.com\/wordpress\/plugins\/seo\/ -->\n<title>Tankini Mayo K\u0131sa Taytl\u0131 Siyah - BURKINISTAR<\/title>\n<meta name=\"robots\" content=\"index, follow, max-snippet:-1, max-image-preview:large, max-video-preview:-1\" \/>\n<link rel=\"canonical\" href=\"https:\/\/burkinistar.com\/?product=tankini-mayo-kisa-taytli-siyah\" \/>\n<meta property=\"og:locale\" content=\"en_US\" \/>\n<meta property=\"og:type\" content=\"article\" \/>\n<meta property=\"og:title\" content=\"Tankini Mayo K\u0131sa Taytl\u0131 Siyah - BURKINISTAR\" \/>\n<meta property=\"og:description\" content=\"Lacivert Tankini Mayo Tak\u0131m\u0131 Tankini \u00fcst\u00fc ve tayt olmak \u00fczere iki par\u00e7a halindedir. G\u00f6\u011f\u00fcs pedi&hellip;\" \/>\n<meta property=\"og:url\" content=\"https:\/\/burkinistar.com\/?product=tankini-mayo-kisa-taytli-siyah\" \/>\n<meta property=\"og:site_name\" content=\"BURKINISTAR\" \/>\n<meta property=\"article:modified_time\" content=\"2025-08-30T11:32:43+00:00\" \/>\n<meta property=\"og:image\" content=\"https:\/\/burkinistar.com\/wp-content\/uploads\/2025\/08\/elbise-mayotankini-mayo-kisa-taytli-si-74bc.jpg\" \/>\n\t<meta property=\"og:image:width\" content=\"600\" \/>\n\t<meta property=\"og:image:height\" content=\"900\" \/>\n\t<meta property=\"og:image:type\" content=\"image\/jpeg\" \/>\n<meta name=\"twitter:card\" content=\"summary_large_image\" \/>\n<script type=\"application\/ld+json\" class=\"yoast-schema-graph\">{\"@context\":\"https:\/\/schema.org\",\"@graph\":[{\"@type\":\"WebPage\",\"@id\":\"https:\/\/burkinistar.com\/?product=tankini-mayo-kisa-taytli-siyah\",\"url\":\"https:\/\/burkinistar.com\/?product=tankini-mayo-kisa-taytli-siyah\",\"name\":\"Tankini Mayo K\u0131sa Taytl\u0131 Siyah - BURKINISTAR\",\"isPartOf\":{\"@id\":\"https:\/\/burkinistar.com\/#website\"},\"primaryImageOfPage\":{\"@id\":\"https:\/\/burkinistar.com\/?product=tankini-mayo-kisa-taytli-siyah#primaryimage\"},\"image\":{\"@id\":\"https:\/\/burkinistar.com\/?product=tankini-mayo-kisa-taytli-siyah#primaryimage\"},\"thumbnailUrl\":\"https:\/\/burkinistar.com\/wp-content\/uploads\/2025\/08\/elbise-mayotankini-mayo-kisa-taytli-si-74bc.jpg\",\"datePublished\":\"2025-08-30T11:32:31+00:00\",\"dateModified\":\"2025-08-30T11:32:43+00:00\",\"breadcrumb\":{\"@id\":\"https:\/\/burkinistar.com\/?product=tankini-mayo-kisa-taytli-siyah#breadcrumb\"},\"inLanguage\":\"en-US\",\"potentialAction\":[{\"@type\":\"ReadAction\",\"target\":[\"https:\/\/burkinistar.com\/?product=tankini-mayo-kisa-taytli-siyah\"]}]},{\"@type\":\"ImageObject\",\"inLanguage\":\"en-US\",\"@id\":\"https:\/\/burkinistar.com\/?product=tankini-mayo-kisa-taytli-siyah#primaryimage\",\"url\":\"https:\/\/burkinistar.com\/wp-content\/uploads\/2025\/08\/elbise-mayotankini-mayo-kisa-taytli-si-74bc.jpg\",\"contentUrl\":\"https:\/\/burkinistar.com\/wp-content\/uploads\/2025\/08\/elbise-mayotankini-mayo-kisa-taytli-si-74bc.jpg\",\"width\":600,\"height\":900},{\"@type\":\"BreadcrumbList\",\"@id\":\"https:\/\/burkinistar.com\/?product=tankini-mayo-kisa-taytli-siyah#breadcrumb\",\"itemListElement\":[{\"@type\":\"ListItem\",\"position\":1,\"name\":\"Homepage\",\"item\":\"https:\/\/burkinistar.com\/\"},{\"@type\":\"ListItem\",\"position\":2,\"name\":\"All Products\",\"item\":\"https:\/\/burkinistar.com\/?page_id=8\"},{\"@type\":\"ListItem\",\"position\":3,\"name\":\"Tankini Mayo K\u0131sa Taytl\u0131 Siyah\"}]},{\"@type\":\"WebSite\",\"@id\":\"https:\/\/burkinistar.com\/#website\",\"url\":\"https:\/\/burkinistar.com\/\",\"name\":\"BURKINISTAR\",\"description\":\"The Best Modest Swimwear and Bikini Store | Burkinistar\",\"potentialAction\":[{\"@type\":\"SearchAction\",\"target\":{\"@type\":\"EntryPoint\",\"urlTemplate\":\"https:\/\/burkinistar.com\/?s={search_term_string}\"},\"query-input\":{\"@type\":\"PropertyValueSpecification\",\"valueRequired\":true,\"valueName\":\"search_term_string\"}}],\"inLanguage\":\"en-US\"}]}<\/script>\n<!-- \/ Yoast SEO plugin. -->","yoast_head_json":{"title":"Tankini Mayo K\u0131sa Taytl\u0131 Siyah - BURKINISTAR","robots":{"index":"index","follow":"follow","max-snippet":"max-snippet:-1","max-image-preview":"max-image-preview:large","max-video-preview":"max-video-preview:-1"},"canonical":"https:\/\/burkinistar.com\/?product=tankini-mayo-kisa-taytli-siyah","og_locale":"en_US","og_type":"article","og_title":"Tankini Mayo K\u0131sa Taytl\u0131 Siyah - BURKINISTAR","og_description":"Lacivert Tankini Mayo Tak\u0131m\u0131 Tankini \u00fcst\u00fc ve tayt olmak \u00fczere iki par\u00e7a halindedir. G\u00f6\u011f\u00fcs pedi&hellip;","og_url":"https:\/\/burkinistar.com\/?product=tankini-mayo-kisa-taytli-siyah","og_site_name":"BURKINISTAR","article_modified_time":"2025-08-30T11:32:43+00:00","og_image":[{"width":600,"height":900,"url":"https:\/\/burkinistar.com\/wp-content\/uploads\/2025\/08\/elbise-mayotankini-mayo-kisa-taytli-si-74bc.jpg","type":"image\/jpeg"}],"twitter_card":"summary_large_image","schema":{"@context":"https:\/\/schema.org","@graph":[{"@type":"WebPage","@id":"https:\/\/burkinistar.com\/?product=tankini-mayo-kisa-taytli-siyah","url":"https:\/\/burkinistar.com\/?product=tankini-mayo-kisa-taytli-siyah","name":"Tankini Mayo K\u0131sa Taytl\u0131 Siyah - BURKINISTAR","isPartOf":{"@id":"https:\/\/burkinistar.com\/#website"},"primaryImageOfPage":{"@id":"https:\/\/burkinistar.com\/?product=tankini-mayo-kisa-taytli-siyah#primaryimage"},"image":{"@id":"https:\/\/burkinistar.com\/?product=tankini-mayo-kisa-taytli-siyah#primaryimage"},"thumbnailUrl":"https:\/\/burkinistar.com\/wp-content\/uploads\/2025\/08\/elbise-mayotankini-mayo-kisa-taytli-si-74bc.jpg","datePublished":"2025-08-30T11:32:31+00:00","dateModified":"2025-08-30T11:32:43+00:00","breadcrumb":{"@id":"https:\/\/burkinistar.com\/?product=tankini-mayo-kisa-taytli-siyah#breadcrumb"},"inLanguage":"en-US","potentialAction":[{"@type":"ReadAction","target":["https:\/\/burkinistar.com\/?product=tankini-mayo-kisa-taytli-siyah"]}]},{"@type":"ImageObject","inLanguage":"en-US","@id":"https:\/\/burkinistar.com\/?product=tankini-mayo-kisa-taytli-siyah#primaryimage","url":"https:\/\/burkinistar.com\/wp-content\/uploads\/2025\/08\/elbise-mayotankini-mayo-kisa-taytli-si-74bc.jpg","contentUrl":"https:\/\/burkinistar.com\/wp-content\/uploads\/2025\/08\/elbise-mayotankini-mayo-kisa-taytli-si-74bc.jpg","width":600,"height":900},{"@type":"BreadcrumbList","@id":"https:\/\/burkinistar.com\/?product=tankini-mayo-kisa-taytli-siyah#breadcrumb","itemListElement":[{"@type":"ListItem","position":1,"name":"Homepage","item":"https:\/\/burkinistar.com\/"},{"@type":"ListItem","position":2,"name":"All Products","item":"https:\/\/burkinistar.com\/?page_id=8"},{"@type":"ListItem","position":3,"name":"Tankini Mayo K\u0131sa Taytl\u0131 Siyah"}]},{"@type":"WebSite","@id":"https:\/\/burkinistar.com\/#website","url":"https:\/\/burkinistar.com\/","name":"BURKINISTAR","description":"The Best Modest Swimwear and Bikini Store | Burkinistar","potentialAction":[{"@type":"SearchAction","target":{"@type":"EntryPoint","urlTemplate":"https:\/\/burkinistar.com\/?s={search_term_string}"},"query-input":{"@type":"PropertyValueSpecification","valueRequired":true,"valueName":"search_term_string"}}],"inLanguage":"en-US"}]}},"_links":{"self":[{"href":"https:\/\/burkinistar.com\/index.php?rest_route=\/wp\/v2\/product\/51601","targetHints":{"allow":["GET"]}}],"collection":[{"href":"https:\/\/burkinistar.com\/index.php?rest_route=\/wp\/v2\/product"}],"about":[{"href":"https:\/\/burkinistar.com\/index.php?rest_route=\/wp\/v2\/types\/product"}],"replies":[{"embeddable":true,"href":"https:\/\/burkinistar.com\/index.php?rest_route=%2Fwp%2Fv2%2Fcomments&post=51601"}],"version-history":[{"count":1,"href":"https:\/\/burkinistar.com\/index.php?rest_route=\/wp\/v2\/product\/51601\/revisions"}],"predecessor-version":[{"id":51602,"href":"https:\/\/burkinistar.com\/index.php?rest_route=\/wp\/v2\/product\/51601\/revisions\/51602"}],"wp:featuredmedia":[{"embeddable":true,"href":"https:\/\/burkinistar.com\/index.php?rest_route=\/wp\/v2\/media\/51604"}],"wp:attachment":[{"href":"https:\/\/burkinistar.com\/index.php?rest_route=%2Fwp%2Fv2%2Fmedia&parent=51601"}],"wp:term":[{"taxonomy":"product_brand","embeddable":true,"href":"https:\/\/burkinistar.com\/index.php?rest_route=%2Fwp%2Fv2%2Fproduct_brand&post=51601"},{"taxonomy":"product_cat","embeddable":true,"href":"https:\/\/burkinistar.com\/index.php?rest_route=%2Fwp%2Fv2%2Fproduct_cat&post=51601"},{"taxonomy":"product_tag","embeddable":true,"href":"https:\/\/burkinistar.com\/index.php?rest_route=%2Fwp%2Fv2%2Fproduct_tag&post=51601"}],"curies":[{"name":"wp","href":"https:\/\/api.w.org\/{rel}","templated":true}]}}