{"id":51623,"date":"2025-08-30T11:32:31","date_gmt":"2025-08-30T11:32:31","guid":{"rendered":"https:\/\/burkinistar.com\/?product=sortlu-elbiseli-mayo-kruvaze-tasarim-lacivert"},"modified":"2025-08-30T11:32:43","modified_gmt":"2025-08-30T11:32:43","slug":"sortlu-elbiseli-mayo-kruvaze-tasarim-lacivert","status":"publish","type":"product","link":"https:\/\/burkinistar.com\/?product=sortlu-elbiseli-mayo-kruvaze-tasarim-lacivert","title":{"rendered":"\u015eortlu Elbiseli Mayo Kruvaze Tasar\u0131m Lacivert"},"content":{"rendered":"<p>Kruvaze tasar\u0131m etekli mayo tek par\u00e7a olarak sat\u0131\u015fa sunulmaktad\u0131r. Astarl\u0131d\u0131r. \u00c7\u0131kar\u0131labilir g\u00f6\u011f\u00fcs pedi vard\u0131r. Y\u00fcksek Kalite Kuma\u015f: %80 polyamit ve %20 elastan kar\u0131\u015f\u0131m\u0131 ile \u00fcretilmi\u015ftir. Dayan\u0131kl\u0131, esnek ve h\u0131zl\u0131 kuruyan yap\u0131s\u0131yla \u00f6ne \u00e7\u0131kar. \u015e\u0131k Tasar\u0131m: Etekli mayo tasar\u0131m\u0131, zarif bir g\u00f6r\u00fcn\u00fcm sunar. Farkl\u0131 renk ve desen se\u00e7enekleri mevcuttur. \u00c7ok Y\u00f6nl\u00fc Kullan\u0131m: Plajda, havuzda veya termal sularda rahat\u00e7a kullan\u0131labilir. Hem \u015f\u0131k hem de i\u015flevsel bir \u00fcr\u00fcn arayanlar i\u00e7in ideal. G\u00fcn boyu konfor ve tarz sunar.<\/p>\n","protected":false},"excerpt":{"rendered":"<p>Kruvaze tasar\u0131m etekli mayo tek par\u00e7a olarak sat\u0131\u015fa sunulmaktad\u0131r. Astarl\u0131d\u0131r. \u00c7\u0131kar\u0131labilir g\u00f6\u011f\u00fcs pedi vard\u0131r. Y\u00fcksek&hellip;<\/p>\n","protected":false},"featured_media":51626,"comment_status":"closed","ping_status":"open","template":"","meta":[],"product_brand":[2562],"product_cat":[2567],"product_tag":[],"class_list":{"0":"post-51623","1":"product","2":"type-product","3":"status-publish","4":"has-post-thumbnail","6":"product_brand-starinci-mayo","7":"product_cat-elbise-mayo","8":"pa_color-lacivert","9":"pa_size-2581","10":"pa_size-2582","11":"pa_size-2583","12":"pa_size-2584","13":"pa_size-2585","15":"first","16":"instock","17":"shipping-taxable","18":"purchasable","19":"product-type-variable","20":"layout-style-2","21":"col-md-4 col-sm-4 col-xs-6","22":"col-lg-4","23":"product-has-gallery","24":"product-style-slider"},"yoast_head":"<!-- This site is optimized with the Yoast SEO plugin v25.8 - https:\/\/yoast.com\/wordpress\/plugins\/seo\/ -->\n<title>\u015eortlu Elbiseli Mayo Kruvaze Tasar\u0131m Lacivert - BURKINISTAR<\/title>\n<meta name=\"robots\" content=\"index, follow, max-snippet:-1, max-image-preview:large, max-video-preview:-1\" \/>\n<link rel=\"canonical\" href=\"https:\/\/burkinistar.com\/?product=sortlu-elbiseli-mayo-kruvaze-tasarim-lacivert\" \/>\n<meta property=\"og:locale\" content=\"en_US\" \/>\n<meta property=\"og:type\" content=\"article\" \/>\n<meta property=\"og:title\" content=\"\u015eortlu Elbiseli Mayo Kruvaze Tasar\u0131m Lacivert - BURKINISTAR\" \/>\n<meta property=\"og:description\" content=\"Kruvaze tasar\u0131m etekli mayo tek par\u00e7a olarak sat\u0131\u015fa sunulmaktad\u0131r. Astarl\u0131d\u0131r. \u00c7\u0131kar\u0131labilir g\u00f6\u011f\u00fcs pedi vard\u0131r. Y\u00fcksek&hellip;\" \/>\n<meta property=\"og:url\" content=\"https:\/\/burkinistar.com\/?product=sortlu-elbiseli-mayo-kruvaze-tasarim-lacivert\" \/>\n<meta property=\"og:site_name\" content=\"BURKINISTAR\" \/>\n<meta property=\"article:modified_time\" content=\"2025-08-30T11:32:43+00:00\" \/>\n<meta property=\"og:image\" content=\"https:\/\/burkinistar.com\/wp-content\/uploads\/2025\/08\/elbise-mayosortlu-elbiseli-mayo-kruvaz-5-4b77.jpg\" \/>\n\t<meta property=\"og:image:width\" content=\"600\" \/>\n\t<meta property=\"og:image:height\" content=\"900\" \/>\n\t<meta property=\"og:image:type\" content=\"image\/jpeg\" \/>\n<meta name=\"twitter:card\" content=\"summary_large_image\" \/>\n<meta name=\"twitter:label1\" content=\"Est. reading time\" \/>\n\t<meta name=\"twitter:data1\" content=\"1 minute\" \/>\n<script type=\"application\/ld+json\" class=\"yoast-schema-graph\">{\"@context\":\"https:\/\/schema.org\",\"@graph\":[{\"@type\":\"WebPage\",\"@id\":\"https:\/\/burkinistar.com\/?product=sortlu-elbiseli-mayo-kruvaze-tasarim-lacivert\",\"url\":\"https:\/\/burkinistar.com\/?product=sortlu-elbiseli-mayo-kruvaze-tasarim-lacivert\",\"name\":\"\u015eortlu Elbiseli Mayo Kruvaze Tasar\u0131m Lacivert - BURKINISTAR\",\"isPartOf\":{\"@id\":\"https:\/\/burkinistar.com\/#website\"},\"primaryImageOfPage\":{\"@id\":\"https:\/\/burkinistar.com\/?product=sortlu-elbiseli-mayo-kruvaze-tasarim-lacivert#primaryimage\"},\"image\":{\"@id\":\"https:\/\/burkinistar.com\/?product=sortlu-elbiseli-mayo-kruvaze-tasarim-lacivert#primaryimage\"},\"thumbnailUrl\":\"https:\/\/burkinistar.com\/wp-content\/uploads\/2025\/08\/elbise-mayosortlu-elbiseli-mayo-kruvaz-5-4b77.jpg\",\"datePublished\":\"2025-08-30T11:32:31+00:00\",\"dateModified\":\"2025-08-30T11:32:43+00:00\",\"breadcrumb\":{\"@id\":\"https:\/\/burkinistar.com\/?product=sortlu-elbiseli-mayo-kruvaze-tasarim-lacivert#breadcrumb\"},\"inLanguage\":\"en-US\",\"potentialAction\":[{\"@type\":\"ReadAction\",\"target\":[\"https:\/\/burkinistar.com\/?product=sortlu-elbiseli-mayo-kruvaze-tasarim-lacivert\"]}]},{\"@type\":\"ImageObject\",\"inLanguage\":\"en-US\",\"@id\":\"https:\/\/burkinistar.com\/?product=sortlu-elbiseli-mayo-kruvaze-tasarim-lacivert#primaryimage\",\"url\":\"https:\/\/burkinistar.com\/wp-content\/uploads\/2025\/08\/elbise-mayosortlu-elbiseli-mayo-kruvaz-5-4b77.jpg\",\"contentUrl\":\"https:\/\/burkinistar.com\/wp-content\/uploads\/2025\/08\/elbise-mayosortlu-elbiseli-mayo-kruvaz-5-4b77.jpg\",\"width\":600,\"height\":900},{\"@type\":\"BreadcrumbList\",\"@id\":\"https:\/\/burkinistar.com\/?product=sortlu-elbiseli-mayo-kruvaze-tasarim-lacivert#breadcrumb\",\"itemListElement\":[{\"@type\":\"ListItem\",\"position\":1,\"name\":\"Homepage\",\"item\":\"https:\/\/burkinistar.com\/\"},{\"@type\":\"ListItem\",\"position\":2,\"name\":\"All Products\",\"item\":\"https:\/\/burkinistar.com\/?page_id=8\"},{\"@type\":\"ListItem\",\"position\":3,\"name\":\"\u015eortlu Elbiseli Mayo Kruvaze Tasar\u0131m Lacivert\"}]},{\"@type\":\"WebSite\",\"@id\":\"https:\/\/burkinistar.com\/#website\",\"url\":\"https:\/\/burkinistar.com\/\",\"name\":\"BURKINISTAR\",\"description\":\"The Best Modest Swimwear and Bikini Store | Burkinistar\",\"potentialAction\":[{\"@type\":\"SearchAction\",\"target\":{\"@type\":\"EntryPoint\",\"urlTemplate\":\"https:\/\/burkinistar.com\/?s={search_term_string}\"},\"query-input\":{\"@type\":\"PropertyValueSpecification\",\"valueRequired\":true,\"valueName\":\"search_term_string\"}}],\"inLanguage\":\"en-US\"}]}<\/script>\n<!-- \/ Yoast SEO plugin. -->","yoast_head_json":{"title":"\u015eortlu Elbiseli Mayo Kruvaze Tasar\u0131m Lacivert - BURKINISTAR","robots":{"index":"index","follow":"follow","max-snippet":"max-snippet:-1","max-image-preview":"max-image-preview:large","max-video-preview":"max-video-preview:-1"},"canonical":"https:\/\/burkinistar.com\/?product=sortlu-elbiseli-mayo-kruvaze-tasarim-lacivert","og_locale":"en_US","og_type":"article","og_title":"\u015eortlu Elbiseli Mayo Kruvaze Tasar\u0131m Lacivert - BURKINISTAR","og_description":"Kruvaze tasar\u0131m etekli mayo tek par\u00e7a olarak sat\u0131\u015fa sunulmaktad\u0131r. Astarl\u0131d\u0131r. \u00c7\u0131kar\u0131labilir g\u00f6\u011f\u00fcs pedi vard\u0131r. Y\u00fcksek&hellip;","og_url":"https:\/\/burkinistar.com\/?product=sortlu-elbiseli-mayo-kruvaze-tasarim-lacivert","og_site_name":"BURKINISTAR","article_modified_time":"2025-08-30T11:32:43+00:00","og_image":[{"width":600,"height":900,"url":"https:\/\/burkinistar.com\/wp-content\/uploads\/2025\/08\/elbise-mayosortlu-elbiseli-mayo-kruvaz-5-4b77.jpg","type":"image\/jpeg"}],"twitter_card":"summary_large_image","twitter_misc":{"Est. reading time":"1 minute"},"schema":{"@context":"https:\/\/schema.org","@graph":[{"@type":"WebPage","@id":"https:\/\/burkinistar.com\/?product=sortlu-elbiseli-mayo-kruvaze-tasarim-lacivert","url":"https:\/\/burkinistar.com\/?product=sortlu-elbiseli-mayo-kruvaze-tasarim-lacivert","name":"\u015eortlu Elbiseli Mayo Kruvaze Tasar\u0131m Lacivert - BURKINISTAR","isPartOf":{"@id":"https:\/\/burkinistar.com\/#website"},"primaryImageOfPage":{"@id":"https:\/\/burkinistar.com\/?product=sortlu-elbiseli-mayo-kruvaze-tasarim-lacivert#primaryimage"},"image":{"@id":"https:\/\/burkinistar.com\/?product=sortlu-elbiseli-mayo-kruvaze-tasarim-lacivert#primaryimage"},"thumbnailUrl":"https:\/\/burkinistar.com\/wp-content\/uploads\/2025\/08\/elbise-mayosortlu-elbiseli-mayo-kruvaz-5-4b77.jpg","datePublished":"2025-08-30T11:32:31+00:00","dateModified":"2025-08-30T11:32:43+00:00","breadcrumb":{"@id":"https:\/\/burkinistar.com\/?product=sortlu-elbiseli-mayo-kruvaze-tasarim-lacivert#breadcrumb"},"inLanguage":"en-US","potentialAction":[{"@type":"ReadAction","target":["https:\/\/burkinistar.com\/?product=sortlu-elbiseli-mayo-kruvaze-tasarim-lacivert"]}]},{"@type":"ImageObject","inLanguage":"en-US","@id":"https:\/\/burkinistar.com\/?product=sortlu-elbiseli-mayo-kruvaze-tasarim-lacivert#primaryimage","url":"https:\/\/burkinistar.com\/wp-content\/uploads\/2025\/08\/elbise-mayosortlu-elbiseli-mayo-kruvaz-5-4b77.jpg","contentUrl":"https:\/\/burkinistar.com\/wp-content\/uploads\/2025\/08\/elbise-mayosortlu-elbiseli-mayo-kruvaz-5-4b77.jpg","width":600,"height":900},{"@type":"BreadcrumbList","@id":"https:\/\/burkinistar.com\/?product=sortlu-elbiseli-mayo-kruvaze-tasarim-lacivert#breadcrumb","itemListElement":[{"@type":"ListItem","position":1,"name":"Homepage","item":"https:\/\/burkinistar.com\/"},{"@type":"ListItem","position":2,"name":"All Products","item":"https:\/\/burkinistar.com\/?page_id=8"},{"@type":"ListItem","position":3,"name":"\u015eortlu Elbiseli Mayo Kruvaze Tasar\u0131m Lacivert"}]},{"@type":"WebSite","@id":"https:\/\/burkinistar.com\/#website","url":"https:\/\/burkinistar.com\/","name":"BURKINISTAR","description":"The Best Modest Swimwear and Bikini Store | Burkinistar","potentialAction":[{"@type":"SearchAction","target":{"@type":"EntryPoint","urlTemplate":"https:\/\/burkinistar.com\/?s={search_term_string}"},"query-input":{"@type":"PropertyValueSpecification","valueRequired":true,"valueName":"search_term_string"}}],"inLanguage":"en-US"}]}},"_links":{"self":[{"href":"https:\/\/burkinistar.com\/index.php?rest_route=\/wp\/v2\/product\/51623","targetHints":{"allow":["GET"]}}],"collection":[{"href":"https:\/\/burkinistar.com\/index.php?rest_route=\/wp\/v2\/product"}],"about":[{"href":"https:\/\/burkinistar.com\/index.php?rest_route=\/wp\/v2\/types\/product"}],"replies":[{"embeddable":true,"href":"https:\/\/burkinistar.com\/index.php?rest_route=%2Fwp%2Fv2%2Fcomments&post=51623"}],"version-history":[{"count":1,"href":"https:\/\/burkinistar.com\/index.php?rest_route=\/wp\/v2\/product\/51623\/revisions"}],"predecessor-version":[{"id":51624,"href":"https:\/\/burkinistar.com\/index.php?rest_route=\/wp\/v2\/product\/51623\/revisions\/51624"}],"wp:featuredmedia":[{"embeddable":true,"href":"https:\/\/burkinistar.com\/index.php?rest_route=\/wp\/v2\/media\/51626"}],"wp:attachment":[{"href":"https:\/\/burkinistar.com\/index.php?rest_route=%2Fwp%2Fv2%2Fmedia&parent=51623"}],"wp:term":[{"taxonomy":"product_brand","embeddable":true,"href":"https:\/\/burkinistar.com\/index.php?rest_route=%2Fwp%2Fv2%2Fproduct_brand&post=51623"},{"taxonomy":"product_cat","embeddable":true,"href":"https:\/\/burkinistar.com\/index.php?rest_route=%2Fwp%2Fv2%2Fproduct_cat&post=51623"},{"taxonomy":"product_tag","embeddable":true,"href":"https:\/\/burkinistar.com\/index.php?rest_route=%2Fwp%2Fv2%2Fproduct_tag&post=51623"}],"curies":[{"name":"wp","href":"https:\/\/api.w.org\/{rel}","templated":true}]}}