{"id":51641,"date":"2025-08-30T11:32:44","date_gmt":"2025-08-30T11:32:44","guid":{"rendered":"https:\/\/burkinistar.com\/?product=elbiseli-mayo-sortlu-siyah-yuvarlak-yaka"},"modified":"2025-08-30T11:32:53","modified_gmt":"2025-08-30T11:32:53","slug":"elbiseli-mayo-sortlu-siyah-yuvarlak-yaka","status":"publish","type":"product","link":"https:\/\/burkinistar.com\/?product=elbiseli-mayo-sortlu-siyah-yuvarlak-yaka","title":{"rendered":"Elbiseli Mayo \u015eortlu Siyah Yuvarlak Yaka"},"content":{"rendered":"<p>Yuvarlak yaka elbiseli mayo, plaj \u015f\u0131kl\u0131\u011f\u0131n\u0131 ve konforunu bir araya getiren m\u00fckemmel bir se\u00e7imdir. Kad\u0131nlar\u0131n hem rahat hem de zarif hissetmesini sa\u011flayan bu \u00fcr\u00fcn, klasik tasar\u0131m\u0131 ve y\u00fcksek kalite kuma\u015f\u0131 ile \u00f6ne \u00e7\u0131kar. Farkl\u0131 beden ve renk se\u00e7enekleriyle sunulan elbiseli mayo, yaz tatilinizin vazge\u00e7ilmezi olacak. \u0130\u00e7i astarl\u0131d\u0131r. G\u00f6\u011f\u00fcs pedi vard\u0131r. H\u0131zl\u0131 kuruyan likral\u0131 polyemit kuma\u015ftan \u00fcretilmi\u015ftir. Etekli mayo tasar\u0131m\u0131, hem \u015f\u0131k hem de fonksiyonel bir kullan\u0131m sunar. \u015e\u0131k tasar\u0131m\u0131 ve konforlu yap\u0131s\u0131yla g\u00fcn boyu rahatl\u0131k ve tarz sunar.<\/p>\n","protected":false},"excerpt":{"rendered":"<p>Yuvarlak yaka elbiseli mayo, plaj \u015f\u0131kl\u0131\u011f\u0131n\u0131 ve konforunu bir araya getiren m\u00fckemmel bir se\u00e7imdir. Kad\u0131nlar\u0131n&hellip;<\/p>\n","protected":false},"featured_media":51644,"comment_status":"closed","ping_status":"open","template":"","meta":[],"product_brand":[2562],"product_cat":[2567],"product_tag":[],"class_list":{"0":"post-51641","1":"product","2":"type-product","3":"status-publish","4":"has-post-thumbnail","6":"product_brand-starinci-mayo","7":"product_cat-elbise-mayo","8":"pa_color-siyah","9":"pa_size-2581","10":"pa_size-2582","11":"pa_size-2583","12":"pa_size-2584","13":"pa_size-2585","15":"first","16":"instock","17":"shipping-taxable","18":"purchasable","19":"product-type-variable","20":"layout-style-2","21":"col-md-4 col-sm-4 col-xs-6","22":"col-lg-4","23":"product-style-slider"},"yoast_head":"<!-- This site is optimized with the Yoast SEO plugin v25.8 - https:\/\/yoast.com\/wordpress\/plugins\/seo\/ -->\n<title>Elbiseli Mayo \u015eortlu Siyah Yuvarlak Yaka - BURKINISTAR<\/title>\n<meta name=\"robots\" content=\"index, follow, max-snippet:-1, max-image-preview:large, max-video-preview:-1\" \/>\n<link rel=\"canonical\" href=\"https:\/\/burkinistar.com\/?product=elbiseli-mayo-sortlu-siyah-yuvarlak-yaka\" \/>\n<meta property=\"og:locale\" content=\"en_US\" \/>\n<meta property=\"og:type\" content=\"article\" \/>\n<meta property=\"og:title\" content=\"Elbiseli Mayo \u015eortlu Siyah Yuvarlak Yaka - BURKINISTAR\" \/>\n<meta property=\"og:description\" content=\"Yuvarlak yaka elbiseli mayo, plaj \u015f\u0131kl\u0131\u011f\u0131n\u0131 ve konforunu bir araya getiren m\u00fckemmel bir se\u00e7imdir. Kad\u0131nlar\u0131n&hellip;\" \/>\n<meta property=\"og:url\" content=\"https:\/\/burkinistar.com\/?product=elbiseli-mayo-sortlu-siyah-yuvarlak-yaka\" \/>\n<meta property=\"og:site_name\" content=\"BURKINISTAR\" \/>\n<meta property=\"article:modified_time\" content=\"2025-08-30T11:32:53+00:00\" \/>\n<meta property=\"og:image\" content=\"https:\/\/burkinistar.com\/wp-content\/uploads\/2025\/08\/elbise-mayoelbiseli-mayo-sortlu-siyah-a-b110.jpg\" \/>\n\t<meta property=\"og:image:width\" content=\"600\" \/>\n\t<meta property=\"og:image:height\" content=\"900\" \/>\n\t<meta property=\"og:image:type\" content=\"image\/jpeg\" \/>\n<meta name=\"twitter:card\" content=\"summary_large_image\" \/>\n<meta name=\"twitter:label1\" content=\"Est. reading time\" \/>\n\t<meta name=\"twitter:data1\" content=\"1 minute\" \/>\n<script type=\"application\/ld+json\" class=\"yoast-schema-graph\">{\"@context\":\"https:\/\/schema.org\",\"@graph\":[{\"@type\":\"WebPage\",\"@id\":\"https:\/\/burkinistar.com\/?product=elbiseli-mayo-sortlu-siyah-yuvarlak-yaka\",\"url\":\"https:\/\/burkinistar.com\/?product=elbiseli-mayo-sortlu-siyah-yuvarlak-yaka\",\"name\":\"Elbiseli Mayo \u015eortlu Siyah Yuvarlak Yaka - BURKINISTAR\",\"isPartOf\":{\"@id\":\"https:\/\/burkinistar.com\/#website\"},\"primaryImageOfPage\":{\"@id\":\"https:\/\/burkinistar.com\/?product=elbiseli-mayo-sortlu-siyah-yuvarlak-yaka#primaryimage\"},\"image\":{\"@id\":\"https:\/\/burkinistar.com\/?product=elbiseli-mayo-sortlu-siyah-yuvarlak-yaka#primaryimage\"},\"thumbnailUrl\":\"https:\/\/burkinistar.com\/wp-content\/uploads\/2025\/08\/elbise-mayoelbiseli-mayo-sortlu-siyah-a-b110.jpg\",\"datePublished\":\"2025-08-30T11:32:44+00:00\",\"dateModified\":\"2025-08-30T11:32:53+00:00\",\"breadcrumb\":{\"@id\":\"https:\/\/burkinistar.com\/?product=elbiseli-mayo-sortlu-siyah-yuvarlak-yaka#breadcrumb\"},\"inLanguage\":\"en-US\",\"potentialAction\":[{\"@type\":\"ReadAction\",\"target\":[\"https:\/\/burkinistar.com\/?product=elbiseli-mayo-sortlu-siyah-yuvarlak-yaka\"]}]},{\"@type\":\"ImageObject\",\"inLanguage\":\"en-US\",\"@id\":\"https:\/\/burkinistar.com\/?product=elbiseli-mayo-sortlu-siyah-yuvarlak-yaka#primaryimage\",\"url\":\"https:\/\/burkinistar.com\/wp-content\/uploads\/2025\/08\/elbise-mayoelbiseli-mayo-sortlu-siyah-a-b110.jpg\",\"contentUrl\":\"https:\/\/burkinistar.com\/wp-content\/uploads\/2025\/08\/elbise-mayoelbiseli-mayo-sortlu-siyah-a-b110.jpg\",\"width\":600,\"height\":900},{\"@type\":\"BreadcrumbList\",\"@id\":\"https:\/\/burkinistar.com\/?product=elbiseli-mayo-sortlu-siyah-yuvarlak-yaka#breadcrumb\",\"itemListElement\":[{\"@type\":\"ListItem\",\"position\":1,\"name\":\"Homepage\",\"item\":\"https:\/\/burkinistar.com\/\"},{\"@type\":\"ListItem\",\"position\":2,\"name\":\"All Products\",\"item\":\"https:\/\/burkinistar.com\/?page_id=8\"},{\"@type\":\"ListItem\",\"position\":3,\"name\":\"Elbiseli Mayo \u015eortlu Siyah Yuvarlak Yaka\"}]},{\"@type\":\"WebSite\",\"@id\":\"https:\/\/burkinistar.com\/#website\",\"url\":\"https:\/\/burkinistar.com\/\",\"name\":\"BURKINISTAR\",\"description\":\"The Best Modest Swimwear and Bikini Store | Burkinistar\",\"potentialAction\":[{\"@type\":\"SearchAction\",\"target\":{\"@type\":\"EntryPoint\",\"urlTemplate\":\"https:\/\/burkinistar.com\/?s={search_term_string}\"},\"query-input\":{\"@type\":\"PropertyValueSpecification\",\"valueRequired\":true,\"valueName\":\"search_term_string\"}}],\"inLanguage\":\"en-US\"}]}<\/script>\n<!-- \/ Yoast SEO plugin. -->","yoast_head_json":{"title":"Elbiseli Mayo \u015eortlu Siyah Yuvarlak Yaka - BURKINISTAR","robots":{"index":"index","follow":"follow","max-snippet":"max-snippet:-1","max-image-preview":"max-image-preview:large","max-video-preview":"max-video-preview:-1"},"canonical":"https:\/\/burkinistar.com\/?product=elbiseli-mayo-sortlu-siyah-yuvarlak-yaka","og_locale":"en_US","og_type":"article","og_title":"Elbiseli Mayo \u015eortlu Siyah Yuvarlak Yaka - BURKINISTAR","og_description":"Yuvarlak yaka elbiseli mayo, plaj \u015f\u0131kl\u0131\u011f\u0131n\u0131 ve konforunu bir araya getiren m\u00fckemmel bir se\u00e7imdir. Kad\u0131nlar\u0131n&hellip;","og_url":"https:\/\/burkinistar.com\/?product=elbiseli-mayo-sortlu-siyah-yuvarlak-yaka","og_site_name":"BURKINISTAR","article_modified_time":"2025-08-30T11:32:53+00:00","og_image":[{"width":600,"height":900,"url":"https:\/\/burkinistar.com\/wp-content\/uploads\/2025\/08\/elbise-mayoelbiseli-mayo-sortlu-siyah-a-b110.jpg","type":"image\/jpeg"}],"twitter_card":"summary_large_image","twitter_misc":{"Est. reading time":"1 minute"},"schema":{"@context":"https:\/\/schema.org","@graph":[{"@type":"WebPage","@id":"https:\/\/burkinistar.com\/?product=elbiseli-mayo-sortlu-siyah-yuvarlak-yaka","url":"https:\/\/burkinistar.com\/?product=elbiseli-mayo-sortlu-siyah-yuvarlak-yaka","name":"Elbiseli Mayo \u015eortlu Siyah Yuvarlak Yaka - BURKINISTAR","isPartOf":{"@id":"https:\/\/burkinistar.com\/#website"},"primaryImageOfPage":{"@id":"https:\/\/burkinistar.com\/?product=elbiseli-mayo-sortlu-siyah-yuvarlak-yaka#primaryimage"},"image":{"@id":"https:\/\/burkinistar.com\/?product=elbiseli-mayo-sortlu-siyah-yuvarlak-yaka#primaryimage"},"thumbnailUrl":"https:\/\/burkinistar.com\/wp-content\/uploads\/2025\/08\/elbise-mayoelbiseli-mayo-sortlu-siyah-a-b110.jpg","datePublished":"2025-08-30T11:32:44+00:00","dateModified":"2025-08-30T11:32:53+00:00","breadcrumb":{"@id":"https:\/\/burkinistar.com\/?product=elbiseli-mayo-sortlu-siyah-yuvarlak-yaka#breadcrumb"},"inLanguage":"en-US","potentialAction":[{"@type":"ReadAction","target":["https:\/\/burkinistar.com\/?product=elbiseli-mayo-sortlu-siyah-yuvarlak-yaka"]}]},{"@type":"ImageObject","inLanguage":"en-US","@id":"https:\/\/burkinistar.com\/?product=elbiseli-mayo-sortlu-siyah-yuvarlak-yaka#primaryimage","url":"https:\/\/burkinistar.com\/wp-content\/uploads\/2025\/08\/elbise-mayoelbiseli-mayo-sortlu-siyah-a-b110.jpg","contentUrl":"https:\/\/burkinistar.com\/wp-content\/uploads\/2025\/08\/elbise-mayoelbiseli-mayo-sortlu-siyah-a-b110.jpg","width":600,"height":900},{"@type":"BreadcrumbList","@id":"https:\/\/burkinistar.com\/?product=elbiseli-mayo-sortlu-siyah-yuvarlak-yaka#breadcrumb","itemListElement":[{"@type":"ListItem","position":1,"name":"Homepage","item":"https:\/\/burkinistar.com\/"},{"@type":"ListItem","position":2,"name":"All Products","item":"https:\/\/burkinistar.com\/?page_id=8"},{"@type":"ListItem","position":3,"name":"Elbiseli Mayo \u015eortlu Siyah Yuvarlak Yaka"}]},{"@type":"WebSite","@id":"https:\/\/burkinistar.com\/#website","url":"https:\/\/burkinistar.com\/","name":"BURKINISTAR","description":"The Best Modest Swimwear and Bikini Store | Burkinistar","potentialAction":[{"@type":"SearchAction","target":{"@type":"EntryPoint","urlTemplate":"https:\/\/burkinistar.com\/?s={search_term_string}"},"query-input":{"@type":"PropertyValueSpecification","valueRequired":true,"valueName":"search_term_string"}}],"inLanguage":"en-US"}]}},"_links":{"self":[{"href":"https:\/\/burkinistar.com\/index.php?rest_route=\/wp\/v2\/product\/51641","targetHints":{"allow":["GET"]}}],"collection":[{"href":"https:\/\/burkinistar.com\/index.php?rest_route=\/wp\/v2\/product"}],"about":[{"href":"https:\/\/burkinistar.com\/index.php?rest_route=\/wp\/v2\/types\/product"}],"replies":[{"embeddable":true,"href":"https:\/\/burkinistar.com\/index.php?rest_route=%2Fwp%2Fv2%2Fcomments&post=51641"}],"version-history":[{"count":1,"href":"https:\/\/burkinistar.com\/index.php?rest_route=\/wp\/v2\/product\/51641\/revisions"}],"predecessor-version":[{"id":51642,"href":"https:\/\/burkinistar.com\/index.php?rest_route=\/wp\/v2\/product\/51641\/revisions\/51642"}],"wp:featuredmedia":[{"embeddable":true,"href":"https:\/\/burkinistar.com\/index.php?rest_route=\/wp\/v2\/media\/51644"}],"wp:attachment":[{"href":"https:\/\/burkinistar.com\/index.php?rest_route=%2Fwp%2Fv2%2Fmedia&parent=51641"}],"wp:term":[{"taxonomy":"product_brand","embeddable":true,"href":"https:\/\/burkinistar.com\/index.php?rest_route=%2Fwp%2Fv2%2Fproduct_brand&post=51641"},{"taxonomy":"product_cat","embeddable":true,"href":"https:\/\/burkinistar.com\/index.php?rest_route=%2Fwp%2Fv2%2Fproduct_cat&post=51641"},{"taxonomy":"product_tag","embeddable":true,"href":"https:\/\/burkinistar.com\/index.php?rest_route=%2Fwp%2Fv2%2Fproduct_tag&post=51641"}],"curies":[{"name":"wp","href":"https:\/\/api.w.org\/{rel}","templated":true}]}}