{"id":51649,"date":"2025-08-30T11:32:44","date_gmt":"2025-08-30T11:32:44","guid":{"rendered":"https:\/\/burkinistar.com\/?product=sortlu-tankini-mayo-kiremit"},"modified":"2025-08-30T11:32:53","modified_gmt":"2025-08-30T11:32:53","slug":"sortlu-tankini-mayo-kiremit","status":"publish","type":"product","link":"https:\/\/burkinistar.com\/?product=sortlu-tankini-mayo-kiremit","title":{"rendered":"\u015eortlu Tankini Mayo Kiremit"},"content":{"rendered":"<p>\u015eortlu tankini tak\u0131m\u0131 kiremit rengi modeli \u015fort ve \u00fcst olarak iki par\u00e7a halinde sat\u0131lmaktad\u0131r. \u015eortun astar\u0131 tulum \u015feklinde dikilmi\u015ftir. \u00dcstte g\u00f6\u011f\u00fcs pedi vard\u0131r ve \u00e7\u0131kar\u0131labilir. Aksesuar\u0131 paslanmaz. Tankini, modern tasar\u0131m\u0131 ve kaliteli kuma\u015f\u0131 ile plajda rahatl\u0131k ve \u015f\u0131kl\u0131k sunar.<\/p>\n","protected":false},"excerpt":{"rendered":"<p>\u015eortlu tankini tak\u0131m\u0131 kiremit rengi modeli \u015fort ve \u00fcst olarak iki par\u00e7a halinde sat\u0131lmaktad\u0131r. \u015eortun&hellip;<\/p>\n","protected":false},"featured_media":51652,"comment_status":"closed","ping_status":"open","template":"","meta":[],"product_brand":[2562],"product_cat":[2567],"product_tag":[],"class_list":{"0":"post-51649","1":"product","2":"type-product","3":"status-publish","4":"has-post-thumbnail","6":"product_brand-starinci-mayo","7":"product_cat-elbise-mayo","8":"pa_color-turuncu","9":"pa_size-2581","10":"pa_size-2582","11":"pa_size-2585","13":"first","14":"instock","15":"shipping-taxable","16":"purchasable","17":"product-type-variable","18":"layout-style-2","19":"col-md-4 col-sm-4 col-xs-6","20":"col-lg-4","21":"product-style-slider"},"yoast_head":"<!-- This site is optimized with the Yoast SEO plugin v25.8 - https:\/\/yoast.com\/wordpress\/plugins\/seo\/ -->\n<title>\u015eortlu Tankini Mayo Kiremit - BURKINISTAR<\/title>\n<meta name=\"robots\" content=\"index, follow, max-snippet:-1, max-image-preview:large, max-video-preview:-1\" \/>\n<link rel=\"canonical\" href=\"https:\/\/burkinistar.com\/?product=sortlu-tankini-mayo-kiremit\" \/>\n<meta property=\"og:locale\" content=\"en_US\" \/>\n<meta property=\"og:type\" content=\"article\" \/>\n<meta property=\"og:title\" content=\"\u015eortlu Tankini Mayo Kiremit - BURKINISTAR\" \/>\n<meta property=\"og:description\" content=\"\u015eortlu tankini tak\u0131m\u0131 kiremit rengi modeli \u015fort ve \u00fcst olarak iki par\u00e7a halinde sat\u0131lmaktad\u0131r. \u015eortun&hellip;\" \/>\n<meta property=\"og:url\" content=\"https:\/\/burkinistar.com\/?product=sortlu-tankini-mayo-kiremit\" \/>\n<meta property=\"og:site_name\" content=\"BURKINISTAR\" \/>\n<meta property=\"article:modified_time\" content=\"2025-08-30T11:32:53+00:00\" \/>\n<meta property=\"og:image\" content=\"https:\/\/burkinistar.com\/wp-content\/uploads\/2025\/08\/elbise-mayosortlu-tankini-mayo-kiremit-babf2e.jpg\" \/>\n\t<meta property=\"og:image:width\" content=\"600\" \/>\n\t<meta property=\"og:image:height\" content=\"900\" \/>\n\t<meta property=\"og:image:type\" content=\"image\/jpeg\" \/>\n<meta name=\"twitter:card\" content=\"summary_large_image\" \/>\n<script type=\"application\/ld+json\" class=\"yoast-schema-graph\">{\"@context\":\"https:\/\/schema.org\",\"@graph\":[{\"@type\":\"WebPage\",\"@id\":\"https:\/\/burkinistar.com\/?product=sortlu-tankini-mayo-kiremit\",\"url\":\"https:\/\/burkinistar.com\/?product=sortlu-tankini-mayo-kiremit\",\"name\":\"\u015eortlu Tankini Mayo Kiremit - BURKINISTAR\",\"isPartOf\":{\"@id\":\"https:\/\/burkinistar.com\/#website\"},\"primaryImageOfPage\":{\"@id\":\"https:\/\/burkinistar.com\/?product=sortlu-tankini-mayo-kiremit#primaryimage\"},\"image\":{\"@id\":\"https:\/\/burkinistar.com\/?product=sortlu-tankini-mayo-kiremit#primaryimage\"},\"thumbnailUrl\":\"https:\/\/burkinistar.com\/wp-content\/uploads\/2025\/08\/elbise-mayosortlu-tankini-mayo-kiremit-babf2e.jpg\",\"datePublished\":\"2025-08-30T11:32:44+00:00\",\"dateModified\":\"2025-08-30T11:32:53+00:00\",\"breadcrumb\":{\"@id\":\"https:\/\/burkinistar.com\/?product=sortlu-tankini-mayo-kiremit#breadcrumb\"},\"inLanguage\":\"en-US\",\"potentialAction\":[{\"@type\":\"ReadAction\",\"target\":[\"https:\/\/burkinistar.com\/?product=sortlu-tankini-mayo-kiremit\"]}]},{\"@type\":\"ImageObject\",\"inLanguage\":\"en-US\",\"@id\":\"https:\/\/burkinistar.com\/?product=sortlu-tankini-mayo-kiremit#primaryimage\",\"url\":\"https:\/\/burkinistar.com\/wp-content\/uploads\/2025\/08\/elbise-mayosortlu-tankini-mayo-kiremit-babf2e.jpg\",\"contentUrl\":\"https:\/\/burkinistar.com\/wp-content\/uploads\/2025\/08\/elbise-mayosortlu-tankini-mayo-kiremit-babf2e.jpg\",\"width\":600,\"height\":900},{\"@type\":\"BreadcrumbList\",\"@id\":\"https:\/\/burkinistar.com\/?product=sortlu-tankini-mayo-kiremit#breadcrumb\",\"itemListElement\":[{\"@type\":\"ListItem\",\"position\":1,\"name\":\"Homepage\",\"item\":\"https:\/\/burkinistar.com\/\"},{\"@type\":\"ListItem\",\"position\":2,\"name\":\"All Products\",\"item\":\"https:\/\/burkinistar.com\/?page_id=8\"},{\"@type\":\"ListItem\",\"position\":3,\"name\":\"\u015eortlu Tankini Mayo Kiremit\"}]},{\"@type\":\"WebSite\",\"@id\":\"https:\/\/burkinistar.com\/#website\",\"url\":\"https:\/\/burkinistar.com\/\",\"name\":\"BURKINISTAR\",\"description\":\"The Best Modest Swimwear and Bikini Store | Burkinistar\",\"potentialAction\":[{\"@type\":\"SearchAction\",\"target\":{\"@type\":\"EntryPoint\",\"urlTemplate\":\"https:\/\/burkinistar.com\/?s={search_term_string}\"},\"query-input\":{\"@type\":\"PropertyValueSpecification\",\"valueRequired\":true,\"valueName\":\"search_term_string\"}}],\"inLanguage\":\"en-US\"}]}<\/script>\n<!-- \/ Yoast SEO plugin. -->","yoast_head_json":{"title":"\u015eortlu Tankini Mayo Kiremit - BURKINISTAR","robots":{"index":"index","follow":"follow","max-snippet":"max-snippet:-1","max-image-preview":"max-image-preview:large","max-video-preview":"max-video-preview:-1"},"canonical":"https:\/\/burkinistar.com\/?product=sortlu-tankini-mayo-kiremit","og_locale":"en_US","og_type":"article","og_title":"\u015eortlu Tankini Mayo Kiremit - BURKINISTAR","og_description":"\u015eortlu tankini tak\u0131m\u0131 kiremit rengi modeli \u015fort ve \u00fcst olarak iki par\u00e7a halinde sat\u0131lmaktad\u0131r. \u015eortun&hellip;","og_url":"https:\/\/burkinistar.com\/?product=sortlu-tankini-mayo-kiremit","og_site_name":"BURKINISTAR","article_modified_time":"2025-08-30T11:32:53+00:00","og_image":[{"width":600,"height":900,"url":"https:\/\/burkinistar.com\/wp-content\/uploads\/2025\/08\/elbise-mayosortlu-tankini-mayo-kiremit-babf2e.jpg","type":"image\/jpeg"}],"twitter_card":"summary_large_image","schema":{"@context":"https:\/\/schema.org","@graph":[{"@type":"WebPage","@id":"https:\/\/burkinistar.com\/?product=sortlu-tankini-mayo-kiremit","url":"https:\/\/burkinistar.com\/?product=sortlu-tankini-mayo-kiremit","name":"\u015eortlu Tankini Mayo Kiremit - BURKINISTAR","isPartOf":{"@id":"https:\/\/burkinistar.com\/#website"},"primaryImageOfPage":{"@id":"https:\/\/burkinistar.com\/?product=sortlu-tankini-mayo-kiremit#primaryimage"},"image":{"@id":"https:\/\/burkinistar.com\/?product=sortlu-tankini-mayo-kiremit#primaryimage"},"thumbnailUrl":"https:\/\/burkinistar.com\/wp-content\/uploads\/2025\/08\/elbise-mayosortlu-tankini-mayo-kiremit-babf2e.jpg","datePublished":"2025-08-30T11:32:44+00:00","dateModified":"2025-08-30T11:32:53+00:00","breadcrumb":{"@id":"https:\/\/burkinistar.com\/?product=sortlu-tankini-mayo-kiremit#breadcrumb"},"inLanguage":"en-US","potentialAction":[{"@type":"ReadAction","target":["https:\/\/burkinistar.com\/?product=sortlu-tankini-mayo-kiremit"]}]},{"@type":"ImageObject","inLanguage":"en-US","@id":"https:\/\/burkinistar.com\/?product=sortlu-tankini-mayo-kiremit#primaryimage","url":"https:\/\/burkinistar.com\/wp-content\/uploads\/2025\/08\/elbise-mayosortlu-tankini-mayo-kiremit-babf2e.jpg","contentUrl":"https:\/\/burkinistar.com\/wp-content\/uploads\/2025\/08\/elbise-mayosortlu-tankini-mayo-kiremit-babf2e.jpg","width":600,"height":900},{"@type":"BreadcrumbList","@id":"https:\/\/burkinistar.com\/?product=sortlu-tankini-mayo-kiremit#breadcrumb","itemListElement":[{"@type":"ListItem","position":1,"name":"Homepage","item":"https:\/\/burkinistar.com\/"},{"@type":"ListItem","position":2,"name":"All Products","item":"https:\/\/burkinistar.com\/?page_id=8"},{"@type":"ListItem","position":3,"name":"\u015eortlu Tankini Mayo Kiremit"}]},{"@type":"WebSite","@id":"https:\/\/burkinistar.com\/#website","url":"https:\/\/burkinistar.com\/","name":"BURKINISTAR","description":"The Best Modest Swimwear and Bikini Store | Burkinistar","potentialAction":[{"@type":"SearchAction","target":{"@type":"EntryPoint","urlTemplate":"https:\/\/burkinistar.com\/?s={search_term_string}"},"query-input":{"@type":"PropertyValueSpecification","valueRequired":true,"valueName":"search_term_string"}}],"inLanguage":"en-US"}]}},"_links":{"self":[{"href":"https:\/\/burkinistar.com\/index.php?rest_route=\/wp\/v2\/product\/51649","targetHints":{"allow":["GET"]}}],"collection":[{"href":"https:\/\/burkinistar.com\/index.php?rest_route=\/wp\/v2\/product"}],"about":[{"href":"https:\/\/burkinistar.com\/index.php?rest_route=\/wp\/v2\/types\/product"}],"replies":[{"embeddable":true,"href":"https:\/\/burkinistar.com\/index.php?rest_route=%2Fwp%2Fv2%2Fcomments&post=51649"}],"version-history":[{"count":1,"href":"https:\/\/burkinistar.com\/index.php?rest_route=\/wp\/v2\/product\/51649\/revisions"}],"predecessor-version":[{"id":51650,"href":"https:\/\/burkinistar.com\/index.php?rest_route=\/wp\/v2\/product\/51649\/revisions\/51650"}],"wp:featuredmedia":[{"embeddable":true,"href":"https:\/\/burkinistar.com\/index.php?rest_route=\/wp\/v2\/media\/51652"}],"wp:attachment":[{"href":"https:\/\/burkinistar.com\/index.php?rest_route=%2Fwp%2Fv2%2Fmedia&parent=51649"}],"wp:term":[{"taxonomy":"product_brand","embeddable":true,"href":"https:\/\/burkinistar.com\/index.php?rest_route=%2Fwp%2Fv2%2Fproduct_brand&post=51649"},{"taxonomy":"product_cat","embeddable":true,"href":"https:\/\/burkinistar.com\/index.php?rest_route=%2Fwp%2Fv2%2Fproduct_cat&post=51649"},{"taxonomy":"product_tag","embeddable":true,"href":"https:\/\/burkinistar.com\/index.php?rest_route=%2Fwp%2Fv2%2Fproduct_tag&post=51649"}],"curies":[{"name":"wp","href":"https:\/\/api.w.org\/{rel}","templated":true}]}}