{"id":51681,"date":"2025-08-30T11:32:54","date_gmt":"2025-08-30T11:32:54","guid":{"rendered":"https:\/\/burkinistar.com\/?product=sortlu-elbiseli-mayo-ince-askili-lacivert-elips"},"modified":"2025-08-30T11:33:08","modified_gmt":"2025-08-30T11:33:08","slug":"sortlu-elbiseli-mayo-ince-askili-lacivert-elips","status":"publish","type":"product","link":"https:\/\/burkinistar.com\/?product=sortlu-elbiseli-mayo-ince-askili-lacivert-elips","title":{"rendered":"\u015eortlu Elbiseli Mayo \u0130nce Ask\u0131l\u0131 Lacivert Elips"},"content":{"rendered":"<p>\u015eortlu elbiseli mayo tek par\u00e7a halinde sat\u0131lmaktad\u0131r. Likral\u0131 polyamit i\u00e7erikli kuma\u015ftan \u00fcretilmi\u015ftir. Astarl\u0131d\u0131r. G\u00f6\u011f\u00fcs pedi vard\u0131r. Ask\u0131lar\u0131 ayarlanabilir. Elbiseli mayo, plaj \u015f\u0131kl\u0131\u011f\u0131n\u0131 ve konforunu bir araya getiren m\u00fckemmel bir se\u00e7imdir. Kad\u0131nlar\u0131n hem rahat hem de zarif hissetmesini sa\u011flayan bu \u00fcr\u00fcn, modern tasar\u0131m\u0131 ve y\u00fcksek kalite kuma\u015f\u0131 ile \u00f6ne \u00e7\u0131kar. Farkl\u0131 beden ve renk se\u00e7enekleriyle sunulan elbiseli mayo, yaz tatilinizin vazge\u00e7ilmezi olacak.<\/p>\n","protected":false},"excerpt":{"rendered":"<p>\u015eortlu elbiseli mayo tek par\u00e7a halinde sat\u0131lmaktad\u0131r. Likral\u0131 polyamit i\u00e7erikli kuma\u015ftan \u00fcretilmi\u015ftir. Astarl\u0131d\u0131r. G\u00f6\u011f\u00fcs pedi&hellip;<\/p>\n","protected":false},"featured_media":51684,"comment_status":"closed","ping_status":"open","template":"","meta":[],"product_brand":[2562],"product_cat":[2567],"product_tag":[],"class_list":{"0":"post-51681","1":"product","2":"type-product","3":"status-publish","4":"has-post-thumbnail","6":"product_brand-starinci-mayo","7":"product_cat-elbise-mayo","8":"pa_color-lacivert","9":"pa_size-2581","10":"pa_size-2582","11":"pa_size-2584","13":"first","14":"instock","15":"shipping-taxable","16":"purchasable","17":"product-type-variable","18":"layout-style-2","19":"col-md-4 col-sm-4 col-xs-6","20":"col-lg-4","21":"product-has-gallery","22":"product-style-slider"},"yoast_head":"<!-- This site is optimized with the Yoast SEO plugin v25.8 - https:\/\/yoast.com\/wordpress\/plugins\/seo\/ -->\n<title>\u015eortlu Elbiseli Mayo \u0130nce Ask\u0131l\u0131 Lacivert Elips - BURKINISTAR<\/title>\n<meta name=\"robots\" content=\"index, follow, max-snippet:-1, max-image-preview:large, max-video-preview:-1\" \/>\n<link rel=\"canonical\" href=\"https:\/\/burkinistar.com\/?product=sortlu-elbiseli-mayo-ince-askili-lacivert-elips\" \/>\n<meta property=\"og:locale\" content=\"en_US\" \/>\n<meta property=\"og:type\" content=\"article\" \/>\n<meta property=\"og:title\" content=\"\u015eortlu Elbiseli Mayo \u0130nce Ask\u0131l\u0131 Lacivert Elips - BURKINISTAR\" \/>\n<meta property=\"og:description\" content=\"\u015eortlu elbiseli mayo tek par\u00e7a halinde sat\u0131lmaktad\u0131r. Likral\u0131 polyamit i\u00e7erikli kuma\u015ftan \u00fcretilmi\u015ftir. Astarl\u0131d\u0131r. G\u00f6\u011f\u00fcs pedi&hellip;\" \/>\n<meta property=\"og:url\" content=\"https:\/\/burkinistar.com\/?product=sortlu-elbiseli-mayo-ince-askili-lacivert-elips\" \/>\n<meta property=\"og:site_name\" content=\"BURKINISTAR\" \/>\n<meta property=\"article:modified_time\" content=\"2025-08-30T11:33:08+00:00\" \/>\n<meta property=\"og:image\" content=\"https:\/\/burkinistar.com\/wp-content\/uploads\/2025\/08\/elbise-mayosortlu-elbiseli-mayo-ince-a-ee-4af.jpg\" \/>\n\t<meta property=\"og:image:width\" content=\"600\" \/>\n\t<meta property=\"og:image:height\" content=\"900\" \/>\n\t<meta property=\"og:image:type\" content=\"image\/jpeg\" \/>\n<meta name=\"twitter:card\" content=\"summary_large_image\" \/>\n<script type=\"application\/ld+json\" class=\"yoast-schema-graph\">{\"@context\":\"https:\/\/schema.org\",\"@graph\":[{\"@type\":\"WebPage\",\"@id\":\"https:\/\/burkinistar.com\/?product=sortlu-elbiseli-mayo-ince-askili-lacivert-elips\",\"url\":\"https:\/\/burkinistar.com\/?product=sortlu-elbiseli-mayo-ince-askili-lacivert-elips\",\"name\":\"\u015eortlu Elbiseli Mayo \u0130nce Ask\u0131l\u0131 Lacivert Elips - BURKINISTAR\",\"isPartOf\":{\"@id\":\"https:\/\/burkinistar.com\/#website\"},\"primaryImageOfPage\":{\"@id\":\"https:\/\/burkinistar.com\/?product=sortlu-elbiseli-mayo-ince-askili-lacivert-elips#primaryimage\"},\"image\":{\"@id\":\"https:\/\/burkinistar.com\/?product=sortlu-elbiseli-mayo-ince-askili-lacivert-elips#primaryimage\"},\"thumbnailUrl\":\"https:\/\/burkinistar.com\/wp-content\/uploads\/2025\/08\/elbise-mayosortlu-elbiseli-mayo-ince-a-ee-4af.jpg\",\"datePublished\":\"2025-08-30T11:32:54+00:00\",\"dateModified\":\"2025-08-30T11:33:08+00:00\",\"breadcrumb\":{\"@id\":\"https:\/\/burkinistar.com\/?product=sortlu-elbiseli-mayo-ince-askili-lacivert-elips#breadcrumb\"},\"inLanguage\":\"en-US\",\"potentialAction\":[{\"@type\":\"ReadAction\",\"target\":[\"https:\/\/burkinistar.com\/?product=sortlu-elbiseli-mayo-ince-askili-lacivert-elips\"]}]},{\"@type\":\"ImageObject\",\"inLanguage\":\"en-US\",\"@id\":\"https:\/\/burkinistar.com\/?product=sortlu-elbiseli-mayo-ince-askili-lacivert-elips#primaryimage\",\"url\":\"https:\/\/burkinistar.com\/wp-content\/uploads\/2025\/08\/elbise-mayosortlu-elbiseli-mayo-ince-a-ee-4af.jpg\",\"contentUrl\":\"https:\/\/burkinistar.com\/wp-content\/uploads\/2025\/08\/elbise-mayosortlu-elbiseli-mayo-ince-a-ee-4af.jpg\",\"width\":600,\"height\":900},{\"@type\":\"BreadcrumbList\",\"@id\":\"https:\/\/burkinistar.com\/?product=sortlu-elbiseli-mayo-ince-askili-lacivert-elips#breadcrumb\",\"itemListElement\":[{\"@type\":\"ListItem\",\"position\":1,\"name\":\"Homepage\",\"item\":\"https:\/\/burkinistar.com\/\"},{\"@type\":\"ListItem\",\"position\":2,\"name\":\"All Products\",\"item\":\"https:\/\/burkinistar.com\/?page_id=8\"},{\"@type\":\"ListItem\",\"position\":3,\"name\":\"\u015eortlu Elbiseli Mayo \u0130nce Ask\u0131l\u0131 Lacivert Elips\"}]},{\"@type\":\"WebSite\",\"@id\":\"https:\/\/burkinistar.com\/#website\",\"url\":\"https:\/\/burkinistar.com\/\",\"name\":\"BURKINISTAR\",\"description\":\"The Best Modest Swimwear and Bikini Store | Burkinistar\",\"potentialAction\":[{\"@type\":\"SearchAction\",\"target\":{\"@type\":\"EntryPoint\",\"urlTemplate\":\"https:\/\/burkinistar.com\/?s={search_term_string}\"},\"query-input\":{\"@type\":\"PropertyValueSpecification\",\"valueRequired\":true,\"valueName\":\"search_term_string\"}}],\"inLanguage\":\"en-US\"}]}<\/script>\n<!-- \/ Yoast SEO plugin. -->","yoast_head_json":{"title":"\u015eortlu Elbiseli Mayo \u0130nce Ask\u0131l\u0131 Lacivert Elips - BURKINISTAR","robots":{"index":"index","follow":"follow","max-snippet":"max-snippet:-1","max-image-preview":"max-image-preview:large","max-video-preview":"max-video-preview:-1"},"canonical":"https:\/\/burkinistar.com\/?product=sortlu-elbiseli-mayo-ince-askili-lacivert-elips","og_locale":"en_US","og_type":"article","og_title":"\u015eortlu Elbiseli Mayo \u0130nce Ask\u0131l\u0131 Lacivert Elips - BURKINISTAR","og_description":"\u015eortlu elbiseli mayo tek par\u00e7a halinde sat\u0131lmaktad\u0131r. Likral\u0131 polyamit i\u00e7erikli kuma\u015ftan \u00fcretilmi\u015ftir. Astarl\u0131d\u0131r. G\u00f6\u011f\u00fcs pedi&hellip;","og_url":"https:\/\/burkinistar.com\/?product=sortlu-elbiseli-mayo-ince-askili-lacivert-elips","og_site_name":"BURKINISTAR","article_modified_time":"2025-08-30T11:33:08+00:00","og_image":[{"width":600,"height":900,"url":"https:\/\/burkinistar.com\/wp-content\/uploads\/2025\/08\/elbise-mayosortlu-elbiseli-mayo-ince-a-ee-4af.jpg","type":"image\/jpeg"}],"twitter_card":"summary_large_image","schema":{"@context":"https:\/\/schema.org","@graph":[{"@type":"WebPage","@id":"https:\/\/burkinistar.com\/?product=sortlu-elbiseli-mayo-ince-askili-lacivert-elips","url":"https:\/\/burkinistar.com\/?product=sortlu-elbiseli-mayo-ince-askili-lacivert-elips","name":"\u015eortlu Elbiseli Mayo \u0130nce Ask\u0131l\u0131 Lacivert Elips - BURKINISTAR","isPartOf":{"@id":"https:\/\/burkinistar.com\/#website"},"primaryImageOfPage":{"@id":"https:\/\/burkinistar.com\/?product=sortlu-elbiseli-mayo-ince-askili-lacivert-elips#primaryimage"},"image":{"@id":"https:\/\/burkinistar.com\/?product=sortlu-elbiseli-mayo-ince-askili-lacivert-elips#primaryimage"},"thumbnailUrl":"https:\/\/burkinistar.com\/wp-content\/uploads\/2025\/08\/elbise-mayosortlu-elbiseli-mayo-ince-a-ee-4af.jpg","datePublished":"2025-08-30T11:32:54+00:00","dateModified":"2025-08-30T11:33:08+00:00","breadcrumb":{"@id":"https:\/\/burkinistar.com\/?product=sortlu-elbiseli-mayo-ince-askili-lacivert-elips#breadcrumb"},"inLanguage":"en-US","potentialAction":[{"@type":"ReadAction","target":["https:\/\/burkinistar.com\/?product=sortlu-elbiseli-mayo-ince-askili-lacivert-elips"]}]},{"@type":"ImageObject","inLanguage":"en-US","@id":"https:\/\/burkinistar.com\/?product=sortlu-elbiseli-mayo-ince-askili-lacivert-elips#primaryimage","url":"https:\/\/burkinistar.com\/wp-content\/uploads\/2025\/08\/elbise-mayosortlu-elbiseli-mayo-ince-a-ee-4af.jpg","contentUrl":"https:\/\/burkinistar.com\/wp-content\/uploads\/2025\/08\/elbise-mayosortlu-elbiseli-mayo-ince-a-ee-4af.jpg","width":600,"height":900},{"@type":"BreadcrumbList","@id":"https:\/\/burkinistar.com\/?product=sortlu-elbiseli-mayo-ince-askili-lacivert-elips#breadcrumb","itemListElement":[{"@type":"ListItem","position":1,"name":"Homepage","item":"https:\/\/burkinistar.com\/"},{"@type":"ListItem","position":2,"name":"All Products","item":"https:\/\/burkinistar.com\/?page_id=8"},{"@type":"ListItem","position":3,"name":"\u015eortlu Elbiseli Mayo \u0130nce Ask\u0131l\u0131 Lacivert Elips"}]},{"@type":"WebSite","@id":"https:\/\/burkinistar.com\/#website","url":"https:\/\/burkinistar.com\/","name":"BURKINISTAR","description":"The Best Modest Swimwear and Bikini Store | Burkinistar","potentialAction":[{"@type":"SearchAction","target":{"@type":"EntryPoint","urlTemplate":"https:\/\/burkinistar.com\/?s={search_term_string}"},"query-input":{"@type":"PropertyValueSpecification","valueRequired":true,"valueName":"search_term_string"}}],"inLanguage":"en-US"}]}},"_links":{"self":[{"href":"https:\/\/burkinistar.com\/index.php?rest_route=\/wp\/v2\/product\/51681","targetHints":{"allow":["GET"]}}],"collection":[{"href":"https:\/\/burkinistar.com\/index.php?rest_route=\/wp\/v2\/product"}],"about":[{"href":"https:\/\/burkinistar.com\/index.php?rest_route=\/wp\/v2\/types\/product"}],"replies":[{"embeddable":true,"href":"https:\/\/burkinistar.com\/index.php?rest_route=%2Fwp%2Fv2%2Fcomments&post=51681"}],"version-history":[{"count":1,"href":"https:\/\/burkinistar.com\/index.php?rest_route=\/wp\/v2\/product\/51681\/revisions"}],"predecessor-version":[{"id":51682,"href":"https:\/\/burkinistar.com\/index.php?rest_route=\/wp\/v2\/product\/51681\/revisions\/51682"}],"wp:featuredmedia":[{"embeddable":true,"href":"https:\/\/burkinistar.com\/index.php?rest_route=\/wp\/v2\/media\/51684"}],"wp:attachment":[{"href":"https:\/\/burkinistar.com\/index.php?rest_route=%2Fwp%2Fv2%2Fmedia&parent=51681"}],"wp:term":[{"taxonomy":"product_brand","embeddable":true,"href":"https:\/\/burkinistar.com\/index.php?rest_route=%2Fwp%2Fv2%2Fproduct_brand&post=51681"},{"taxonomy":"product_cat","embeddable":true,"href":"https:\/\/burkinistar.com\/index.php?rest_route=%2Fwp%2Fv2%2Fproduct_cat&post=51681"},{"taxonomy":"product_tag","embeddable":true,"href":"https:\/\/burkinistar.com\/index.php?rest_route=%2Fwp%2Fv2%2Fproduct_tag&post=51681"}],"curies":[{"name":"wp","href":"https:\/\/api.w.org\/{rel}","templated":true}]}}