{"id":51711,"date":"2025-08-30T11:33:08","date_gmt":"2025-08-30T11:33:08","guid":{"rendered":"https:\/\/burkinistar.com\/?product=likrali-tam-kapali-tesettur-mayo-mavi-yildiz-desenli"},"modified":"2025-08-30T11:33:25","modified_gmt":"2025-08-30T11:33:25","slug":"likrali-tam-kapali-tesettur-mayo-mavi-yildiz-desenli","status":"publish","type":"product","link":"https:\/\/burkinistar.com\/?product=likrali-tam-kapali-tesettur-mayo-mavi-yildiz-desenli","title":{"rendered":"Likral\u0131 Tam Kapal\u0131 Tesett\u00fcr Mayo Mavi Y\u0131ld\u0131z Desenli"},"content":{"rendered":"<p>Likral\u0131 tam kapal\u0131 mayo tak\u0131m\u0131 pantolon, tunik, e\u015farp ve b\u00fcstiyerden olu\u015fmaktad\u0131r. Tak\u0131m\u0131n tamam\u0131 likral\u0131 kuma\u015ftan \u00fcretilmi\u015ftir. Bonesi e\u015farp \u015feklinde oldu\u011fundan ve omuz i\u00e7inde fazla par\u00e7as\u0131 kald\u0131\u011f\u0131ndan dolay\u0131 suda \u00e7\u0131kma gibi bir durum olmaz. Esnek kuma\u015f\u0131 sayesinde hareket \u00f6zg\u00fcrl\u00fc\u011f\u00fc sa\u011flar. G\u00fcne\u015fte h\u0131zl\u0131 kurur. Bel k\u0131sm\u0131ndaki ayarl\u0131 lasti\u011fi sayesinde vuc\u00fcdunuza g\u00f6re ayarlayabilirsiniz. Model standart kal\u0131pt\u0131r, g\u00fcnl\u00fck giyindi\u011finiz tunik gibi k\u0131yafetler ile ayn\u0131 bedeni tercih edebilirsiniz.<\/p>\n<p>&nbsp;<\/p>\n<p>&nbsp;<\/p>\n<p>&nbsp;<\/p>\n<p>&nbsp;<\/p>\n<p>&nbsp;<\/p>\n<p>&nbsp;<\/p>\n","protected":false},"excerpt":{"rendered":"<p>Likral\u0131 tam kapal\u0131 mayo tak\u0131m\u0131 pantolon, tunik, e\u015farp ve b\u00fcstiyerden olu\u015fmaktad\u0131r. Tak\u0131m\u0131n tamam\u0131 likral\u0131 kuma\u015ftan&hellip;<\/p>\n","protected":false},"featured_media":51714,"comment_status":"closed","ping_status":"open","template":"","meta":[],"product_brand":[2562],"product_cat":[2575,2556],"product_tag":[],"class_list":{"0":"post-51711","1":"product","2":"type-product","3":"status-publish","4":"has-post-thumbnail","6":"product_brand-starinci-mayo","7":"product_cat-likrali-tesettur-mayo","8":"product_cat-tesettur-mayo","9":"pa_color-mavi","10":"pa_size-2581","11":"pa_size-2582","12":"pa_size-2584","14":"first","15":"instock","16":"shipping-taxable","17":"purchasable","18":"product-type-variable","19":"layout-style-2","20":"col-md-4 col-sm-4 col-xs-6","21":"col-lg-4","22":"product-has-gallery","23":"product-style-slider"},"yoast_head":"<!-- This site is optimized with the Yoast SEO plugin v25.8 - https:\/\/yoast.com\/wordpress\/plugins\/seo\/ -->\n<title>Likral\u0131 Tam Kapal\u0131 Tesett\u00fcr Mayo Mavi Y\u0131ld\u0131z Desenli - BURKINISTAR<\/title>\n<meta name=\"robots\" content=\"index, follow, max-snippet:-1, max-image-preview:large, max-video-preview:-1\" \/>\n<link rel=\"canonical\" href=\"https:\/\/burkinistar.com\/?product=likrali-tam-kapali-tesettur-mayo-mavi-yildiz-desenli\" \/>\n<meta property=\"og:locale\" content=\"en_US\" \/>\n<meta property=\"og:type\" content=\"article\" \/>\n<meta property=\"og:title\" content=\"Likral\u0131 Tam Kapal\u0131 Tesett\u00fcr Mayo Mavi Y\u0131ld\u0131z Desenli - BURKINISTAR\" \/>\n<meta property=\"og:description\" content=\"Likral\u0131 tam kapal\u0131 mayo tak\u0131m\u0131 pantolon, tunik, e\u015farp ve b\u00fcstiyerden olu\u015fmaktad\u0131r. Tak\u0131m\u0131n tamam\u0131 likral\u0131 kuma\u015ftan&hellip;\" \/>\n<meta property=\"og:url\" content=\"https:\/\/burkinistar.com\/?product=likrali-tam-kapali-tesettur-mayo-mavi-yildiz-desenli\" \/>\n<meta property=\"og:site_name\" content=\"BURKINISTAR\" \/>\n<meta property=\"article:modified_time\" content=\"2025-08-30T11:33:25+00:00\" \/>\n<meta property=\"og:image\" content=\"https:\/\/burkinistar.com\/wp-content\/uploads\/2025\/08\/likrali-tesettur-mayolikrali-tam-kapal-1-9158.jpg\" \/>\n\t<meta property=\"og:image:width\" content=\"600\" \/>\n\t<meta property=\"og:image:height\" content=\"900\" \/>\n\t<meta property=\"og:image:type\" content=\"image\/jpeg\" \/>\n<meta name=\"twitter:card\" content=\"summary_large_image\" \/>\n<script type=\"application\/ld+json\" class=\"yoast-schema-graph\">{\"@context\":\"https:\/\/schema.org\",\"@graph\":[{\"@type\":\"WebPage\",\"@id\":\"https:\/\/burkinistar.com\/?product=likrali-tam-kapali-tesettur-mayo-mavi-yildiz-desenli\",\"url\":\"https:\/\/burkinistar.com\/?product=likrali-tam-kapali-tesettur-mayo-mavi-yildiz-desenli\",\"name\":\"Likral\u0131 Tam Kapal\u0131 Tesett\u00fcr Mayo Mavi Y\u0131ld\u0131z Desenli - BURKINISTAR\",\"isPartOf\":{\"@id\":\"https:\/\/burkinistar.com\/#website\"},\"primaryImageOfPage\":{\"@id\":\"https:\/\/burkinistar.com\/?product=likrali-tam-kapali-tesettur-mayo-mavi-yildiz-desenli#primaryimage\"},\"image\":{\"@id\":\"https:\/\/burkinistar.com\/?product=likrali-tam-kapali-tesettur-mayo-mavi-yildiz-desenli#primaryimage\"},\"thumbnailUrl\":\"https:\/\/burkinistar.com\/wp-content\/uploads\/2025\/08\/likrali-tesettur-mayolikrali-tam-kapal-1-9158.jpg\",\"datePublished\":\"2025-08-30T11:33:08+00:00\",\"dateModified\":\"2025-08-30T11:33:25+00:00\",\"breadcrumb\":{\"@id\":\"https:\/\/burkinistar.com\/?product=likrali-tam-kapali-tesettur-mayo-mavi-yildiz-desenli#breadcrumb\"},\"inLanguage\":\"en-US\",\"potentialAction\":[{\"@type\":\"ReadAction\",\"target\":[\"https:\/\/burkinistar.com\/?product=likrali-tam-kapali-tesettur-mayo-mavi-yildiz-desenli\"]}]},{\"@type\":\"ImageObject\",\"inLanguage\":\"en-US\",\"@id\":\"https:\/\/burkinistar.com\/?product=likrali-tam-kapali-tesettur-mayo-mavi-yildiz-desenli#primaryimage\",\"url\":\"https:\/\/burkinistar.com\/wp-content\/uploads\/2025\/08\/likrali-tesettur-mayolikrali-tam-kapal-1-9158.jpg\",\"contentUrl\":\"https:\/\/burkinistar.com\/wp-content\/uploads\/2025\/08\/likrali-tesettur-mayolikrali-tam-kapal-1-9158.jpg\",\"width\":600,\"height\":900},{\"@type\":\"BreadcrumbList\",\"@id\":\"https:\/\/burkinistar.com\/?product=likrali-tam-kapali-tesettur-mayo-mavi-yildiz-desenli#breadcrumb\",\"itemListElement\":[{\"@type\":\"ListItem\",\"position\":1,\"name\":\"Homepage\",\"item\":\"https:\/\/burkinistar.com\/\"},{\"@type\":\"ListItem\",\"position\":2,\"name\":\"All Products\",\"item\":\"https:\/\/burkinistar.com\/?page_id=8\"},{\"@type\":\"ListItem\",\"position\":3,\"name\":\"Likral\u0131 Tam Kapal\u0131 Tesett\u00fcr Mayo Mavi Y\u0131ld\u0131z Desenli\"}]},{\"@type\":\"WebSite\",\"@id\":\"https:\/\/burkinistar.com\/#website\",\"url\":\"https:\/\/burkinistar.com\/\",\"name\":\"BURKINISTAR\",\"description\":\"The Best Modest Swimwear and Bikini Store | Burkinistar\",\"potentialAction\":[{\"@type\":\"SearchAction\",\"target\":{\"@type\":\"EntryPoint\",\"urlTemplate\":\"https:\/\/burkinistar.com\/?s={search_term_string}\"},\"query-input\":{\"@type\":\"PropertyValueSpecification\",\"valueRequired\":true,\"valueName\":\"search_term_string\"}}],\"inLanguage\":\"en-US\"}]}<\/script>\n<!-- \/ Yoast SEO plugin. -->","yoast_head_json":{"title":"Likral\u0131 Tam Kapal\u0131 Tesett\u00fcr Mayo Mavi Y\u0131ld\u0131z Desenli - BURKINISTAR","robots":{"index":"index","follow":"follow","max-snippet":"max-snippet:-1","max-image-preview":"max-image-preview:large","max-video-preview":"max-video-preview:-1"},"canonical":"https:\/\/burkinistar.com\/?product=likrali-tam-kapali-tesettur-mayo-mavi-yildiz-desenli","og_locale":"en_US","og_type":"article","og_title":"Likral\u0131 Tam Kapal\u0131 Tesett\u00fcr Mayo Mavi Y\u0131ld\u0131z Desenli - BURKINISTAR","og_description":"Likral\u0131 tam kapal\u0131 mayo tak\u0131m\u0131 pantolon, tunik, e\u015farp ve b\u00fcstiyerden olu\u015fmaktad\u0131r. Tak\u0131m\u0131n tamam\u0131 likral\u0131 kuma\u015ftan&hellip;","og_url":"https:\/\/burkinistar.com\/?product=likrali-tam-kapali-tesettur-mayo-mavi-yildiz-desenli","og_site_name":"BURKINISTAR","article_modified_time":"2025-08-30T11:33:25+00:00","og_image":[{"width":600,"height":900,"url":"https:\/\/burkinistar.com\/wp-content\/uploads\/2025\/08\/likrali-tesettur-mayolikrali-tam-kapal-1-9158.jpg","type":"image\/jpeg"}],"twitter_card":"summary_large_image","schema":{"@context":"https:\/\/schema.org","@graph":[{"@type":"WebPage","@id":"https:\/\/burkinistar.com\/?product=likrali-tam-kapali-tesettur-mayo-mavi-yildiz-desenli","url":"https:\/\/burkinistar.com\/?product=likrali-tam-kapali-tesettur-mayo-mavi-yildiz-desenli","name":"Likral\u0131 Tam Kapal\u0131 Tesett\u00fcr Mayo Mavi Y\u0131ld\u0131z Desenli - BURKINISTAR","isPartOf":{"@id":"https:\/\/burkinistar.com\/#website"},"primaryImageOfPage":{"@id":"https:\/\/burkinistar.com\/?product=likrali-tam-kapali-tesettur-mayo-mavi-yildiz-desenli#primaryimage"},"image":{"@id":"https:\/\/burkinistar.com\/?product=likrali-tam-kapali-tesettur-mayo-mavi-yildiz-desenli#primaryimage"},"thumbnailUrl":"https:\/\/burkinistar.com\/wp-content\/uploads\/2025\/08\/likrali-tesettur-mayolikrali-tam-kapal-1-9158.jpg","datePublished":"2025-08-30T11:33:08+00:00","dateModified":"2025-08-30T11:33:25+00:00","breadcrumb":{"@id":"https:\/\/burkinistar.com\/?product=likrali-tam-kapali-tesettur-mayo-mavi-yildiz-desenli#breadcrumb"},"inLanguage":"en-US","potentialAction":[{"@type":"ReadAction","target":["https:\/\/burkinistar.com\/?product=likrali-tam-kapali-tesettur-mayo-mavi-yildiz-desenli"]}]},{"@type":"ImageObject","inLanguage":"en-US","@id":"https:\/\/burkinistar.com\/?product=likrali-tam-kapali-tesettur-mayo-mavi-yildiz-desenli#primaryimage","url":"https:\/\/burkinistar.com\/wp-content\/uploads\/2025\/08\/likrali-tesettur-mayolikrali-tam-kapal-1-9158.jpg","contentUrl":"https:\/\/burkinistar.com\/wp-content\/uploads\/2025\/08\/likrali-tesettur-mayolikrali-tam-kapal-1-9158.jpg","width":600,"height":900},{"@type":"BreadcrumbList","@id":"https:\/\/burkinistar.com\/?product=likrali-tam-kapali-tesettur-mayo-mavi-yildiz-desenli#breadcrumb","itemListElement":[{"@type":"ListItem","position":1,"name":"Homepage","item":"https:\/\/burkinistar.com\/"},{"@type":"ListItem","position":2,"name":"All Products","item":"https:\/\/burkinistar.com\/?page_id=8"},{"@type":"ListItem","position":3,"name":"Likral\u0131 Tam Kapal\u0131 Tesett\u00fcr Mayo Mavi Y\u0131ld\u0131z Desenli"}]},{"@type":"WebSite","@id":"https:\/\/burkinistar.com\/#website","url":"https:\/\/burkinistar.com\/","name":"BURKINISTAR","description":"The Best Modest Swimwear and Bikini Store | Burkinistar","potentialAction":[{"@type":"SearchAction","target":{"@type":"EntryPoint","urlTemplate":"https:\/\/burkinistar.com\/?s={search_term_string}"},"query-input":{"@type":"PropertyValueSpecification","valueRequired":true,"valueName":"search_term_string"}}],"inLanguage":"en-US"}]}},"_links":{"self":[{"href":"https:\/\/burkinistar.com\/index.php?rest_route=\/wp\/v2\/product\/51711","targetHints":{"allow":["GET"]}}],"collection":[{"href":"https:\/\/burkinistar.com\/index.php?rest_route=\/wp\/v2\/product"}],"about":[{"href":"https:\/\/burkinistar.com\/index.php?rest_route=\/wp\/v2\/types\/product"}],"replies":[{"embeddable":true,"href":"https:\/\/burkinistar.com\/index.php?rest_route=%2Fwp%2Fv2%2Fcomments&post=51711"}],"version-history":[{"count":1,"href":"https:\/\/burkinistar.com\/index.php?rest_route=\/wp\/v2\/product\/51711\/revisions"}],"predecessor-version":[{"id":51712,"href":"https:\/\/burkinistar.com\/index.php?rest_route=\/wp\/v2\/product\/51711\/revisions\/51712"}],"wp:featuredmedia":[{"embeddable":true,"href":"https:\/\/burkinistar.com\/index.php?rest_route=\/wp\/v2\/media\/51714"}],"wp:attachment":[{"href":"https:\/\/burkinistar.com\/index.php?rest_route=%2Fwp%2Fv2%2Fmedia&parent=51711"}],"wp:term":[{"taxonomy":"product_brand","embeddable":true,"href":"https:\/\/burkinistar.com\/index.php?rest_route=%2Fwp%2Fv2%2Fproduct_brand&post=51711"},{"taxonomy":"product_cat","embeddable":true,"href":"https:\/\/burkinistar.com\/index.php?rest_route=%2Fwp%2Fv2%2Fproduct_cat&post=51711"},{"taxonomy":"product_tag","embeddable":true,"href":"https:\/\/burkinistar.com\/index.php?rest_route=%2Fwp%2Fv2%2Fproduct_tag&post=51711"}],"curies":[{"name":"wp","href":"https:\/\/api.w.org\/{rel}","templated":true}]}}