{"id":51718,"date":"2025-08-30T11:33:08","date_gmt":"2025-08-30T11:33:08","guid":{"rendered":"https:\/\/burkinistar.com\/?product=tesettur-mayo-likrali-yarim-fermuarli-siyah-sportif"},"modified":"2025-08-30T11:33:25","modified_gmt":"2025-08-30T11:33:25","slug":"tesettur-mayo-likrali-yarim-fermuarli-siyah-sportif","status":"publish","type":"product","link":"https:\/\/burkinistar.com\/?product=tesettur-mayo-likrali-yarim-fermuarli-siyah-sportif","title":{"rendered":"Tesett\u00fcr Mayo Likral\u0131 Yar\u0131m Fermuarl\u0131 Siyah Sportif"},"content":{"rendered":"<p>Tam kapal\u0131 sportif tasar\u0131m mayo pantolon, tunik, bone ve b\u00fcstiyerden olu\u015fmaktad\u0131r. H\u0131zl\u0131 kuruyan polyester kar\u0131\u015f\u0131ml\u0131 kuma\u015ftan \u00fcretilmi\u015ftir. Fermuar\u0131 metaldir. Fermuar\u0131n arkas\u0131nda vuc\u00fcda temas\u0131 engelleyecek kuma\u015f par\u00e7as\u0131 dikilmi\u015ftir. Kollar\u0131nda parmak ge\u00e7me detay\u0131 vard\u0131r. Esnek kuma\u015f\u0131 sayesinde hareketlerinizi k\u0131s\u0131tlamaz.<\/p>\n<p>&nbsp;<\/p>\n<p>&nbsp;<\/p>\n<p>&nbsp;<\/p>\n<p>&nbsp;<\/p>\n<p>&nbsp;<\/p>\n<p>&nbsp;<\/p>\n","protected":false},"excerpt":{"rendered":"<p>Tam kapal\u0131 sportif tasar\u0131m mayo pantolon, tunik, bone ve b\u00fcstiyerden olu\u015fmaktad\u0131r. H\u0131zl\u0131 kuruyan polyester kar\u0131\u015f\u0131ml\u0131&hellip;<\/p>\n","protected":false},"featured_media":51721,"comment_status":"closed","ping_status":"open","template":"","meta":[],"product_brand":[2562],"product_cat":[2575,2556],"product_tag":[],"class_list":{"0":"post-51718","1":"product","2":"type-product","3":"status-publish","4":"has-post-thumbnail","6":"product_brand-starinci-mayo","7":"product_cat-likrali-tesettur-mayo","8":"product_cat-tesettur-mayo","9":"pa_color-siyah","10":"pa_size-2587","11":"pa_size-2581","12":"pa_size-2582","13":"pa_size-2583","14":"pa_size-2584","16":"first","17":"instock","18":"shipping-taxable","19":"purchasable","20":"product-type-variable","21":"layout-style-2","22":"col-md-4 col-sm-4 col-xs-6","23":"col-lg-4","24":"product-has-gallery","25":"product-style-slider"},"yoast_head":"<!-- This site is optimized with the Yoast SEO plugin v25.8 - https:\/\/yoast.com\/wordpress\/plugins\/seo\/ -->\n<title>Tesett\u00fcr Mayo Likral\u0131 Yar\u0131m Fermuarl\u0131 Siyah Sportif - BURKINISTAR<\/title>\n<meta name=\"robots\" content=\"index, follow, max-snippet:-1, max-image-preview:large, max-video-preview:-1\" \/>\n<link rel=\"canonical\" href=\"https:\/\/burkinistar.com\/?product=tesettur-mayo-likrali-yarim-fermuarli-siyah-sportif\" \/>\n<meta property=\"og:locale\" content=\"en_US\" \/>\n<meta property=\"og:type\" content=\"article\" \/>\n<meta property=\"og:title\" content=\"Tesett\u00fcr Mayo Likral\u0131 Yar\u0131m Fermuarl\u0131 Siyah Sportif - BURKINISTAR\" \/>\n<meta property=\"og:description\" content=\"Tam kapal\u0131 sportif tasar\u0131m mayo pantolon, tunik, bone ve b\u00fcstiyerden olu\u015fmaktad\u0131r. H\u0131zl\u0131 kuruyan polyester kar\u0131\u015f\u0131ml\u0131&hellip;\" \/>\n<meta property=\"og:url\" content=\"https:\/\/burkinistar.com\/?product=tesettur-mayo-likrali-yarim-fermuarli-siyah-sportif\" \/>\n<meta property=\"og:site_name\" content=\"BURKINISTAR\" \/>\n<meta property=\"article:modified_time\" content=\"2025-08-30T11:33:25+00:00\" \/>\n<meta property=\"og:image\" content=\"https:\/\/burkinistar.com\/wp-content\/uploads\/2025\/08\/likrali-tesettur-mayotesettur-mayo-lik-8888dc.jpg\" \/>\n\t<meta property=\"og:image:width\" content=\"600\" \/>\n\t<meta property=\"og:image:height\" content=\"900\" \/>\n\t<meta property=\"og:image:type\" content=\"image\/jpeg\" \/>\n<meta name=\"twitter:card\" content=\"summary_large_image\" \/>\n<script type=\"application\/ld+json\" class=\"yoast-schema-graph\">{\"@context\":\"https:\/\/schema.org\",\"@graph\":[{\"@type\":\"WebPage\",\"@id\":\"https:\/\/burkinistar.com\/?product=tesettur-mayo-likrali-yarim-fermuarli-siyah-sportif\",\"url\":\"https:\/\/burkinistar.com\/?product=tesettur-mayo-likrali-yarim-fermuarli-siyah-sportif\",\"name\":\"Tesett\u00fcr Mayo Likral\u0131 Yar\u0131m Fermuarl\u0131 Siyah Sportif - BURKINISTAR\",\"isPartOf\":{\"@id\":\"https:\/\/burkinistar.com\/#website\"},\"primaryImageOfPage\":{\"@id\":\"https:\/\/burkinistar.com\/?product=tesettur-mayo-likrali-yarim-fermuarli-siyah-sportif#primaryimage\"},\"image\":{\"@id\":\"https:\/\/burkinistar.com\/?product=tesettur-mayo-likrali-yarim-fermuarli-siyah-sportif#primaryimage\"},\"thumbnailUrl\":\"https:\/\/burkinistar.com\/wp-content\/uploads\/2025\/08\/likrali-tesettur-mayotesettur-mayo-lik-8888dc.jpg\",\"datePublished\":\"2025-08-30T11:33:08+00:00\",\"dateModified\":\"2025-08-30T11:33:25+00:00\",\"breadcrumb\":{\"@id\":\"https:\/\/burkinistar.com\/?product=tesettur-mayo-likrali-yarim-fermuarli-siyah-sportif#breadcrumb\"},\"inLanguage\":\"en-US\",\"potentialAction\":[{\"@type\":\"ReadAction\",\"target\":[\"https:\/\/burkinistar.com\/?product=tesettur-mayo-likrali-yarim-fermuarli-siyah-sportif\"]}]},{\"@type\":\"ImageObject\",\"inLanguage\":\"en-US\",\"@id\":\"https:\/\/burkinistar.com\/?product=tesettur-mayo-likrali-yarim-fermuarli-siyah-sportif#primaryimage\",\"url\":\"https:\/\/burkinistar.com\/wp-content\/uploads\/2025\/08\/likrali-tesettur-mayotesettur-mayo-lik-8888dc.jpg\",\"contentUrl\":\"https:\/\/burkinistar.com\/wp-content\/uploads\/2025\/08\/likrali-tesettur-mayotesettur-mayo-lik-8888dc.jpg\",\"width\":600,\"height\":900},{\"@type\":\"BreadcrumbList\",\"@id\":\"https:\/\/burkinistar.com\/?product=tesettur-mayo-likrali-yarim-fermuarli-siyah-sportif#breadcrumb\",\"itemListElement\":[{\"@type\":\"ListItem\",\"position\":1,\"name\":\"Homepage\",\"item\":\"https:\/\/burkinistar.com\/\"},{\"@type\":\"ListItem\",\"position\":2,\"name\":\"All Products\",\"item\":\"https:\/\/burkinistar.com\/?page_id=8\"},{\"@type\":\"ListItem\",\"position\":3,\"name\":\"Tesett\u00fcr Mayo Likral\u0131 Yar\u0131m Fermuarl\u0131 Siyah Sportif\"}]},{\"@type\":\"WebSite\",\"@id\":\"https:\/\/burkinistar.com\/#website\",\"url\":\"https:\/\/burkinistar.com\/\",\"name\":\"BURKINISTAR\",\"description\":\"The Best Modest Swimwear and Bikini Store | Burkinistar\",\"potentialAction\":[{\"@type\":\"SearchAction\",\"target\":{\"@type\":\"EntryPoint\",\"urlTemplate\":\"https:\/\/burkinistar.com\/?s={search_term_string}\"},\"query-input\":{\"@type\":\"PropertyValueSpecification\",\"valueRequired\":true,\"valueName\":\"search_term_string\"}}],\"inLanguage\":\"en-US\"}]}<\/script>\n<!-- \/ Yoast SEO plugin. -->","yoast_head_json":{"title":"Tesett\u00fcr Mayo Likral\u0131 Yar\u0131m Fermuarl\u0131 Siyah Sportif - BURKINISTAR","robots":{"index":"index","follow":"follow","max-snippet":"max-snippet:-1","max-image-preview":"max-image-preview:large","max-video-preview":"max-video-preview:-1"},"canonical":"https:\/\/burkinistar.com\/?product=tesettur-mayo-likrali-yarim-fermuarli-siyah-sportif","og_locale":"en_US","og_type":"article","og_title":"Tesett\u00fcr Mayo Likral\u0131 Yar\u0131m Fermuarl\u0131 Siyah Sportif - BURKINISTAR","og_description":"Tam kapal\u0131 sportif tasar\u0131m mayo pantolon, tunik, bone ve b\u00fcstiyerden olu\u015fmaktad\u0131r. H\u0131zl\u0131 kuruyan polyester kar\u0131\u015f\u0131ml\u0131&hellip;","og_url":"https:\/\/burkinistar.com\/?product=tesettur-mayo-likrali-yarim-fermuarli-siyah-sportif","og_site_name":"BURKINISTAR","article_modified_time":"2025-08-30T11:33:25+00:00","og_image":[{"width":600,"height":900,"url":"https:\/\/burkinistar.com\/wp-content\/uploads\/2025\/08\/likrali-tesettur-mayotesettur-mayo-lik-8888dc.jpg","type":"image\/jpeg"}],"twitter_card":"summary_large_image","schema":{"@context":"https:\/\/schema.org","@graph":[{"@type":"WebPage","@id":"https:\/\/burkinistar.com\/?product=tesettur-mayo-likrali-yarim-fermuarli-siyah-sportif","url":"https:\/\/burkinistar.com\/?product=tesettur-mayo-likrali-yarim-fermuarli-siyah-sportif","name":"Tesett\u00fcr Mayo Likral\u0131 Yar\u0131m Fermuarl\u0131 Siyah Sportif - BURKINISTAR","isPartOf":{"@id":"https:\/\/burkinistar.com\/#website"},"primaryImageOfPage":{"@id":"https:\/\/burkinistar.com\/?product=tesettur-mayo-likrali-yarim-fermuarli-siyah-sportif#primaryimage"},"image":{"@id":"https:\/\/burkinistar.com\/?product=tesettur-mayo-likrali-yarim-fermuarli-siyah-sportif#primaryimage"},"thumbnailUrl":"https:\/\/burkinistar.com\/wp-content\/uploads\/2025\/08\/likrali-tesettur-mayotesettur-mayo-lik-8888dc.jpg","datePublished":"2025-08-30T11:33:08+00:00","dateModified":"2025-08-30T11:33:25+00:00","breadcrumb":{"@id":"https:\/\/burkinistar.com\/?product=tesettur-mayo-likrali-yarim-fermuarli-siyah-sportif#breadcrumb"},"inLanguage":"en-US","potentialAction":[{"@type":"ReadAction","target":["https:\/\/burkinistar.com\/?product=tesettur-mayo-likrali-yarim-fermuarli-siyah-sportif"]}]},{"@type":"ImageObject","inLanguage":"en-US","@id":"https:\/\/burkinistar.com\/?product=tesettur-mayo-likrali-yarim-fermuarli-siyah-sportif#primaryimage","url":"https:\/\/burkinistar.com\/wp-content\/uploads\/2025\/08\/likrali-tesettur-mayotesettur-mayo-lik-8888dc.jpg","contentUrl":"https:\/\/burkinistar.com\/wp-content\/uploads\/2025\/08\/likrali-tesettur-mayotesettur-mayo-lik-8888dc.jpg","width":600,"height":900},{"@type":"BreadcrumbList","@id":"https:\/\/burkinistar.com\/?product=tesettur-mayo-likrali-yarim-fermuarli-siyah-sportif#breadcrumb","itemListElement":[{"@type":"ListItem","position":1,"name":"Homepage","item":"https:\/\/burkinistar.com\/"},{"@type":"ListItem","position":2,"name":"All Products","item":"https:\/\/burkinistar.com\/?page_id=8"},{"@type":"ListItem","position":3,"name":"Tesett\u00fcr Mayo Likral\u0131 Yar\u0131m Fermuarl\u0131 Siyah Sportif"}]},{"@type":"WebSite","@id":"https:\/\/burkinistar.com\/#website","url":"https:\/\/burkinistar.com\/","name":"BURKINISTAR","description":"The Best Modest Swimwear and Bikini Store | Burkinistar","potentialAction":[{"@type":"SearchAction","target":{"@type":"EntryPoint","urlTemplate":"https:\/\/burkinistar.com\/?s={search_term_string}"},"query-input":{"@type":"PropertyValueSpecification","valueRequired":true,"valueName":"search_term_string"}}],"inLanguage":"en-US"}]}},"_links":{"self":[{"href":"https:\/\/burkinistar.com\/index.php?rest_route=\/wp\/v2\/product\/51718","targetHints":{"allow":["GET"]}}],"collection":[{"href":"https:\/\/burkinistar.com\/index.php?rest_route=\/wp\/v2\/product"}],"about":[{"href":"https:\/\/burkinistar.com\/index.php?rest_route=\/wp\/v2\/types\/product"}],"replies":[{"embeddable":true,"href":"https:\/\/burkinistar.com\/index.php?rest_route=%2Fwp%2Fv2%2Fcomments&post=51718"}],"version-history":[{"count":1,"href":"https:\/\/burkinistar.com\/index.php?rest_route=\/wp\/v2\/product\/51718\/revisions"}],"predecessor-version":[{"id":51719,"href":"https:\/\/burkinistar.com\/index.php?rest_route=\/wp\/v2\/product\/51718\/revisions\/51719"}],"wp:featuredmedia":[{"embeddable":true,"href":"https:\/\/burkinistar.com\/index.php?rest_route=\/wp\/v2\/media\/51721"}],"wp:attachment":[{"href":"https:\/\/burkinistar.com\/index.php?rest_route=%2Fwp%2Fv2%2Fmedia&parent=51718"}],"wp:term":[{"taxonomy":"product_brand","embeddable":true,"href":"https:\/\/burkinistar.com\/index.php?rest_route=%2Fwp%2Fv2%2Fproduct_brand&post=51718"},{"taxonomy":"product_cat","embeddable":true,"href":"https:\/\/burkinistar.com\/index.php?rest_route=%2Fwp%2Fv2%2Fproduct_cat&post=51718"},{"taxonomy":"product_tag","embeddable":true,"href":"https:\/\/burkinistar.com\/index.php?rest_route=%2Fwp%2Fv2%2Fproduct_tag&post=51718"}],"curies":[{"name":"wp","href":"https:\/\/api.w.org\/{rel}","templated":true}]}}