{"id":51872,"date":"2025-08-30T11:34:02","date_gmt":"2025-08-30T11:34:02","guid":{"rendered":"https:\/\/burkinistar.com\/?product=mayo-tayti-likrali-lacivert-diz-seviyesi"},"modified":"2025-08-30T11:34:21","modified_gmt":"2025-08-30T11:34:21","slug":"mayo-tayti-likrali-lacivert-diz-seviyesi","status":"publish","type":"product","link":"https:\/\/burkinistar.com\/?product=mayo-tayti-likrali-lacivert-diz-seviyesi","title":{"rendered":"Mayo Tayt\u0131 Likral\u0131 Lacivert Diz Seviyesi"},"content":{"rendered":"<p>Likral\u0131 polyester kuma\u015ftan \u00fcretilen mayo tayt\u0131 g\u00fcnl\u00fck kullan\u0131mada uygundur. Spor yaparken, termal sularda, havuzda ve spor yaparken kullan\u0131labilir. H\u0131zl\u0131 kuruma \u00f6zelli\u011fi olan kuma\u015ftan \u00fcretilmi\u015ftir.<\/p>\n","protected":false},"excerpt":{"rendered":"<p>Likral\u0131 polyester kuma\u015ftan \u00fcretilen mayo tayt\u0131 g\u00fcnl\u00fck kullan\u0131mada uygundur. Spor yaparken, termal sularda, havuzda ve&hellip;<\/p>\n","protected":false},"featured_media":51875,"comment_status":"closed","ping_status":"open","template":"","meta":[],"product_brand":[2562],"product_cat":[2568,2564],"product_tag":[],"class_list":{"0":"post-51872","1":"product","2":"type-product","3":"status-publish","4":"has-post-thumbnail","6":"product_brand-starinci-mayo","7":"product_cat-bikini-alti-ve-tayt","8":"product_cat-plaj","9":"pa_color-lacivert","10":"pa_size-2581","11":"pa_size-2582","12":"pa_size-2583","13":"pa_size-2584","14":"pa_size-2585","15":"pa_size-2589","16":"pa_size-2590","18":"first","19":"instock","20":"shipping-taxable","21":"purchasable","22":"product-type-variable","23":"layout-style-2","24":"col-md-4 col-sm-4 col-xs-6","25":"col-lg-4","26":"product-has-gallery","27":"product-style-slider"},"yoast_head":"<!-- This site is optimized with the Yoast SEO plugin v25.8 - https:\/\/yoast.com\/wordpress\/plugins\/seo\/ -->\n<title>Mayo Tayt\u0131 Likral\u0131 Lacivert Diz Seviyesi - BURKINISTAR<\/title>\n<meta name=\"robots\" content=\"index, follow, max-snippet:-1, max-image-preview:large, max-video-preview:-1\" \/>\n<link rel=\"canonical\" href=\"https:\/\/burkinistar.com\/?product=mayo-tayti-likrali-lacivert-diz-seviyesi\" \/>\n<meta property=\"og:locale\" content=\"en_US\" \/>\n<meta property=\"og:type\" content=\"article\" \/>\n<meta property=\"og:title\" content=\"Mayo Tayt\u0131 Likral\u0131 Lacivert Diz Seviyesi - BURKINISTAR\" \/>\n<meta property=\"og:description\" content=\"Likral\u0131 polyester kuma\u015ftan \u00fcretilen mayo tayt\u0131 g\u00fcnl\u00fck kullan\u0131mada uygundur. Spor yaparken, termal sularda, havuzda ve&hellip;\" \/>\n<meta property=\"og:url\" content=\"https:\/\/burkinistar.com\/?product=mayo-tayti-likrali-lacivert-diz-seviyesi\" \/>\n<meta property=\"og:site_name\" content=\"BURKINISTAR\" \/>\n<meta property=\"article:modified_time\" content=\"2025-08-30T11:34:21+00:00\" \/>\n<meta property=\"og:image\" content=\"https:\/\/burkinistar.com\/wp-content\/uploads\/2025\/08\/tayt-ve-bonemayo-tayti-likrali-laciver-0dccf6.jpg\" \/>\n\t<meta property=\"og:image:width\" content=\"600\" \/>\n\t<meta property=\"og:image:height\" content=\"900\" \/>\n\t<meta property=\"og:image:type\" content=\"image\/jpeg\" \/>\n<meta name=\"twitter:card\" content=\"summary_large_image\" \/>\n<script type=\"application\/ld+json\" class=\"yoast-schema-graph\">{\"@context\":\"https:\/\/schema.org\",\"@graph\":[{\"@type\":\"WebPage\",\"@id\":\"https:\/\/burkinistar.com\/?product=mayo-tayti-likrali-lacivert-diz-seviyesi\",\"url\":\"https:\/\/burkinistar.com\/?product=mayo-tayti-likrali-lacivert-diz-seviyesi\",\"name\":\"Mayo Tayt\u0131 Likral\u0131 Lacivert Diz Seviyesi - BURKINISTAR\",\"isPartOf\":{\"@id\":\"https:\/\/burkinistar.com\/#website\"},\"primaryImageOfPage\":{\"@id\":\"https:\/\/burkinistar.com\/?product=mayo-tayti-likrali-lacivert-diz-seviyesi#primaryimage\"},\"image\":{\"@id\":\"https:\/\/burkinistar.com\/?product=mayo-tayti-likrali-lacivert-diz-seviyesi#primaryimage\"},\"thumbnailUrl\":\"https:\/\/burkinistar.com\/wp-content\/uploads\/2025\/08\/tayt-ve-bonemayo-tayti-likrali-laciver-0dccf6.jpg\",\"datePublished\":\"2025-08-30T11:34:02+00:00\",\"dateModified\":\"2025-08-30T11:34:21+00:00\",\"breadcrumb\":{\"@id\":\"https:\/\/burkinistar.com\/?product=mayo-tayti-likrali-lacivert-diz-seviyesi#breadcrumb\"},\"inLanguage\":\"en-US\",\"potentialAction\":[{\"@type\":\"ReadAction\",\"target\":[\"https:\/\/burkinistar.com\/?product=mayo-tayti-likrali-lacivert-diz-seviyesi\"]}]},{\"@type\":\"ImageObject\",\"inLanguage\":\"en-US\",\"@id\":\"https:\/\/burkinistar.com\/?product=mayo-tayti-likrali-lacivert-diz-seviyesi#primaryimage\",\"url\":\"https:\/\/burkinistar.com\/wp-content\/uploads\/2025\/08\/tayt-ve-bonemayo-tayti-likrali-laciver-0dccf6.jpg\",\"contentUrl\":\"https:\/\/burkinistar.com\/wp-content\/uploads\/2025\/08\/tayt-ve-bonemayo-tayti-likrali-laciver-0dccf6.jpg\",\"width\":600,\"height\":900},{\"@type\":\"BreadcrumbList\",\"@id\":\"https:\/\/burkinistar.com\/?product=mayo-tayti-likrali-lacivert-diz-seviyesi#breadcrumb\",\"itemListElement\":[{\"@type\":\"ListItem\",\"position\":1,\"name\":\"Homepage\",\"item\":\"https:\/\/burkinistar.com\/\"},{\"@type\":\"ListItem\",\"position\":2,\"name\":\"All Products\",\"item\":\"https:\/\/burkinistar.com\/?page_id=8\"},{\"@type\":\"ListItem\",\"position\":3,\"name\":\"Mayo Tayt\u0131 Likral\u0131 Lacivert Diz Seviyesi\"}]},{\"@type\":\"WebSite\",\"@id\":\"https:\/\/burkinistar.com\/#website\",\"url\":\"https:\/\/burkinistar.com\/\",\"name\":\"BURKINISTAR\",\"description\":\"The Best Modest Swimwear and Bikini Store | Burkinistar\",\"potentialAction\":[{\"@type\":\"SearchAction\",\"target\":{\"@type\":\"EntryPoint\",\"urlTemplate\":\"https:\/\/burkinistar.com\/?s={search_term_string}\"},\"query-input\":{\"@type\":\"PropertyValueSpecification\",\"valueRequired\":true,\"valueName\":\"search_term_string\"}}],\"inLanguage\":\"en-US\"}]}<\/script>\n<!-- \/ Yoast SEO plugin. -->","yoast_head_json":{"title":"Mayo Tayt\u0131 Likral\u0131 Lacivert Diz Seviyesi - BURKINISTAR","robots":{"index":"index","follow":"follow","max-snippet":"max-snippet:-1","max-image-preview":"max-image-preview:large","max-video-preview":"max-video-preview:-1"},"canonical":"https:\/\/burkinistar.com\/?product=mayo-tayti-likrali-lacivert-diz-seviyesi","og_locale":"en_US","og_type":"article","og_title":"Mayo Tayt\u0131 Likral\u0131 Lacivert Diz Seviyesi - BURKINISTAR","og_description":"Likral\u0131 polyester kuma\u015ftan \u00fcretilen mayo tayt\u0131 g\u00fcnl\u00fck kullan\u0131mada uygundur. Spor yaparken, termal sularda, havuzda ve&hellip;","og_url":"https:\/\/burkinistar.com\/?product=mayo-tayti-likrali-lacivert-diz-seviyesi","og_site_name":"BURKINISTAR","article_modified_time":"2025-08-30T11:34:21+00:00","og_image":[{"width":600,"height":900,"url":"https:\/\/burkinistar.com\/wp-content\/uploads\/2025\/08\/tayt-ve-bonemayo-tayti-likrali-laciver-0dccf6.jpg","type":"image\/jpeg"}],"twitter_card":"summary_large_image","schema":{"@context":"https:\/\/schema.org","@graph":[{"@type":"WebPage","@id":"https:\/\/burkinistar.com\/?product=mayo-tayti-likrali-lacivert-diz-seviyesi","url":"https:\/\/burkinistar.com\/?product=mayo-tayti-likrali-lacivert-diz-seviyesi","name":"Mayo Tayt\u0131 Likral\u0131 Lacivert Diz Seviyesi - BURKINISTAR","isPartOf":{"@id":"https:\/\/burkinistar.com\/#website"},"primaryImageOfPage":{"@id":"https:\/\/burkinistar.com\/?product=mayo-tayti-likrali-lacivert-diz-seviyesi#primaryimage"},"image":{"@id":"https:\/\/burkinistar.com\/?product=mayo-tayti-likrali-lacivert-diz-seviyesi#primaryimage"},"thumbnailUrl":"https:\/\/burkinistar.com\/wp-content\/uploads\/2025\/08\/tayt-ve-bonemayo-tayti-likrali-laciver-0dccf6.jpg","datePublished":"2025-08-30T11:34:02+00:00","dateModified":"2025-08-30T11:34:21+00:00","breadcrumb":{"@id":"https:\/\/burkinistar.com\/?product=mayo-tayti-likrali-lacivert-diz-seviyesi#breadcrumb"},"inLanguage":"en-US","potentialAction":[{"@type":"ReadAction","target":["https:\/\/burkinistar.com\/?product=mayo-tayti-likrali-lacivert-diz-seviyesi"]}]},{"@type":"ImageObject","inLanguage":"en-US","@id":"https:\/\/burkinistar.com\/?product=mayo-tayti-likrali-lacivert-diz-seviyesi#primaryimage","url":"https:\/\/burkinistar.com\/wp-content\/uploads\/2025\/08\/tayt-ve-bonemayo-tayti-likrali-laciver-0dccf6.jpg","contentUrl":"https:\/\/burkinistar.com\/wp-content\/uploads\/2025\/08\/tayt-ve-bonemayo-tayti-likrali-laciver-0dccf6.jpg","width":600,"height":900},{"@type":"BreadcrumbList","@id":"https:\/\/burkinistar.com\/?product=mayo-tayti-likrali-lacivert-diz-seviyesi#breadcrumb","itemListElement":[{"@type":"ListItem","position":1,"name":"Homepage","item":"https:\/\/burkinistar.com\/"},{"@type":"ListItem","position":2,"name":"All Products","item":"https:\/\/burkinistar.com\/?page_id=8"},{"@type":"ListItem","position":3,"name":"Mayo Tayt\u0131 Likral\u0131 Lacivert Diz Seviyesi"}]},{"@type":"WebSite","@id":"https:\/\/burkinistar.com\/#website","url":"https:\/\/burkinistar.com\/","name":"BURKINISTAR","description":"The Best Modest Swimwear and Bikini Store | Burkinistar","potentialAction":[{"@type":"SearchAction","target":{"@type":"EntryPoint","urlTemplate":"https:\/\/burkinistar.com\/?s={search_term_string}"},"query-input":{"@type":"PropertyValueSpecification","valueRequired":true,"valueName":"search_term_string"}}],"inLanguage":"en-US"}]}},"_links":{"self":[{"href":"https:\/\/burkinistar.com\/index.php?rest_route=\/wp\/v2\/product\/51872","targetHints":{"allow":["GET"]}}],"collection":[{"href":"https:\/\/burkinistar.com\/index.php?rest_route=\/wp\/v2\/product"}],"about":[{"href":"https:\/\/burkinistar.com\/index.php?rest_route=\/wp\/v2\/types\/product"}],"replies":[{"embeddable":true,"href":"https:\/\/burkinistar.com\/index.php?rest_route=%2Fwp%2Fv2%2Fcomments&post=51872"}],"version-history":[{"count":1,"href":"https:\/\/burkinistar.com\/index.php?rest_route=\/wp\/v2\/product\/51872\/revisions"}],"predecessor-version":[{"id":51873,"href":"https:\/\/burkinistar.com\/index.php?rest_route=\/wp\/v2\/product\/51872\/revisions\/51873"}],"wp:featuredmedia":[{"embeddable":true,"href":"https:\/\/burkinistar.com\/index.php?rest_route=\/wp\/v2\/media\/51875"}],"wp:attachment":[{"href":"https:\/\/burkinistar.com\/index.php?rest_route=%2Fwp%2Fv2%2Fmedia&parent=51872"}],"wp:term":[{"taxonomy":"product_brand","embeddable":true,"href":"https:\/\/burkinistar.com\/index.php?rest_route=%2Fwp%2Fv2%2Fproduct_brand&post=51872"},{"taxonomy":"product_cat","embeddable":true,"href":"https:\/\/burkinistar.com\/index.php?rest_route=%2Fwp%2Fv2%2Fproduct_cat&post=51872"},{"taxonomy":"product_tag","embeddable":true,"href":"https:\/\/burkinistar.com\/index.php?rest_route=%2Fwp%2Fv2%2Fproduct_tag&post=51872"}],"curies":[{"name":"wp","href":"https:\/\/api.w.org\/{rel}","templated":true}]}}