{"id":51932,"date":"2025-08-30T11:34:22","date_gmt":"2025-08-30T11:34:22","guid":{"rendered":"https:\/\/burkinistar.com\/?product=bikini-takimi-toparlayici-yuksek-bel-mavi-yaprakli"},"modified":"2025-08-30T11:34:47","modified_gmt":"2025-08-30T11:34:47","slug":"bikini-takimi-toparlayici-yuksek-bel-mavi-yaprakli","status":"publish","type":"product","link":"https:\/\/burkinistar.com\/?product=bikini-takimi-toparlayici-yuksek-bel-mavi-yaprakli","title":{"rendered":"Bikini Tak\u0131m\u0131 Toparlay\u0131c\u0131 Y\u00fcksek Bel Mavi Yaprakl\u0131"},"content":{"rendered":"<p>Bikini Tak\u0131m\u0131 2 par\u00e7adan olu\u015fmaktad\u0131r. Alt slip k\u0131sm\u0131 tulum \u015feklinde astarl\u0131d\u0131r. Bacak ve bel kenar\u0131nda lastikli diki\u015f mevcuttur. Bu sayede su i\u00e7erisinde a\u00e7\u0131lma d\u00fc\u015fme vs yapmaz. Bikini \u00fcst\u00fcnde kap ve astar mevcuttur. Dekolte ve s\u0131rt kenarlar\u0131nda lastikli diki\u015f mevcuttur. S\u0131rt k\u0131sm\u0131ndaki kop\u00e7a plastikdir. Kop\u00e7a plastik oldu\u011fundan paslanma yapmaz. Desenler suda akma veya a\u011fartma yapmaz. Manken \u00fczerindeki beden 36&#8217;d\u0131r. Manken \u00f6l\u00e7\u00fcleri 85-62-92&#8217;dir.<\/p>\n","protected":false},"excerpt":{"rendered":"<p>Bikini Tak\u0131m\u0131 2 par\u00e7adan olu\u015fmaktad\u0131r. Alt slip k\u0131sm\u0131 tulum \u015feklinde astarl\u0131d\u0131r. Bacak ve bel kenar\u0131nda&hellip;<\/p>\n","protected":false},"featured_media":51935,"comment_status":"closed","ping_status":"open","template":"","meta":[],"product_brand":[2562],"product_cat":[2503],"product_tag":[],"class_list":{"0":"post-51932","1":"product","2":"type-product","3":"status-publish","4":"has-post-thumbnail","6":"product_brand-starinci-mayo","7":"product_cat-bikini","8":"pa_color-siyah","9":"pa_size-lacivert","11":"first","12":"instock","13":"shipping-taxable","14":"purchasable","15":"product-type-variable","16":"layout-style-2","17":"col-md-4 col-sm-4 col-xs-6","18":"col-lg-4","19":"product-has-gallery","20":"product-style-slider"},"yoast_head":"<!-- This site is optimized with the Yoast SEO plugin v25.8 - https:\/\/yoast.com\/wordpress\/plugins\/seo\/ -->\n<title>Bikini Tak\u0131m\u0131 Toparlay\u0131c\u0131 Y\u00fcksek Bel Mavi Yaprakl\u0131 - BURKINISTAR<\/title>\n<meta name=\"robots\" content=\"index, follow, max-snippet:-1, max-image-preview:large, max-video-preview:-1\" \/>\n<link rel=\"canonical\" href=\"https:\/\/burkinistar.com\/?product=bikini-takimi-toparlayici-yuksek-bel-mavi-yaprakli\" \/>\n<meta property=\"og:locale\" content=\"en_US\" \/>\n<meta property=\"og:type\" content=\"article\" \/>\n<meta property=\"og:title\" content=\"Bikini Tak\u0131m\u0131 Toparlay\u0131c\u0131 Y\u00fcksek Bel Mavi Yaprakl\u0131 - BURKINISTAR\" \/>\n<meta property=\"og:description\" content=\"Bikini Tak\u0131m\u0131 2 par\u00e7adan olu\u015fmaktad\u0131r. Alt slip k\u0131sm\u0131 tulum \u015feklinde astarl\u0131d\u0131r. Bacak ve bel kenar\u0131nda&hellip;\" \/>\n<meta property=\"og:url\" content=\"https:\/\/burkinistar.com\/?product=bikini-takimi-toparlayici-yuksek-bel-mavi-yaprakli\" \/>\n<meta property=\"og:site_name\" content=\"BURKINISTAR\" \/>\n<meta property=\"article:modified_time\" content=\"2025-08-30T11:34:47+00:00\" \/>\n<meta property=\"og:image\" content=\"https:\/\/burkinistar.com\/wp-content\/uploads\/2025\/08\/bikinibikini-takimi-toparlayici-yuksek-4-8fba.jpg\" \/>\n\t<meta property=\"og:image:width\" content=\"600\" \/>\n\t<meta property=\"og:image:height\" content=\"900\" \/>\n\t<meta property=\"og:image:type\" content=\"image\/jpeg\" \/>\n<meta name=\"twitter:card\" content=\"summary_large_image\" \/>\n<script type=\"application\/ld+json\" class=\"yoast-schema-graph\">{\"@context\":\"https:\/\/schema.org\",\"@graph\":[{\"@type\":\"WebPage\",\"@id\":\"https:\/\/burkinistar.com\/?product=bikini-takimi-toparlayici-yuksek-bel-mavi-yaprakli\",\"url\":\"https:\/\/burkinistar.com\/?product=bikini-takimi-toparlayici-yuksek-bel-mavi-yaprakli\",\"name\":\"Bikini Tak\u0131m\u0131 Toparlay\u0131c\u0131 Y\u00fcksek Bel Mavi Yaprakl\u0131 - BURKINISTAR\",\"isPartOf\":{\"@id\":\"https:\/\/burkinistar.com\/#website\"},\"primaryImageOfPage\":{\"@id\":\"https:\/\/burkinistar.com\/?product=bikini-takimi-toparlayici-yuksek-bel-mavi-yaprakli#primaryimage\"},\"image\":{\"@id\":\"https:\/\/burkinistar.com\/?product=bikini-takimi-toparlayici-yuksek-bel-mavi-yaprakli#primaryimage\"},\"thumbnailUrl\":\"https:\/\/burkinistar.com\/wp-content\/uploads\/2025\/08\/bikinibikini-takimi-toparlayici-yuksek-4-8fba.jpg\",\"datePublished\":\"2025-08-30T11:34:22+00:00\",\"dateModified\":\"2025-08-30T11:34:47+00:00\",\"breadcrumb\":{\"@id\":\"https:\/\/burkinistar.com\/?product=bikini-takimi-toparlayici-yuksek-bel-mavi-yaprakli#breadcrumb\"},\"inLanguage\":\"en-US\",\"potentialAction\":[{\"@type\":\"ReadAction\",\"target\":[\"https:\/\/burkinistar.com\/?product=bikini-takimi-toparlayici-yuksek-bel-mavi-yaprakli\"]}]},{\"@type\":\"ImageObject\",\"inLanguage\":\"en-US\",\"@id\":\"https:\/\/burkinistar.com\/?product=bikini-takimi-toparlayici-yuksek-bel-mavi-yaprakli#primaryimage\",\"url\":\"https:\/\/burkinistar.com\/wp-content\/uploads\/2025\/08\/bikinibikini-takimi-toparlayici-yuksek-4-8fba.jpg\",\"contentUrl\":\"https:\/\/burkinistar.com\/wp-content\/uploads\/2025\/08\/bikinibikini-takimi-toparlayici-yuksek-4-8fba.jpg\",\"width\":600,\"height\":900},{\"@type\":\"BreadcrumbList\",\"@id\":\"https:\/\/burkinistar.com\/?product=bikini-takimi-toparlayici-yuksek-bel-mavi-yaprakli#breadcrumb\",\"itemListElement\":[{\"@type\":\"ListItem\",\"position\":1,\"name\":\"Homepage\",\"item\":\"https:\/\/burkinistar.com\/\"},{\"@type\":\"ListItem\",\"position\":2,\"name\":\"All Products\",\"item\":\"https:\/\/burkinistar.com\/?page_id=8\"},{\"@type\":\"ListItem\",\"position\":3,\"name\":\"Bikini Tak\u0131m\u0131 Toparlay\u0131c\u0131 Y\u00fcksek Bel Mavi Yaprakl\u0131\"}]},{\"@type\":\"WebSite\",\"@id\":\"https:\/\/burkinistar.com\/#website\",\"url\":\"https:\/\/burkinistar.com\/\",\"name\":\"BURKINISTAR\",\"description\":\"The Best Modest Swimwear and Bikini Store | Burkinistar\",\"potentialAction\":[{\"@type\":\"SearchAction\",\"target\":{\"@type\":\"EntryPoint\",\"urlTemplate\":\"https:\/\/burkinistar.com\/?s={search_term_string}\"},\"query-input\":{\"@type\":\"PropertyValueSpecification\",\"valueRequired\":true,\"valueName\":\"search_term_string\"}}],\"inLanguage\":\"en-US\"}]}<\/script>\n<!-- \/ Yoast SEO plugin. -->","yoast_head_json":{"title":"Bikini Tak\u0131m\u0131 Toparlay\u0131c\u0131 Y\u00fcksek Bel Mavi Yaprakl\u0131 - BURKINISTAR","robots":{"index":"index","follow":"follow","max-snippet":"max-snippet:-1","max-image-preview":"max-image-preview:large","max-video-preview":"max-video-preview:-1"},"canonical":"https:\/\/burkinistar.com\/?product=bikini-takimi-toparlayici-yuksek-bel-mavi-yaprakli","og_locale":"en_US","og_type":"article","og_title":"Bikini Tak\u0131m\u0131 Toparlay\u0131c\u0131 Y\u00fcksek Bel Mavi Yaprakl\u0131 - BURKINISTAR","og_description":"Bikini Tak\u0131m\u0131 2 par\u00e7adan olu\u015fmaktad\u0131r. Alt slip k\u0131sm\u0131 tulum \u015feklinde astarl\u0131d\u0131r. Bacak ve bel kenar\u0131nda&hellip;","og_url":"https:\/\/burkinistar.com\/?product=bikini-takimi-toparlayici-yuksek-bel-mavi-yaprakli","og_site_name":"BURKINISTAR","article_modified_time":"2025-08-30T11:34:47+00:00","og_image":[{"width":600,"height":900,"url":"https:\/\/burkinistar.com\/wp-content\/uploads\/2025\/08\/bikinibikini-takimi-toparlayici-yuksek-4-8fba.jpg","type":"image\/jpeg"}],"twitter_card":"summary_large_image","schema":{"@context":"https:\/\/schema.org","@graph":[{"@type":"WebPage","@id":"https:\/\/burkinistar.com\/?product=bikini-takimi-toparlayici-yuksek-bel-mavi-yaprakli","url":"https:\/\/burkinistar.com\/?product=bikini-takimi-toparlayici-yuksek-bel-mavi-yaprakli","name":"Bikini Tak\u0131m\u0131 Toparlay\u0131c\u0131 Y\u00fcksek Bel Mavi Yaprakl\u0131 - BURKINISTAR","isPartOf":{"@id":"https:\/\/burkinistar.com\/#website"},"primaryImageOfPage":{"@id":"https:\/\/burkinistar.com\/?product=bikini-takimi-toparlayici-yuksek-bel-mavi-yaprakli#primaryimage"},"image":{"@id":"https:\/\/burkinistar.com\/?product=bikini-takimi-toparlayici-yuksek-bel-mavi-yaprakli#primaryimage"},"thumbnailUrl":"https:\/\/burkinistar.com\/wp-content\/uploads\/2025\/08\/bikinibikini-takimi-toparlayici-yuksek-4-8fba.jpg","datePublished":"2025-08-30T11:34:22+00:00","dateModified":"2025-08-30T11:34:47+00:00","breadcrumb":{"@id":"https:\/\/burkinistar.com\/?product=bikini-takimi-toparlayici-yuksek-bel-mavi-yaprakli#breadcrumb"},"inLanguage":"en-US","potentialAction":[{"@type":"ReadAction","target":["https:\/\/burkinistar.com\/?product=bikini-takimi-toparlayici-yuksek-bel-mavi-yaprakli"]}]},{"@type":"ImageObject","inLanguage":"en-US","@id":"https:\/\/burkinistar.com\/?product=bikini-takimi-toparlayici-yuksek-bel-mavi-yaprakli#primaryimage","url":"https:\/\/burkinistar.com\/wp-content\/uploads\/2025\/08\/bikinibikini-takimi-toparlayici-yuksek-4-8fba.jpg","contentUrl":"https:\/\/burkinistar.com\/wp-content\/uploads\/2025\/08\/bikinibikini-takimi-toparlayici-yuksek-4-8fba.jpg","width":600,"height":900},{"@type":"BreadcrumbList","@id":"https:\/\/burkinistar.com\/?product=bikini-takimi-toparlayici-yuksek-bel-mavi-yaprakli#breadcrumb","itemListElement":[{"@type":"ListItem","position":1,"name":"Homepage","item":"https:\/\/burkinistar.com\/"},{"@type":"ListItem","position":2,"name":"All Products","item":"https:\/\/burkinistar.com\/?page_id=8"},{"@type":"ListItem","position":3,"name":"Bikini Tak\u0131m\u0131 Toparlay\u0131c\u0131 Y\u00fcksek Bel Mavi Yaprakl\u0131"}]},{"@type":"WebSite","@id":"https:\/\/burkinistar.com\/#website","url":"https:\/\/burkinistar.com\/","name":"BURKINISTAR","description":"The Best Modest Swimwear and Bikini Store | Burkinistar","potentialAction":[{"@type":"SearchAction","target":{"@type":"EntryPoint","urlTemplate":"https:\/\/burkinistar.com\/?s={search_term_string}"},"query-input":{"@type":"PropertyValueSpecification","valueRequired":true,"valueName":"search_term_string"}}],"inLanguage":"en-US"}]}},"_links":{"self":[{"href":"https:\/\/burkinistar.com\/index.php?rest_route=\/wp\/v2\/product\/51932","targetHints":{"allow":["GET"]}}],"collection":[{"href":"https:\/\/burkinistar.com\/index.php?rest_route=\/wp\/v2\/product"}],"about":[{"href":"https:\/\/burkinistar.com\/index.php?rest_route=\/wp\/v2\/types\/product"}],"replies":[{"embeddable":true,"href":"https:\/\/burkinistar.com\/index.php?rest_route=%2Fwp%2Fv2%2Fcomments&post=51932"}],"version-history":[{"count":1,"href":"https:\/\/burkinistar.com\/index.php?rest_route=\/wp\/v2\/product\/51932\/revisions"}],"predecessor-version":[{"id":51933,"href":"https:\/\/burkinistar.com\/index.php?rest_route=\/wp\/v2\/product\/51932\/revisions\/51933"}],"wp:featuredmedia":[{"embeddable":true,"href":"https:\/\/burkinistar.com\/index.php?rest_route=\/wp\/v2\/media\/51935"}],"wp:attachment":[{"href":"https:\/\/burkinistar.com\/index.php?rest_route=%2Fwp%2Fv2%2Fmedia&parent=51932"}],"wp:term":[{"taxonomy":"product_brand","embeddable":true,"href":"https:\/\/burkinistar.com\/index.php?rest_route=%2Fwp%2Fv2%2Fproduct_brand&post=51932"},{"taxonomy":"product_cat","embeddable":true,"href":"https:\/\/burkinistar.com\/index.php?rest_route=%2Fwp%2Fv2%2Fproduct_cat&post=51932"},{"taxonomy":"product_tag","embeddable":true,"href":"https:\/\/burkinistar.com\/index.php?rest_route=%2Fwp%2Fv2%2Fproduct_tag&post=51932"}],"curies":[{"name":"wp","href":"https:\/\/api.w.org\/{rel}","templated":true}]}}