{"id":52215,"date":"2025-08-30T11:36:11","date_gmt":"2025-08-30T11:36:11","guid":{"rendered":"https:\/\/burkinistar.com\/?product=elbiseli-mayo-yesil-biye-tasarimli"},"modified":"2025-08-30T11:36:27","modified_gmt":"2025-08-30T11:36:27","slug":"elbiseli-mayo-yesil-biye-tasarimli","status":"publish","type":"product","link":"https:\/\/burkinistar.com\/?product=elbiseli-mayo-yesil-biye-tasarimli","title":{"rendered":"Elbiseli Mayo Ye\u015fil Biye Tasar\u0131ml\u0131"},"content":{"rendered":"<p>Elbiseli mayo tek par\u00e7a halinde sat\u0131lmaktad\u0131r. H\u0131zl\u0131 kuruma \u00f6zelli\u011fi olan esnek kuma\u015ftan \u00fcretilmi\u015ftir. Biyenin alt k\u0131sm\u0131nda kalan par\u00e7a geni\u015f oldu\u011fundan etekli tasar\u0131m modeli kat\u0131yor. G\u00f6\u011f\u00fcs pedi vard\u0131r. Kal\u0131b\u0131 standartt\u0131r g\u00fcnl\u00fck k\u0131yafetlerinizle ayn\u0131 bedeni tercih edebilirsiniz.<\/p>\n","protected":false},"excerpt":{"rendered":"<p>Elbiseli mayo tek par\u00e7a halinde sat\u0131lmaktad\u0131r. H\u0131zl\u0131 kuruma \u00f6zelli\u011fi olan esnek kuma\u015ftan \u00fcretilmi\u015ftir. Biyenin alt&hellip;<\/p>\n","protected":false},"featured_media":52218,"comment_status":"closed","ping_status":"open","template":"","meta":[],"product_brand":[2562],"product_cat":[2567],"product_tag":[],"class_list":{"0":"post-52215","1":"product","2":"type-product","3":"status-publish","4":"has-post-thumbnail","6":"product_brand-starinci-mayo","7":"product_cat-elbise-mayo","8":"pa_color-yesil","9":"pa_size-2583","10":"pa_size-2585","12":"first","13":"instock","14":"shipping-taxable","15":"purchasable","16":"product-type-variable","17":"layout-style-2","18":"col-md-4 col-sm-4 col-xs-6","19":"col-lg-4","20":"product-has-gallery","21":"product-style-slider"},"yoast_head":"<!-- This site is optimized with the Yoast SEO plugin v25.8 - https:\/\/yoast.com\/wordpress\/plugins\/seo\/ -->\n<title>Elbiseli Mayo Ye\u015fil Biye Tasar\u0131ml\u0131 - BURKINISTAR<\/title>\n<meta name=\"robots\" content=\"index, follow, max-snippet:-1, max-image-preview:large, max-video-preview:-1\" \/>\n<link rel=\"canonical\" href=\"https:\/\/burkinistar.com\/?product=elbiseli-mayo-yesil-biye-tasarimli\" \/>\n<meta property=\"og:locale\" content=\"en_US\" \/>\n<meta property=\"og:type\" content=\"article\" \/>\n<meta property=\"og:title\" content=\"Elbiseli Mayo Ye\u015fil Biye Tasar\u0131ml\u0131 - BURKINISTAR\" \/>\n<meta property=\"og:description\" content=\"Elbiseli mayo tek par\u00e7a halinde sat\u0131lmaktad\u0131r. H\u0131zl\u0131 kuruma \u00f6zelli\u011fi olan esnek kuma\u015ftan \u00fcretilmi\u015ftir. Biyenin alt&hellip;\" \/>\n<meta property=\"og:url\" content=\"https:\/\/burkinistar.com\/?product=elbiseli-mayo-yesil-biye-tasarimli\" \/>\n<meta property=\"og:site_name\" content=\"BURKINISTAR\" \/>\n<meta property=\"article:modified_time\" content=\"2025-08-30T11:36:27+00:00\" \/>\n<meta property=\"og:image\" content=\"https:\/\/burkinistar.com\/wp-content\/uploads\/2025\/08\/elbise-mayoelbiseli-mayo-yesil-biye-ta-be4e-1.jpg\" \/>\n\t<meta property=\"og:image:width\" content=\"600\" \/>\n\t<meta property=\"og:image:height\" content=\"900\" \/>\n\t<meta property=\"og:image:type\" content=\"image\/jpeg\" \/>\n<meta name=\"twitter:card\" content=\"summary_large_image\" \/>\n<script type=\"application\/ld+json\" class=\"yoast-schema-graph\">{\"@context\":\"https:\/\/schema.org\",\"@graph\":[{\"@type\":\"WebPage\",\"@id\":\"https:\/\/burkinistar.com\/?product=elbiseli-mayo-yesil-biye-tasarimli\",\"url\":\"https:\/\/burkinistar.com\/?product=elbiseli-mayo-yesil-biye-tasarimli\",\"name\":\"Elbiseli Mayo Ye\u015fil Biye Tasar\u0131ml\u0131 - BURKINISTAR\",\"isPartOf\":{\"@id\":\"https:\/\/burkinistar.com\/#website\"},\"primaryImageOfPage\":{\"@id\":\"https:\/\/burkinistar.com\/?product=elbiseli-mayo-yesil-biye-tasarimli#primaryimage\"},\"image\":{\"@id\":\"https:\/\/burkinistar.com\/?product=elbiseli-mayo-yesil-biye-tasarimli#primaryimage\"},\"thumbnailUrl\":\"https:\/\/burkinistar.com\/wp-content\/uploads\/2025\/08\/elbise-mayoelbiseli-mayo-yesil-biye-ta-be4e-1.jpg\",\"datePublished\":\"2025-08-30T11:36:11+00:00\",\"dateModified\":\"2025-08-30T11:36:27+00:00\",\"breadcrumb\":{\"@id\":\"https:\/\/burkinistar.com\/?product=elbiseli-mayo-yesil-biye-tasarimli#breadcrumb\"},\"inLanguage\":\"en-US\",\"potentialAction\":[{\"@type\":\"ReadAction\",\"target\":[\"https:\/\/burkinistar.com\/?product=elbiseli-mayo-yesil-biye-tasarimli\"]}]},{\"@type\":\"ImageObject\",\"inLanguage\":\"en-US\",\"@id\":\"https:\/\/burkinistar.com\/?product=elbiseli-mayo-yesil-biye-tasarimli#primaryimage\",\"url\":\"https:\/\/burkinistar.com\/wp-content\/uploads\/2025\/08\/elbise-mayoelbiseli-mayo-yesil-biye-ta-be4e-1.jpg\",\"contentUrl\":\"https:\/\/burkinistar.com\/wp-content\/uploads\/2025\/08\/elbise-mayoelbiseli-mayo-yesil-biye-ta-be4e-1.jpg\",\"width\":600,\"height\":900},{\"@type\":\"BreadcrumbList\",\"@id\":\"https:\/\/burkinistar.com\/?product=elbiseli-mayo-yesil-biye-tasarimli#breadcrumb\",\"itemListElement\":[{\"@type\":\"ListItem\",\"position\":1,\"name\":\"Homepage\",\"item\":\"https:\/\/burkinistar.com\/\"},{\"@type\":\"ListItem\",\"position\":2,\"name\":\"All Products\",\"item\":\"https:\/\/burkinistar.com\/?page_id=8\"},{\"@type\":\"ListItem\",\"position\":3,\"name\":\"Elbiseli Mayo Ye\u015fil Biye Tasar\u0131ml\u0131\"}]},{\"@type\":\"WebSite\",\"@id\":\"https:\/\/burkinistar.com\/#website\",\"url\":\"https:\/\/burkinistar.com\/\",\"name\":\"BURKINISTAR\",\"description\":\"The Best Modest Swimwear and Bikini Store | Burkinistar\",\"potentialAction\":[{\"@type\":\"SearchAction\",\"target\":{\"@type\":\"EntryPoint\",\"urlTemplate\":\"https:\/\/burkinistar.com\/?s={search_term_string}\"},\"query-input\":{\"@type\":\"PropertyValueSpecification\",\"valueRequired\":true,\"valueName\":\"search_term_string\"}}],\"inLanguage\":\"en-US\"}]}<\/script>\n<!-- \/ Yoast SEO plugin. -->","yoast_head_json":{"title":"Elbiseli Mayo Ye\u015fil Biye Tasar\u0131ml\u0131 - BURKINISTAR","robots":{"index":"index","follow":"follow","max-snippet":"max-snippet:-1","max-image-preview":"max-image-preview:large","max-video-preview":"max-video-preview:-1"},"canonical":"https:\/\/burkinistar.com\/?product=elbiseli-mayo-yesil-biye-tasarimli","og_locale":"en_US","og_type":"article","og_title":"Elbiseli Mayo Ye\u015fil Biye Tasar\u0131ml\u0131 - BURKINISTAR","og_description":"Elbiseli mayo tek par\u00e7a halinde sat\u0131lmaktad\u0131r. H\u0131zl\u0131 kuruma \u00f6zelli\u011fi olan esnek kuma\u015ftan \u00fcretilmi\u015ftir. Biyenin alt&hellip;","og_url":"https:\/\/burkinistar.com\/?product=elbiseli-mayo-yesil-biye-tasarimli","og_site_name":"BURKINISTAR","article_modified_time":"2025-08-30T11:36:27+00:00","og_image":[{"width":600,"height":900,"url":"https:\/\/burkinistar.com\/wp-content\/uploads\/2025\/08\/elbise-mayoelbiseli-mayo-yesil-biye-ta-be4e-1.jpg","type":"image\/jpeg"}],"twitter_card":"summary_large_image","schema":{"@context":"https:\/\/schema.org","@graph":[{"@type":"WebPage","@id":"https:\/\/burkinistar.com\/?product=elbiseli-mayo-yesil-biye-tasarimli","url":"https:\/\/burkinistar.com\/?product=elbiseli-mayo-yesil-biye-tasarimli","name":"Elbiseli Mayo Ye\u015fil Biye Tasar\u0131ml\u0131 - BURKINISTAR","isPartOf":{"@id":"https:\/\/burkinistar.com\/#website"},"primaryImageOfPage":{"@id":"https:\/\/burkinistar.com\/?product=elbiseli-mayo-yesil-biye-tasarimli#primaryimage"},"image":{"@id":"https:\/\/burkinistar.com\/?product=elbiseli-mayo-yesil-biye-tasarimli#primaryimage"},"thumbnailUrl":"https:\/\/burkinistar.com\/wp-content\/uploads\/2025\/08\/elbise-mayoelbiseli-mayo-yesil-biye-ta-be4e-1.jpg","datePublished":"2025-08-30T11:36:11+00:00","dateModified":"2025-08-30T11:36:27+00:00","breadcrumb":{"@id":"https:\/\/burkinistar.com\/?product=elbiseli-mayo-yesil-biye-tasarimli#breadcrumb"},"inLanguage":"en-US","potentialAction":[{"@type":"ReadAction","target":["https:\/\/burkinistar.com\/?product=elbiseli-mayo-yesil-biye-tasarimli"]}]},{"@type":"ImageObject","inLanguage":"en-US","@id":"https:\/\/burkinistar.com\/?product=elbiseli-mayo-yesil-biye-tasarimli#primaryimage","url":"https:\/\/burkinistar.com\/wp-content\/uploads\/2025\/08\/elbise-mayoelbiseli-mayo-yesil-biye-ta-be4e-1.jpg","contentUrl":"https:\/\/burkinistar.com\/wp-content\/uploads\/2025\/08\/elbise-mayoelbiseli-mayo-yesil-biye-ta-be4e-1.jpg","width":600,"height":900},{"@type":"BreadcrumbList","@id":"https:\/\/burkinistar.com\/?product=elbiseli-mayo-yesil-biye-tasarimli#breadcrumb","itemListElement":[{"@type":"ListItem","position":1,"name":"Homepage","item":"https:\/\/burkinistar.com\/"},{"@type":"ListItem","position":2,"name":"All Products","item":"https:\/\/burkinistar.com\/?page_id=8"},{"@type":"ListItem","position":3,"name":"Elbiseli Mayo Ye\u015fil Biye Tasar\u0131ml\u0131"}]},{"@type":"WebSite","@id":"https:\/\/burkinistar.com\/#website","url":"https:\/\/burkinistar.com\/","name":"BURKINISTAR","description":"The Best Modest Swimwear and Bikini Store | Burkinistar","potentialAction":[{"@type":"SearchAction","target":{"@type":"EntryPoint","urlTemplate":"https:\/\/burkinistar.com\/?s={search_term_string}"},"query-input":{"@type":"PropertyValueSpecification","valueRequired":true,"valueName":"search_term_string"}}],"inLanguage":"en-US"}]}},"_links":{"self":[{"href":"https:\/\/burkinistar.com\/index.php?rest_route=\/wp\/v2\/product\/52215","targetHints":{"allow":["GET"]}}],"collection":[{"href":"https:\/\/burkinistar.com\/index.php?rest_route=\/wp\/v2\/product"}],"about":[{"href":"https:\/\/burkinistar.com\/index.php?rest_route=\/wp\/v2\/types\/product"}],"replies":[{"embeddable":true,"href":"https:\/\/burkinistar.com\/index.php?rest_route=%2Fwp%2Fv2%2Fcomments&post=52215"}],"version-history":[{"count":1,"href":"https:\/\/burkinistar.com\/index.php?rest_route=\/wp\/v2\/product\/52215\/revisions"}],"predecessor-version":[{"id":52216,"href":"https:\/\/burkinistar.com\/index.php?rest_route=\/wp\/v2\/product\/52215\/revisions\/52216"}],"wp:featuredmedia":[{"embeddable":true,"href":"https:\/\/burkinistar.com\/index.php?rest_route=\/wp\/v2\/media\/52218"}],"wp:attachment":[{"href":"https:\/\/burkinistar.com\/index.php?rest_route=%2Fwp%2Fv2%2Fmedia&parent=52215"}],"wp:term":[{"taxonomy":"product_brand","embeddable":true,"href":"https:\/\/burkinistar.com\/index.php?rest_route=%2Fwp%2Fv2%2Fproduct_brand&post=52215"},{"taxonomy":"product_cat","embeddable":true,"href":"https:\/\/burkinistar.com\/index.php?rest_route=%2Fwp%2Fv2%2Fproduct_cat&post=52215"},{"taxonomy":"product_tag","embeddable":true,"href":"https:\/\/burkinistar.com\/index.php?rest_route=%2Fwp%2Fv2%2Fproduct_tag&post=52215"}],"curies":[{"name":"wp","href":"https:\/\/api.w.org\/{rel}","templated":true}]}}