{"id":52329,"date":"2025-08-30T11:36:54","date_gmt":"2025-08-30T11:36:54","guid":{"rendered":"https:\/\/burkinistar.com\/?product=sort-likrali-mayo-sortu-lacivert"},"modified":"2025-08-30T11:37:07","modified_gmt":"2025-08-30T11:37:07","slug":"sort-likrali-mayo-sortu-lacivert","status":"publish","type":"product","link":"https:\/\/burkinistar.com\/?product=sort-likrali-mayo-sortu-lacivert","title":{"rendered":"\u015eort Likral\u0131 Mayo \u015eortu Lacivert"},"content":{"rendered":"<p>Kad\u0131n mayo \u015fort tek par\u00e7a halinde sat\u0131lmaktad\u0131r. H\u0131zl\u0131 kuruyan likral\u0131 polyamit i\u00e7erikli kuma\u015ftan \u00fcretilmi\u015ftir. \u0130\u00e7i komple astarl\u0131d\u0131r. Toparlay\u0131c\u0131 \u00f6zelli\u011fi vard\u0131r. Havuzda, denizde ve termal sularda kullanmaya uygundur. D\u0131\u015farda giyinmeye uygundur.<\/p>\n","protected":false},"excerpt":{"rendered":"<p>Kad\u0131n mayo \u015fort tek par\u00e7a halinde sat\u0131lmaktad\u0131r. H\u0131zl\u0131 kuruyan likral\u0131 polyamit i\u00e7erikli kuma\u015ftan \u00fcretilmi\u015ftir. \u0130\u00e7i&hellip;<\/p>\n","protected":false},"featured_media":52332,"comment_status":"closed","ping_status":"open","template":"","meta":[],"product_brand":[2562],"product_cat":[2568,2564],"product_tag":[],"class_list":{"0":"post-52329","1":"product","2":"type-product","3":"status-publish","4":"has-post-thumbnail","6":"product_brand-starinci-mayo","7":"product_cat-bikini-alti-ve-tayt","8":"product_cat-plaj","9":"pa_color-lacivert","10":"pa_size-2588","12":"first","13":"instock","14":"shipping-taxable","15":"purchasable","16":"product-type-variable","17":"layout-style-2","18":"col-md-4 col-sm-4 col-xs-6","19":"col-lg-4","20":"product-has-gallery","21":"product-style-slider"},"yoast_head":"<!-- This site is optimized with the Yoast SEO plugin v25.8 - https:\/\/yoast.com\/wordpress\/plugins\/seo\/ -->\n<title>\u015eort Likral\u0131 Mayo \u015eortu Lacivert - BURKINISTAR<\/title>\n<meta name=\"robots\" content=\"index, follow, max-snippet:-1, max-image-preview:large, max-video-preview:-1\" \/>\n<link rel=\"canonical\" href=\"https:\/\/burkinistar.com\/?product=sort-likrali-mayo-sortu-lacivert\" \/>\n<meta property=\"og:locale\" content=\"en_US\" \/>\n<meta property=\"og:type\" content=\"article\" \/>\n<meta property=\"og:title\" content=\"\u015eort Likral\u0131 Mayo \u015eortu Lacivert - BURKINISTAR\" \/>\n<meta property=\"og:description\" content=\"Kad\u0131n mayo \u015fort tek par\u00e7a halinde sat\u0131lmaktad\u0131r. H\u0131zl\u0131 kuruyan likral\u0131 polyamit i\u00e7erikli kuma\u015ftan \u00fcretilmi\u015ftir. \u0130\u00e7i&hellip;\" \/>\n<meta property=\"og:url\" content=\"https:\/\/burkinistar.com\/?product=sort-likrali-mayo-sortu-lacivert\" \/>\n<meta property=\"og:site_name\" content=\"BURKINISTAR\" \/>\n<meta property=\"article:modified_time\" content=\"2025-08-30T11:37:07+00:00\" \/>\n<meta property=\"og:image\" content=\"https:\/\/burkinistar.com\/wp-content\/uploads\/2025\/08\/bikini-alti-ve-taytsort-likrali-mayo-s-a0-a37.jpg\" \/>\n\t<meta property=\"og:image:width\" content=\"600\" \/>\n\t<meta property=\"og:image:height\" content=\"900\" \/>\n\t<meta property=\"og:image:type\" content=\"image\/jpeg\" \/>\n<meta name=\"twitter:card\" content=\"summary_large_image\" \/>\n<script type=\"application\/ld+json\" class=\"yoast-schema-graph\">{\"@context\":\"https:\/\/schema.org\",\"@graph\":[{\"@type\":\"WebPage\",\"@id\":\"https:\/\/burkinistar.com\/?product=sort-likrali-mayo-sortu-lacivert\",\"url\":\"https:\/\/burkinistar.com\/?product=sort-likrali-mayo-sortu-lacivert\",\"name\":\"\u015eort Likral\u0131 Mayo \u015eortu Lacivert - BURKINISTAR\",\"isPartOf\":{\"@id\":\"https:\/\/burkinistar.com\/#website\"},\"primaryImageOfPage\":{\"@id\":\"https:\/\/burkinistar.com\/?product=sort-likrali-mayo-sortu-lacivert#primaryimage\"},\"image\":{\"@id\":\"https:\/\/burkinistar.com\/?product=sort-likrali-mayo-sortu-lacivert#primaryimage\"},\"thumbnailUrl\":\"https:\/\/burkinistar.com\/wp-content\/uploads\/2025\/08\/bikini-alti-ve-taytsort-likrali-mayo-s-a0-a37.jpg\",\"datePublished\":\"2025-08-30T11:36:54+00:00\",\"dateModified\":\"2025-08-30T11:37:07+00:00\",\"breadcrumb\":{\"@id\":\"https:\/\/burkinistar.com\/?product=sort-likrali-mayo-sortu-lacivert#breadcrumb\"},\"inLanguage\":\"en-US\",\"potentialAction\":[{\"@type\":\"ReadAction\",\"target\":[\"https:\/\/burkinistar.com\/?product=sort-likrali-mayo-sortu-lacivert\"]}]},{\"@type\":\"ImageObject\",\"inLanguage\":\"en-US\",\"@id\":\"https:\/\/burkinistar.com\/?product=sort-likrali-mayo-sortu-lacivert#primaryimage\",\"url\":\"https:\/\/burkinistar.com\/wp-content\/uploads\/2025\/08\/bikini-alti-ve-taytsort-likrali-mayo-s-a0-a37.jpg\",\"contentUrl\":\"https:\/\/burkinistar.com\/wp-content\/uploads\/2025\/08\/bikini-alti-ve-taytsort-likrali-mayo-s-a0-a37.jpg\",\"width\":600,\"height\":900},{\"@type\":\"BreadcrumbList\",\"@id\":\"https:\/\/burkinistar.com\/?product=sort-likrali-mayo-sortu-lacivert#breadcrumb\",\"itemListElement\":[{\"@type\":\"ListItem\",\"position\":1,\"name\":\"Homepage\",\"item\":\"https:\/\/burkinistar.com\/\"},{\"@type\":\"ListItem\",\"position\":2,\"name\":\"All Products\",\"item\":\"https:\/\/burkinistar.com\/?page_id=8\"},{\"@type\":\"ListItem\",\"position\":3,\"name\":\"\u015eort Likral\u0131 Mayo \u015eortu Lacivert\"}]},{\"@type\":\"WebSite\",\"@id\":\"https:\/\/burkinistar.com\/#website\",\"url\":\"https:\/\/burkinistar.com\/\",\"name\":\"BURKINISTAR\",\"description\":\"The Best Modest Swimwear and Bikini Store | Burkinistar\",\"potentialAction\":[{\"@type\":\"SearchAction\",\"target\":{\"@type\":\"EntryPoint\",\"urlTemplate\":\"https:\/\/burkinistar.com\/?s={search_term_string}\"},\"query-input\":{\"@type\":\"PropertyValueSpecification\",\"valueRequired\":true,\"valueName\":\"search_term_string\"}}],\"inLanguage\":\"en-US\"}]}<\/script>\n<!-- \/ Yoast SEO plugin. -->","yoast_head_json":{"title":"\u015eort Likral\u0131 Mayo \u015eortu Lacivert - BURKINISTAR","robots":{"index":"index","follow":"follow","max-snippet":"max-snippet:-1","max-image-preview":"max-image-preview:large","max-video-preview":"max-video-preview:-1"},"canonical":"https:\/\/burkinistar.com\/?product=sort-likrali-mayo-sortu-lacivert","og_locale":"en_US","og_type":"article","og_title":"\u015eort Likral\u0131 Mayo \u015eortu Lacivert - BURKINISTAR","og_description":"Kad\u0131n mayo \u015fort tek par\u00e7a halinde sat\u0131lmaktad\u0131r. H\u0131zl\u0131 kuruyan likral\u0131 polyamit i\u00e7erikli kuma\u015ftan \u00fcretilmi\u015ftir. \u0130\u00e7i&hellip;","og_url":"https:\/\/burkinistar.com\/?product=sort-likrali-mayo-sortu-lacivert","og_site_name":"BURKINISTAR","article_modified_time":"2025-08-30T11:37:07+00:00","og_image":[{"width":600,"height":900,"url":"https:\/\/burkinistar.com\/wp-content\/uploads\/2025\/08\/bikini-alti-ve-taytsort-likrali-mayo-s-a0-a37.jpg","type":"image\/jpeg"}],"twitter_card":"summary_large_image","schema":{"@context":"https:\/\/schema.org","@graph":[{"@type":"WebPage","@id":"https:\/\/burkinistar.com\/?product=sort-likrali-mayo-sortu-lacivert","url":"https:\/\/burkinistar.com\/?product=sort-likrali-mayo-sortu-lacivert","name":"\u015eort Likral\u0131 Mayo \u015eortu Lacivert - BURKINISTAR","isPartOf":{"@id":"https:\/\/burkinistar.com\/#website"},"primaryImageOfPage":{"@id":"https:\/\/burkinistar.com\/?product=sort-likrali-mayo-sortu-lacivert#primaryimage"},"image":{"@id":"https:\/\/burkinistar.com\/?product=sort-likrali-mayo-sortu-lacivert#primaryimage"},"thumbnailUrl":"https:\/\/burkinistar.com\/wp-content\/uploads\/2025\/08\/bikini-alti-ve-taytsort-likrali-mayo-s-a0-a37.jpg","datePublished":"2025-08-30T11:36:54+00:00","dateModified":"2025-08-30T11:37:07+00:00","breadcrumb":{"@id":"https:\/\/burkinistar.com\/?product=sort-likrali-mayo-sortu-lacivert#breadcrumb"},"inLanguage":"en-US","potentialAction":[{"@type":"ReadAction","target":["https:\/\/burkinistar.com\/?product=sort-likrali-mayo-sortu-lacivert"]}]},{"@type":"ImageObject","inLanguage":"en-US","@id":"https:\/\/burkinistar.com\/?product=sort-likrali-mayo-sortu-lacivert#primaryimage","url":"https:\/\/burkinistar.com\/wp-content\/uploads\/2025\/08\/bikini-alti-ve-taytsort-likrali-mayo-s-a0-a37.jpg","contentUrl":"https:\/\/burkinistar.com\/wp-content\/uploads\/2025\/08\/bikini-alti-ve-taytsort-likrali-mayo-s-a0-a37.jpg","width":600,"height":900},{"@type":"BreadcrumbList","@id":"https:\/\/burkinistar.com\/?product=sort-likrali-mayo-sortu-lacivert#breadcrumb","itemListElement":[{"@type":"ListItem","position":1,"name":"Homepage","item":"https:\/\/burkinistar.com\/"},{"@type":"ListItem","position":2,"name":"All Products","item":"https:\/\/burkinistar.com\/?page_id=8"},{"@type":"ListItem","position":3,"name":"\u015eort Likral\u0131 Mayo \u015eortu Lacivert"}]},{"@type":"WebSite","@id":"https:\/\/burkinistar.com\/#website","url":"https:\/\/burkinistar.com\/","name":"BURKINISTAR","description":"The Best Modest Swimwear and Bikini Store | Burkinistar","potentialAction":[{"@type":"SearchAction","target":{"@type":"EntryPoint","urlTemplate":"https:\/\/burkinistar.com\/?s={search_term_string}"},"query-input":{"@type":"PropertyValueSpecification","valueRequired":true,"valueName":"search_term_string"}}],"inLanguage":"en-US"}]}},"_links":{"self":[{"href":"https:\/\/burkinistar.com\/index.php?rest_route=\/wp\/v2\/product\/52329","targetHints":{"allow":["GET"]}}],"collection":[{"href":"https:\/\/burkinistar.com\/index.php?rest_route=\/wp\/v2\/product"}],"about":[{"href":"https:\/\/burkinistar.com\/index.php?rest_route=\/wp\/v2\/types\/product"}],"replies":[{"embeddable":true,"href":"https:\/\/burkinistar.com\/index.php?rest_route=%2Fwp%2Fv2%2Fcomments&post=52329"}],"version-history":[{"count":1,"href":"https:\/\/burkinistar.com\/index.php?rest_route=\/wp\/v2\/product\/52329\/revisions"}],"predecessor-version":[{"id":52330,"href":"https:\/\/burkinistar.com\/index.php?rest_route=\/wp\/v2\/product\/52329\/revisions\/52330"}],"wp:featuredmedia":[{"embeddable":true,"href":"https:\/\/burkinistar.com\/index.php?rest_route=\/wp\/v2\/media\/52332"}],"wp:attachment":[{"href":"https:\/\/burkinistar.com\/index.php?rest_route=%2Fwp%2Fv2%2Fmedia&parent=52329"}],"wp:term":[{"taxonomy":"product_brand","embeddable":true,"href":"https:\/\/burkinistar.com\/index.php?rest_route=%2Fwp%2Fv2%2Fproduct_brand&post=52329"},{"taxonomy":"product_cat","embeddable":true,"href":"https:\/\/burkinistar.com\/index.php?rest_route=%2Fwp%2Fv2%2Fproduct_cat&post=52329"},{"taxonomy":"product_tag","embeddable":true,"href":"https:\/\/burkinistar.com\/index.php?rest_route=%2Fwp%2Fv2%2Fproduct_tag&post=52329"}],"curies":[{"name":"wp","href":"https:\/\/api.w.org\/{rel}","templated":true}]}}