{"id":52377,"date":"2025-08-30T11:37:08","date_gmt":"2025-08-30T11:37:08","guid":{"rendered":"https:\/\/burkinistar.com\/?product=yarim-kapali-likrali-tesettur-mayo-kahverengi-yapraklar"},"modified":"2025-08-30T11:37:23","modified_gmt":"2025-08-30T11:37:23","slug":"yarim-kapali-likrali-tesettur-mayo-kahverengi-yapraklar","status":"publish","type":"product","link":"https:\/\/burkinistar.com\/?product=yarim-kapali-likrali-tesettur-mayo-kahverengi-yapraklar","title":{"rendered":"Yar\u0131m Kapal\u0131 Likral\u0131 Tesett\u00fcr Mayo Kahverengi Yapraklar"},"content":{"rendered":"<p>Starinci Yar\u0131m Kapal\u0131 Mayo Yar\u0131 kapal\u0131 mayo k\u0131sa tayt, tunik ve boneden olu\u015fmaktad\u0131r. H\u0131zl\u0131 kuruyan likral\u0131 mayo kuma\u015f\u0131ndan \u00fcretilmi\u015ftir. Polyester kar\u0131\u015f\u0131m\u0131 oldu\u011fundan h\u0131zl\u0131 kurur. G\u00f6\u011f\u00fcs s\u00fcngeri vard\u0131r. B\u00fcstiyer tuni\u011fe dikilidir. Havuzda, denizde ve termalde giyinmeye uygundur. 38 beden \u00f6l\u00e7\u00fcleri g\u00f6\u011f\u00fcs:88cm bel:82cm basen:92cm omuzdan boyu:90cm 40 beden \u00f6l\u00e7\u00fcleri g\u00f6\u011f\u00fcs:92cm bel:86cm basen:96cm omuzdan boyu:92cm 42 beden \u00f6l\u00e7\u00fcleri g\u00f6\u011f\u00fcs:96cm bel:90cm basen:100cm omuzdan boyu:94cm 44 beden \u00f6l\u00e7\u00fcleri g\u00f6\u011f\u00fcs:100cm bel:94cm basen:104cm omuzdan boyu:96cm 46 beden \u00f6l\u00e7\u00fcleri g\u00f6\u011f\u00fcs:104cm bel:98cm basen:108cm omuzdan boyu:96cm<\/p>\n","protected":false},"excerpt":{"rendered":"<p>Starinci Yar\u0131m Kapal\u0131 Mayo Yar\u0131 kapal\u0131 mayo k\u0131sa tayt, tunik ve boneden olu\u015fmaktad\u0131r. H\u0131zl\u0131 kuruyan&hellip;<\/p>\n","protected":false},"featured_media":52380,"comment_status":"closed","ping_status":"open","template":"","meta":[],"product_brand":[2562],"product_cat":[2556,2557],"product_tag":[],"class_list":{"0":"post-52377","1":"product","2":"type-product","3":"status-publish","4":"has-post-thumbnail","6":"product_brand-starinci-mayo","7":"product_cat-tesettur-mayo","8":"product_cat-yari-kapali-tesettur-mayo","9":"pa_color-kahverengi","10":"pa_size-2581","11":"pa_size-2582","12":"pa_size-2583","14":"first","15":"instock","16":"shipping-taxable","17":"purchasable","18":"product-type-variable","19":"layout-style-2","20":"col-md-4 col-sm-4 col-xs-6","21":"col-lg-4","22":"product-style-slider"},"yoast_head":"<!-- This site is optimized with the Yoast SEO plugin v25.8 - https:\/\/yoast.com\/wordpress\/plugins\/seo\/ -->\n<title>Yar\u0131m Kapal\u0131 Likral\u0131 Tesett\u00fcr Mayo Kahverengi Yapraklar - BURKINISTAR<\/title>\n<meta name=\"robots\" content=\"index, follow, max-snippet:-1, max-image-preview:large, max-video-preview:-1\" \/>\n<link rel=\"canonical\" href=\"https:\/\/burkinistar.com\/?product=yarim-kapali-likrali-tesettur-mayo-kahverengi-yapraklar\" \/>\n<meta property=\"og:locale\" content=\"en_US\" \/>\n<meta property=\"og:type\" content=\"article\" \/>\n<meta property=\"og:title\" content=\"Yar\u0131m Kapal\u0131 Likral\u0131 Tesett\u00fcr Mayo Kahverengi Yapraklar - BURKINISTAR\" \/>\n<meta property=\"og:description\" content=\"Starinci Yar\u0131m Kapal\u0131 Mayo Yar\u0131 kapal\u0131 mayo k\u0131sa tayt, tunik ve boneden olu\u015fmaktad\u0131r. H\u0131zl\u0131 kuruyan&hellip;\" \/>\n<meta property=\"og:url\" content=\"https:\/\/burkinistar.com\/?product=yarim-kapali-likrali-tesettur-mayo-kahverengi-yapraklar\" \/>\n<meta property=\"og:site_name\" content=\"BURKINISTAR\" \/>\n<meta property=\"article:modified_time\" content=\"2025-08-30T11:37:23+00:00\" \/>\n<meta property=\"og:image\" content=\"https:\/\/burkinistar.com\/wp-content\/uploads\/2025\/08\/yari-kapali-tesettur-mayoyarim-kapali-79ec7b.jpg\" \/>\n\t<meta property=\"og:image:width\" content=\"600\" \/>\n\t<meta property=\"og:image:height\" content=\"900\" \/>\n\t<meta property=\"og:image:type\" content=\"image\/jpeg\" \/>\n<meta name=\"twitter:card\" content=\"summary_large_image\" \/>\n<meta name=\"twitter:label1\" content=\"Est. reading time\" \/>\n\t<meta name=\"twitter:data1\" content=\"1 minute\" \/>\n<script type=\"application\/ld+json\" class=\"yoast-schema-graph\">{\"@context\":\"https:\/\/schema.org\",\"@graph\":[{\"@type\":\"WebPage\",\"@id\":\"https:\/\/burkinistar.com\/?product=yarim-kapali-likrali-tesettur-mayo-kahverengi-yapraklar\",\"url\":\"https:\/\/burkinistar.com\/?product=yarim-kapali-likrali-tesettur-mayo-kahverengi-yapraklar\",\"name\":\"Yar\u0131m Kapal\u0131 Likral\u0131 Tesett\u00fcr Mayo Kahverengi Yapraklar - BURKINISTAR\",\"isPartOf\":{\"@id\":\"https:\/\/burkinistar.com\/#website\"},\"primaryImageOfPage\":{\"@id\":\"https:\/\/burkinistar.com\/?product=yarim-kapali-likrali-tesettur-mayo-kahverengi-yapraklar#primaryimage\"},\"image\":{\"@id\":\"https:\/\/burkinistar.com\/?product=yarim-kapali-likrali-tesettur-mayo-kahverengi-yapraklar#primaryimage\"},\"thumbnailUrl\":\"https:\/\/burkinistar.com\/wp-content\/uploads\/2025\/08\/yari-kapali-tesettur-mayoyarim-kapali-79ec7b.jpg\",\"datePublished\":\"2025-08-30T11:37:08+00:00\",\"dateModified\":\"2025-08-30T11:37:23+00:00\",\"breadcrumb\":{\"@id\":\"https:\/\/burkinistar.com\/?product=yarim-kapali-likrali-tesettur-mayo-kahverengi-yapraklar#breadcrumb\"},\"inLanguage\":\"en-US\",\"potentialAction\":[{\"@type\":\"ReadAction\",\"target\":[\"https:\/\/burkinistar.com\/?product=yarim-kapali-likrali-tesettur-mayo-kahverengi-yapraklar\"]}]},{\"@type\":\"ImageObject\",\"inLanguage\":\"en-US\",\"@id\":\"https:\/\/burkinistar.com\/?product=yarim-kapali-likrali-tesettur-mayo-kahverengi-yapraklar#primaryimage\",\"url\":\"https:\/\/burkinistar.com\/wp-content\/uploads\/2025\/08\/yari-kapali-tesettur-mayoyarim-kapali-79ec7b.jpg\",\"contentUrl\":\"https:\/\/burkinistar.com\/wp-content\/uploads\/2025\/08\/yari-kapali-tesettur-mayoyarim-kapali-79ec7b.jpg\",\"width\":600,\"height\":900},{\"@type\":\"BreadcrumbList\",\"@id\":\"https:\/\/burkinistar.com\/?product=yarim-kapali-likrali-tesettur-mayo-kahverengi-yapraklar#breadcrumb\",\"itemListElement\":[{\"@type\":\"ListItem\",\"position\":1,\"name\":\"Homepage\",\"item\":\"https:\/\/burkinistar.com\/\"},{\"@type\":\"ListItem\",\"position\":2,\"name\":\"All Products\",\"item\":\"https:\/\/burkinistar.com\/?page_id=8\"},{\"@type\":\"ListItem\",\"position\":3,\"name\":\"Yar\u0131m Kapal\u0131 Likral\u0131 Tesett\u00fcr Mayo Kahverengi Yapraklar\"}]},{\"@type\":\"WebSite\",\"@id\":\"https:\/\/burkinistar.com\/#website\",\"url\":\"https:\/\/burkinistar.com\/\",\"name\":\"BURKINISTAR\",\"description\":\"The Best Modest Swimwear and Bikini Store | Burkinistar\",\"potentialAction\":[{\"@type\":\"SearchAction\",\"target\":{\"@type\":\"EntryPoint\",\"urlTemplate\":\"https:\/\/burkinistar.com\/?s={search_term_string}\"},\"query-input\":{\"@type\":\"PropertyValueSpecification\",\"valueRequired\":true,\"valueName\":\"search_term_string\"}}],\"inLanguage\":\"en-US\"}]}<\/script>\n<!-- \/ Yoast SEO plugin. -->","yoast_head_json":{"title":"Yar\u0131m Kapal\u0131 Likral\u0131 Tesett\u00fcr Mayo Kahverengi Yapraklar - BURKINISTAR","robots":{"index":"index","follow":"follow","max-snippet":"max-snippet:-1","max-image-preview":"max-image-preview:large","max-video-preview":"max-video-preview:-1"},"canonical":"https:\/\/burkinistar.com\/?product=yarim-kapali-likrali-tesettur-mayo-kahverengi-yapraklar","og_locale":"en_US","og_type":"article","og_title":"Yar\u0131m Kapal\u0131 Likral\u0131 Tesett\u00fcr Mayo Kahverengi Yapraklar - BURKINISTAR","og_description":"Starinci Yar\u0131m Kapal\u0131 Mayo Yar\u0131 kapal\u0131 mayo k\u0131sa tayt, tunik ve boneden olu\u015fmaktad\u0131r. H\u0131zl\u0131 kuruyan&hellip;","og_url":"https:\/\/burkinistar.com\/?product=yarim-kapali-likrali-tesettur-mayo-kahverengi-yapraklar","og_site_name":"BURKINISTAR","article_modified_time":"2025-08-30T11:37:23+00:00","og_image":[{"width":600,"height":900,"url":"https:\/\/burkinistar.com\/wp-content\/uploads\/2025\/08\/yari-kapali-tesettur-mayoyarim-kapali-79ec7b.jpg","type":"image\/jpeg"}],"twitter_card":"summary_large_image","twitter_misc":{"Est. reading time":"1 minute"},"schema":{"@context":"https:\/\/schema.org","@graph":[{"@type":"WebPage","@id":"https:\/\/burkinistar.com\/?product=yarim-kapali-likrali-tesettur-mayo-kahverengi-yapraklar","url":"https:\/\/burkinistar.com\/?product=yarim-kapali-likrali-tesettur-mayo-kahverengi-yapraklar","name":"Yar\u0131m Kapal\u0131 Likral\u0131 Tesett\u00fcr Mayo Kahverengi Yapraklar - BURKINISTAR","isPartOf":{"@id":"https:\/\/burkinistar.com\/#website"},"primaryImageOfPage":{"@id":"https:\/\/burkinistar.com\/?product=yarim-kapali-likrali-tesettur-mayo-kahverengi-yapraklar#primaryimage"},"image":{"@id":"https:\/\/burkinistar.com\/?product=yarim-kapali-likrali-tesettur-mayo-kahverengi-yapraklar#primaryimage"},"thumbnailUrl":"https:\/\/burkinistar.com\/wp-content\/uploads\/2025\/08\/yari-kapali-tesettur-mayoyarim-kapali-79ec7b.jpg","datePublished":"2025-08-30T11:37:08+00:00","dateModified":"2025-08-30T11:37:23+00:00","breadcrumb":{"@id":"https:\/\/burkinistar.com\/?product=yarim-kapali-likrali-tesettur-mayo-kahverengi-yapraklar#breadcrumb"},"inLanguage":"en-US","potentialAction":[{"@type":"ReadAction","target":["https:\/\/burkinistar.com\/?product=yarim-kapali-likrali-tesettur-mayo-kahverengi-yapraklar"]}]},{"@type":"ImageObject","inLanguage":"en-US","@id":"https:\/\/burkinistar.com\/?product=yarim-kapali-likrali-tesettur-mayo-kahverengi-yapraklar#primaryimage","url":"https:\/\/burkinistar.com\/wp-content\/uploads\/2025\/08\/yari-kapali-tesettur-mayoyarim-kapali-79ec7b.jpg","contentUrl":"https:\/\/burkinistar.com\/wp-content\/uploads\/2025\/08\/yari-kapali-tesettur-mayoyarim-kapali-79ec7b.jpg","width":600,"height":900},{"@type":"BreadcrumbList","@id":"https:\/\/burkinistar.com\/?product=yarim-kapali-likrali-tesettur-mayo-kahverengi-yapraklar#breadcrumb","itemListElement":[{"@type":"ListItem","position":1,"name":"Homepage","item":"https:\/\/burkinistar.com\/"},{"@type":"ListItem","position":2,"name":"All Products","item":"https:\/\/burkinistar.com\/?page_id=8"},{"@type":"ListItem","position":3,"name":"Yar\u0131m Kapal\u0131 Likral\u0131 Tesett\u00fcr Mayo Kahverengi Yapraklar"}]},{"@type":"WebSite","@id":"https:\/\/burkinistar.com\/#website","url":"https:\/\/burkinistar.com\/","name":"BURKINISTAR","description":"The Best Modest Swimwear and Bikini Store | Burkinistar","potentialAction":[{"@type":"SearchAction","target":{"@type":"EntryPoint","urlTemplate":"https:\/\/burkinistar.com\/?s={search_term_string}"},"query-input":{"@type":"PropertyValueSpecification","valueRequired":true,"valueName":"search_term_string"}}],"inLanguage":"en-US"}]}},"_links":{"self":[{"href":"https:\/\/burkinistar.com\/index.php?rest_route=\/wp\/v2\/product\/52377","targetHints":{"allow":["GET"]}}],"collection":[{"href":"https:\/\/burkinistar.com\/index.php?rest_route=\/wp\/v2\/product"}],"about":[{"href":"https:\/\/burkinistar.com\/index.php?rest_route=\/wp\/v2\/types\/product"}],"replies":[{"embeddable":true,"href":"https:\/\/burkinistar.com\/index.php?rest_route=%2Fwp%2Fv2%2Fcomments&post=52377"}],"version-history":[{"count":1,"href":"https:\/\/burkinistar.com\/index.php?rest_route=\/wp\/v2\/product\/52377\/revisions"}],"predecessor-version":[{"id":52378,"href":"https:\/\/burkinistar.com\/index.php?rest_route=\/wp\/v2\/product\/52377\/revisions\/52378"}],"wp:featuredmedia":[{"embeddable":true,"href":"https:\/\/burkinistar.com\/index.php?rest_route=\/wp\/v2\/media\/52380"}],"wp:attachment":[{"href":"https:\/\/burkinistar.com\/index.php?rest_route=%2Fwp%2Fv2%2Fmedia&parent=52377"}],"wp:term":[{"taxonomy":"product_brand","embeddable":true,"href":"https:\/\/burkinistar.com\/index.php?rest_route=%2Fwp%2Fv2%2Fproduct_brand&post=52377"},{"taxonomy":"product_cat","embeddable":true,"href":"https:\/\/burkinistar.com\/index.php?rest_route=%2Fwp%2Fv2%2Fproduct_cat&post=52377"},{"taxonomy":"product_tag","embeddable":true,"href":"https:\/\/burkinistar.com\/index.php?rest_route=%2Fwp%2Fv2%2Fproduct_tag&post=52377"}],"curies":[{"name":"wp","href":"https:\/\/api.w.org\/{rel}","templated":true}]}}