{"id":52458,"date":"2025-08-30T11:37:32","date_gmt":"2025-08-30T11:37:32","guid":{"rendered":"https:\/\/burkinistar.com\/?product=bikini-takimi-ucgen-boyundan-baglamali-kirmizi"},"modified":"2025-08-30T11:37:45","modified_gmt":"2025-08-30T11:37:45","slug":"bikini-takimi-ucgen-boyundan-baglamali-kirmizi","status":"publish","type":"product","link":"https:\/\/burkinistar.com\/?product=bikini-takimi-ucgen-boyundan-baglamali-kirmizi","title":{"rendered":"Bikini Tak\u0131m\u0131 \u00dc\u00e7gen Boyundan Ba\u011flamal\u0131 K\u0131rm\u0131z\u0131"},"content":{"rendered":"<p>\u00dc\u00e7gen ba\u011flamal\u0131 bikini tak\u0131m\u0131 iki par\u00e7a halindedir. Tamam\u0131 esnek mayo kuma\u015f\u0131ndan \u00fcretilmi\u015ftir. Kuma\u015f\u0131n\u0131n yumu\u015fak bir dokusu vard\u0131r. Bikini alt\u0131 komple astarl\u0131d\u0131r. Bikini \u00fcst\u00fcnde \u00e7\u0131kar\u0131labilir g\u00f6\u011f\u00fcs pedi vard\u0131r. \u00dczerindeki ta\u015flar \u00e7akma i\u015flemi ile yap\u0131ld\u0131\u011f\u0131ndan d\u00f6k\u00fclme yapmaz. \u00c7ama\u015f\u0131r makinas\u0131nda y\u0131kamaya uygun de\u011fildir.<\/p>\n","protected":false},"excerpt":{"rendered":"<p>\u00dc\u00e7gen ba\u011flamal\u0131 bikini tak\u0131m\u0131 iki par\u00e7a halindedir. Tamam\u0131 esnek mayo kuma\u015f\u0131ndan \u00fcretilmi\u015ftir. Kuma\u015f\u0131n\u0131n yumu\u015fak bir&hellip;<\/p>\n","protected":false},"featured_media":52461,"comment_status":"closed","ping_status":"open","template":"","meta":[],"product_brand":[2562],"product_cat":[2503],"product_tag":[],"class_list":{"0":"post-52458","1":"product","2":"type-product","3":"status-publish","4":"has-post-thumbnail","6":"product_brand-starinci-mayo","7":"product_cat-bikini","8":"pa_color-kirmizi","9":"pa_size-2587","10":"pa_size-2582","11":"pa_size-2583","13":"first","14":"instock","15":"shipping-taxable","16":"purchasable","17":"product-type-variable","18":"layout-style-2","19":"col-md-4 col-sm-4 col-xs-6","20":"col-lg-4","21":"product-has-gallery","22":"product-style-slider"},"yoast_head":"<!-- This site is optimized with the Yoast SEO plugin v25.8 - https:\/\/yoast.com\/wordpress\/plugins\/seo\/ -->\n<title>Bikini Tak\u0131m\u0131 \u00dc\u00e7gen Boyundan Ba\u011flamal\u0131 K\u0131rm\u0131z\u0131 - BURKINISTAR<\/title>\n<meta name=\"robots\" content=\"index, follow, max-snippet:-1, max-image-preview:large, max-video-preview:-1\" \/>\n<link rel=\"canonical\" href=\"https:\/\/burkinistar.com\/?product=bikini-takimi-ucgen-boyundan-baglamali-kirmizi\" \/>\n<meta property=\"og:locale\" content=\"en_US\" \/>\n<meta property=\"og:type\" content=\"article\" \/>\n<meta property=\"og:title\" content=\"Bikini Tak\u0131m\u0131 \u00dc\u00e7gen Boyundan Ba\u011flamal\u0131 K\u0131rm\u0131z\u0131 - BURKINISTAR\" \/>\n<meta property=\"og:description\" content=\"\u00dc\u00e7gen ba\u011flamal\u0131 bikini tak\u0131m\u0131 iki par\u00e7a halindedir. Tamam\u0131 esnek mayo kuma\u015f\u0131ndan \u00fcretilmi\u015ftir. Kuma\u015f\u0131n\u0131n yumu\u015fak bir&hellip;\" \/>\n<meta property=\"og:url\" content=\"https:\/\/burkinistar.com\/?product=bikini-takimi-ucgen-boyundan-baglamali-kirmizi\" \/>\n<meta property=\"og:site_name\" content=\"BURKINISTAR\" \/>\n<meta property=\"article:modified_time\" content=\"2025-08-30T11:37:45+00:00\" \/>\n<meta property=\"og:image\" content=\"https:\/\/burkinistar.com\/wp-content\/uploads\/2025\/08\/bikinibikini-takimi-ucgen-boyundan-bag-cb2-02.jpg\" \/>\n\t<meta property=\"og:image:width\" content=\"600\" \/>\n\t<meta property=\"og:image:height\" content=\"900\" \/>\n\t<meta property=\"og:image:type\" content=\"image\/jpeg\" \/>\n<meta name=\"twitter:card\" content=\"summary_large_image\" \/>\n<script type=\"application\/ld+json\" class=\"yoast-schema-graph\">{\"@context\":\"https:\/\/schema.org\",\"@graph\":[{\"@type\":\"WebPage\",\"@id\":\"https:\/\/burkinistar.com\/?product=bikini-takimi-ucgen-boyundan-baglamali-kirmizi\",\"url\":\"https:\/\/burkinistar.com\/?product=bikini-takimi-ucgen-boyundan-baglamali-kirmizi\",\"name\":\"Bikini Tak\u0131m\u0131 \u00dc\u00e7gen Boyundan Ba\u011flamal\u0131 K\u0131rm\u0131z\u0131 - BURKINISTAR\",\"isPartOf\":{\"@id\":\"https:\/\/burkinistar.com\/#website\"},\"primaryImageOfPage\":{\"@id\":\"https:\/\/burkinistar.com\/?product=bikini-takimi-ucgen-boyundan-baglamali-kirmizi#primaryimage\"},\"image\":{\"@id\":\"https:\/\/burkinistar.com\/?product=bikini-takimi-ucgen-boyundan-baglamali-kirmizi#primaryimage\"},\"thumbnailUrl\":\"https:\/\/burkinistar.com\/wp-content\/uploads\/2025\/08\/bikinibikini-takimi-ucgen-boyundan-bag-cb2-02.jpg\",\"datePublished\":\"2025-08-30T11:37:32+00:00\",\"dateModified\":\"2025-08-30T11:37:45+00:00\",\"breadcrumb\":{\"@id\":\"https:\/\/burkinistar.com\/?product=bikini-takimi-ucgen-boyundan-baglamali-kirmizi#breadcrumb\"},\"inLanguage\":\"en-US\",\"potentialAction\":[{\"@type\":\"ReadAction\",\"target\":[\"https:\/\/burkinistar.com\/?product=bikini-takimi-ucgen-boyundan-baglamali-kirmizi\"]}]},{\"@type\":\"ImageObject\",\"inLanguage\":\"en-US\",\"@id\":\"https:\/\/burkinistar.com\/?product=bikini-takimi-ucgen-boyundan-baglamali-kirmizi#primaryimage\",\"url\":\"https:\/\/burkinistar.com\/wp-content\/uploads\/2025\/08\/bikinibikini-takimi-ucgen-boyundan-bag-cb2-02.jpg\",\"contentUrl\":\"https:\/\/burkinistar.com\/wp-content\/uploads\/2025\/08\/bikinibikini-takimi-ucgen-boyundan-bag-cb2-02.jpg\",\"width\":600,\"height\":900},{\"@type\":\"BreadcrumbList\",\"@id\":\"https:\/\/burkinistar.com\/?product=bikini-takimi-ucgen-boyundan-baglamali-kirmizi#breadcrumb\",\"itemListElement\":[{\"@type\":\"ListItem\",\"position\":1,\"name\":\"Homepage\",\"item\":\"https:\/\/burkinistar.com\/\"},{\"@type\":\"ListItem\",\"position\":2,\"name\":\"All Products\",\"item\":\"https:\/\/burkinistar.com\/?page_id=8\"},{\"@type\":\"ListItem\",\"position\":3,\"name\":\"Bikini Tak\u0131m\u0131 \u00dc\u00e7gen Boyundan Ba\u011flamal\u0131 K\u0131rm\u0131z\u0131\"}]},{\"@type\":\"WebSite\",\"@id\":\"https:\/\/burkinistar.com\/#website\",\"url\":\"https:\/\/burkinistar.com\/\",\"name\":\"BURKINISTAR\",\"description\":\"The Best Modest Swimwear and Bikini Store | Burkinistar\",\"potentialAction\":[{\"@type\":\"SearchAction\",\"target\":{\"@type\":\"EntryPoint\",\"urlTemplate\":\"https:\/\/burkinistar.com\/?s={search_term_string}\"},\"query-input\":{\"@type\":\"PropertyValueSpecification\",\"valueRequired\":true,\"valueName\":\"search_term_string\"}}],\"inLanguage\":\"en-US\"}]}<\/script>\n<!-- \/ Yoast SEO plugin. -->","yoast_head_json":{"title":"Bikini Tak\u0131m\u0131 \u00dc\u00e7gen Boyundan Ba\u011flamal\u0131 K\u0131rm\u0131z\u0131 - BURKINISTAR","robots":{"index":"index","follow":"follow","max-snippet":"max-snippet:-1","max-image-preview":"max-image-preview:large","max-video-preview":"max-video-preview:-1"},"canonical":"https:\/\/burkinistar.com\/?product=bikini-takimi-ucgen-boyundan-baglamali-kirmizi","og_locale":"en_US","og_type":"article","og_title":"Bikini Tak\u0131m\u0131 \u00dc\u00e7gen Boyundan Ba\u011flamal\u0131 K\u0131rm\u0131z\u0131 - BURKINISTAR","og_description":"\u00dc\u00e7gen ba\u011flamal\u0131 bikini tak\u0131m\u0131 iki par\u00e7a halindedir. Tamam\u0131 esnek mayo kuma\u015f\u0131ndan \u00fcretilmi\u015ftir. Kuma\u015f\u0131n\u0131n yumu\u015fak bir&hellip;","og_url":"https:\/\/burkinistar.com\/?product=bikini-takimi-ucgen-boyundan-baglamali-kirmizi","og_site_name":"BURKINISTAR","article_modified_time":"2025-08-30T11:37:45+00:00","og_image":[{"width":600,"height":900,"url":"https:\/\/burkinistar.com\/wp-content\/uploads\/2025\/08\/bikinibikini-takimi-ucgen-boyundan-bag-cb2-02.jpg","type":"image\/jpeg"}],"twitter_card":"summary_large_image","schema":{"@context":"https:\/\/schema.org","@graph":[{"@type":"WebPage","@id":"https:\/\/burkinistar.com\/?product=bikini-takimi-ucgen-boyundan-baglamali-kirmizi","url":"https:\/\/burkinistar.com\/?product=bikini-takimi-ucgen-boyundan-baglamali-kirmizi","name":"Bikini Tak\u0131m\u0131 \u00dc\u00e7gen Boyundan Ba\u011flamal\u0131 K\u0131rm\u0131z\u0131 - BURKINISTAR","isPartOf":{"@id":"https:\/\/burkinistar.com\/#website"},"primaryImageOfPage":{"@id":"https:\/\/burkinistar.com\/?product=bikini-takimi-ucgen-boyundan-baglamali-kirmizi#primaryimage"},"image":{"@id":"https:\/\/burkinistar.com\/?product=bikini-takimi-ucgen-boyundan-baglamali-kirmizi#primaryimage"},"thumbnailUrl":"https:\/\/burkinistar.com\/wp-content\/uploads\/2025\/08\/bikinibikini-takimi-ucgen-boyundan-bag-cb2-02.jpg","datePublished":"2025-08-30T11:37:32+00:00","dateModified":"2025-08-30T11:37:45+00:00","breadcrumb":{"@id":"https:\/\/burkinistar.com\/?product=bikini-takimi-ucgen-boyundan-baglamali-kirmizi#breadcrumb"},"inLanguage":"en-US","potentialAction":[{"@type":"ReadAction","target":["https:\/\/burkinistar.com\/?product=bikini-takimi-ucgen-boyundan-baglamali-kirmizi"]}]},{"@type":"ImageObject","inLanguage":"en-US","@id":"https:\/\/burkinistar.com\/?product=bikini-takimi-ucgen-boyundan-baglamali-kirmizi#primaryimage","url":"https:\/\/burkinistar.com\/wp-content\/uploads\/2025\/08\/bikinibikini-takimi-ucgen-boyundan-bag-cb2-02.jpg","contentUrl":"https:\/\/burkinistar.com\/wp-content\/uploads\/2025\/08\/bikinibikini-takimi-ucgen-boyundan-bag-cb2-02.jpg","width":600,"height":900},{"@type":"BreadcrumbList","@id":"https:\/\/burkinistar.com\/?product=bikini-takimi-ucgen-boyundan-baglamali-kirmizi#breadcrumb","itemListElement":[{"@type":"ListItem","position":1,"name":"Homepage","item":"https:\/\/burkinistar.com\/"},{"@type":"ListItem","position":2,"name":"All Products","item":"https:\/\/burkinistar.com\/?page_id=8"},{"@type":"ListItem","position":3,"name":"Bikini Tak\u0131m\u0131 \u00dc\u00e7gen Boyundan Ba\u011flamal\u0131 K\u0131rm\u0131z\u0131"}]},{"@type":"WebSite","@id":"https:\/\/burkinistar.com\/#website","url":"https:\/\/burkinistar.com\/","name":"BURKINISTAR","description":"The Best Modest Swimwear and Bikini Store | Burkinistar","potentialAction":[{"@type":"SearchAction","target":{"@type":"EntryPoint","urlTemplate":"https:\/\/burkinistar.com\/?s={search_term_string}"},"query-input":{"@type":"PropertyValueSpecification","valueRequired":true,"valueName":"search_term_string"}}],"inLanguage":"en-US"}]}},"_links":{"self":[{"href":"https:\/\/burkinistar.com\/index.php?rest_route=\/wp\/v2\/product\/52458","targetHints":{"allow":["GET"]}}],"collection":[{"href":"https:\/\/burkinistar.com\/index.php?rest_route=\/wp\/v2\/product"}],"about":[{"href":"https:\/\/burkinistar.com\/index.php?rest_route=\/wp\/v2\/types\/product"}],"replies":[{"embeddable":true,"href":"https:\/\/burkinistar.com\/index.php?rest_route=%2Fwp%2Fv2%2Fcomments&post=52458"}],"version-history":[{"count":1,"href":"https:\/\/burkinistar.com\/index.php?rest_route=\/wp\/v2\/product\/52458\/revisions"}],"predecessor-version":[{"id":52459,"href":"https:\/\/burkinistar.com\/index.php?rest_route=\/wp\/v2\/product\/52458\/revisions\/52459"}],"wp:featuredmedia":[{"embeddable":true,"href":"https:\/\/burkinistar.com\/index.php?rest_route=\/wp\/v2\/media\/52461"}],"wp:attachment":[{"href":"https:\/\/burkinistar.com\/index.php?rest_route=%2Fwp%2Fv2%2Fmedia&parent=52458"}],"wp:term":[{"taxonomy":"product_brand","embeddable":true,"href":"https:\/\/burkinistar.com\/index.php?rest_route=%2Fwp%2Fv2%2Fproduct_brand&post=52458"},{"taxonomy":"product_cat","embeddable":true,"href":"https:\/\/burkinistar.com\/index.php?rest_route=%2Fwp%2Fv2%2Fproduct_cat&post=52458"},{"taxonomy":"product_tag","embeddable":true,"href":"https:\/\/burkinistar.com\/index.php?rest_route=%2Fwp%2Fv2%2Fproduct_tag&post=52458"}],"curies":[{"name":"wp","href":"https:\/\/api.w.org\/{rel}","templated":true}]}}