{"id":52564,"date":"2025-08-30T11:38:16","date_gmt":"2025-08-30T11:38:16","guid":{"rendered":"https:\/\/burkinistar.com\/?product=tesettur-mayo-dokuma-yari-parasut-aysegul"},"modified":"2025-08-30T11:38:38","modified_gmt":"2025-08-30T11:38:38","slug":"tesettur-mayo-dokuma-yari-parasut-aysegul","status":"publish","type":"product","link":"https:\/\/burkinistar.com\/?product=tesettur-mayo-dokuma-yari-parasut-aysegul","title":{"rendered":"Tesett\u00fcr Mayo Dokuma Yar\u0131 Para\u015f\u00fct Ay\u015feg\u00fcl"},"content":{"rendered":"<p>Tam Kapal\u0131 Mayo Yar\u0131 Dokuma Siyah A\u00e7elya Tunik, pantolon, e\u015farp ve b\u00fcstiyerden olu\u015fmaktad\u0131r. Tuni\u011fin desenli k\u0131sm\u0131 dokuma kuma\u015ftan \u00fcretilmi\u015ftir. Bu sayede \u00e7ok h\u0131zl\u0131 kurur. Tuni\u011fin etek k\u0131sm\u0131, pantolon, e\u015farp ve b\u00fcstiyer likral\u0131 kuma\u015ftan \u00fcretilmi\u015ftir. Pantolonun likral\u0131 olmas\u0131 sayesinde plajda rahat hareket edebilirsiniz. Tuni\u011fin bel k\u0131sm\u0131nda ayarl\u0131 lastik oldu\u011fundan belinize g\u00f6re ayarlayabilirsiniz. Model standart kal\u0131pt\u0131r. Beden se\u00e7iminde g\u00fcnl\u00fck k\u0131yafetlerinizle ayn\u0131 bedeni tercih edebilirsiniz.<\/p>\n","protected":false},"excerpt":{"rendered":"<p>Tam Kapal\u0131 Mayo Yar\u0131 Dokuma Siyah A\u00e7elya Tunik, pantolon, e\u015farp ve b\u00fcstiyerden olu\u015fmaktad\u0131r. Tuni\u011fin desenli&hellip;<\/p>\n","protected":false},"featured_media":52567,"comment_status":"closed","ping_status":"open","template":"","meta":[],"product_brand":[2562],"product_cat":[2563,2556],"product_tag":[],"class_list":{"0":"post-52564","1":"product","2":"type-product","3":"status-publish","4":"has-post-thumbnail","6":"product_brand-starinci-mayo","7":"product_cat-tam-kapali-tesettur-mayo","8":"product_cat-tesettur-mayo","9":"pa_color-siyah","10":"pa_size-2587","11":"pa_size-2581","12":"pa_size-2584","13":"pa_size-2585","15":"first","16":"instock","17":"shipping-taxable","18":"purchasable","19":"product-type-variable","20":"layout-style-2","21":"col-md-4 col-sm-4 col-xs-6","22":"col-lg-4","23":"product-has-gallery","24":"product-style-slider"},"yoast_head":"<!-- This site is optimized with the Yoast SEO plugin v25.8 - https:\/\/yoast.com\/wordpress\/plugins\/seo\/ -->\n<title>Tesett\u00fcr Mayo Dokuma Yar\u0131 Para\u015f\u00fct Ay\u015feg\u00fcl - BURKINISTAR<\/title>\n<meta name=\"robots\" content=\"index, follow, max-snippet:-1, max-image-preview:large, max-video-preview:-1\" \/>\n<link rel=\"canonical\" href=\"https:\/\/burkinistar.com\/?product=tesettur-mayo-dokuma-yari-parasut-aysegul\" \/>\n<meta property=\"og:locale\" content=\"en_US\" \/>\n<meta property=\"og:type\" content=\"article\" \/>\n<meta property=\"og:title\" content=\"Tesett\u00fcr Mayo Dokuma Yar\u0131 Para\u015f\u00fct Ay\u015feg\u00fcl - BURKINISTAR\" \/>\n<meta property=\"og:description\" content=\"Tam Kapal\u0131 Mayo Yar\u0131 Dokuma Siyah A\u00e7elya Tunik, pantolon, e\u015farp ve b\u00fcstiyerden olu\u015fmaktad\u0131r. Tuni\u011fin desenli&hellip;\" \/>\n<meta property=\"og:url\" content=\"https:\/\/burkinistar.com\/?product=tesettur-mayo-dokuma-yari-parasut-aysegul\" \/>\n<meta property=\"og:site_name\" content=\"BURKINISTAR\" \/>\n<meta property=\"article:modified_time\" content=\"2025-08-30T11:38:38+00:00\" \/>\n<meta property=\"og:image\" content=\"https:\/\/burkinistar.com\/wp-content\/uploads\/2025\/08\/tam-kapali-tesettur-mayotesettur-mayo-705181.jpg\" \/>\n\t<meta property=\"og:image:width\" content=\"600\" \/>\n\t<meta property=\"og:image:height\" content=\"900\" \/>\n\t<meta property=\"og:image:type\" content=\"image\/jpeg\" \/>\n<meta name=\"twitter:card\" content=\"summary_large_image\" \/>\n<script type=\"application\/ld+json\" class=\"yoast-schema-graph\">{\"@context\":\"https:\/\/schema.org\",\"@graph\":[{\"@type\":\"WebPage\",\"@id\":\"https:\/\/burkinistar.com\/?product=tesettur-mayo-dokuma-yari-parasut-aysegul\",\"url\":\"https:\/\/burkinistar.com\/?product=tesettur-mayo-dokuma-yari-parasut-aysegul\",\"name\":\"Tesett\u00fcr Mayo Dokuma Yar\u0131 Para\u015f\u00fct Ay\u015feg\u00fcl - BURKINISTAR\",\"isPartOf\":{\"@id\":\"https:\/\/burkinistar.com\/#website\"},\"primaryImageOfPage\":{\"@id\":\"https:\/\/burkinistar.com\/?product=tesettur-mayo-dokuma-yari-parasut-aysegul#primaryimage\"},\"image\":{\"@id\":\"https:\/\/burkinistar.com\/?product=tesettur-mayo-dokuma-yari-parasut-aysegul#primaryimage\"},\"thumbnailUrl\":\"https:\/\/burkinistar.com\/wp-content\/uploads\/2025\/08\/tam-kapali-tesettur-mayotesettur-mayo-705181.jpg\",\"datePublished\":\"2025-08-30T11:38:16+00:00\",\"dateModified\":\"2025-08-30T11:38:38+00:00\",\"breadcrumb\":{\"@id\":\"https:\/\/burkinistar.com\/?product=tesettur-mayo-dokuma-yari-parasut-aysegul#breadcrumb\"},\"inLanguage\":\"en-US\",\"potentialAction\":[{\"@type\":\"ReadAction\",\"target\":[\"https:\/\/burkinistar.com\/?product=tesettur-mayo-dokuma-yari-parasut-aysegul\"]}]},{\"@type\":\"ImageObject\",\"inLanguage\":\"en-US\",\"@id\":\"https:\/\/burkinistar.com\/?product=tesettur-mayo-dokuma-yari-parasut-aysegul#primaryimage\",\"url\":\"https:\/\/burkinistar.com\/wp-content\/uploads\/2025\/08\/tam-kapali-tesettur-mayotesettur-mayo-705181.jpg\",\"contentUrl\":\"https:\/\/burkinistar.com\/wp-content\/uploads\/2025\/08\/tam-kapali-tesettur-mayotesettur-mayo-705181.jpg\",\"width\":600,\"height\":900},{\"@type\":\"BreadcrumbList\",\"@id\":\"https:\/\/burkinistar.com\/?product=tesettur-mayo-dokuma-yari-parasut-aysegul#breadcrumb\",\"itemListElement\":[{\"@type\":\"ListItem\",\"position\":1,\"name\":\"Homepage\",\"item\":\"https:\/\/burkinistar.com\/\"},{\"@type\":\"ListItem\",\"position\":2,\"name\":\"All Products\",\"item\":\"https:\/\/burkinistar.com\/?page_id=8\"},{\"@type\":\"ListItem\",\"position\":3,\"name\":\"Tesett\u00fcr Mayo Dokuma Yar\u0131 Para\u015f\u00fct Ay\u015feg\u00fcl\"}]},{\"@type\":\"WebSite\",\"@id\":\"https:\/\/burkinistar.com\/#website\",\"url\":\"https:\/\/burkinistar.com\/\",\"name\":\"BURKINISTAR\",\"description\":\"The Best Modest Swimwear and Bikini Store | Burkinistar\",\"potentialAction\":[{\"@type\":\"SearchAction\",\"target\":{\"@type\":\"EntryPoint\",\"urlTemplate\":\"https:\/\/burkinistar.com\/?s={search_term_string}\"},\"query-input\":{\"@type\":\"PropertyValueSpecification\",\"valueRequired\":true,\"valueName\":\"search_term_string\"}}],\"inLanguage\":\"en-US\"}]}<\/script>\n<!-- \/ Yoast SEO plugin. -->","yoast_head_json":{"title":"Tesett\u00fcr Mayo Dokuma Yar\u0131 Para\u015f\u00fct Ay\u015feg\u00fcl - BURKINISTAR","robots":{"index":"index","follow":"follow","max-snippet":"max-snippet:-1","max-image-preview":"max-image-preview:large","max-video-preview":"max-video-preview:-1"},"canonical":"https:\/\/burkinistar.com\/?product=tesettur-mayo-dokuma-yari-parasut-aysegul","og_locale":"en_US","og_type":"article","og_title":"Tesett\u00fcr Mayo Dokuma Yar\u0131 Para\u015f\u00fct Ay\u015feg\u00fcl - BURKINISTAR","og_description":"Tam Kapal\u0131 Mayo Yar\u0131 Dokuma Siyah A\u00e7elya Tunik, pantolon, e\u015farp ve b\u00fcstiyerden olu\u015fmaktad\u0131r. Tuni\u011fin desenli&hellip;","og_url":"https:\/\/burkinistar.com\/?product=tesettur-mayo-dokuma-yari-parasut-aysegul","og_site_name":"BURKINISTAR","article_modified_time":"2025-08-30T11:38:38+00:00","og_image":[{"width":600,"height":900,"url":"https:\/\/burkinistar.com\/wp-content\/uploads\/2025\/08\/tam-kapali-tesettur-mayotesettur-mayo-705181.jpg","type":"image\/jpeg"}],"twitter_card":"summary_large_image","schema":{"@context":"https:\/\/schema.org","@graph":[{"@type":"WebPage","@id":"https:\/\/burkinistar.com\/?product=tesettur-mayo-dokuma-yari-parasut-aysegul","url":"https:\/\/burkinistar.com\/?product=tesettur-mayo-dokuma-yari-parasut-aysegul","name":"Tesett\u00fcr Mayo Dokuma Yar\u0131 Para\u015f\u00fct Ay\u015feg\u00fcl - BURKINISTAR","isPartOf":{"@id":"https:\/\/burkinistar.com\/#website"},"primaryImageOfPage":{"@id":"https:\/\/burkinistar.com\/?product=tesettur-mayo-dokuma-yari-parasut-aysegul#primaryimage"},"image":{"@id":"https:\/\/burkinistar.com\/?product=tesettur-mayo-dokuma-yari-parasut-aysegul#primaryimage"},"thumbnailUrl":"https:\/\/burkinistar.com\/wp-content\/uploads\/2025\/08\/tam-kapali-tesettur-mayotesettur-mayo-705181.jpg","datePublished":"2025-08-30T11:38:16+00:00","dateModified":"2025-08-30T11:38:38+00:00","breadcrumb":{"@id":"https:\/\/burkinistar.com\/?product=tesettur-mayo-dokuma-yari-parasut-aysegul#breadcrumb"},"inLanguage":"en-US","potentialAction":[{"@type":"ReadAction","target":["https:\/\/burkinistar.com\/?product=tesettur-mayo-dokuma-yari-parasut-aysegul"]}]},{"@type":"ImageObject","inLanguage":"en-US","@id":"https:\/\/burkinistar.com\/?product=tesettur-mayo-dokuma-yari-parasut-aysegul#primaryimage","url":"https:\/\/burkinistar.com\/wp-content\/uploads\/2025\/08\/tam-kapali-tesettur-mayotesettur-mayo-705181.jpg","contentUrl":"https:\/\/burkinistar.com\/wp-content\/uploads\/2025\/08\/tam-kapali-tesettur-mayotesettur-mayo-705181.jpg","width":600,"height":900},{"@type":"BreadcrumbList","@id":"https:\/\/burkinistar.com\/?product=tesettur-mayo-dokuma-yari-parasut-aysegul#breadcrumb","itemListElement":[{"@type":"ListItem","position":1,"name":"Homepage","item":"https:\/\/burkinistar.com\/"},{"@type":"ListItem","position":2,"name":"All Products","item":"https:\/\/burkinistar.com\/?page_id=8"},{"@type":"ListItem","position":3,"name":"Tesett\u00fcr Mayo Dokuma Yar\u0131 Para\u015f\u00fct Ay\u015feg\u00fcl"}]},{"@type":"WebSite","@id":"https:\/\/burkinistar.com\/#website","url":"https:\/\/burkinistar.com\/","name":"BURKINISTAR","description":"The Best Modest Swimwear and Bikini Store | Burkinistar","potentialAction":[{"@type":"SearchAction","target":{"@type":"EntryPoint","urlTemplate":"https:\/\/burkinistar.com\/?s={search_term_string}"},"query-input":{"@type":"PropertyValueSpecification","valueRequired":true,"valueName":"search_term_string"}}],"inLanguage":"en-US"}]}},"_links":{"self":[{"href":"https:\/\/burkinistar.com\/index.php?rest_route=\/wp\/v2\/product\/52564","targetHints":{"allow":["GET"]}}],"collection":[{"href":"https:\/\/burkinistar.com\/index.php?rest_route=\/wp\/v2\/product"}],"about":[{"href":"https:\/\/burkinistar.com\/index.php?rest_route=\/wp\/v2\/types\/product"}],"replies":[{"embeddable":true,"href":"https:\/\/burkinistar.com\/index.php?rest_route=%2Fwp%2Fv2%2Fcomments&post=52564"}],"version-history":[{"count":1,"href":"https:\/\/burkinistar.com\/index.php?rest_route=\/wp\/v2\/product\/52564\/revisions"}],"predecessor-version":[{"id":52565,"href":"https:\/\/burkinistar.com\/index.php?rest_route=\/wp\/v2\/product\/52564\/revisions\/52565"}],"wp:featuredmedia":[{"embeddable":true,"href":"https:\/\/burkinistar.com\/index.php?rest_route=\/wp\/v2\/media\/52567"}],"wp:attachment":[{"href":"https:\/\/burkinistar.com\/index.php?rest_route=%2Fwp%2Fv2%2Fmedia&parent=52564"}],"wp:term":[{"taxonomy":"product_brand","embeddable":true,"href":"https:\/\/burkinistar.com\/index.php?rest_route=%2Fwp%2Fv2%2Fproduct_brand&post=52564"},{"taxonomy":"product_cat","embeddable":true,"href":"https:\/\/burkinistar.com\/index.php?rest_route=%2Fwp%2Fv2%2Fproduct_cat&post=52564"},{"taxonomy":"product_tag","embeddable":true,"href":"https:\/\/burkinistar.com\/index.php?rest_route=%2Fwp%2Fv2%2Fproduct_tag&post=52564"}],"curies":[{"name":"wp","href":"https:\/\/api.w.org\/{rel}","templated":true}]}}