{"id":52616,"date":"2025-08-30T11:38:38","date_gmt":"2025-08-30T11:38:38","guid":{"rendered":"https:\/\/burkinistar.com\/?product=kadin-elbise-mayo-sortlu-duz-fusya"},"modified":"2025-08-30T11:38:51","modified_gmt":"2025-08-30T11:38:51","slug":"kadin-elbise-mayo-sortlu-duz-fusya","status":"publish","type":"product","link":"https:\/\/burkinistar.com\/?product=kadin-elbise-mayo-sortlu-duz-fusya","title":{"rendered":"Kad\u0131n Elbise Mayo \u015eortlu D\u00fcz Fu\u015fya"},"content":{"rendered":"<p>D\u00fcz Renk \u015eortlu Elbiseli Mayo Ask\u0131l\u0131 elbiseli mayo tek par\u00e7adan olu\u015fmaktad\u0131r. Modelin i\u00e7i komple tulum \u015feklinde astarl\u0131d\u0131r. Alt k\u0131sm\u0131 \u015fortludur \u015eortu elbiseye dikilidir.G\u00f6\u011f\u00fcs k\u0131sm\u0131nda cup mevcuttur ve tulum \u015feklinlde tasarlanm\u0131\u015ft\u0131r. G\u00f6\u011f\u00fcs s\u00fcngeri vard\u0131r.%80 polyester %20 likra kuma\u015ftan \u00fcretilmi\u015ftir. Kuma\u015f\u0131n\u0131n h\u0131zl\u0131 kuruma \u00f6zelli\u011fi vard\u0131r. Havuzda, denizde ve termalde giyinmeye uygundur. Likral\u0131 yap\u0131s\u0131 sayesinde rahat hareket etmeyi sa\u011flar. \u00dcr\u00fcn kol kenarlar\u0131, g\u00f6\u011f\u00fcs ve s\u0131rt dekoltesi lastikli diki\u015f ile dikilmi\u015ftir. Bu sayede su i\u00e7erisinde a\u00e7\u0131lma vs yapmaz. Aksesuarlar tak\u0131ma dahil de\u011fildir.<\/p>\n","protected":false},"excerpt":{"rendered":"<p>D\u00fcz Renk \u015eortlu Elbiseli Mayo Ask\u0131l\u0131 elbiseli mayo tek par\u00e7adan olu\u015fmaktad\u0131r. Modelin i\u00e7i komple tulum&hellip;<\/p>\n","protected":false},"featured_media":52619,"comment_status":"closed","ping_status":"open","template":"","meta":[],"product_brand":[2562],"product_cat":[2567],"product_tag":[],"class_list":{"0":"post-52616","1":"product","2":"type-product","3":"status-publish","4":"has-post-thumbnail","6":"product_brand-starinci-mayo","7":"product_cat-elbise-mayo","8":"pa_color-fusya","9":"pa_size-2581","10":"pa_size-2583","11":"pa_size-2584","12":"pa_size-2585","13":"pa_size-2588","14":"pa_size-2589","15":"pa_size-2590","16":"pa_size-2617","18":"first","19":"instock","20":"shipping-taxable","21":"purchasable","22":"product-type-variable","23":"layout-style-2","24":"col-md-4 col-sm-4 col-xs-6","25":"col-lg-4","26":"product-style-slider"},"yoast_head":"<!-- This site is optimized with the Yoast SEO plugin v25.8 - https:\/\/yoast.com\/wordpress\/plugins\/seo\/ -->\n<title>Kad\u0131n Elbise Mayo \u015eortlu D\u00fcz Fu\u015fya - BURKINISTAR<\/title>\n<meta name=\"robots\" content=\"index, follow, max-snippet:-1, max-image-preview:large, max-video-preview:-1\" \/>\n<link rel=\"canonical\" href=\"https:\/\/burkinistar.com\/?product=kadin-elbise-mayo-sortlu-duz-fusya\" \/>\n<meta property=\"og:locale\" content=\"en_US\" \/>\n<meta property=\"og:type\" content=\"article\" \/>\n<meta property=\"og:title\" content=\"Kad\u0131n Elbise Mayo \u015eortlu D\u00fcz Fu\u015fya - BURKINISTAR\" \/>\n<meta property=\"og:description\" content=\"D\u00fcz Renk \u015eortlu Elbiseli Mayo Ask\u0131l\u0131 elbiseli mayo tek par\u00e7adan olu\u015fmaktad\u0131r. Modelin i\u00e7i komple tulum&hellip;\" \/>\n<meta property=\"og:url\" content=\"https:\/\/burkinistar.com\/?product=kadin-elbise-mayo-sortlu-duz-fusya\" \/>\n<meta property=\"og:site_name\" content=\"BURKINISTAR\" \/>\n<meta property=\"article:modified_time\" content=\"2025-08-30T11:38:51+00:00\" \/>\n<meta property=\"og:image\" content=\"https:\/\/burkinistar.com\/wp-content\/uploads\/2025\/08\/elbise-mayokadin-elbise-mayo-sortlu-du-cec4ca.jpg\" \/>\n\t<meta property=\"og:image:width\" content=\"600\" \/>\n\t<meta property=\"og:image:height\" content=\"900\" \/>\n\t<meta property=\"og:image:type\" content=\"image\/jpeg\" \/>\n<meta name=\"twitter:card\" content=\"summary_large_image\" \/>\n<meta name=\"twitter:label1\" content=\"Est. reading time\" \/>\n\t<meta name=\"twitter:data1\" content=\"1 minute\" \/>\n<script type=\"application\/ld+json\" class=\"yoast-schema-graph\">{\"@context\":\"https:\/\/schema.org\",\"@graph\":[{\"@type\":\"WebPage\",\"@id\":\"https:\/\/burkinistar.com\/?product=kadin-elbise-mayo-sortlu-duz-fusya\",\"url\":\"https:\/\/burkinistar.com\/?product=kadin-elbise-mayo-sortlu-duz-fusya\",\"name\":\"Kad\u0131n Elbise Mayo \u015eortlu D\u00fcz Fu\u015fya - BURKINISTAR\",\"isPartOf\":{\"@id\":\"https:\/\/burkinistar.com\/#website\"},\"primaryImageOfPage\":{\"@id\":\"https:\/\/burkinistar.com\/?product=kadin-elbise-mayo-sortlu-duz-fusya#primaryimage\"},\"image\":{\"@id\":\"https:\/\/burkinistar.com\/?product=kadin-elbise-mayo-sortlu-duz-fusya#primaryimage\"},\"thumbnailUrl\":\"https:\/\/burkinistar.com\/wp-content\/uploads\/2025\/08\/elbise-mayokadin-elbise-mayo-sortlu-du-cec4ca.jpg\",\"datePublished\":\"2025-08-30T11:38:38+00:00\",\"dateModified\":\"2025-08-30T11:38:51+00:00\",\"breadcrumb\":{\"@id\":\"https:\/\/burkinistar.com\/?product=kadin-elbise-mayo-sortlu-duz-fusya#breadcrumb\"},\"inLanguage\":\"en-US\",\"potentialAction\":[{\"@type\":\"ReadAction\",\"target\":[\"https:\/\/burkinistar.com\/?product=kadin-elbise-mayo-sortlu-duz-fusya\"]}]},{\"@type\":\"ImageObject\",\"inLanguage\":\"en-US\",\"@id\":\"https:\/\/burkinistar.com\/?product=kadin-elbise-mayo-sortlu-duz-fusya#primaryimage\",\"url\":\"https:\/\/burkinistar.com\/wp-content\/uploads\/2025\/08\/elbise-mayokadin-elbise-mayo-sortlu-du-cec4ca.jpg\",\"contentUrl\":\"https:\/\/burkinistar.com\/wp-content\/uploads\/2025\/08\/elbise-mayokadin-elbise-mayo-sortlu-du-cec4ca.jpg\",\"width\":600,\"height\":900},{\"@type\":\"BreadcrumbList\",\"@id\":\"https:\/\/burkinistar.com\/?product=kadin-elbise-mayo-sortlu-duz-fusya#breadcrumb\",\"itemListElement\":[{\"@type\":\"ListItem\",\"position\":1,\"name\":\"Homepage\",\"item\":\"https:\/\/burkinistar.com\/\"},{\"@type\":\"ListItem\",\"position\":2,\"name\":\"All Products\",\"item\":\"https:\/\/burkinistar.com\/?page_id=8\"},{\"@type\":\"ListItem\",\"position\":3,\"name\":\"Kad\u0131n Elbise Mayo \u015eortlu D\u00fcz Fu\u015fya\"}]},{\"@type\":\"WebSite\",\"@id\":\"https:\/\/burkinistar.com\/#website\",\"url\":\"https:\/\/burkinistar.com\/\",\"name\":\"BURKINISTAR\",\"description\":\"The Best Modest Swimwear and Bikini Store | Burkinistar\",\"potentialAction\":[{\"@type\":\"SearchAction\",\"target\":{\"@type\":\"EntryPoint\",\"urlTemplate\":\"https:\/\/burkinistar.com\/?s={search_term_string}\"},\"query-input\":{\"@type\":\"PropertyValueSpecification\",\"valueRequired\":true,\"valueName\":\"search_term_string\"}}],\"inLanguage\":\"en-US\"}]}<\/script>\n<!-- \/ Yoast SEO plugin. -->","yoast_head_json":{"title":"Kad\u0131n Elbise Mayo \u015eortlu D\u00fcz Fu\u015fya - BURKINISTAR","robots":{"index":"index","follow":"follow","max-snippet":"max-snippet:-1","max-image-preview":"max-image-preview:large","max-video-preview":"max-video-preview:-1"},"canonical":"https:\/\/burkinistar.com\/?product=kadin-elbise-mayo-sortlu-duz-fusya","og_locale":"en_US","og_type":"article","og_title":"Kad\u0131n Elbise Mayo \u015eortlu D\u00fcz Fu\u015fya - BURKINISTAR","og_description":"D\u00fcz Renk \u015eortlu Elbiseli Mayo Ask\u0131l\u0131 elbiseli mayo tek par\u00e7adan olu\u015fmaktad\u0131r. Modelin i\u00e7i komple tulum&hellip;","og_url":"https:\/\/burkinistar.com\/?product=kadin-elbise-mayo-sortlu-duz-fusya","og_site_name":"BURKINISTAR","article_modified_time":"2025-08-30T11:38:51+00:00","og_image":[{"width":600,"height":900,"url":"https:\/\/burkinistar.com\/wp-content\/uploads\/2025\/08\/elbise-mayokadin-elbise-mayo-sortlu-du-cec4ca.jpg","type":"image\/jpeg"}],"twitter_card":"summary_large_image","twitter_misc":{"Est. reading time":"1 minute"},"schema":{"@context":"https:\/\/schema.org","@graph":[{"@type":"WebPage","@id":"https:\/\/burkinistar.com\/?product=kadin-elbise-mayo-sortlu-duz-fusya","url":"https:\/\/burkinistar.com\/?product=kadin-elbise-mayo-sortlu-duz-fusya","name":"Kad\u0131n Elbise Mayo \u015eortlu D\u00fcz Fu\u015fya - BURKINISTAR","isPartOf":{"@id":"https:\/\/burkinistar.com\/#website"},"primaryImageOfPage":{"@id":"https:\/\/burkinistar.com\/?product=kadin-elbise-mayo-sortlu-duz-fusya#primaryimage"},"image":{"@id":"https:\/\/burkinistar.com\/?product=kadin-elbise-mayo-sortlu-duz-fusya#primaryimage"},"thumbnailUrl":"https:\/\/burkinistar.com\/wp-content\/uploads\/2025\/08\/elbise-mayokadin-elbise-mayo-sortlu-du-cec4ca.jpg","datePublished":"2025-08-30T11:38:38+00:00","dateModified":"2025-08-30T11:38:51+00:00","breadcrumb":{"@id":"https:\/\/burkinistar.com\/?product=kadin-elbise-mayo-sortlu-duz-fusya#breadcrumb"},"inLanguage":"en-US","potentialAction":[{"@type":"ReadAction","target":["https:\/\/burkinistar.com\/?product=kadin-elbise-mayo-sortlu-duz-fusya"]}]},{"@type":"ImageObject","inLanguage":"en-US","@id":"https:\/\/burkinistar.com\/?product=kadin-elbise-mayo-sortlu-duz-fusya#primaryimage","url":"https:\/\/burkinistar.com\/wp-content\/uploads\/2025\/08\/elbise-mayokadin-elbise-mayo-sortlu-du-cec4ca.jpg","contentUrl":"https:\/\/burkinistar.com\/wp-content\/uploads\/2025\/08\/elbise-mayokadin-elbise-mayo-sortlu-du-cec4ca.jpg","width":600,"height":900},{"@type":"BreadcrumbList","@id":"https:\/\/burkinistar.com\/?product=kadin-elbise-mayo-sortlu-duz-fusya#breadcrumb","itemListElement":[{"@type":"ListItem","position":1,"name":"Homepage","item":"https:\/\/burkinistar.com\/"},{"@type":"ListItem","position":2,"name":"All Products","item":"https:\/\/burkinistar.com\/?page_id=8"},{"@type":"ListItem","position":3,"name":"Kad\u0131n Elbise Mayo \u015eortlu D\u00fcz Fu\u015fya"}]},{"@type":"WebSite","@id":"https:\/\/burkinistar.com\/#website","url":"https:\/\/burkinistar.com\/","name":"BURKINISTAR","description":"The Best Modest Swimwear and Bikini Store | Burkinistar","potentialAction":[{"@type":"SearchAction","target":{"@type":"EntryPoint","urlTemplate":"https:\/\/burkinistar.com\/?s={search_term_string}"},"query-input":{"@type":"PropertyValueSpecification","valueRequired":true,"valueName":"search_term_string"}}],"inLanguage":"en-US"}]}},"_links":{"self":[{"href":"https:\/\/burkinistar.com\/index.php?rest_route=\/wp\/v2\/product\/52616","targetHints":{"allow":["GET"]}}],"collection":[{"href":"https:\/\/burkinistar.com\/index.php?rest_route=\/wp\/v2\/product"}],"about":[{"href":"https:\/\/burkinistar.com\/index.php?rest_route=\/wp\/v2\/types\/product"}],"replies":[{"embeddable":true,"href":"https:\/\/burkinistar.com\/index.php?rest_route=%2Fwp%2Fv2%2Fcomments&post=52616"}],"version-history":[{"count":1,"href":"https:\/\/burkinistar.com\/index.php?rest_route=\/wp\/v2\/product\/52616\/revisions"}],"predecessor-version":[{"id":52617,"href":"https:\/\/burkinistar.com\/index.php?rest_route=\/wp\/v2\/product\/52616\/revisions\/52617"}],"wp:featuredmedia":[{"embeddable":true,"href":"https:\/\/burkinistar.com\/index.php?rest_route=\/wp\/v2\/media\/52619"}],"wp:attachment":[{"href":"https:\/\/burkinistar.com\/index.php?rest_route=%2Fwp%2Fv2%2Fmedia&parent=52616"}],"wp:term":[{"taxonomy":"product_brand","embeddable":true,"href":"https:\/\/burkinistar.com\/index.php?rest_route=%2Fwp%2Fv2%2Fproduct_brand&post=52616"},{"taxonomy":"product_cat","embeddable":true,"href":"https:\/\/burkinistar.com\/index.php?rest_route=%2Fwp%2Fv2%2Fproduct_cat&post=52616"},{"taxonomy":"product_tag","embeddable":true,"href":"https:\/\/burkinistar.com\/index.php?rest_route=%2Fwp%2Fv2%2Fproduct_tag&post=52616"}],"curies":[{"name":"wp","href":"https:\/\/api.w.org\/{rel}","templated":true}]}}