{"id":52646,"date":"2025-08-30T11:38:53","date_gmt":"2025-08-30T11:38:53","guid":{"rendered":"https:\/\/burkinistar.com\/?product=sort-etek-pareolu-siyah-havuzdeniz"},"modified":"2025-08-30T11:39:08","modified_gmt":"2025-08-30T11:39:08","slug":"sort-etek-pareolu-siyah-havuzdeniz","status":"publish","type":"product","link":"https:\/\/burkinistar.com\/?product=sort-etek-pareolu-siyah-havuzdeniz","title":{"rendered":"\u015eort Etek Pareolu Siyah Havuz&#038;Deniz"},"content":{"rendered":"<p>Etek ve \u015fort birbirine dikili haldedir. Tesett\u00fcrl\u00fc olanlar taytlar\u0131n \u00fczerine pareo ama\u00e7l\u0131 giyebilir. Havuzda, denizde ve s\u0131cak sularda kullanmaya uygundur. Likral\u0131 kuma\u015ftan \u00fcretilmi\u015ftir. Mankenin giyindi\u011fi model 38 bedendir.<\/p>\n","protected":false},"excerpt":{"rendered":"<p>Etek ve \u015fort birbirine dikili haldedir. Tesett\u00fcrl\u00fc olanlar taytlar\u0131n \u00fczerine pareo ama\u00e7l\u0131 giyebilir. Havuzda, denizde&hellip;<\/p>\n","protected":false},"featured_media":52649,"comment_status":"closed","ping_status":"open","template":"","meta":[],"product_brand":[2562],"product_cat":[2568,2564],"product_tag":[],"class_list":{"0":"post-52646","1":"product","2":"type-product","3":"status-publish","4":"has-post-thumbnail","6":"product_brand-starinci-mayo","7":"product_cat-bikini-alti-ve-tayt","8":"product_cat-plaj","9":"pa_color-siyah","10":"pa_size-2581","11":"pa_size-2582","12":"pa_size-2583","13":"pa_size-2584","14":"pa_size-2585","16":"first","17":"instock","18":"shipping-taxable","19":"purchasable","20":"product-type-variable","21":"layout-style-2","22":"col-md-4 col-sm-4 col-xs-6","23":"col-lg-4","24":"product-has-gallery","25":"product-style-slider"},"yoast_head":"<!-- This site is optimized with the Yoast SEO plugin v25.8 - https:\/\/yoast.com\/wordpress\/plugins\/seo\/ -->\n<title>\u015eort Etek Pareolu Siyah Havuz&amp;Deniz - BURKINISTAR<\/title>\n<meta name=\"robots\" content=\"index, follow, max-snippet:-1, max-image-preview:large, max-video-preview:-1\" \/>\n<link rel=\"canonical\" href=\"https:\/\/burkinistar.com\/?product=sort-etek-pareolu-siyah-havuzdeniz\" \/>\n<meta property=\"og:locale\" content=\"en_US\" \/>\n<meta property=\"og:type\" content=\"article\" \/>\n<meta property=\"og:title\" content=\"\u015eort Etek Pareolu Siyah Havuz&amp;Deniz - BURKINISTAR\" \/>\n<meta property=\"og:description\" content=\"Etek ve \u015fort birbirine dikili haldedir. Tesett\u00fcrl\u00fc olanlar taytlar\u0131n \u00fczerine pareo ama\u00e7l\u0131 giyebilir. Havuzda, denizde&hellip;\" \/>\n<meta property=\"og:url\" content=\"https:\/\/burkinistar.com\/?product=sort-etek-pareolu-siyah-havuzdeniz\" \/>\n<meta property=\"og:site_name\" content=\"BURKINISTAR\" \/>\n<meta property=\"article:modified_time\" content=\"2025-08-30T11:39:08+00:00\" \/>\n<meta property=\"og:image\" content=\"https:\/\/burkinistar.com\/wp-content\/uploads\/2025\/08\/bikini-alti-ve-taytsort-etek-pareolu-s-dc8a4a.jpg\" \/>\n\t<meta property=\"og:image:width\" content=\"600\" \/>\n\t<meta property=\"og:image:height\" content=\"900\" \/>\n\t<meta property=\"og:image:type\" content=\"image\/jpeg\" \/>\n<meta name=\"twitter:card\" content=\"summary_large_image\" \/>\n<script type=\"application\/ld+json\" class=\"yoast-schema-graph\">{\"@context\":\"https:\/\/schema.org\",\"@graph\":[{\"@type\":\"WebPage\",\"@id\":\"https:\/\/burkinistar.com\/?product=sort-etek-pareolu-siyah-havuzdeniz\",\"url\":\"https:\/\/burkinistar.com\/?product=sort-etek-pareolu-siyah-havuzdeniz\",\"name\":\"\u015eort Etek Pareolu Siyah Havuz&Deniz - BURKINISTAR\",\"isPartOf\":{\"@id\":\"https:\/\/burkinistar.com\/#website\"},\"primaryImageOfPage\":{\"@id\":\"https:\/\/burkinistar.com\/?product=sort-etek-pareolu-siyah-havuzdeniz#primaryimage\"},\"image\":{\"@id\":\"https:\/\/burkinistar.com\/?product=sort-etek-pareolu-siyah-havuzdeniz#primaryimage\"},\"thumbnailUrl\":\"https:\/\/burkinistar.com\/wp-content\/uploads\/2025\/08\/bikini-alti-ve-taytsort-etek-pareolu-s-dc8a4a.jpg\",\"datePublished\":\"2025-08-30T11:38:53+00:00\",\"dateModified\":\"2025-08-30T11:39:08+00:00\",\"breadcrumb\":{\"@id\":\"https:\/\/burkinistar.com\/?product=sort-etek-pareolu-siyah-havuzdeniz#breadcrumb\"},\"inLanguage\":\"en-US\",\"potentialAction\":[{\"@type\":\"ReadAction\",\"target\":[\"https:\/\/burkinistar.com\/?product=sort-etek-pareolu-siyah-havuzdeniz\"]}]},{\"@type\":\"ImageObject\",\"inLanguage\":\"en-US\",\"@id\":\"https:\/\/burkinistar.com\/?product=sort-etek-pareolu-siyah-havuzdeniz#primaryimage\",\"url\":\"https:\/\/burkinistar.com\/wp-content\/uploads\/2025\/08\/bikini-alti-ve-taytsort-etek-pareolu-s-dc8a4a.jpg\",\"contentUrl\":\"https:\/\/burkinistar.com\/wp-content\/uploads\/2025\/08\/bikini-alti-ve-taytsort-etek-pareolu-s-dc8a4a.jpg\",\"width\":600,\"height\":900},{\"@type\":\"BreadcrumbList\",\"@id\":\"https:\/\/burkinistar.com\/?product=sort-etek-pareolu-siyah-havuzdeniz#breadcrumb\",\"itemListElement\":[{\"@type\":\"ListItem\",\"position\":1,\"name\":\"Homepage\",\"item\":\"https:\/\/burkinistar.com\/\"},{\"@type\":\"ListItem\",\"position\":2,\"name\":\"All Products\",\"item\":\"https:\/\/burkinistar.com\/?page_id=8\"},{\"@type\":\"ListItem\",\"position\":3,\"name\":\"\u015eort Etek Pareolu Siyah Havuz&#038;Deniz\"}]},{\"@type\":\"WebSite\",\"@id\":\"https:\/\/burkinistar.com\/#website\",\"url\":\"https:\/\/burkinistar.com\/\",\"name\":\"BURKINISTAR\",\"description\":\"The Best Modest Swimwear and Bikini Store | Burkinistar\",\"potentialAction\":[{\"@type\":\"SearchAction\",\"target\":{\"@type\":\"EntryPoint\",\"urlTemplate\":\"https:\/\/burkinistar.com\/?s={search_term_string}\"},\"query-input\":{\"@type\":\"PropertyValueSpecification\",\"valueRequired\":true,\"valueName\":\"search_term_string\"}}],\"inLanguage\":\"en-US\"}]}<\/script>\n<!-- \/ Yoast SEO plugin. -->","yoast_head_json":{"title":"\u015eort Etek Pareolu Siyah Havuz&Deniz - BURKINISTAR","robots":{"index":"index","follow":"follow","max-snippet":"max-snippet:-1","max-image-preview":"max-image-preview:large","max-video-preview":"max-video-preview:-1"},"canonical":"https:\/\/burkinistar.com\/?product=sort-etek-pareolu-siyah-havuzdeniz","og_locale":"en_US","og_type":"article","og_title":"\u015eort Etek Pareolu Siyah Havuz&Deniz - BURKINISTAR","og_description":"Etek ve \u015fort birbirine dikili haldedir. Tesett\u00fcrl\u00fc olanlar taytlar\u0131n \u00fczerine pareo ama\u00e7l\u0131 giyebilir. Havuzda, denizde&hellip;","og_url":"https:\/\/burkinistar.com\/?product=sort-etek-pareolu-siyah-havuzdeniz","og_site_name":"BURKINISTAR","article_modified_time":"2025-08-30T11:39:08+00:00","og_image":[{"width":600,"height":900,"url":"https:\/\/burkinistar.com\/wp-content\/uploads\/2025\/08\/bikini-alti-ve-taytsort-etek-pareolu-s-dc8a4a.jpg","type":"image\/jpeg"}],"twitter_card":"summary_large_image","schema":{"@context":"https:\/\/schema.org","@graph":[{"@type":"WebPage","@id":"https:\/\/burkinistar.com\/?product=sort-etek-pareolu-siyah-havuzdeniz","url":"https:\/\/burkinistar.com\/?product=sort-etek-pareolu-siyah-havuzdeniz","name":"\u015eort Etek Pareolu Siyah Havuz&Deniz - BURKINISTAR","isPartOf":{"@id":"https:\/\/burkinistar.com\/#website"},"primaryImageOfPage":{"@id":"https:\/\/burkinistar.com\/?product=sort-etek-pareolu-siyah-havuzdeniz#primaryimage"},"image":{"@id":"https:\/\/burkinistar.com\/?product=sort-etek-pareolu-siyah-havuzdeniz#primaryimage"},"thumbnailUrl":"https:\/\/burkinistar.com\/wp-content\/uploads\/2025\/08\/bikini-alti-ve-taytsort-etek-pareolu-s-dc8a4a.jpg","datePublished":"2025-08-30T11:38:53+00:00","dateModified":"2025-08-30T11:39:08+00:00","breadcrumb":{"@id":"https:\/\/burkinistar.com\/?product=sort-etek-pareolu-siyah-havuzdeniz#breadcrumb"},"inLanguage":"en-US","potentialAction":[{"@type":"ReadAction","target":["https:\/\/burkinistar.com\/?product=sort-etek-pareolu-siyah-havuzdeniz"]}]},{"@type":"ImageObject","inLanguage":"en-US","@id":"https:\/\/burkinistar.com\/?product=sort-etek-pareolu-siyah-havuzdeniz#primaryimage","url":"https:\/\/burkinistar.com\/wp-content\/uploads\/2025\/08\/bikini-alti-ve-taytsort-etek-pareolu-s-dc8a4a.jpg","contentUrl":"https:\/\/burkinistar.com\/wp-content\/uploads\/2025\/08\/bikini-alti-ve-taytsort-etek-pareolu-s-dc8a4a.jpg","width":600,"height":900},{"@type":"BreadcrumbList","@id":"https:\/\/burkinistar.com\/?product=sort-etek-pareolu-siyah-havuzdeniz#breadcrumb","itemListElement":[{"@type":"ListItem","position":1,"name":"Homepage","item":"https:\/\/burkinistar.com\/"},{"@type":"ListItem","position":2,"name":"All Products","item":"https:\/\/burkinistar.com\/?page_id=8"},{"@type":"ListItem","position":3,"name":"\u015eort Etek Pareolu Siyah Havuz&#038;Deniz"}]},{"@type":"WebSite","@id":"https:\/\/burkinistar.com\/#website","url":"https:\/\/burkinistar.com\/","name":"BURKINISTAR","description":"The Best Modest Swimwear and Bikini Store | Burkinistar","potentialAction":[{"@type":"SearchAction","target":{"@type":"EntryPoint","urlTemplate":"https:\/\/burkinistar.com\/?s={search_term_string}"},"query-input":{"@type":"PropertyValueSpecification","valueRequired":true,"valueName":"search_term_string"}}],"inLanguage":"en-US"}]}},"_links":{"self":[{"href":"https:\/\/burkinistar.com\/index.php?rest_route=\/wp\/v2\/product\/52646","targetHints":{"allow":["GET"]}}],"collection":[{"href":"https:\/\/burkinistar.com\/index.php?rest_route=\/wp\/v2\/product"}],"about":[{"href":"https:\/\/burkinistar.com\/index.php?rest_route=\/wp\/v2\/types\/product"}],"replies":[{"embeddable":true,"href":"https:\/\/burkinistar.com\/index.php?rest_route=%2Fwp%2Fv2%2Fcomments&post=52646"}],"version-history":[{"count":1,"href":"https:\/\/burkinistar.com\/index.php?rest_route=\/wp\/v2\/product\/52646\/revisions"}],"predecessor-version":[{"id":52647,"href":"https:\/\/burkinistar.com\/index.php?rest_route=\/wp\/v2\/product\/52646\/revisions\/52647"}],"wp:featuredmedia":[{"embeddable":true,"href":"https:\/\/burkinistar.com\/index.php?rest_route=\/wp\/v2\/media\/52649"}],"wp:attachment":[{"href":"https:\/\/burkinistar.com\/index.php?rest_route=%2Fwp%2Fv2%2Fmedia&parent=52646"}],"wp:term":[{"taxonomy":"product_brand","embeddable":true,"href":"https:\/\/burkinistar.com\/index.php?rest_route=%2Fwp%2Fv2%2Fproduct_brand&post=52646"},{"taxonomy":"product_cat","embeddable":true,"href":"https:\/\/burkinistar.com\/index.php?rest_route=%2Fwp%2Fv2%2Fproduct_cat&post=52646"},{"taxonomy":"product_tag","embeddable":true,"href":"https:\/\/burkinistar.com\/index.php?rest_route=%2Fwp%2Fv2%2Fproduct_tag&post=52646"}],"curies":[{"name":"wp","href":"https:\/\/api.w.org\/{rel}","templated":true}]}}