{"id":52697,"date":"2025-08-30T11:39:09","date_gmt":"2025-08-30T11:39:09","guid":{"rendered":"https:\/\/burkinistar.com\/?product=buyuk-beden-elbiseli-mayo-kruvaze-gogus-siyah"},"modified":"2025-08-30T11:39:18","modified_gmt":"2025-08-30T11:39:18","slug":"buyuk-beden-elbiseli-mayo-kruvaze-gogus-siyah","status":"publish","type":"product","link":"https:\/\/burkinistar.com\/?product=buyuk-beden-elbiseli-mayo-kruvaze-gogus-siyah","title":{"rendered":"B\u00fcy\u00fck Beden Elbiseli Mayo Kruvaze G\u00f6\u011f\u00fcs Siyah"},"content":{"rendered":"<p>Elbiseli mayo, plaj \u015f\u0131kl\u0131\u011f\u0131n\u0131 ve konforunu bir araya getiren m\u00fckemmel bir se\u00e7imdir. Kad\u0131nlar\u0131n hem rahat hem de zarif hissetmesini sa\u011flayan bu \u00fcr\u00fcn, modern tasar\u0131m\u0131 ve y\u00fcksek kalite kuma\u015f\u0131 ile \u00f6ne \u00e7\u0131kar. Farkl\u0131 beden ve renk se\u00e7enekleriyle sunulan elbiseli mayo, yaz tatilinizin vazge\u00e7ilmezi olacak. %80 polyamit ve %20 elastan kar\u0131\u015f\u0131m\u0131, esneklik ve dayan\u0131kl\u0131l\u0131k sa\u011flar. Suya dayan\u0131kl\u0131 ve h\u0131zl\u0131 kuruyan kuma\u015f ile plajda ve havuzda rahatl\u0131k. \u015e\u0131k tasar\u0131m\u0131 ve konforlu yap\u0131s\u0131yla g\u00fcn boyu rahatl\u0131k ve tarz sunar. G\u00f6\u011f\u00fcs pedi vard\u0131r.<\/p>\n","protected":false},"excerpt":{"rendered":"<p>Elbiseli mayo, plaj \u015f\u0131kl\u0131\u011f\u0131n\u0131 ve konforunu bir araya getiren m\u00fckemmel bir se\u00e7imdir. Kad\u0131nlar\u0131n hem rahat&hellip;<\/p>\n","protected":false},"featured_media":52700,"comment_status":"closed","ping_status":"open","template":"","meta":[],"product_brand":[2562],"product_cat":[2567],"product_tag":[],"class_list":{"0":"post-52697","1":"product","2":"type-product","3":"status-publish","4":"has-post-thumbnail","6":"product_brand-starinci-mayo","7":"product_cat-elbise-mayo","8":"pa_color-siyah","9":"pa_size-2582","10":"pa_size-2584","11":"pa_size-2585","12":"pa_size-2588","14":"first","15":"instock","16":"shipping-taxable","17":"purchasable","18":"product-type-variable","19":"layout-style-2","20":"col-md-4 col-sm-4 col-xs-6","21":"col-lg-4","22":"product-has-gallery","23":"product-style-slider"},"yoast_head":"<!-- This site is optimized with the Yoast SEO plugin v25.8 - https:\/\/yoast.com\/wordpress\/plugins\/seo\/ -->\n<title>B\u00fcy\u00fck Beden Elbiseli Mayo Kruvaze G\u00f6\u011f\u00fcs Siyah - BURKINISTAR<\/title>\n<meta name=\"robots\" content=\"index, follow, max-snippet:-1, max-image-preview:large, max-video-preview:-1\" \/>\n<link rel=\"canonical\" href=\"https:\/\/burkinistar.com\/?product=buyuk-beden-elbiseli-mayo-kruvaze-gogus-siyah\" \/>\n<meta property=\"og:locale\" content=\"en_US\" \/>\n<meta property=\"og:type\" content=\"article\" \/>\n<meta property=\"og:title\" content=\"B\u00fcy\u00fck Beden Elbiseli Mayo Kruvaze G\u00f6\u011f\u00fcs Siyah - BURKINISTAR\" \/>\n<meta property=\"og:description\" content=\"Elbiseli mayo, plaj \u015f\u0131kl\u0131\u011f\u0131n\u0131 ve konforunu bir araya getiren m\u00fckemmel bir se\u00e7imdir. Kad\u0131nlar\u0131n hem rahat&hellip;\" \/>\n<meta property=\"og:url\" content=\"https:\/\/burkinistar.com\/?product=buyuk-beden-elbiseli-mayo-kruvaze-gogus-siyah\" \/>\n<meta property=\"og:site_name\" content=\"BURKINISTAR\" \/>\n<meta property=\"article:modified_time\" content=\"2025-08-30T11:39:18+00:00\" \/>\n<meta property=\"og:image\" content=\"https:\/\/burkinistar.com\/wp-content\/uploads\/2025\/08\/elbise-mayobuyuk-beden-elbiseli-mayo-k-0a93c2.jpg\" \/>\n\t<meta property=\"og:image:width\" content=\"600\" \/>\n\t<meta property=\"og:image:height\" content=\"900\" \/>\n\t<meta property=\"og:image:type\" content=\"image\/jpeg\" \/>\n<meta name=\"twitter:card\" content=\"summary_large_image\" \/>\n<meta name=\"twitter:label1\" content=\"Est. reading time\" \/>\n\t<meta name=\"twitter:data1\" content=\"1 minute\" \/>\n<script type=\"application\/ld+json\" class=\"yoast-schema-graph\">{\"@context\":\"https:\/\/schema.org\",\"@graph\":[{\"@type\":\"WebPage\",\"@id\":\"https:\/\/burkinistar.com\/?product=buyuk-beden-elbiseli-mayo-kruvaze-gogus-siyah\",\"url\":\"https:\/\/burkinistar.com\/?product=buyuk-beden-elbiseli-mayo-kruvaze-gogus-siyah\",\"name\":\"B\u00fcy\u00fck Beden Elbiseli Mayo Kruvaze G\u00f6\u011f\u00fcs Siyah - BURKINISTAR\",\"isPartOf\":{\"@id\":\"https:\/\/burkinistar.com\/#website\"},\"primaryImageOfPage\":{\"@id\":\"https:\/\/burkinistar.com\/?product=buyuk-beden-elbiseli-mayo-kruvaze-gogus-siyah#primaryimage\"},\"image\":{\"@id\":\"https:\/\/burkinistar.com\/?product=buyuk-beden-elbiseli-mayo-kruvaze-gogus-siyah#primaryimage\"},\"thumbnailUrl\":\"https:\/\/burkinistar.com\/wp-content\/uploads\/2025\/08\/elbise-mayobuyuk-beden-elbiseli-mayo-k-0a93c2.jpg\",\"datePublished\":\"2025-08-30T11:39:09+00:00\",\"dateModified\":\"2025-08-30T11:39:18+00:00\",\"breadcrumb\":{\"@id\":\"https:\/\/burkinistar.com\/?product=buyuk-beden-elbiseli-mayo-kruvaze-gogus-siyah#breadcrumb\"},\"inLanguage\":\"en-US\",\"potentialAction\":[{\"@type\":\"ReadAction\",\"target\":[\"https:\/\/burkinistar.com\/?product=buyuk-beden-elbiseli-mayo-kruvaze-gogus-siyah\"]}]},{\"@type\":\"ImageObject\",\"inLanguage\":\"en-US\",\"@id\":\"https:\/\/burkinistar.com\/?product=buyuk-beden-elbiseli-mayo-kruvaze-gogus-siyah#primaryimage\",\"url\":\"https:\/\/burkinistar.com\/wp-content\/uploads\/2025\/08\/elbise-mayobuyuk-beden-elbiseli-mayo-k-0a93c2.jpg\",\"contentUrl\":\"https:\/\/burkinistar.com\/wp-content\/uploads\/2025\/08\/elbise-mayobuyuk-beden-elbiseli-mayo-k-0a93c2.jpg\",\"width\":600,\"height\":900},{\"@type\":\"BreadcrumbList\",\"@id\":\"https:\/\/burkinistar.com\/?product=buyuk-beden-elbiseli-mayo-kruvaze-gogus-siyah#breadcrumb\",\"itemListElement\":[{\"@type\":\"ListItem\",\"position\":1,\"name\":\"Homepage\",\"item\":\"https:\/\/burkinistar.com\/\"},{\"@type\":\"ListItem\",\"position\":2,\"name\":\"All Products\",\"item\":\"https:\/\/burkinistar.com\/?page_id=8\"},{\"@type\":\"ListItem\",\"position\":3,\"name\":\"B\u00fcy\u00fck Beden Elbiseli Mayo Kruvaze G\u00f6\u011f\u00fcs Siyah\"}]},{\"@type\":\"WebSite\",\"@id\":\"https:\/\/burkinistar.com\/#website\",\"url\":\"https:\/\/burkinistar.com\/\",\"name\":\"BURKINISTAR\",\"description\":\"The Best Modest Swimwear and Bikini Store | Burkinistar\",\"potentialAction\":[{\"@type\":\"SearchAction\",\"target\":{\"@type\":\"EntryPoint\",\"urlTemplate\":\"https:\/\/burkinistar.com\/?s={search_term_string}\"},\"query-input\":{\"@type\":\"PropertyValueSpecification\",\"valueRequired\":true,\"valueName\":\"search_term_string\"}}],\"inLanguage\":\"en-US\"}]}<\/script>\n<!-- \/ Yoast SEO plugin. -->","yoast_head_json":{"title":"B\u00fcy\u00fck Beden Elbiseli Mayo Kruvaze G\u00f6\u011f\u00fcs Siyah - BURKINISTAR","robots":{"index":"index","follow":"follow","max-snippet":"max-snippet:-1","max-image-preview":"max-image-preview:large","max-video-preview":"max-video-preview:-1"},"canonical":"https:\/\/burkinistar.com\/?product=buyuk-beden-elbiseli-mayo-kruvaze-gogus-siyah","og_locale":"en_US","og_type":"article","og_title":"B\u00fcy\u00fck Beden Elbiseli Mayo Kruvaze G\u00f6\u011f\u00fcs Siyah - BURKINISTAR","og_description":"Elbiseli mayo, plaj \u015f\u0131kl\u0131\u011f\u0131n\u0131 ve konforunu bir araya getiren m\u00fckemmel bir se\u00e7imdir. Kad\u0131nlar\u0131n hem rahat&hellip;","og_url":"https:\/\/burkinistar.com\/?product=buyuk-beden-elbiseli-mayo-kruvaze-gogus-siyah","og_site_name":"BURKINISTAR","article_modified_time":"2025-08-30T11:39:18+00:00","og_image":[{"width":600,"height":900,"url":"https:\/\/burkinistar.com\/wp-content\/uploads\/2025\/08\/elbise-mayobuyuk-beden-elbiseli-mayo-k-0a93c2.jpg","type":"image\/jpeg"}],"twitter_card":"summary_large_image","twitter_misc":{"Est. reading time":"1 minute"},"schema":{"@context":"https:\/\/schema.org","@graph":[{"@type":"WebPage","@id":"https:\/\/burkinistar.com\/?product=buyuk-beden-elbiseli-mayo-kruvaze-gogus-siyah","url":"https:\/\/burkinistar.com\/?product=buyuk-beden-elbiseli-mayo-kruvaze-gogus-siyah","name":"B\u00fcy\u00fck Beden Elbiseli Mayo Kruvaze G\u00f6\u011f\u00fcs Siyah - BURKINISTAR","isPartOf":{"@id":"https:\/\/burkinistar.com\/#website"},"primaryImageOfPage":{"@id":"https:\/\/burkinistar.com\/?product=buyuk-beden-elbiseli-mayo-kruvaze-gogus-siyah#primaryimage"},"image":{"@id":"https:\/\/burkinistar.com\/?product=buyuk-beden-elbiseli-mayo-kruvaze-gogus-siyah#primaryimage"},"thumbnailUrl":"https:\/\/burkinistar.com\/wp-content\/uploads\/2025\/08\/elbise-mayobuyuk-beden-elbiseli-mayo-k-0a93c2.jpg","datePublished":"2025-08-30T11:39:09+00:00","dateModified":"2025-08-30T11:39:18+00:00","breadcrumb":{"@id":"https:\/\/burkinistar.com\/?product=buyuk-beden-elbiseli-mayo-kruvaze-gogus-siyah#breadcrumb"},"inLanguage":"en-US","potentialAction":[{"@type":"ReadAction","target":["https:\/\/burkinistar.com\/?product=buyuk-beden-elbiseli-mayo-kruvaze-gogus-siyah"]}]},{"@type":"ImageObject","inLanguage":"en-US","@id":"https:\/\/burkinistar.com\/?product=buyuk-beden-elbiseli-mayo-kruvaze-gogus-siyah#primaryimage","url":"https:\/\/burkinistar.com\/wp-content\/uploads\/2025\/08\/elbise-mayobuyuk-beden-elbiseli-mayo-k-0a93c2.jpg","contentUrl":"https:\/\/burkinistar.com\/wp-content\/uploads\/2025\/08\/elbise-mayobuyuk-beden-elbiseli-mayo-k-0a93c2.jpg","width":600,"height":900},{"@type":"BreadcrumbList","@id":"https:\/\/burkinistar.com\/?product=buyuk-beden-elbiseli-mayo-kruvaze-gogus-siyah#breadcrumb","itemListElement":[{"@type":"ListItem","position":1,"name":"Homepage","item":"https:\/\/burkinistar.com\/"},{"@type":"ListItem","position":2,"name":"All Products","item":"https:\/\/burkinistar.com\/?page_id=8"},{"@type":"ListItem","position":3,"name":"B\u00fcy\u00fck Beden Elbiseli Mayo Kruvaze G\u00f6\u011f\u00fcs Siyah"}]},{"@type":"WebSite","@id":"https:\/\/burkinistar.com\/#website","url":"https:\/\/burkinistar.com\/","name":"BURKINISTAR","description":"The Best Modest Swimwear and Bikini Store | Burkinistar","potentialAction":[{"@type":"SearchAction","target":{"@type":"EntryPoint","urlTemplate":"https:\/\/burkinistar.com\/?s={search_term_string}"},"query-input":{"@type":"PropertyValueSpecification","valueRequired":true,"valueName":"search_term_string"}}],"inLanguage":"en-US"}]}},"_links":{"self":[{"href":"https:\/\/burkinistar.com\/index.php?rest_route=\/wp\/v2\/product\/52697","targetHints":{"allow":["GET"]}}],"collection":[{"href":"https:\/\/burkinistar.com\/index.php?rest_route=\/wp\/v2\/product"}],"about":[{"href":"https:\/\/burkinistar.com\/index.php?rest_route=\/wp\/v2\/types\/product"}],"replies":[{"embeddable":true,"href":"https:\/\/burkinistar.com\/index.php?rest_route=%2Fwp%2Fv2%2Fcomments&post=52697"}],"version-history":[{"count":1,"href":"https:\/\/burkinistar.com\/index.php?rest_route=\/wp\/v2\/product\/52697\/revisions"}],"predecessor-version":[{"id":52698,"href":"https:\/\/burkinistar.com\/index.php?rest_route=\/wp\/v2\/product\/52697\/revisions\/52698"}],"wp:featuredmedia":[{"embeddable":true,"href":"https:\/\/burkinistar.com\/index.php?rest_route=\/wp\/v2\/media\/52700"}],"wp:attachment":[{"href":"https:\/\/burkinistar.com\/index.php?rest_route=%2Fwp%2Fv2%2Fmedia&parent=52697"}],"wp:term":[{"taxonomy":"product_brand","embeddable":true,"href":"https:\/\/burkinistar.com\/index.php?rest_route=%2Fwp%2Fv2%2Fproduct_brand&post=52697"},{"taxonomy":"product_cat","embeddable":true,"href":"https:\/\/burkinistar.com\/index.php?rest_route=%2Fwp%2Fv2%2Fproduct_cat&post=52697"},{"taxonomy":"product_tag","embeddable":true,"href":"https:\/\/burkinistar.com\/index.php?rest_route=%2Fwp%2Fv2%2Fproduct_tag&post=52697"}],"curies":[{"name":"wp","href":"https:\/\/api.w.org\/{rel}","templated":true}]}}