{"id":52835,"date":"2025-08-30T11:39:43","date_gmt":"2025-08-30T11:39:43","guid":{"rendered":"https:\/\/burkinistar.com\/?product=kiz-cocuk-mayo-pembe-renkli-kaktus-desenli"},"modified":"2025-08-30T11:39:48","modified_gmt":"2025-08-30T11:39:48","slug":"kiz-cocuk-mayo-pembe-renkli-kaktus-desenli","status":"publish","type":"product","link":"https:\/\/burkinistar.com\/?product=kiz-cocuk-mayo-pembe-renkli-kaktus-desenli","title":{"rendered":"K\u0131z \u00c7ocuk Mayo Pembe Renkli Kakt\u00fcs Desenli"},"content":{"rendered":"<p>K\u0131z \u00c7ocuk Mayo Pembe Renkli Kakt\u00fcs Desenli Ask\u0131l\u0131 K\u0131z \u00c7ocuk Mayo Denizde, Havuzda Ve Termal Sularda Kullan\u0131ma Uygundur.<\/p>\n","protected":false},"excerpt":{"rendered":"<p>K\u0131z \u00c7ocuk Mayo Pembe Renkli Kakt\u00fcs Desenli Ask\u0131l\u0131 K\u0131z \u00c7ocuk Mayo Denizde, Havuzda Ve Termal&hellip;<\/p>\n","protected":false},"featured_media":0,"comment_status":"closed","ping_status":"open","template":"","meta":[],"product_brand":[2562],"product_cat":[2572,2573],"product_tag":[],"class_list":{"0":"post-52835","1":"product","2":"type-product","3":"status-publish","5":"product_brand-starinci-mayo","6":"product_cat-cocuk","7":"product_cat-cocuk-mayo","8":"pa_color-pembe","9":"pa_size-11-12yas","10":"pa_size-5-6yas","11":"pa_size-7-8yas","12":"pa_size-9-10yas","14":"first","15":"instock","16":"shipping-taxable","17":"purchasable","18":"product-type-variable","19":"layout-style-2","20":"col-md-4 col-sm-4 col-xs-6","21":"col-lg-4","22":"product-style-slider"},"yoast_head":"<!-- This site is optimized with the Yoast SEO plugin v25.8 - https:\/\/yoast.com\/wordpress\/plugins\/seo\/ -->\n<title>K\u0131z \u00c7ocuk Mayo Pembe Renkli Kakt\u00fcs Desenli - BURKINISTAR<\/title>\n<meta name=\"robots\" content=\"index, follow, max-snippet:-1, max-image-preview:large, max-video-preview:-1\" \/>\n<link rel=\"canonical\" href=\"https:\/\/burkinistar.com\/?product=kiz-cocuk-mayo-pembe-renkli-kaktus-desenli\" \/>\n<meta property=\"og:locale\" content=\"en_US\" \/>\n<meta property=\"og:type\" content=\"article\" \/>\n<meta property=\"og:title\" content=\"K\u0131z \u00c7ocuk Mayo Pembe Renkli Kakt\u00fcs Desenli - BURKINISTAR\" \/>\n<meta property=\"og:description\" content=\"K\u0131z \u00c7ocuk Mayo Pembe Renkli Kakt\u00fcs Desenli Ask\u0131l\u0131 K\u0131z \u00c7ocuk Mayo Denizde, Havuzda Ve Termal&hellip;\" \/>\n<meta property=\"og:url\" content=\"https:\/\/burkinistar.com\/?product=kiz-cocuk-mayo-pembe-renkli-kaktus-desenli\" \/>\n<meta property=\"og:site_name\" content=\"BURKINISTAR\" \/>\n<meta property=\"article:modified_time\" content=\"2025-08-30T11:39:48+00:00\" \/>\n<meta name=\"twitter:card\" content=\"summary_large_image\" \/>\n<script type=\"application\/ld+json\" class=\"yoast-schema-graph\">{\"@context\":\"https:\/\/schema.org\",\"@graph\":[{\"@type\":\"WebPage\",\"@id\":\"https:\/\/burkinistar.com\/?product=kiz-cocuk-mayo-pembe-renkli-kaktus-desenli\",\"url\":\"https:\/\/burkinistar.com\/?product=kiz-cocuk-mayo-pembe-renkli-kaktus-desenli\",\"name\":\"K\u0131z \u00c7ocuk Mayo Pembe Renkli Kakt\u00fcs Desenli - BURKINISTAR\",\"isPartOf\":{\"@id\":\"https:\/\/burkinistar.com\/#website\"},\"datePublished\":\"2025-08-30T11:39:43+00:00\",\"dateModified\":\"2025-08-30T11:39:48+00:00\",\"breadcrumb\":{\"@id\":\"https:\/\/burkinistar.com\/?product=kiz-cocuk-mayo-pembe-renkli-kaktus-desenli#breadcrumb\"},\"inLanguage\":\"en-US\",\"potentialAction\":[{\"@type\":\"ReadAction\",\"target\":[\"https:\/\/burkinistar.com\/?product=kiz-cocuk-mayo-pembe-renkli-kaktus-desenli\"]}]},{\"@type\":\"BreadcrumbList\",\"@id\":\"https:\/\/burkinistar.com\/?product=kiz-cocuk-mayo-pembe-renkli-kaktus-desenli#breadcrumb\",\"itemListElement\":[{\"@type\":\"ListItem\",\"position\":1,\"name\":\"Homepage\",\"item\":\"https:\/\/burkinistar.com\/\"},{\"@type\":\"ListItem\",\"position\":2,\"name\":\"All Products\",\"item\":\"https:\/\/burkinistar.com\/?page_id=8\"},{\"@type\":\"ListItem\",\"position\":3,\"name\":\"K\u0131z \u00c7ocuk Mayo Pembe Renkli Kakt\u00fcs Desenli\"}]},{\"@type\":\"WebSite\",\"@id\":\"https:\/\/burkinistar.com\/#website\",\"url\":\"https:\/\/burkinistar.com\/\",\"name\":\"BURKINISTAR\",\"description\":\"The Best Modest Swimwear and Bikini Store | Burkinistar\",\"potentialAction\":[{\"@type\":\"SearchAction\",\"target\":{\"@type\":\"EntryPoint\",\"urlTemplate\":\"https:\/\/burkinistar.com\/?s={search_term_string}\"},\"query-input\":{\"@type\":\"PropertyValueSpecification\",\"valueRequired\":true,\"valueName\":\"search_term_string\"}}],\"inLanguage\":\"en-US\"}]}<\/script>\n<!-- \/ Yoast SEO plugin. -->","yoast_head_json":{"title":"K\u0131z \u00c7ocuk Mayo Pembe Renkli Kakt\u00fcs Desenli - BURKINISTAR","robots":{"index":"index","follow":"follow","max-snippet":"max-snippet:-1","max-image-preview":"max-image-preview:large","max-video-preview":"max-video-preview:-1"},"canonical":"https:\/\/burkinistar.com\/?product=kiz-cocuk-mayo-pembe-renkli-kaktus-desenli","og_locale":"en_US","og_type":"article","og_title":"K\u0131z \u00c7ocuk Mayo Pembe Renkli Kakt\u00fcs Desenli - BURKINISTAR","og_description":"K\u0131z \u00c7ocuk Mayo Pembe Renkli Kakt\u00fcs Desenli Ask\u0131l\u0131 K\u0131z \u00c7ocuk Mayo Denizde, Havuzda Ve Termal&hellip;","og_url":"https:\/\/burkinistar.com\/?product=kiz-cocuk-mayo-pembe-renkli-kaktus-desenli","og_site_name":"BURKINISTAR","article_modified_time":"2025-08-30T11:39:48+00:00","twitter_card":"summary_large_image","schema":{"@context":"https:\/\/schema.org","@graph":[{"@type":"WebPage","@id":"https:\/\/burkinistar.com\/?product=kiz-cocuk-mayo-pembe-renkli-kaktus-desenli","url":"https:\/\/burkinistar.com\/?product=kiz-cocuk-mayo-pembe-renkli-kaktus-desenli","name":"K\u0131z \u00c7ocuk Mayo Pembe Renkli Kakt\u00fcs Desenli - BURKINISTAR","isPartOf":{"@id":"https:\/\/burkinistar.com\/#website"},"datePublished":"2025-08-30T11:39:43+00:00","dateModified":"2025-08-30T11:39:48+00:00","breadcrumb":{"@id":"https:\/\/burkinistar.com\/?product=kiz-cocuk-mayo-pembe-renkli-kaktus-desenli#breadcrumb"},"inLanguage":"en-US","potentialAction":[{"@type":"ReadAction","target":["https:\/\/burkinistar.com\/?product=kiz-cocuk-mayo-pembe-renkli-kaktus-desenli"]}]},{"@type":"BreadcrumbList","@id":"https:\/\/burkinistar.com\/?product=kiz-cocuk-mayo-pembe-renkli-kaktus-desenli#breadcrumb","itemListElement":[{"@type":"ListItem","position":1,"name":"Homepage","item":"https:\/\/burkinistar.com\/"},{"@type":"ListItem","position":2,"name":"All Products","item":"https:\/\/burkinistar.com\/?page_id=8"},{"@type":"ListItem","position":3,"name":"K\u0131z \u00c7ocuk Mayo Pembe Renkli Kakt\u00fcs Desenli"}]},{"@type":"WebSite","@id":"https:\/\/burkinistar.com\/#website","url":"https:\/\/burkinistar.com\/","name":"BURKINISTAR","description":"The Best Modest Swimwear and Bikini Store | Burkinistar","potentialAction":[{"@type":"SearchAction","target":{"@type":"EntryPoint","urlTemplate":"https:\/\/burkinistar.com\/?s={search_term_string}"},"query-input":{"@type":"PropertyValueSpecification","valueRequired":true,"valueName":"search_term_string"}}],"inLanguage":"en-US"}]}},"_links":{"self":[{"href":"https:\/\/burkinistar.com\/index.php?rest_route=\/wp\/v2\/product\/52835","targetHints":{"allow":["GET"]}}],"collection":[{"href":"https:\/\/burkinistar.com\/index.php?rest_route=\/wp\/v2\/product"}],"about":[{"href":"https:\/\/burkinistar.com\/index.php?rest_route=\/wp\/v2\/types\/product"}],"replies":[{"embeddable":true,"href":"https:\/\/burkinistar.com\/index.php?rest_route=%2Fwp%2Fv2%2Fcomments&post=52835"}],"version-history":[{"count":1,"href":"https:\/\/burkinistar.com\/index.php?rest_route=\/wp\/v2\/product\/52835\/revisions"}],"predecessor-version":[{"id":52836,"href":"https:\/\/burkinistar.com\/index.php?rest_route=\/wp\/v2\/product\/52835\/revisions\/52836"}],"wp:attachment":[{"href":"https:\/\/burkinistar.com\/index.php?rest_route=%2Fwp%2Fv2%2Fmedia&parent=52835"}],"wp:term":[{"taxonomy":"product_brand","embeddable":true,"href":"https:\/\/burkinistar.com\/index.php?rest_route=%2Fwp%2Fv2%2Fproduct_brand&post=52835"},{"taxonomy":"product_cat","embeddable":true,"href":"https:\/\/burkinistar.com\/index.php?rest_route=%2Fwp%2Fv2%2Fproduct_cat&post=52835"},{"taxonomy":"product_tag","embeddable":true,"href":"https:\/\/burkinistar.com\/index.php?rest_route=%2Fwp%2Fv2%2Fproduct_tag&post=52835"}],"curies":[{"name":"wp","href":"https:\/\/api.w.org\/{rel}","templated":true}]}}