{"id":52914,"date":"2025-08-30T11:40:04","date_gmt":"2025-08-30T11:40:04","guid":{"rendered":"https:\/\/burkinistar.com\/?product=bikini-takimi-siyah-gumus-parlak-kumas"},"modified":"2025-08-30T11:40:17","modified_gmt":"2025-08-30T11:40:17","slug":"bikini-takimi-siyah-gumus-parlak-kumas","status":"publish","type":"product","link":"https:\/\/burkinistar.com\/?product=bikini-takimi-siyah-gumus-parlak-kumas","title":{"rendered":"Bikini Tak\u0131m\u0131 Siyah G\u00fcm\u00fc\u015f Parlak Kuma\u015f"},"content":{"rendered":"<p>Bikini Tak\u0131m\u0131 Siyah Simli Simli bikini tak\u0131m\u0131 iki par\u00e7adan olu\u015fmaktad\u0131r. H\u0131zl\u0131 kuruma \u00f6zelli\u011fi olan esnek kuma\u015ftan \u00fcretilmi\u015ftir. Parlak olan yerleri sim de\u011fildir. Kuma\u015f \u00f6zelli\u011fidir bu sayede d\u00f6k\u00fclme yapmaz. G\u00f6\u011f\u00fcs pedi vard\u0131r.<\/p>\n","protected":false},"excerpt":{"rendered":"<p>Bikini Tak\u0131m\u0131 Siyah Simli Simli bikini tak\u0131m\u0131 iki par\u00e7adan olu\u015fmaktad\u0131r. H\u0131zl\u0131 kuruma \u00f6zelli\u011fi olan esnek&hellip;<\/p>\n","protected":false},"featured_media":52917,"comment_status":"closed","ping_status":"open","template":"","meta":[],"product_brand":[2562],"product_cat":[2503],"product_tag":[],"class_list":{"0":"post-52914","1":"product","2":"type-product","3":"status-publish","4":"has-post-thumbnail","6":"product_brand-starinci-mayo","7":"product_cat-bikini","8":"pa_color-siyah","9":"pa_size-2587","10":"pa_size-2581","11":"pa_size-2582","12":"pa_size-2583","14":"first","15":"instock","16":"shipping-taxable","17":"purchasable","18":"product-type-variable","19":"layout-style-2","20":"col-md-4 col-sm-4 col-xs-6","21":"col-lg-4","22":"product-has-gallery","23":"product-style-slider"},"yoast_head":"<!-- This site is optimized with the Yoast SEO plugin v25.8 - https:\/\/yoast.com\/wordpress\/plugins\/seo\/ -->\n<title>Bikini Tak\u0131m\u0131 Siyah G\u00fcm\u00fc\u015f Parlak Kuma\u015f - BURKINISTAR<\/title>\n<meta name=\"robots\" content=\"index, follow, max-snippet:-1, max-image-preview:large, max-video-preview:-1\" \/>\n<link rel=\"canonical\" href=\"https:\/\/burkinistar.com\/?product=bikini-takimi-siyah-gumus-parlak-kumas\" \/>\n<meta property=\"og:locale\" content=\"en_US\" \/>\n<meta property=\"og:type\" content=\"article\" \/>\n<meta property=\"og:title\" content=\"Bikini Tak\u0131m\u0131 Siyah G\u00fcm\u00fc\u015f Parlak Kuma\u015f - BURKINISTAR\" \/>\n<meta property=\"og:description\" content=\"Bikini Tak\u0131m\u0131 Siyah Simli Simli bikini tak\u0131m\u0131 iki par\u00e7adan olu\u015fmaktad\u0131r. H\u0131zl\u0131 kuruma \u00f6zelli\u011fi olan esnek&hellip;\" \/>\n<meta property=\"og:url\" content=\"https:\/\/burkinistar.com\/?product=bikini-takimi-siyah-gumus-parlak-kumas\" \/>\n<meta property=\"og:site_name\" content=\"BURKINISTAR\" \/>\n<meta property=\"article:modified_time\" content=\"2025-08-30T11:40:17+00:00\" \/>\n<meta property=\"og:image\" content=\"https:\/\/burkinistar.com\/wp-content\/uploads\/2025\/08\/bikinibikini-takimi-siyah-gumus-parlak-536f5a.jpg\" \/>\n\t<meta property=\"og:image:width\" content=\"600\" \/>\n\t<meta property=\"og:image:height\" content=\"900\" \/>\n\t<meta property=\"og:image:type\" content=\"image\/jpeg\" \/>\n<meta name=\"twitter:card\" content=\"summary_large_image\" \/>\n<script type=\"application\/ld+json\" class=\"yoast-schema-graph\">{\"@context\":\"https:\/\/schema.org\",\"@graph\":[{\"@type\":\"WebPage\",\"@id\":\"https:\/\/burkinistar.com\/?product=bikini-takimi-siyah-gumus-parlak-kumas\",\"url\":\"https:\/\/burkinistar.com\/?product=bikini-takimi-siyah-gumus-parlak-kumas\",\"name\":\"Bikini Tak\u0131m\u0131 Siyah G\u00fcm\u00fc\u015f Parlak Kuma\u015f - BURKINISTAR\",\"isPartOf\":{\"@id\":\"https:\/\/burkinistar.com\/#website\"},\"primaryImageOfPage\":{\"@id\":\"https:\/\/burkinistar.com\/?product=bikini-takimi-siyah-gumus-parlak-kumas#primaryimage\"},\"image\":{\"@id\":\"https:\/\/burkinistar.com\/?product=bikini-takimi-siyah-gumus-parlak-kumas#primaryimage\"},\"thumbnailUrl\":\"https:\/\/burkinistar.com\/wp-content\/uploads\/2025\/08\/bikinibikini-takimi-siyah-gumus-parlak-536f5a.jpg\",\"datePublished\":\"2025-08-30T11:40:04+00:00\",\"dateModified\":\"2025-08-30T11:40:17+00:00\",\"breadcrumb\":{\"@id\":\"https:\/\/burkinistar.com\/?product=bikini-takimi-siyah-gumus-parlak-kumas#breadcrumb\"},\"inLanguage\":\"en-US\",\"potentialAction\":[{\"@type\":\"ReadAction\",\"target\":[\"https:\/\/burkinistar.com\/?product=bikini-takimi-siyah-gumus-parlak-kumas\"]}]},{\"@type\":\"ImageObject\",\"inLanguage\":\"en-US\",\"@id\":\"https:\/\/burkinistar.com\/?product=bikini-takimi-siyah-gumus-parlak-kumas#primaryimage\",\"url\":\"https:\/\/burkinistar.com\/wp-content\/uploads\/2025\/08\/bikinibikini-takimi-siyah-gumus-parlak-536f5a.jpg\",\"contentUrl\":\"https:\/\/burkinistar.com\/wp-content\/uploads\/2025\/08\/bikinibikini-takimi-siyah-gumus-parlak-536f5a.jpg\",\"width\":600,\"height\":900},{\"@type\":\"BreadcrumbList\",\"@id\":\"https:\/\/burkinistar.com\/?product=bikini-takimi-siyah-gumus-parlak-kumas#breadcrumb\",\"itemListElement\":[{\"@type\":\"ListItem\",\"position\":1,\"name\":\"Homepage\",\"item\":\"https:\/\/burkinistar.com\/\"},{\"@type\":\"ListItem\",\"position\":2,\"name\":\"All Products\",\"item\":\"https:\/\/burkinistar.com\/?page_id=8\"},{\"@type\":\"ListItem\",\"position\":3,\"name\":\"Bikini Tak\u0131m\u0131 Siyah G\u00fcm\u00fc\u015f Parlak Kuma\u015f\"}]},{\"@type\":\"WebSite\",\"@id\":\"https:\/\/burkinistar.com\/#website\",\"url\":\"https:\/\/burkinistar.com\/\",\"name\":\"BURKINISTAR\",\"description\":\"The Best Modest Swimwear and Bikini Store | Burkinistar\",\"potentialAction\":[{\"@type\":\"SearchAction\",\"target\":{\"@type\":\"EntryPoint\",\"urlTemplate\":\"https:\/\/burkinistar.com\/?s={search_term_string}\"},\"query-input\":{\"@type\":\"PropertyValueSpecification\",\"valueRequired\":true,\"valueName\":\"search_term_string\"}}],\"inLanguage\":\"en-US\"}]}<\/script>\n<!-- \/ Yoast SEO plugin. -->","yoast_head_json":{"title":"Bikini Tak\u0131m\u0131 Siyah G\u00fcm\u00fc\u015f Parlak Kuma\u015f - BURKINISTAR","robots":{"index":"index","follow":"follow","max-snippet":"max-snippet:-1","max-image-preview":"max-image-preview:large","max-video-preview":"max-video-preview:-1"},"canonical":"https:\/\/burkinistar.com\/?product=bikini-takimi-siyah-gumus-parlak-kumas","og_locale":"en_US","og_type":"article","og_title":"Bikini Tak\u0131m\u0131 Siyah G\u00fcm\u00fc\u015f Parlak Kuma\u015f - BURKINISTAR","og_description":"Bikini Tak\u0131m\u0131 Siyah Simli Simli bikini tak\u0131m\u0131 iki par\u00e7adan olu\u015fmaktad\u0131r. H\u0131zl\u0131 kuruma \u00f6zelli\u011fi olan esnek&hellip;","og_url":"https:\/\/burkinistar.com\/?product=bikini-takimi-siyah-gumus-parlak-kumas","og_site_name":"BURKINISTAR","article_modified_time":"2025-08-30T11:40:17+00:00","og_image":[{"width":600,"height":900,"url":"https:\/\/burkinistar.com\/wp-content\/uploads\/2025\/08\/bikinibikini-takimi-siyah-gumus-parlak-536f5a.jpg","type":"image\/jpeg"}],"twitter_card":"summary_large_image","schema":{"@context":"https:\/\/schema.org","@graph":[{"@type":"WebPage","@id":"https:\/\/burkinistar.com\/?product=bikini-takimi-siyah-gumus-parlak-kumas","url":"https:\/\/burkinistar.com\/?product=bikini-takimi-siyah-gumus-parlak-kumas","name":"Bikini Tak\u0131m\u0131 Siyah G\u00fcm\u00fc\u015f Parlak Kuma\u015f - BURKINISTAR","isPartOf":{"@id":"https:\/\/burkinistar.com\/#website"},"primaryImageOfPage":{"@id":"https:\/\/burkinistar.com\/?product=bikini-takimi-siyah-gumus-parlak-kumas#primaryimage"},"image":{"@id":"https:\/\/burkinistar.com\/?product=bikini-takimi-siyah-gumus-parlak-kumas#primaryimage"},"thumbnailUrl":"https:\/\/burkinistar.com\/wp-content\/uploads\/2025\/08\/bikinibikini-takimi-siyah-gumus-parlak-536f5a.jpg","datePublished":"2025-08-30T11:40:04+00:00","dateModified":"2025-08-30T11:40:17+00:00","breadcrumb":{"@id":"https:\/\/burkinistar.com\/?product=bikini-takimi-siyah-gumus-parlak-kumas#breadcrumb"},"inLanguage":"en-US","potentialAction":[{"@type":"ReadAction","target":["https:\/\/burkinistar.com\/?product=bikini-takimi-siyah-gumus-parlak-kumas"]}]},{"@type":"ImageObject","inLanguage":"en-US","@id":"https:\/\/burkinistar.com\/?product=bikini-takimi-siyah-gumus-parlak-kumas#primaryimage","url":"https:\/\/burkinistar.com\/wp-content\/uploads\/2025\/08\/bikinibikini-takimi-siyah-gumus-parlak-536f5a.jpg","contentUrl":"https:\/\/burkinistar.com\/wp-content\/uploads\/2025\/08\/bikinibikini-takimi-siyah-gumus-parlak-536f5a.jpg","width":600,"height":900},{"@type":"BreadcrumbList","@id":"https:\/\/burkinistar.com\/?product=bikini-takimi-siyah-gumus-parlak-kumas#breadcrumb","itemListElement":[{"@type":"ListItem","position":1,"name":"Homepage","item":"https:\/\/burkinistar.com\/"},{"@type":"ListItem","position":2,"name":"All Products","item":"https:\/\/burkinistar.com\/?page_id=8"},{"@type":"ListItem","position":3,"name":"Bikini Tak\u0131m\u0131 Siyah G\u00fcm\u00fc\u015f Parlak Kuma\u015f"}]},{"@type":"WebSite","@id":"https:\/\/burkinistar.com\/#website","url":"https:\/\/burkinistar.com\/","name":"BURKINISTAR","description":"The Best Modest Swimwear and Bikini Store | Burkinistar","potentialAction":[{"@type":"SearchAction","target":{"@type":"EntryPoint","urlTemplate":"https:\/\/burkinistar.com\/?s={search_term_string}"},"query-input":{"@type":"PropertyValueSpecification","valueRequired":true,"valueName":"search_term_string"}}],"inLanguage":"en-US"}]}},"_links":{"self":[{"href":"https:\/\/burkinistar.com\/index.php?rest_route=\/wp\/v2\/product\/52914","targetHints":{"allow":["GET"]}}],"collection":[{"href":"https:\/\/burkinistar.com\/index.php?rest_route=\/wp\/v2\/product"}],"about":[{"href":"https:\/\/burkinistar.com\/index.php?rest_route=\/wp\/v2\/types\/product"}],"replies":[{"embeddable":true,"href":"https:\/\/burkinistar.com\/index.php?rest_route=%2Fwp%2Fv2%2Fcomments&post=52914"}],"version-history":[{"count":1,"href":"https:\/\/burkinistar.com\/index.php?rest_route=\/wp\/v2\/product\/52914\/revisions"}],"predecessor-version":[{"id":52915,"href":"https:\/\/burkinistar.com\/index.php?rest_route=\/wp\/v2\/product\/52914\/revisions\/52915"}],"wp:featuredmedia":[{"embeddable":true,"href":"https:\/\/burkinistar.com\/index.php?rest_route=\/wp\/v2\/media\/52917"}],"wp:attachment":[{"href":"https:\/\/burkinistar.com\/index.php?rest_route=%2Fwp%2Fv2%2Fmedia&parent=52914"}],"wp:term":[{"taxonomy":"product_brand","embeddable":true,"href":"https:\/\/burkinistar.com\/index.php?rest_route=%2Fwp%2Fv2%2Fproduct_brand&post=52914"},{"taxonomy":"product_cat","embeddable":true,"href":"https:\/\/burkinistar.com\/index.php?rest_route=%2Fwp%2Fv2%2Fproduct_cat&post=52914"},{"taxonomy":"product_tag","embeddable":true,"href":"https:\/\/burkinistar.com\/index.php?rest_route=%2Fwp%2Fv2%2Fproduct_tag&post=52914"}],"curies":[{"name":"wp","href":"https:\/\/api.w.org\/{rel}","templated":true}]}}