{"id":52956,"date":"2025-08-30T11:40:18","date_gmt":"2025-08-30T11:40:18","guid":{"rendered":"https:\/\/burkinistar.com\/?product=tam-kapali-tesettur-mayo-renkli-dev-cicekli-lacivert"},"modified":"2025-08-30T11:40:37","modified_gmt":"2025-08-30T11:40:37","slug":"tam-kapali-tesettur-mayo-renkli-dev-cicekli-lacivert","status":"publish","type":"product","link":"https:\/\/burkinistar.com\/?product=tam-kapali-tesettur-mayo-renkli-dev-cicekli-lacivert","title":{"rendered":"Tam Kapal\u0131 Tesett\u00fcr Mayo Renkli Dev \u00c7i\u00e7ekli Lacivert"},"content":{"rendered":"<h2>Tam Kapal\u0131 Para\u015f\u00fct Kuma\u015f Renkli Tasar\u0131m Teset\u00fcr Mayo 1326<\/h2>\n<ul>\n<li>Tunik ve pantolon para\u015f\u00fct kuma\u015ftan, bone ve b\u00fcstiyer likral\u0131 kuma\u015ftan \u00fcretilmi\u015ftir.<\/li>\n<li>Tunik ve pantolonun h\u0131zl\u0131 kuruma \u00f6zelli\u011fi vard\u0131r.<\/li>\n<li>Bonenin esnek kuma\u015ftan yap\u0131lmas\u0131 kullan\u0131m rahatl\u0131\u011f\u0131 sa\u011flayca\u011f\u0131ndan likral\u0131 kuma\u015f tercih edilmi\u015ftir.<\/li>\n<li>B\u00fcstiyeri esnek kuma\u015f oldu\u011fundan dolay\u0131 y\u00fczme hareketlerinizi k\u0131s\u0131tlamaz, b\u00fcstiyerinde g\u00f6\u011f\u00fcs pedi vard\u0131r.<\/li>\n<li>Pantolon pa\u00e7as\u0131nda ve tuni\u011fin bel k\u0131sm\u0131nda ayarlanabilir lastik vard\u0131r.<\/li>\n<li>Havuzda, denizde ve termal sularda kullan\u0131ma uygundur.<\/li>\n<li>Tuni\u011fin tamam\u0131 desenli ve renkli oldu\u011fundan kullan\u0131m esnas\u0131nda v\u00fccut hatlar\u0131n\u0131z\u0131 en iyi \u015fekilde gizleyecektir.<\/li>\n<li>Beden se\u00e7iminde foto\u011fraflarda bulunan beden tablosunu dikkate alarak se\u00e7im yapabilirsiniz.<\/li>\n<li>Bu \u00fcr\u00fcn hmm markas\u0131 taraf\u0131ndan starinci i\u00e7in \u00fcretilmi\u015ftir.<\/li>\n<\/ul>\n","protected":false},"excerpt":{"rendered":"<p>Tam Kapal\u0131 Para\u015f\u00fct Kuma\u015f Renkli Tasar\u0131m Teset\u00fcr Mayo 1326 Tunik ve pantolon para\u015f\u00fct kuma\u015ftan, bone&hellip;<\/p>\n","protected":false},"featured_media":52959,"comment_status":"closed","ping_status":"open","template":"","meta":[],"product_brand":[2562],"product_cat":[2563,2556],"product_tag":[],"class_list":{"0":"post-52956","1":"product","2":"type-product","3":"status-publish","4":"has-post-thumbnail","6":"product_brand-starinci-mayo","7":"product_cat-tam-kapali-tesettur-mayo","8":"product_cat-tesettur-mayo","9":"pa_color-lacivert","10":"pa_size-2581","11":"pa_size-2582","12":"pa_size-2583","13":"pa_size-2584","14":"pa_size-2585","15":"pa_size-2588","17":"first","18":"instock","19":"shipping-taxable","20":"purchasable","21":"product-type-variable","22":"layout-style-2","23":"col-md-4 col-sm-4 col-xs-6","24":"col-lg-4","25":"product-has-gallery","26":"product-style-slider"},"yoast_head":"<!-- This site is optimized with the Yoast SEO plugin v25.8 - https:\/\/yoast.com\/wordpress\/plugins\/seo\/ -->\n<title>Tam Kapal\u0131 Tesett\u00fcr Mayo Renkli Dev \u00c7i\u00e7ekli Lacivert - BURKINISTAR<\/title>\n<meta name=\"robots\" content=\"index, follow, max-snippet:-1, max-image-preview:large, max-video-preview:-1\" \/>\n<link rel=\"canonical\" href=\"https:\/\/burkinistar.com\/?product=tam-kapali-tesettur-mayo-renkli-dev-cicekli-lacivert\" \/>\n<meta property=\"og:locale\" content=\"en_US\" \/>\n<meta property=\"og:type\" content=\"article\" \/>\n<meta property=\"og:title\" content=\"Tam Kapal\u0131 Tesett\u00fcr Mayo Renkli Dev \u00c7i\u00e7ekli Lacivert - BURKINISTAR\" \/>\n<meta property=\"og:description\" content=\"Tam Kapal\u0131 Para\u015f\u00fct Kuma\u015f Renkli Tasar\u0131m Teset\u00fcr Mayo 1326 Tunik ve pantolon para\u015f\u00fct kuma\u015ftan, bone&hellip;\" \/>\n<meta property=\"og:url\" content=\"https:\/\/burkinistar.com\/?product=tam-kapali-tesettur-mayo-renkli-dev-cicekli-lacivert\" \/>\n<meta property=\"og:site_name\" content=\"BURKINISTAR\" \/>\n<meta property=\"article:modified_time\" content=\"2025-08-30T11:40:37+00:00\" \/>\n<meta property=\"og:image\" content=\"https:\/\/burkinistar.com\/wp-content\/uploads\/2025\/08\/tam-kapali-tesettur-mayotam-kapali-tes-d4-8f3.jpg\" \/>\n\t<meta property=\"og:image:width\" content=\"600\" \/>\n\t<meta property=\"og:image:height\" content=\"900\" \/>\n\t<meta property=\"og:image:type\" content=\"image\/jpeg\" \/>\n<meta name=\"twitter:card\" content=\"summary_large_image\" \/>\n<meta name=\"twitter:label1\" content=\"Est. reading time\" \/>\n\t<meta name=\"twitter:data1\" content=\"1 minute\" \/>\n<script type=\"application\/ld+json\" class=\"yoast-schema-graph\">{\"@context\":\"https:\/\/schema.org\",\"@graph\":[{\"@type\":\"WebPage\",\"@id\":\"https:\/\/burkinistar.com\/?product=tam-kapali-tesettur-mayo-renkli-dev-cicekli-lacivert\",\"url\":\"https:\/\/burkinistar.com\/?product=tam-kapali-tesettur-mayo-renkli-dev-cicekli-lacivert\",\"name\":\"Tam Kapal\u0131 Tesett\u00fcr Mayo Renkli Dev \u00c7i\u00e7ekli Lacivert - BURKINISTAR\",\"isPartOf\":{\"@id\":\"https:\/\/burkinistar.com\/#website\"},\"primaryImageOfPage\":{\"@id\":\"https:\/\/burkinistar.com\/?product=tam-kapali-tesettur-mayo-renkli-dev-cicekli-lacivert#primaryimage\"},\"image\":{\"@id\":\"https:\/\/burkinistar.com\/?product=tam-kapali-tesettur-mayo-renkli-dev-cicekli-lacivert#primaryimage\"},\"thumbnailUrl\":\"https:\/\/burkinistar.com\/wp-content\/uploads\/2025\/08\/tam-kapali-tesettur-mayotam-kapali-tes-d4-8f3.jpg\",\"datePublished\":\"2025-08-30T11:40:18+00:00\",\"dateModified\":\"2025-08-30T11:40:37+00:00\",\"breadcrumb\":{\"@id\":\"https:\/\/burkinistar.com\/?product=tam-kapali-tesettur-mayo-renkli-dev-cicekli-lacivert#breadcrumb\"},\"inLanguage\":\"en-US\",\"potentialAction\":[{\"@type\":\"ReadAction\",\"target\":[\"https:\/\/burkinistar.com\/?product=tam-kapali-tesettur-mayo-renkli-dev-cicekli-lacivert\"]}]},{\"@type\":\"ImageObject\",\"inLanguage\":\"en-US\",\"@id\":\"https:\/\/burkinistar.com\/?product=tam-kapali-tesettur-mayo-renkli-dev-cicekli-lacivert#primaryimage\",\"url\":\"https:\/\/burkinistar.com\/wp-content\/uploads\/2025\/08\/tam-kapali-tesettur-mayotam-kapali-tes-d4-8f3.jpg\",\"contentUrl\":\"https:\/\/burkinistar.com\/wp-content\/uploads\/2025\/08\/tam-kapali-tesettur-mayotam-kapali-tes-d4-8f3.jpg\",\"width\":600,\"height\":900},{\"@type\":\"BreadcrumbList\",\"@id\":\"https:\/\/burkinistar.com\/?product=tam-kapali-tesettur-mayo-renkli-dev-cicekli-lacivert#breadcrumb\",\"itemListElement\":[{\"@type\":\"ListItem\",\"position\":1,\"name\":\"Homepage\",\"item\":\"https:\/\/burkinistar.com\/\"},{\"@type\":\"ListItem\",\"position\":2,\"name\":\"All Products\",\"item\":\"https:\/\/burkinistar.com\/?page_id=8\"},{\"@type\":\"ListItem\",\"position\":3,\"name\":\"Tam Kapal\u0131 Tesett\u00fcr Mayo Renkli Dev \u00c7i\u00e7ekli Lacivert\"}]},{\"@type\":\"WebSite\",\"@id\":\"https:\/\/burkinistar.com\/#website\",\"url\":\"https:\/\/burkinistar.com\/\",\"name\":\"BURKINISTAR\",\"description\":\"The Best Modest Swimwear and Bikini Store | Burkinistar\",\"potentialAction\":[{\"@type\":\"SearchAction\",\"target\":{\"@type\":\"EntryPoint\",\"urlTemplate\":\"https:\/\/burkinistar.com\/?s={search_term_string}\"},\"query-input\":{\"@type\":\"PropertyValueSpecification\",\"valueRequired\":true,\"valueName\":\"search_term_string\"}}],\"inLanguage\":\"en-US\"}]}<\/script>\n<!-- \/ Yoast SEO plugin. -->","yoast_head_json":{"title":"Tam Kapal\u0131 Tesett\u00fcr Mayo Renkli Dev \u00c7i\u00e7ekli Lacivert - BURKINISTAR","robots":{"index":"index","follow":"follow","max-snippet":"max-snippet:-1","max-image-preview":"max-image-preview:large","max-video-preview":"max-video-preview:-1"},"canonical":"https:\/\/burkinistar.com\/?product=tam-kapali-tesettur-mayo-renkli-dev-cicekli-lacivert","og_locale":"en_US","og_type":"article","og_title":"Tam Kapal\u0131 Tesett\u00fcr Mayo Renkli Dev \u00c7i\u00e7ekli Lacivert - BURKINISTAR","og_description":"Tam Kapal\u0131 Para\u015f\u00fct Kuma\u015f Renkli Tasar\u0131m Teset\u00fcr Mayo 1326 Tunik ve pantolon para\u015f\u00fct kuma\u015ftan, bone&hellip;","og_url":"https:\/\/burkinistar.com\/?product=tam-kapali-tesettur-mayo-renkli-dev-cicekli-lacivert","og_site_name":"BURKINISTAR","article_modified_time":"2025-08-30T11:40:37+00:00","og_image":[{"width":600,"height":900,"url":"https:\/\/burkinistar.com\/wp-content\/uploads\/2025\/08\/tam-kapali-tesettur-mayotam-kapali-tes-d4-8f3.jpg","type":"image\/jpeg"}],"twitter_card":"summary_large_image","twitter_misc":{"Est. reading time":"1 minute"},"schema":{"@context":"https:\/\/schema.org","@graph":[{"@type":"WebPage","@id":"https:\/\/burkinistar.com\/?product=tam-kapali-tesettur-mayo-renkli-dev-cicekli-lacivert","url":"https:\/\/burkinistar.com\/?product=tam-kapali-tesettur-mayo-renkli-dev-cicekli-lacivert","name":"Tam Kapal\u0131 Tesett\u00fcr Mayo Renkli Dev \u00c7i\u00e7ekli Lacivert - BURKINISTAR","isPartOf":{"@id":"https:\/\/burkinistar.com\/#website"},"primaryImageOfPage":{"@id":"https:\/\/burkinistar.com\/?product=tam-kapali-tesettur-mayo-renkli-dev-cicekli-lacivert#primaryimage"},"image":{"@id":"https:\/\/burkinistar.com\/?product=tam-kapali-tesettur-mayo-renkli-dev-cicekli-lacivert#primaryimage"},"thumbnailUrl":"https:\/\/burkinistar.com\/wp-content\/uploads\/2025\/08\/tam-kapali-tesettur-mayotam-kapali-tes-d4-8f3.jpg","datePublished":"2025-08-30T11:40:18+00:00","dateModified":"2025-08-30T11:40:37+00:00","breadcrumb":{"@id":"https:\/\/burkinistar.com\/?product=tam-kapali-tesettur-mayo-renkli-dev-cicekli-lacivert#breadcrumb"},"inLanguage":"en-US","potentialAction":[{"@type":"ReadAction","target":["https:\/\/burkinistar.com\/?product=tam-kapali-tesettur-mayo-renkli-dev-cicekli-lacivert"]}]},{"@type":"ImageObject","inLanguage":"en-US","@id":"https:\/\/burkinistar.com\/?product=tam-kapali-tesettur-mayo-renkli-dev-cicekli-lacivert#primaryimage","url":"https:\/\/burkinistar.com\/wp-content\/uploads\/2025\/08\/tam-kapali-tesettur-mayotam-kapali-tes-d4-8f3.jpg","contentUrl":"https:\/\/burkinistar.com\/wp-content\/uploads\/2025\/08\/tam-kapali-tesettur-mayotam-kapali-tes-d4-8f3.jpg","width":600,"height":900},{"@type":"BreadcrumbList","@id":"https:\/\/burkinistar.com\/?product=tam-kapali-tesettur-mayo-renkli-dev-cicekli-lacivert#breadcrumb","itemListElement":[{"@type":"ListItem","position":1,"name":"Homepage","item":"https:\/\/burkinistar.com\/"},{"@type":"ListItem","position":2,"name":"All Products","item":"https:\/\/burkinistar.com\/?page_id=8"},{"@type":"ListItem","position":3,"name":"Tam Kapal\u0131 Tesett\u00fcr Mayo Renkli Dev \u00c7i\u00e7ekli Lacivert"}]},{"@type":"WebSite","@id":"https:\/\/burkinistar.com\/#website","url":"https:\/\/burkinistar.com\/","name":"BURKINISTAR","description":"The Best Modest Swimwear and Bikini Store | Burkinistar","potentialAction":[{"@type":"SearchAction","target":{"@type":"EntryPoint","urlTemplate":"https:\/\/burkinistar.com\/?s={search_term_string}"},"query-input":{"@type":"PropertyValueSpecification","valueRequired":true,"valueName":"search_term_string"}}],"inLanguage":"en-US"}]}},"_links":{"self":[{"href":"https:\/\/burkinistar.com\/index.php?rest_route=\/wp\/v2\/product\/52956","targetHints":{"allow":["GET"]}}],"collection":[{"href":"https:\/\/burkinistar.com\/index.php?rest_route=\/wp\/v2\/product"}],"about":[{"href":"https:\/\/burkinistar.com\/index.php?rest_route=\/wp\/v2\/types\/product"}],"replies":[{"embeddable":true,"href":"https:\/\/burkinistar.com\/index.php?rest_route=%2Fwp%2Fv2%2Fcomments&post=52956"}],"version-history":[{"count":1,"href":"https:\/\/burkinistar.com\/index.php?rest_route=\/wp\/v2\/product\/52956\/revisions"}],"predecessor-version":[{"id":52957,"href":"https:\/\/burkinistar.com\/index.php?rest_route=\/wp\/v2\/product\/52956\/revisions\/52957"}],"wp:featuredmedia":[{"embeddable":true,"href":"https:\/\/burkinistar.com\/index.php?rest_route=\/wp\/v2\/media\/52959"}],"wp:attachment":[{"href":"https:\/\/burkinistar.com\/index.php?rest_route=%2Fwp%2Fv2%2Fmedia&parent=52956"}],"wp:term":[{"taxonomy":"product_brand","embeddable":true,"href":"https:\/\/burkinistar.com\/index.php?rest_route=%2Fwp%2Fv2%2Fproduct_brand&post=52956"},{"taxonomy":"product_cat","embeddable":true,"href":"https:\/\/burkinistar.com\/index.php?rest_route=%2Fwp%2Fv2%2Fproduct_cat&post=52956"},{"taxonomy":"product_tag","embeddable":true,"href":"https:\/\/burkinistar.com\/index.php?rest_route=%2Fwp%2Fv2%2Fproduct_tag&post=52956"}],"curies":[{"name":"wp","href":"https:\/\/api.w.org\/{rel}","templated":true}]}}