{"id":53016,"date":"2025-08-30T11:40:38","date_gmt":"2025-08-30T11:40:38","guid":{"rendered":"https:\/\/burkinistar.com\/?product=mayokini-parlak-beyaz-yilan-derisi-desenli"},"modified":"2025-08-30T11:40:49","modified_gmt":"2025-08-30T11:40:49","slug":"mayokini-parlak-beyaz-yilan-derisi-desenli","status":"publish","type":"product","link":"https:\/\/burkinistar.com\/?product=mayokini-parlak-beyaz-yilan-derisi-desenli","title":{"rendered":"Mayokini Parlak Beyaz Y\u0131lan Derisi Desenli"},"content":{"rendered":"<p>Siyah Tek Par\u00e7a Mayo \u015eehir Desen Modelin tamam\u0131 astarl\u0131d\u0131r. H\u0131zl\u0131 kuruma \u00f6zelli\u011fi olan esnek kuma\u015ftan \u00fcretilmi\u015ftir. Ask\u0131lar\u0131 ayaralanabilir. Parlak g\u00f6r\u00fcnt\u00fcler sim de\u011fildir. D\u00f6k\u00fclme yapmaz. Bu \u00fcr\u00fcn ba\u015fka markalar taraf\u0131ndan starinci i\u00e7i \u00fcretilmi\u015ftir.<\/p>\n","protected":false},"excerpt":{"rendered":"<p>Siyah Tek Par\u00e7a Mayo \u015eehir Desen Modelin tamam\u0131 astarl\u0131d\u0131r. H\u0131zl\u0131 kuruma \u00f6zelli\u011fi olan esnek kuma\u015ftan&hellip;<\/p>\n","protected":false},"featured_media":53019,"comment_status":"closed","ping_status":"open","template":"","meta":[],"product_brand":[2562],"product_cat":[2503],"product_tag":[],"class_list":{"0":"post-53016","1":"product","2":"type-product","3":"status-publish","4":"has-post-thumbnail","6":"product_brand-starinci-mayo","7":"product_cat-bikini","8":"pa_color-beyaz","9":"pa_size-2587","10":"pa_size-2581","11":"pa_size-2582","12":"pa_size-2583","14":"first","15":"instock","16":"shipping-taxable","17":"purchasable","18":"product-type-variable","19":"layout-style-2","20":"col-md-4 col-sm-4 col-xs-6","21":"col-lg-4","22":"product-has-gallery","23":"product-style-slider"},"yoast_head":"<!-- This site is optimized with the Yoast SEO plugin v25.8 - https:\/\/yoast.com\/wordpress\/plugins\/seo\/ -->\n<title>Mayokini Parlak Beyaz Y\u0131lan Derisi Desenli - BURKINISTAR<\/title>\n<meta name=\"robots\" content=\"index, follow, max-snippet:-1, max-image-preview:large, max-video-preview:-1\" \/>\n<link rel=\"canonical\" href=\"https:\/\/burkinistar.com\/?product=mayokini-parlak-beyaz-yilan-derisi-desenli\" \/>\n<meta property=\"og:locale\" content=\"en_US\" \/>\n<meta property=\"og:type\" content=\"article\" \/>\n<meta property=\"og:title\" content=\"Mayokini Parlak Beyaz Y\u0131lan Derisi Desenli - BURKINISTAR\" \/>\n<meta property=\"og:description\" content=\"Siyah Tek Par\u00e7a Mayo \u015eehir Desen Modelin tamam\u0131 astarl\u0131d\u0131r. H\u0131zl\u0131 kuruma \u00f6zelli\u011fi olan esnek kuma\u015ftan&hellip;\" \/>\n<meta property=\"og:url\" content=\"https:\/\/burkinistar.com\/?product=mayokini-parlak-beyaz-yilan-derisi-desenli\" \/>\n<meta property=\"og:site_name\" content=\"BURKINISTAR\" \/>\n<meta property=\"article:modified_time\" content=\"2025-08-30T11:40:49+00:00\" \/>\n<meta property=\"og:image\" content=\"https:\/\/burkinistar.com\/wp-content\/uploads\/2025\/08\/bikinimayokini-parlak-beyaz-yilan-deri-1-40a4.jpg\" \/>\n\t<meta property=\"og:image:width\" content=\"600\" \/>\n\t<meta property=\"og:image:height\" content=\"900\" \/>\n\t<meta property=\"og:image:type\" content=\"image\/jpeg\" \/>\n<meta name=\"twitter:card\" content=\"summary_large_image\" \/>\n<script type=\"application\/ld+json\" class=\"yoast-schema-graph\">{\"@context\":\"https:\/\/schema.org\",\"@graph\":[{\"@type\":\"WebPage\",\"@id\":\"https:\/\/burkinistar.com\/?product=mayokini-parlak-beyaz-yilan-derisi-desenli\",\"url\":\"https:\/\/burkinistar.com\/?product=mayokini-parlak-beyaz-yilan-derisi-desenli\",\"name\":\"Mayokini Parlak Beyaz Y\u0131lan Derisi Desenli - BURKINISTAR\",\"isPartOf\":{\"@id\":\"https:\/\/burkinistar.com\/#website\"},\"primaryImageOfPage\":{\"@id\":\"https:\/\/burkinistar.com\/?product=mayokini-parlak-beyaz-yilan-derisi-desenli#primaryimage\"},\"image\":{\"@id\":\"https:\/\/burkinistar.com\/?product=mayokini-parlak-beyaz-yilan-derisi-desenli#primaryimage\"},\"thumbnailUrl\":\"https:\/\/burkinistar.com\/wp-content\/uploads\/2025\/08\/bikinimayokini-parlak-beyaz-yilan-deri-1-40a4.jpg\",\"datePublished\":\"2025-08-30T11:40:38+00:00\",\"dateModified\":\"2025-08-30T11:40:49+00:00\",\"breadcrumb\":{\"@id\":\"https:\/\/burkinistar.com\/?product=mayokini-parlak-beyaz-yilan-derisi-desenli#breadcrumb\"},\"inLanguage\":\"en-US\",\"potentialAction\":[{\"@type\":\"ReadAction\",\"target\":[\"https:\/\/burkinistar.com\/?product=mayokini-parlak-beyaz-yilan-derisi-desenli\"]}]},{\"@type\":\"ImageObject\",\"inLanguage\":\"en-US\",\"@id\":\"https:\/\/burkinistar.com\/?product=mayokini-parlak-beyaz-yilan-derisi-desenli#primaryimage\",\"url\":\"https:\/\/burkinistar.com\/wp-content\/uploads\/2025\/08\/bikinimayokini-parlak-beyaz-yilan-deri-1-40a4.jpg\",\"contentUrl\":\"https:\/\/burkinistar.com\/wp-content\/uploads\/2025\/08\/bikinimayokini-parlak-beyaz-yilan-deri-1-40a4.jpg\",\"width\":600,\"height\":900},{\"@type\":\"BreadcrumbList\",\"@id\":\"https:\/\/burkinistar.com\/?product=mayokini-parlak-beyaz-yilan-derisi-desenli#breadcrumb\",\"itemListElement\":[{\"@type\":\"ListItem\",\"position\":1,\"name\":\"Homepage\",\"item\":\"https:\/\/burkinistar.com\/\"},{\"@type\":\"ListItem\",\"position\":2,\"name\":\"All Products\",\"item\":\"https:\/\/burkinistar.com\/?page_id=8\"},{\"@type\":\"ListItem\",\"position\":3,\"name\":\"Mayokini Parlak Beyaz Y\u0131lan Derisi Desenli\"}]},{\"@type\":\"WebSite\",\"@id\":\"https:\/\/burkinistar.com\/#website\",\"url\":\"https:\/\/burkinistar.com\/\",\"name\":\"BURKINISTAR\",\"description\":\"The Best Modest Swimwear and Bikini Store | Burkinistar\",\"potentialAction\":[{\"@type\":\"SearchAction\",\"target\":{\"@type\":\"EntryPoint\",\"urlTemplate\":\"https:\/\/burkinistar.com\/?s={search_term_string}\"},\"query-input\":{\"@type\":\"PropertyValueSpecification\",\"valueRequired\":true,\"valueName\":\"search_term_string\"}}],\"inLanguage\":\"en-US\"}]}<\/script>\n<!-- \/ Yoast SEO plugin. -->","yoast_head_json":{"title":"Mayokini Parlak Beyaz Y\u0131lan Derisi Desenli - BURKINISTAR","robots":{"index":"index","follow":"follow","max-snippet":"max-snippet:-1","max-image-preview":"max-image-preview:large","max-video-preview":"max-video-preview:-1"},"canonical":"https:\/\/burkinistar.com\/?product=mayokini-parlak-beyaz-yilan-derisi-desenli","og_locale":"en_US","og_type":"article","og_title":"Mayokini Parlak Beyaz Y\u0131lan Derisi Desenli - BURKINISTAR","og_description":"Siyah Tek Par\u00e7a Mayo \u015eehir Desen Modelin tamam\u0131 astarl\u0131d\u0131r. H\u0131zl\u0131 kuruma \u00f6zelli\u011fi olan esnek kuma\u015ftan&hellip;","og_url":"https:\/\/burkinistar.com\/?product=mayokini-parlak-beyaz-yilan-derisi-desenli","og_site_name":"BURKINISTAR","article_modified_time":"2025-08-30T11:40:49+00:00","og_image":[{"width":600,"height":900,"url":"https:\/\/burkinistar.com\/wp-content\/uploads\/2025\/08\/bikinimayokini-parlak-beyaz-yilan-deri-1-40a4.jpg","type":"image\/jpeg"}],"twitter_card":"summary_large_image","schema":{"@context":"https:\/\/schema.org","@graph":[{"@type":"WebPage","@id":"https:\/\/burkinistar.com\/?product=mayokini-parlak-beyaz-yilan-derisi-desenli","url":"https:\/\/burkinistar.com\/?product=mayokini-parlak-beyaz-yilan-derisi-desenli","name":"Mayokini Parlak Beyaz Y\u0131lan Derisi Desenli - BURKINISTAR","isPartOf":{"@id":"https:\/\/burkinistar.com\/#website"},"primaryImageOfPage":{"@id":"https:\/\/burkinistar.com\/?product=mayokini-parlak-beyaz-yilan-derisi-desenli#primaryimage"},"image":{"@id":"https:\/\/burkinistar.com\/?product=mayokini-parlak-beyaz-yilan-derisi-desenli#primaryimage"},"thumbnailUrl":"https:\/\/burkinistar.com\/wp-content\/uploads\/2025\/08\/bikinimayokini-parlak-beyaz-yilan-deri-1-40a4.jpg","datePublished":"2025-08-30T11:40:38+00:00","dateModified":"2025-08-30T11:40:49+00:00","breadcrumb":{"@id":"https:\/\/burkinistar.com\/?product=mayokini-parlak-beyaz-yilan-derisi-desenli#breadcrumb"},"inLanguage":"en-US","potentialAction":[{"@type":"ReadAction","target":["https:\/\/burkinistar.com\/?product=mayokini-parlak-beyaz-yilan-derisi-desenli"]}]},{"@type":"ImageObject","inLanguage":"en-US","@id":"https:\/\/burkinistar.com\/?product=mayokini-parlak-beyaz-yilan-derisi-desenli#primaryimage","url":"https:\/\/burkinistar.com\/wp-content\/uploads\/2025\/08\/bikinimayokini-parlak-beyaz-yilan-deri-1-40a4.jpg","contentUrl":"https:\/\/burkinistar.com\/wp-content\/uploads\/2025\/08\/bikinimayokini-parlak-beyaz-yilan-deri-1-40a4.jpg","width":600,"height":900},{"@type":"BreadcrumbList","@id":"https:\/\/burkinistar.com\/?product=mayokini-parlak-beyaz-yilan-derisi-desenli#breadcrumb","itemListElement":[{"@type":"ListItem","position":1,"name":"Homepage","item":"https:\/\/burkinistar.com\/"},{"@type":"ListItem","position":2,"name":"All Products","item":"https:\/\/burkinistar.com\/?page_id=8"},{"@type":"ListItem","position":3,"name":"Mayokini Parlak Beyaz Y\u0131lan Derisi Desenli"}]},{"@type":"WebSite","@id":"https:\/\/burkinistar.com\/#website","url":"https:\/\/burkinistar.com\/","name":"BURKINISTAR","description":"The Best Modest Swimwear and Bikini Store | Burkinistar","potentialAction":[{"@type":"SearchAction","target":{"@type":"EntryPoint","urlTemplate":"https:\/\/burkinistar.com\/?s={search_term_string}"},"query-input":{"@type":"PropertyValueSpecification","valueRequired":true,"valueName":"search_term_string"}}],"inLanguage":"en-US"}]}},"_links":{"self":[{"href":"https:\/\/burkinistar.com\/index.php?rest_route=\/wp\/v2\/product\/53016","targetHints":{"allow":["GET"]}}],"collection":[{"href":"https:\/\/burkinistar.com\/index.php?rest_route=\/wp\/v2\/product"}],"about":[{"href":"https:\/\/burkinistar.com\/index.php?rest_route=\/wp\/v2\/types\/product"}],"replies":[{"embeddable":true,"href":"https:\/\/burkinistar.com\/index.php?rest_route=%2Fwp%2Fv2%2Fcomments&post=53016"}],"version-history":[{"count":1,"href":"https:\/\/burkinistar.com\/index.php?rest_route=\/wp\/v2\/product\/53016\/revisions"}],"predecessor-version":[{"id":53017,"href":"https:\/\/burkinistar.com\/index.php?rest_route=\/wp\/v2\/product\/53016\/revisions\/53017"}],"wp:featuredmedia":[{"embeddable":true,"href":"https:\/\/burkinistar.com\/index.php?rest_route=\/wp\/v2\/media\/53019"}],"wp:attachment":[{"href":"https:\/\/burkinistar.com\/index.php?rest_route=%2Fwp%2Fv2%2Fmedia&parent=53016"}],"wp:term":[{"taxonomy":"product_brand","embeddable":true,"href":"https:\/\/burkinistar.com\/index.php?rest_route=%2Fwp%2Fv2%2Fproduct_brand&post=53016"},{"taxonomy":"product_cat","embeddable":true,"href":"https:\/\/burkinistar.com\/index.php?rest_route=%2Fwp%2Fv2%2Fproduct_cat&post=53016"},{"taxonomy":"product_tag","embeddable":true,"href":"https:\/\/burkinistar.com\/index.php?rest_route=%2Fwp%2Fv2%2Fproduct_tag&post=53016"}],"curies":[{"name":"wp","href":"https:\/\/api.w.org\/{rel}","templated":true}]}}