{"id":53139,"date":"2025-08-30T11:41:09","date_gmt":"2025-08-30T11:41:09","guid":{"rendered":"https:\/\/burkinistar.com\/?product=bikini-ustu-kruvaze-model-toparlayici-orkide-siyah"},"modified":"2025-08-30T11:41:26","modified_gmt":"2025-08-30T11:41:26","slug":"bikini-ustu-kruvaze-model-toparlayici-orkide-siyah","status":"publish","type":"product","link":"https:\/\/burkinistar.com\/?product=bikini-ustu-kruvaze-model-toparlayici-orkide-siyah","title":{"rendered":"Bikini \u00dcst\u00fc Kruvaze Model Toparlay\u0131c\u0131 Orkide Siyah"},"content":{"rendered":"<p>Bikini \u00dcst\u00fc Toparlay\u0131c\u0131 Siyah Orkide Desen G\u00f6\u011f\u00fcs pedi vard\u0131r ve \u00e7\u0131kar\u0131labilir. Ask\u0131lar\u0131 ayarlanabilir oldu\u011fundan ki\u015fisel tercihlerinize g\u00f6re ayarlayabilirisiniz. Polyamit i\u00e7erikli kuma\u015ftan \u00fcretilmi\u015ftir. H\u0131zl\u0131 kuruma \u00f6zelli\u011fi olan kuma\u015f kullan\u0131lm\u0131\u015ft\u0131r. Arka ba\u011flamas\u0131 tokal\u0131d\u0131r.<\/p>\n","protected":false},"excerpt":{"rendered":"<p>Bikini \u00dcst\u00fc Toparlay\u0131c\u0131 Siyah Orkide Desen G\u00f6\u011f\u00fcs pedi vard\u0131r ve \u00e7\u0131kar\u0131labilir. Ask\u0131lar\u0131 ayarlanabilir oldu\u011fundan ki\u015fisel&hellip;<\/p>\n","protected":false},"featured_media":53142,"comment_status":"closed","ping_status":"open","template":"","meta":[],"product_brand":[2562],"product_cat":[2564,2569],"product_tag":[],"class_list":{"0":"post-53139","1":"product","2":"type-product","3":"status-publish","4":"has-post-thumbnail","6":"product_brand-starinci-mayo","7":"product_cat-plaj","8":"product_cat-ust-grup","9":"pa_color-siyah","10":"pa_size-2581","11":"pa_size-2582","12":"pa_size-2583","13":"pa_size-2584","14":"pa_size-2585","16":"first","17":"instock","18":"shipping-taxable","19":"purchasable","20":"product-type-variable","21":"layout-style-2","22":"col-md-4 col-sm-4 col-xs-6","23":"col-lg-4","24":"product-has-gallery","25":"product-style-slider"},"yoast_head":"<!-- This site is optimized with the Yoast SEO plugin v25.8 - https:\/\/yoast.com\/wordpress\/plugins\/seo\/ -->\n<title>Bikini \u00dcst\u00fc Kruvaze Model Toparlay\u0131c\u0131 Orkide Siyah - BURKINISTAR<\/title>\n<meta name=\"robots\" content=\"index, follow, max-snippet:-1, max-image-preview:large, max-video-preview:-1\" \/>\n<link rel=\"canonical\" href=\"https:\/\/burkinistar.com\/?product=bikini-ustu-kruvaze-model-toparlayici-orkide-siyah\" \/>\n<meta property=\"og:locale\" content=\"en_US\" \/>\n<meta property=\"og:type\" content=\"article\" \/>\n<meta property=\"og:title\" content=\"Bikini \u00dcst\u00fc Kruvaze Model Toparlay\u0131c\u0131 Orkide Siyah - BURKINISTAR\" \/>\n<meta property=\"og:description\" content=\"Bikini \u00dcst\u00fc Toparlay\u0131c\u0131 Siyah Orkide Desen G\u00f6\u011f\u00fcs pedi vard\u0131r ve \u00e7\u0131kar\u0131labilir. Ask\u0131lar\u0131 ayarlanabilir oldu\u011fundan ki\u015fisel&hellip;\" \/>\n<meta property=\"og:url\" content=\"https:\/\/burkinistar.com\/?product=bikini-ustu-kruvaze-model-toparlayici-orkide-siyah\" \/>\n<meta property=\"og:site_name\" content=\"BURKINISTAR\" \/>\n<meta property=\"article:modified_time\" content=\"2025-08-30T11:41:26+00:00\" \/>\n<meta property=\"og:image\" content=\"https:\/\/burkinistar.com\/wp-content\/uploads\/2025\/08\/ust-grupbikini-ustu-kruvaze-model-topa-4-b322.jpg\" \/>\n\t<meta property=\"og:image:width\" content=\"600\" \/>\n\t<meta property=\"og:image:height\" content=\"900\" \/>\n\t<meta property=\"og:image:type\" content=\"image\/jpeg\" \/>\n<meta name=\"twitter:card\" content=\"summary_large_image\" \/>\n<script type=\"application\/ld+json\" class=\"yoast-schema-graph\">{\"@context\":\"https:\/\/schema.org\",\"@graph\":[{\"@type\":\"WebPage\",\"@id\":\"https:\/\/burkinistar.com\/?product=bikini-ustu-kruvaze-model-toparlayici-orkide-siyah\",\"url\":\"https:\/\/burkinistar.com\/?product=bikini-ustu-kruvaze-model-toparlayici-orkide-siyah\",\"name\":\"Bikini \u00dcst\u00fc Kruvaze Model Toparlay\u0131c\u0131 Orkide Siyah - BURKINISTAR\",\"isPartOf\":{\"@id\":\"https:\/\/burkinistar.com\/#website\"},\"primaryImageOfPage\":{\"@id\":\"https:\/\/burkinistar.com\/?product=bikini-ustu-kruvaze-model-toparlayici-orkide-siyah#primaryimage\"},\"image\":{\"@id\":\"https:\/\/burkinistar.com\/?product=bikini-ustu-kruvaze-model-toparlayici-orkide-siyah#primaryimage\"},\"thumbnailUrl\":\"https:\/\/burkinistar.com\/wp-content\/uploads\/2025\/08\/ust-grupbikini-ustu-kruvaze-model-topa-4-b322.jpg\",\"datePublished\":\"2025-08-30T11:41:09+00:00\",\"dateModified\":\"2025-08-30T11:41:26+00:00\",\"breadcrumb\":{\"@id\":\"https:\/\/burkinistar.com\/?product=bikini-ustu-kruvaze-model-toparlayici-orkide-siyah#breadcrumb\"},\"inLanguage\":\"en-US\",\"potentialAction\":[{\"@type\":\"ReadAction\",\"target\":[\"https:\/\/burkinistar.com\/?product=bikini-ustu-kruvaze-model-toparlayici-orkide-siyah\"]}]},{\"@type\":\"ImageObject\",\"inLanguage\":\"en-US\",\"@id\":\"https:\/\/burkinistar.com\/?product=bikini-ustu-kruvaze-model-toparlayici-orkide-siyah#primaryimage\",\"url\":\"https:\/\/burkinistar.com\/wp-content\/uploads\/2025\/08\/ust-grupbikini-ustu-kruvaze-model-topa-4-b322.jpg\",\"contentUrl\":\"https:\/\/burkinistar.com\/wp-content\/uploads\/2025\/08\/ust-grupbikini-ustu-kruvaze-model-topa-4-b322.jpg\",\"width\":600,\"height\":900},{\"@type\":\"BreadcrumbList\",\"@id\":\"https:\/\/burkinistar.com\/?product=bikini-ustu-kruvaze-model-toparlayici-orkide-siyah#breadcrumb\",\"itemListElement\":[{\"@type\":\"ListItem\",\"position\":1,\"name\":\"Homepage\",\"item\":\"https:\/\/burkinistar.com\/\"},{\"@type\":\"ListItem\",\"position\":2,\"name\":\"All Products\",\"item\":\"https:\/\/burkinistar.com\/?page_id=8\"},{\"@type\":\"ListItem\",\"position\":3,\"name\":\"Bikini \u00dcst\u00fc Kruvaze Model Toparlay\u0131c\u0131 Orkide Siyah\"}]},{\"@type\":\"WebSite\",\"@id\":\"https:\/\/burkinistar.com\/#website\",\"url\":\"https:\/\/burkinistar.com\/\",\"name\":\"BURKINISTAR\",\"description\":\"The Best Modest Swimwear and Bikini Store | Burkinistar\",\"potentialAction\":[{\"@type\":\"SearchAction\",\"target\":{\"@type\":\"EntryPoint\",\"urlTemplate\":\"https:\/\/burkinistar.com\/?s={search_term_string}\"},\"query-input\":{\"@type\":\"PropertyValueSpecification\",\"valueRequired\":true,\"valueName\":\"search_term_string\"}}],\"inLanguage\":\"en-US\"}]}<\/script>\n<!-- \/ Yoast SEO plugin. -->","yoast_head_json":{"title":"Bikini \u00dcst\u00fc Kruvaze Model Toparlay\u0131c\u0131 Orkide Siyah - BURKINISTAR","robots":{"index":"index","follow":"follow","max-snippet":"max-snippet:-1","max-image-preview":"max-image-preview:large","max-video-preview":"max-video-preview:-1"},"canonical":"https:\/\/burkinistar.com\/?product=bikini-ustu-kruvaze-model-toparlayici-orkide-siyah","og_locale":"en_US","og_type":"article","og_title":"Bikini \u00dcst\u00fc Kruvaze Model Toparlay\u0131c\u0131 Orkide Siyah - BURKINISTAR","og_description":"Bikini \u00dcst\u00fc Toparlay\u0131c\u0131 Siyah Orkide Desen G\u00f6\u011f\u00fcs pedi vard\u0131r ve \u00e7\u0131kar\u0131labilir. Ask\u0131lar\u0131 ayarlanabilir oldu\u011fundan ki\u015fisel&hellip;","og_url":"https:\/\/burkinistar.com\/?product=bikini-ustu-kruvaze-model-toparlayici-orkide-siyah","og_site_name":"BURKINISTAR","article_modified_time":"2025-08-30T11:41:26+00:00","og_image":[{"width":600,"height":900,"url":"https:\/\/burkinistar.com\/wp-content\/uploads\/2025\/08\/ust-grupbikini-ustu-kruvaze-model-topa-4-b322.jpg","type":"image\/jpeg"}],"twitter_card":"summary_large_image","schema":{"@context":"https:\/\/schema.org","@graph":[{"@type":"WebPage","@id":"https:\/\/burkinistar.com\/?product=bikini-ustu-kruvaze-model-toparlayici-orkide-siyah","url":"https:\/\/burkinistar.com\/?product=bikini-ustu-kruvaze-model-toparlayici-orkide-siyah","name":"Bikini \u00dcst\u00fc Kruvaze Model Toparlay\u0131c\u0131 Orkide Siyah - BURKINISTAR","isPartOf":{"@id":"https:\/\/burkinistar.com\/#website"},"primaryImageOfPage":{"@id":"https:\/\/burkinistar.com\/?product=bikini-ustu-kruvaze-model-toparlayici-orkide-siyah#primaryimage"},"image":{"@id":"https:\/\/burkinistar.com\/?product=bikini-ustu-kruvaze-model-toparlayici-orkide-siyah#primaryimage"},"thumbnailUrl":"https:\/\/burkinistar.com\/wp-content\/uploads\/2025\/08\/ust-grupbikini-ustu-kruvaze-model-topa-4-b322.jpg","datePublished":"2025-08-30T11:41:09+00:00","dateModified":"2025-08-30T11:41:26+00:00","breadcrumb":{"@id":"https:\/\/burkinistar.com\/?product=bikini-ustu-kruvaze-model-toparlayici-orkide-siyah#breadcrumb"},"inLanguage":"en-US","potentialAction":[{"@type":"ReadAction","target":["https:\/\/burkinistar.com\/?product=bikini-ustu-kruvaze-model-toparlayici-orkide-siyah"]}]},{"@type":"ImageObject","inLanguage":"en-US","@id":"https:\/\/burkinistar.com\/?product=bikini-ustu-kruvaze-model-toparlayici-orkide-siyah#primaryimage","url":"https:\/\/burkinistar.com\/wp-content\/uploads\/2025\/08\/ust-grupbikini-ustu-kruvaze-model-topa-4-b322.jpg","contentUrl":"https:\/\/burkinistar.com\/wp-content\/uploads\/2025\/08\/ust-grupbikini-ustu-kruvaze-model-topa-4-b322.jpg","width":600,"height":900},{"@type":"BreadcrumbList","@id":"https:\/\/burkinistar.com\/?product=bikini-ustu-kruvaze-model-toparlayici-orkide-siyah#breadcrumb","itemListElement":[{"@type":"ListItem","position":1,"name":"Homepage","item":"https:\/\/burkinistar.com\/"},{"@type":"ListItem","position":2,"name":"All Products","item":"https:\/\/burkinistar.com\/?page_id=8"},{"@type":"ListItem","position":3,"name":"Bikini \u00dcst\u00fc Kruvaze Model Toparlay\u0131c\u0131 Orkide Siyah"}]},{"@type":"WebSite","@id":"https:\/\/burkinistar.com\/#website","url":"https:\/\/burkinistar.com\/","name":"BURKINISTAR","description":"The Best Modest Swimwear and Bikini Store | Burkinistar","potentialAction":[{"@type":"SearchAction","target":{"@type":"EntryPoint","urlTemplate":"https:\/\/burkinistar.com\/?s={search_term_string}"},"query-input":{"@type":"PropertyValueSpecification","valueRequired":true,"valueName":"search_term_string"}}],"inLanguage":"en-US"}]}},"_links":{"self":[{"href":"https:\/\/burkinistar.com\/index.php?rest_route=\/wp\/v2\/product\/53139","targetHints":{"allow":["GET"]}}],"collection":[{"href":"https:\/\/burkinistar.com\/index.php?rest_route=\/wp\/v2\/product"}],"about":[{"href":"https:\/\/burkinistar.com\/index.php?rest_route=\/wp\/v2\/types\/product"}],"replies":[{"embeddable":true,"href":"https:\/\/burkinistar.com\/index.php?rest_route=%2Fwp%2Fv2%2Fcomments&post=53139"}],"version-history":[{"count":1,"href":"https:\/\/burkinistar.com\/index.php?rest_route=\/wp\/v2\/product\/53139\/revisions"}],"predecessor-version":[{"id":53140,"href":"https:\/\/burkinistar.com\/index.php?rest_route=\/wp\/v2\/product\/53139\/revisions\/53140"}],"wp:featuredmedia":[{"embeddable":true,"href":"https:\/\/burkinistar.com\/index.php?rest_route=\/wp\/v2\/media\/53142"}],"wp:attachment":[{"href":"https:\/\/burkinistar.com\/index.php?rest_route=%2Fwp%2Fv2%2Fmedia&parent=53139"}],"wp:term":[{"taxonomy":"product_brand","embeddable":true,"href":"https:\/\/burkinistar.com\/index.php?rest_route=%2Fwp%2Fv2%2Fproduct_brand&post=53139"},{"taxonomy":"product_cat","embeddable":true,"href":"https:\/\/burkinistar.com\/index.php?rest_route=%2Fwp%2Fv2%2Fproduct_cat&post=53139"},{"taxonomy":"product_tag","embeddable":true,"href":"https:\/\/burkinistar.com\/index.php?rest_route=%2Fwp%2Fv2%2Fproduct_tag&post=53139"}],"curies":[{"name":"wp","href":"https:\/\/api.w.org\/{rel}","templated":true}]}}