{"id":53251,"date":"2025-08-30T11:41:58","date_gmt":"2025-08-30T11:41:58","guid":{"rendered":"https:\/\/burkinistar.com\/?product=starinci-bikini-ustu-lacivert-toparlayici-kruvaze"},"modified":"2025-08-30T11:42:15","modified_gmt":"2025-08-30T11:42:15","slug":"starinci-bikini-ustu-lacivert-toparlayici-kruvaze","status":"publish","type":"product","link":"https:\/\/burkinistar.com\/?product=starinci-bikini-ustu-lacivert-toparlayici-kruvaze","title":{"rendered":"Starinci Bikini \u00dcst\u00fc Lacivert Toparlay\u0131c\u0131 Kruvaze"},"content":{"rendered":"<p>Starinci Toparlay\u0131c\u0131 D\u00fcz Lacivert Bikini \u00dcst\u00fc Bikini \u00fcst\u00fc tek par\u00e7ad\u0131r. H\u0131zl\u0131 kuruyan likral\u0131 polyester kar\u0131\u015f\u0131ml\u0131 kuma\u015ftan \u00fcretilmi\u015ftir. Manken 38 bedendir. Manken \u00f6l\u00e7\u00fcleri: Boy uzunlu\u011fu:173cm G\u00f6\u011f\u00fcs:91cm Bel:67cm G\u00f6\u011f\u00fcs s\u00fcngeri \u00fcr\u00fcne sabittir.<br \/>\n\u00dcr\u00fcn kop\u00e7al\u0131d\u0131r ve kop\u00e7as\u0131 plastik olarak \u00fcretilmi\u015ftir.<br \/>\nG\u00f6\u011f\u00fcs, ask\u0131, g\u00f6\u011f\u00fcs alt\u0131 detaylarda lastik oldu\u011fu i\u00e7in v\u00fccudu kavrama yetisine sahiptir.<br \/>\nPoliamid ithal kuma\u015f ile \u00fcretilmi\u015ftir.<br \/>\nHavuz, deniz ve termal kullan\u0131m\u0131 i\u00e7in uygundur.<\/p>\n","protected":false},"excerpt":{"rendered":"<p>Starinci Toparlay\u0131c\u0131 D\u00fcz Lacivert Bikini \u00dcst\u00fc Bikini \u00fcst\u00fc tek par\u00e7ad\u0131r. H\u0131zl\u0131 kuruyan likral\u0131 polyester kar\u0131\u015f\u0131ml\u0131&hellip;<\/p>\n","protected":false},"featured_media":53254,"comment_status":"closed","ping_status":"open","template":"","meta":[],"product_brand":[2562],"product_cat":[2564,2569],"product_tag":[],"class_list":{"0":"post-53251","1":"product","2":"type-product","3":"status-publish","4":"has-post-thumbnail","6":"product_brand-starinci-mayo","7":"product_cat-plaj","8":"product_cat-ust-grup","9":"pa_color-lacivert","10":"pa_size-2587","11":"pa_size-2581","12":"pa_size-2584","13":"pa_size-2585","14":"pa_size-2588","16":"first","17":"instock","18":"shipping-taxable","19":"purchasable","20":"product-type-variable","21":"layout-style-2","22":"col-md-4 col-sm-4 col-xs-6","23":"col-lg-4","24":"product-has-gallery","25":"product-style-slider"},"yoast_head":"<!-- This site is optimized with the Yoast SEO plugin v25.8 - https:\/\/yoast.com\/wordpress\/plugins\/seo\/ -->\n<title>Starinci Bikini \u00dcst\u00fc Lacivert Toparlay\u0131c\u0131 Kruvaze - BURKINISTAR<\/title>\n<meta name=\"robots\" content=\"index, follow, max-snippet:-1, max-image-preview:large, max-video-preview:-1\" \/>\n<link rel=\"canonical\" href=\"https:\/\/burkinistar.com\/?product=starinci-bikini-ustu-lacivert-toparlayici-kruvaze\" \/>\n<meta property=\"og:locale\" content=\"en_US\" \/>\n<meta property=\"og:type\" content=\"article\" \/>\n<meta property=\"og:title\" content=\"Starinci Bikini \u00dcst\u00fc Lacivert Toparlay\u0131c\u0131 Kruvaze - BURKINISTAR\" \/>\n<meta property=\"og:description\" content=\"Starinci Toparlay\u0131c\u0131 D\u00fcz Lacivert Bikini \u00dcst\u00fc Bikini \u00fcst\u00fc tek par\u00e7ad\u0131r. H\u0131zl\u0131 kuruyan likral\u0131 polyester kar\u0131\u015f\u0131ml\u0131&hellip;\" \/>\n<meta property=\"og:url\" content=\"https:\/\/burkinistar.com\/?product=starinci-bikini-ustu-lacivert-toparlayici-kruvaze\" \/>\n<meta property=\"og:site_name\" content=\"BURKINISTAR\" \/>\n<meta property=\"article:modified_time\" content=\"2025-08-30T11:42:15+00:00\" \/>\n<meta property=\"og:image\" content=\"https:\/\/burkinistar.com\/wp-content\/uploads\/2025\/08\/ust-grupstarinci-bikini-ustu-lacivert-f-595a.jpg\" \/>\n\t<meta property=\"og:image:width\" content=\"600\" \/>\n\t<meta property=\"og:image:height\" content=\"900\" \/>\n\t<meta property=\"og:image:type\" content=\"image\/jpeg\" \/>\n<meta name=\"twitter:card\" content=\"summary_large_image\" \/>\n<script type=\"application\/ld+json\" class=\"yoast-schema-graph\">{\"@context\":\"https:\/\/schema.org\",\"@graph\":[{\"@type\":\"WebPage\",\"@id\":\"https:\/\/burkinistar.com\/?product=starinci-bikini-ustu-lacivert-toparlayici-kruvaze\",\"url\":\"https:\/\/burkinistar.com\/?product=starinci-bikini-ustu-lacivert-toparlayici-kruvaze\",\"name\":\"Starinci Bikini \u00dcst\u00fc Lacivert Toparlay\u0131c\u0131 Kruvaze - BURKINISTAR\",\"isPartOf\":{\"@id\":\"https:\/\/burkinistar.com\/#website\"},\"primaryImageOfPage\":{\"@id\":\"https:\/\/burkinistar.com\/?product=starinci-bikini-ustu-lacivert-toparlayici-kruvaze#primaryimage\"},\"image\":{\"@id\":\"https:\/\/burkinistar.com\/?product=starinci-bikini-ustu-lacivert-toparlayici-kruvaze#primaryimage\"},\"thumbnailUrl\":\"https:\/\/burkinistar.com\/wp-content\/uploads\/2025\/08\/ust-grupstarinci-bikini-ustu-lacivert-f-595a.jpg\",\"datePublished\":\"2025-08-30T11:41:58+00:00\",\"dateModified\":\"2025-08-30T11:42:15+00:00\",\"breadcrumb\":{\"@id\":\"https:\/\/burkinistar.com\/?product=starinci-bikini-ustu-lacivert-toparlayici-kruvaze#breadcrumb\"},\"inLanguage\":\"en-US\",\"potentialAction\":[{\"@type\":\"ReadAction\",\"target\":[\"https:\/\/burkinistar.com\/?product=starinci-bikini-ustu-lacivert-toparlayici-kruvaze\"]}]},{\"@type\":\"ImageObject\",\"inLanguage\":\"en-US\",\"@id\":\"https:\/\/burkinistar.com\/?product=starinci-bikini-ustu-lacivert-toparlayici-kruvaze#primaryimage\",\"url\":\"https:\/\/burkinistar.com\/wp-content\/uploads\/2025\/08\/ust-grupstarinci-bikini-ustu-lacivert-f-595a.jpg\",\"contentUrl\":\"https:\/\/burkinistar.com\/wp-content\/uploads\/2025\/08\/ust-grupstarinci-bikini-ustu-lacivert-f-595a.jpg\",\"width\":600,\"height\":900},{\"@type\":\"BreadcrumbList\",\"@id\":\"https:\/\/burkinistar.com\/?product=starinci-bikini-ustu-lacivert-toparlayici-kruvaze#breadcrumb\",\"itemListElement\":[{\"@type\":\"ListItem\",\"position\":1,\"name\":\"Homepage\",\"item\":\"https:\/\/burkinistar.com\/\"},{\"@type\":\"ListItem\",\"position\":2,\"name\":\"All Products\",\"item\":\"https:\/\/burkinistar.com\/?page_id=8\"},{\"@type\":\"ListItem\",\"position\":3,\"name\":\"Starinci Bikini \u00dcst\u00fc Lacivert Toparlay\u0131c\u0131 Kruvaze\"}]},{\"@type\":\"WebSite\",\"@id\":\"https:\/\/burkinistar.com\/#website\",\"url\":\"https:\/\/burkinistar.com\/\",\"name\":\"BURKINISTAR\",\"description\":\"The Best Modest Swimwear and Bikini Store | Burkinistar\",\"potentialAction\":[{\"@type\":\"SearchAction\",\"target\":{\"@type\":\"EntryPoint\",\"urlTemplate\":\"https:\/\/burkinistar.com\/?s={search_term_string}\"},\"query-input\":{\"@type\":\"PropertyValueSpecification\",\"valueRequired\":true,\"valueName\":\"search_term_string\"}}],\"inLanguage\":\"en-US\"}]}<\/script>\n<!-- \/ Yoast SEO plugin. -->","yoast_head_json":{"title":"Starinci Bikini \u00dcst\u00fc Lacivert Toparlay\u0131c\u0131 Kruvaze - BURKINISTAR","robots":{"index":"index","follow":"follow","max-snippet":"max-snippet:-1","max-image-preview":"max-image-preview:large","max-video-preview":"max-video-preview:-1"},"canonical":"https:\/\/burkinistar.com\/?product=starinci-bikini-ustu-lacivert-toparlayici-kruvaze","og_locale":"en_US","og_type":"article","og_title":"Starinci Bikini \u00dcst\u00fc Lacivert Toparlay\u0131c\u0131 Kruvaze - BURKINISTAR","og_description":"Starinci Toparlay\u0131c\u0131 D\u00fcz Lacivert Bikini \u00dcst\u00fc Bikini \u00fcst\u00fc tek par\u00e7ad\u0131r. H\u0131zl\u0131 kuruyan likral\u0131 polyester kar\u0131\u015f\u0131ml\u0131&hellip;","og_url":"https:\/\/burkinistar.com\/?product=starinci-bikini-ustu-lacivert-toparlayici-kruvaze","og_site_name":"BURKINISTAR","article_modified_time":"2025-08-30T11:42:15+00:00","og_image":[{"width":600,"height":900,"url":"https:\/\/burkinistar.com\/wp-content\/uploads\/2025\/08\/ust-grupstarinci-bikini-ustu-lacivert-f-595a.jpg","type":"image\/jpeg"}],"twitter_card":"summary_large_image","schema":{"@context":"https:\/\/schema.org","@graph":[{"@type":"WebPage","@id":"https:\/\/burkinistar.com\/?product=starinci-bikini-ustu-lacivert-toparlayici-kruvaze","url":"https:\/\/burkinistar.com\/?product=starinci-bikini-ustu-lacivert-toparlayici-kruvaze","name":"Starinci Bikini \u00dcst\u00fc Lacivert Toparlay\u0131c\u0131 Kruvaze - BURKINISTAR","isPartOf":{"@id":"https:\/\/burkinistar.com\/#website"},"primaryImageOfPage":{"@id":"https:\/\/burkinistar.com\/?product=starinci-bikini-ustu-lacivert-toparlayici-kruvaze#primaryimage"},"image":{"@id":"https:\/\/burkinistar.com\/?product=starinci-bikini-ustu-lacivert-toparlayici-kruvaze#primaryimage"},"thumbnailUrl":"https:\/\/burkinistar.com\/wp-content\/uploads\/2025\/08\/ust-grupstarinci-bikini-ustu-lacivert-f-595a.jpg","datePublished":"2025-08-30T11:41:58+00:00","dateModified":"2025-08-30T11:42:15+00:00","breadcrumb":{"@id":"https:\/\/burkinistar.com\/?product=starinci-bikini-ustu-lacivert-toparlayici-kruvaze#breadcrumb"},"inLanguage":"en-US","potentialAction":[{"@type":"ReadAction","target":["https:\/\/burkinistar.com\/?product=starinci-bikini-ustu-lacivert-toparlayici-kruvaze"]}]},{"@type":"ImageObject","inLanguage":"en-US","@id":"https:\/\/burkinistar.com\/?product=starinci-bikini-ustu-lacivert-toparlayici-kruvaze#primaryimage","url":"https:\/\/burkinistar.com\/wp-content\/uploads\/2025\/08\/ust-grupstarinci-bikini-ustu-lacivert-f-595a.jpg","contentUrl":"https:\/\/burkinistar.com\/wp-content\/uploads\/2025\/08\/ust-grupstarinci-bikini-ustu-lacivert-f-595a.jpg","width":600,"height":900},{"@type":"BreadcrumbList","@id":"https:\/\/burkinistar.com\/?product=starinci-bikini-ustu-lacivert-toparlayici-kruvaze#breadcrumb","itemListElement":[{"@type":"ListItem","position":1,"name":"Homepage","item":"https:\/\/burkinistar.com\/"},{"@type":"ListItem","position":2,"name":"All Products","item":"https:\/\/burkinistar.com\/?page_id=8"},{"@type":"ListItem","position":3,"name":"Starinci Bikini \u00dcst\u00fc Lacivert Toparlay\u0131c\u0131 Kruvaze"}]},{"@type":"WebSite","@id":"https:\/\/burkinistar.com\/#website","url":"https:\/\/burkinistar.com\/","name":"BURKINISTAR","description":"The Best Modest Swimwear and Bikini Store | Burkinistar","potentialAction":[{"@type":"SearchAction","target":{"@type":"EntryPoint","urlTemplate":"https:\/\/burkinistar.com\/?s={search_term_string}"},"query-input":{"@type":"PropertyValueSpecification","valueRequired":true,"valueName":"search_term_string"}}],"inLanguage":"en-US"}]}},"_links":{"self":[{"href":"https:\/\/burkinistar.com\/index.php?rest_route=\/wp\/v2\/product\/53251","targetHints":{"allow":["GET"]}}],"collection":[{"href":"https:\/\/burkinistar.com\/index.php?rest_route=\/wp\/v2\/product"}],"about":[{"href":"https:\/\/burkinistar.com\/index.php?rest_route=\/wp\/v2\/types\/product"}],"replies":[{"embeddable":true,"href":"https:\/\/burkinistar.com\/index.php?rest_route=%2Fwp%2Fv2%2Fcomments&post=53251"}],"version-history":[{"count":1,"href":"https:\/\/burkinistar.com\/index.php?rest_route=\/wp\/v2\/product\/53251\/revisions"}],"predecessor-version":[{"id":53252,"href":"https:\/\/burkinistar.com\/index.php?rest_route=\/wp\/v2\/product\/53251\/revisions\/53252"}],"wp:featuredmedia":[{"embeddable":true,"href":"https:\/\/burkinistar.com\/index.php?rest_route=\/wp\/v2\/media\/53254"}],"wp:attachment":[{"href":"https:\/\/burkinistar.com\/index.php?rest_route=%2Fwp%2Fv2%2Fmedia&parent=53251"}],"wp:term":[{"taxonomy":"product_brand","embeddable":true,"href":"https:\/\/burkinistar.com\/index.php?rest_route=%2Fwp%2Fv2%2Fproduct_brand&post=53251"},{"taxonomy":"product_cat","embeddable":true,"href":"https:\/\/burkinistar.com\/index.php?rest_route=%2Fwp%2Fv2%2Fproduct_cat&post=53251"},{"taxonomy":"product_tag","embeddable":true,"href":"https:\/\/burkinistar.com\/index.php?rest_route=%2Fwp%2Fv2%2Fproduct_tag&post=53251"}],"curies":[{"name":"wp","href":"https:\/\/api.w.org\/{rel}","templated":true}]}}