{"id":53261,"date":"2025-08-30T11:41:58","date_gmt":"2025-08-30T11:41:58","guid":{"rendered":"https:\/\/burkinistar.com\/?product=deniz-sortu-kadin-siyah-esnek-parasut"},"modified":"2025-08-30T11:42:15","modified_gmt":"2025-08-30T11:42:15","slug":"deniz-sortu-kadin-siyah-esnek-parasut","status":"publish","type":"product","link":"https:\/\/burkinistar.com\/?product=deniz-sortu-kadin-siyah-esnek-parasut","title":{"rendered":"Deniz \u015eortu Kad\u0131n Siyah Esnek Para\u015f\u00fct"},"content":{"rendered":"<h2>Deniz \u015eortu Siyah<\/h2>\n<p>Tek par\u00e7a halinde gelmektedir. Esnek para\u015f\u00fct kuma\u015ftan \u00fcretilmi\u015ftir. Olduk\u00e7a hafif bir kuma\u015f\u0131 vard\u0131r. D\u0131\u015far\u0131da da giyilmeye uygundur.<\/p>\n","protected":false},"excerpt":{"rendered":"<p>Deniz \u015eortu Siyah Tek par\u00e7a halinde gelmektedir. Esnek para\u015f\u00fct kuma\u015ftan \u00fcretilmi\u015ftir. Olduk\u00e7a hafif bir kuma\u015f\u0131&hellip;<\/p>\n","protected":false},"featured_media":53264,"comment_status":"closed","ping_status":"open","template":"","meta":[],"product_brand":[2562],"product_cat":[2568,2564],"product_tag":[],"class_list":{"0":"post-53261","1":"product","2":"type-product","3":"status-publish","4":"has-post-thumbnail","6":"product_brand-starinci-mayo","7":"product_cat-bikini-alti-ve-tayt","8":"product_cat-plaj","9":"pa_color-siyah","10":"pa_size-2581","11":"pa_size-2582","12":"pa_size-2583","13":"pa_size-2584","14":"pa_size-2585","16":"first","17":"instock","18":"shipping-taxable","19":"purchasable","20":"product-type-variable","21":"layout-style-2","22":"col-md-4 col-sm-4 col-xs-6","23":"col-lg-4","24":"product-has-gallery","25":"product-style-slider"},"yoast_head":"<!-- This site is optimized with the Yoast SEO plugin v25.8 - https:\/\/yoast.com\/wordpress\/plugins\/seo\/ -->\n<title>Deniz \u015eortu Kad\u0131n Siyah Esnek Para\u015f\u00fct - BURKINISTAR<\/title>\n<meta name=\"robots\" content=\"index, follow, max-snippet:-1, max-image-preview:large, max-video-preview:-1\" \/>\n<link rel=\"canonical\" href=\"https:\/\/burkinistar.com\/?product=deniz-sortu-kadin-siyah-esnek-parasut\" \/>\n<meta property=\"og:locale\" content=\"en_US\" \/>\n<meta property=\"og:type\" content=\"article\" \/>\n<meta property=\"og:title\" content=\"Deniz \u015eortu Kad\u0131n Siyah Esnek Para\u015f\u00fct - BURKINISTAR\" \/>\n<meta property=\"og:description\" content=\"Deniz \u015eortu Siyah Tek par\u00e7a halinde gelmektedir. Esnek para\u015f\u00fct kuma\u015ftan \u00fcretilmi\u015ftir. Olduk\u00e7a hafif bir kuma\u015f\u0131&hellip;\" \/>\n<meta property=\"og:url\" content=\"https:\/\/burkinistar.com\/?product=deniz-sortu-kadin-siyah-esnek-parasut\" \/>\n<meta property=\"og:site_name\" content=\"BURKINISTAR\" \/>\n<meta property=\"article:modified_time\" content=\"2025-08-30T11:42:15+00:00\" \/>\n<meta property=\"og:image\" content=\"https:\/\/burkinistar.com\/wp-content\/uploads\/2025\/08\/bikini-alti-ve-taytdeniz-sortu-kadin-s-e-a403.jpg\" \/>\n\t<meta property=\"og:image:width\" content=\"600\" \/>\n\t<meta property=\"og:image:height\" content=\"900\" \/>\n\t<meta property=\"og:image:type\" content=\"image\/jpeg\" \/>\n<meta name=\"twitter:card\" content=\"summary_large_image\" \/>\n<script type=\"application\/ld+json\" class=\"yoast-schema-graph\">{\"@context\":\"https:\/\/schema.org\",\"@graph\":[{\"@type\":\"WebPage\",\"@id\":\"https:\/\/burkinistar.com\/?product=deniz-sortu-kadin-siyah-esnek-parasut\",\"url\":\"https:\/\/burkinistar.com\/?product=deniz-sortu-kadin-siyah-esnek-parasut\",\"name\":\"Deniz \u015eortu Kad\u0131n Siyah Esnek Para\u015f\u00fct - BURKINISTAR\",\"isPartOf\":{\"@id\":\"https:\/\/burkinistar.com\/#website\"},\"primaryImageOfPage\":{\"@id\":\"https:\/\/burkinistar.com\/?product=deniz-sortu-kadin-siyah-esnek-parasut#primaryimage\"},\"image\":{\"@id\":\"https:\/\/burkinistar.com\/?product=deniz-sortu-kadin-siyah-esnek-parasut#primaryimage\"},\"thumbnailUrl\":\"https:\/\/burkinistar.com\/wp-content\/uploads\/2025\/08\/bikini-alti-ve-taytdeniz-sortu-kadin-s-e-a403.jpg\",\"datePublished\":\"2025-08-30T11:41:58+00:00\",\"dateModified\":\"2025-08-30T11:42:15+00:00\",\"breadcrumb\":{\"@id\":\"https:\/\/burkinistar.com\/?product=deniz-sortu-kadin-siyah-esnek-parasut#breadcrumb\"},\"inLanguage\":\"en-US\",\"potentialAction\":[{\"@type\":\"ReadAction\",\"target\":[\"https:\/\/burkinistar.com\/?product=deniz-sortu-kadin-siyah-esnek-parasut\"]}]},{\"@type\":\"ImageObject\",\"inLanguage\":\"en-US\",\"@id\":\"https:\/\/burkinistar.com\/?product=deniz-sortu-kadin-siyah-esnek-parasut#primaryimage\",\"url\":\"https:\/\/burkinistar.com\/wp-content\/uploads\/2025\/08\/bikini-alti-ve-taytdeniz-sortu-kadin-s-e-a403.jpg\",\"contentUrl\":\"https:\/\/burkinistar.com\/wp-content\/uploads\/2025\/08\/bikini-alti-ve-taytdeniz-sortu-kadin-s-e-a403.jpg\",\"width\":600,\"height\":900},{\"@type\":\"BreadcrumbList\",\"@id\":\"https:\/\/burkinistar.com\/?product=deniz-sortu-kadin-siyah-esnek-parasut#breadcrumb\",\"itemListElement\":[{\"@type\":\"ListItem\",\"position\":1,\"name\":\"Homepage\",\"item\":\"https:\/\/burkinistar.com\/\"},{\"@type\":\"ListItem\",\"position\":2,\"name\":\"All Products\",\"item\":\"https:\/\/burkinistar.com\/?page_id=8\"},{\"@type\":\"ListItem\",\"position\":3,\"name\":\"Deniz \u015eortu Kad\u0131n Siyah Esnek Para\u015f\u00fct\"}]},{\"@type\":\"WebSite\",\"@id\":\"https:\/\/burkinistar.com\/#website\",\"url\":\"https:\/\/burkinistar.com\/\",\"name\":\"BURKINISTAR\",\"description\":\"The Best Modest Swimwear and Bikini Store | Burkinistar\",\"potentialAction\":[{\"@type\":\"SearchAction\",\"target\":{\"@type\":\"EntryPoint\",\"urlTemplate\":\"https:\/\/burkinistar.com\/?s={search_term_string}\"},\"query-input\":{\"@type\":\"PropertyValueSpecification\",\"valueRequired\":true,\"valueName\":\"search_term_string\"}}],\"inLanguage\":\"en-US\"}]}<\/script>\n<!-- \/ Yoast SEO plugin. -->","yoast_head_json":{"title":"Deniz \u015eortu Kad\u0131n Siyah Esnek Para\u015f\u00fct - BURKINISTAR","robots":{"index":"index","follow":"follow","max-snippet":"max-snippet:-1","max-image-preview":"max-image-preview:large","max-video-preview":"max-video-preview:-1"},"canonical":"https:\/\/burkinistar.com\/?product=deniz-sortu-kadin-siyah-esnek-parasut","og_locale":"en_US","og_type":"article","og_title":"Deniz \u015eortu Kad\u0131n Siyah Esnek Para\u015f\u00fct - BURKINISTAR","og_description":"Deniz \u015eortu Siyah Tek par\u00e7a halinde gelmektedir. Esnek para\u015f\u00fct kuma\u015ftan \u00fcretilmi\u015ftir. Olduk\u00e7a hafif bir kuma\u015f\u0131&hellip;","og_url":"https:\/\/burkinistar.com\/?product=deniz-sortu-kadin-siyah-esnek-parasut","og_site_name":"BURKINISTAR","article_modified_time":"2025-08-30T11:42:15+00:00","og_image":[{"width":600,"height":900,"url":"https:\/\/burkinistar.com\/wp-content\/uploads\/2025\/08\/bikini-alti-ve-taytdeniz-sortu-kadin-s-e-a403.jpg","type":"image\/jpeg"}],"twitter_card":"summary_large_image","schema":{"@context":"https:\/\/schema.org","@graph":[{"@type":"WebPage","@id":"https:\/\/burkinistar.com\/?product=deniz-sortu-kadin-siyah-esnek-parasut","url":"https:\/\/burkinistar.com\/?product=deniz-sortu-kadin-siyah-esnek-parasut","name":"Deniz \u015eortu Kad\u0131n Siyah Esnek Para\u015f\u00fct - BURKINISTAR","isPartOf":{"@id":"https:\/\/burkinistar.com\/#website"},"primaryImageOfPage":{"@id":"https:\/\/burkinistar.com\/?product=deniz-sortu-kadin-siyah-esnek-parasut#primaryimage"},"image":{"@id":"https:\/\/burkinistar.com\/?product=deniz-sortu-kadin-siyah-esnek-parasut#primaryimage"},"thumbnailUrl":"https:\/\/burkinistar.com\/wp-content\/uploads\/2025\/08\/bikini-alti-ve-taytdeniz-sortu-kadin-s-e-a403.jpg","datePublished":"2025-08-30T11:41:58+00:00","dateModified":"2025-08-30T11:42:15+00:00","breadcrumb":{"@id":"https:\/\/burkinistar.com\/?product=deniz-sortu-kadin-siyah-esnek-parasut#breadcrumb"},"inLanguage":"en-US","potentialAction":[{"@type":"ReadAction","target":["https:\/\/burkinistar.com\/?product=deniz-sortu-kadin-siyah-esnek-parasut"]}]},{"@type":"ImageObject","inLanguage":"en-US","@id":"https:\/\/burkinistar.com\/?product=deniz-sortu-kadin-siyah-esnek-parasut#primaryimage","url":"https:\/\/burkinistar.com\/wp-content\/uploads\/2025\/08\/bikini-alti-ve-taytdeniz-sortu-kadin-s-e-a403.jpg","contentUrl":"https:\/\/burkinistar.com\/wp-content\/uploads\/2025\/08\/bikini-alti-ve-taytdeniz-sortu-kadin-s-e-a403.jpg","width":600,"height":900},{"@type":"BreadcrumbList","@id":"https:\/\/burkinistar.com\/?product=deniz-sortu-kadin-siyah-esnek-parasut#breadcrumb","itemListElement":[{"@type":"ListItem","position":1,"name":"Homepage","item":"https:\/\/burkinistar.com\/"},{"@type":"ListItem","position":2,"name":"All Products","item":"https:\/\/burkinistar.com\/?page_id=8"},{"@type":"ListItem","position":3,"name":"Deniz \u015eortu Kad\u0131n Siyah Esnek Para\u015f\u00fct"}]},{"@type":"WebSite","@id":"https:\/\/burkinistar.com\/#website","url":"https:\/\/burkinistar.com\/","name":"BURKINISTAR","description":"The Best Modest Swimwear and Bikini Store | Burkinistar","potentialAction":[{"@type":"SearchAction","target":{"@type":"EntryPoint","urlTemplate":"https:\/\/burkinistar.com\/?s={search_term_string}"},"query-input":{"@type":"PropertyValueSpecification","valueRequired":true,"valueName":"search_term_string"}}],"inLanguage":"en-US"}]}},"_links":{"self":[{"href":"https:\/\/burkinistar.com\/index.php?rest_route=\/wp\/v2\/product\/53261","targetHints":{"allow":["GET"]}}],"collection":[{"href":"https:\/\/burkinistar.com\/index.php?rest_route=\/wp\/v2\/product"}],"about":[{"href":"https:\/\/burkinistar.com\/index.php?rest_route=\/wp\/v2\/types\/product"}],"replies":[{"embeddable":true,"href":"https:\/\/burkinistar.com\/index.php?rest_route=%2Fwp%2Fv2%2Fcomments&post=53261"}],"version-history":[{"count":1,"href":"https:\/\/burkinistar.com\/index.php?rest_route=\/wp\/v2\/product\/53261\/revisions"}],"predecessor-version":[{"id":53262,"href":"https:\/\/burkinistar.com\/index.php?rest_route=\/wp\/v2\/product\/53261\/revisions\/53262"}],"wp:featuredmedia":[{"embeddable":true,"href":"https:\/\/burkinistar.com\/index.php?rest_route=\/wp\/v2\/media\/53264"}],"wp:attachment":[{"href":"https:\/\/burkinistar.com\/index.php?rest_route=%2Fwp%2Fv2%2Fmedia&parent=53261"}],"wp:term":[{"taxonomy":"product_brand","embeddable":true,"href":"https:\/\/burkinistar.com\/index.php?rest_route=%2Fwp%2Fv2%2Fproduct_brand&post=53261"},{"taxonomy":"product_cat","embeddable":true,"href":"https:\/\/burkinistar.com\/index.php?rest_route=%2Fwp%2Fv2%2Fproduct_cat&post=53261"},{"taxonomy":"product_tag","embeddable":true,"href":"https:\/\/burkinistar.com\/index.php?rest_route=%2Fwp%2Fv2%2Fproduct_tag&post=53261"}],"curies":[{"name":"wp","href":"https:\/\/api.w.org\/{rel}","templated":true}]}}