{"id":53372,"date":"2025-08-30T11:42:31","date_gmt":"2025-08-30T11:42:31","guid":{"rendered":"https:\/\/burkinistar.com\/?product=tam-kapali-mayo-likrali-fulya-model-beyaz-yaprak-desenli-siyah"},"modified":"2025-08-30T11:42:50","modified_gmt":"2025-08-30T11:42:50","slug":"tam-kapali-mayo-likrali-fulya-model-beyaz-yaprak-desenli-siyah","status":"publish","type":"product","link":"https:\/\/burkinistar.com\/?product=tam-kapali-mayo-likrali-fulya-model-beyaz-yaprak-desenli-siyah","title":{"rendered":"Tam Kapal\u0131 Mayo Likral\u0131 Fulya Model Beyaz Yaprak Desenli Siyah"},"content":{"rendered":"<p>Likral\u0131 Tesett\u00fcr Mayo Siyah Beyaz Desenli Likral\u0131 kapal\u0131 mayonun tak\u0131m\u0131 pantolon, tunik, bone ve b\u00fcstiyerden olu\u015fmaktad\u0131r. Tak\u0131m\u0131n tamam\u0131 h\u0131zl\u0131 kuruyan likral\u0131 mayo kuma\u015f\u0131ndan \u00fcretilmi\u015ftir. Tuni\u011fin arkas\u0131nda gizli fermuar vard\u0131r. Beden se\u00e7imi yaparken g\u00f6rsellerdeki beden tablosunu dikkate alman\u0131z\u0131 tavsiye ederiz. Kuma\u015f %80 polyester %20 likra i\u00e7eriklidir. B\u00fcstiyerin kuma\u015f\u0131 tuni\u011fin kuma\u015f\u0131na g\u00f6re ince oldu\u011fundan kurumay\u0131 h\u0131zland\u0131r\u0131r. Bu \u00fcr\u00fcn hmm markas\u0131 taraf\u0131ndan starinci i\u00e7in \u00fcretilmi\u015ftir.<\/p>\n<p>&nbsp;<\/p>\n<p>&nbsp;<\/p>\n<p>&nbsp;<\/p>\n<p>&nbsp;<\/p>\n<p>&nbsp;<\/p>\n<p>&nbsp;<\/p>\n","protected":false},"excerpt":{"rendered":"<p>Likral\u0131 Tesett\u00fcr Mayo Siyah Beyaz Desenli Likral\u0131 kapal\u0131 mayonun tak\u0131m\u0131 pantolon, tunik, bone ve b\u00fcstiyerden&hellip;<\/p>\n","protected":false},"featured_media":53375,"comment_status":"closed","ping_status":"open","template":"","meta":[],"product_brand":[2562],"product_cat":[2575,2556],"product_tag":[],"class_list":{"0":"post-53372","1":"product","2":"type-product","3":"status-publish","4":"has-post-thumbnail","6":"product_brand-starinci-mayo","7":"product_cat-likrali-tesettur-mayo","8":"product_cat-tesettur-mayo","9":"pa_color-siyah","10":"pa_size-2581","11":"pa_size-2582","12":"pa_size-2583","13":"pa_size-2584","14":"pa_size-2585","16":"first","17":"instock","18":"shipping-taxable","19":"purchasable","20":"product-type-variable","21":"layout-style-2","22":"col-md-4 col-sm-4 col-xs-6","23":"col-lg-4","24":"product-has-gallery","25":"product-style-slider"},"yoast_head":"<!-- This site is optimized with the Yoast SEO plugin v25.8 - https:\/\/yoast.com\/wordpress\/plugins\/seo\/ -->\n<title>Tam Kapal\u0131 Mayo Likral\u0131 Fulya Model Beyaz Yaprak Desenli Siyah - BURKINISTAR<\/title>\n<meta name=\"robots\" content=\"index, follow, max-snippet:-1, max-image-preview:large, max-video-preview:-1\" \/>\n<link rel=\"canonical\" href=\"https:\/\/burkinistar.com\/?product=tam-kapali-mayo-likrali-fulya-model-beyaz-yaprak-desenli-siyah\" \/>\n<meta property=\"og:locale\" content=\"en_US\" \/>\n<meta property=\"og:type\" content=\"article\" \/>\n<meta property=\"og:title\" content=\"Tam Kapal\u0131 Mayo Likral\u0131 Fulya Model Beyaz Yaprak Desenli Siyah - BURKINISTAR\" \/>\n<meta property=\"og:description\" content=\"Likral\u0131 Tesett\u00fcr Mayo Siyah Beyaz Desenli Likral\u0131 kapal\u0131 mayonun tak\u0131m\u0131 pantolon, tunik, bone ve b\u00fcstiyerden&hellip;\" \/>\n<meta property=\"og:url\" content=\"https:\/\/burkinistar.com\/?product=tam-kapali-mayo-likrali-fulya-model-beyaz-yaprak-desenli-siyah\" \/>\n<meta property=\"og:site_name\" content=\"BURKINISTAR\" \/>\n<meta property=\"article:modified_time\" content=\"2025-08-30T11:42:50+00:00\" \/>\n<meta property=\"og:image\" content=\"https:\/\/burkinistar.com\/wp-content\/uploads\/2025\/08\/likrali-tesettur-mayotam-kapali-mayo-l-1a76d1.jpg\" \/>\n\t<meta property=\"og:image:width\" content=\"600\" \/>\n\t<meta property=\"og:image:height\" content=\"900\" \/>\n\t<meta property=\"og:image:type\" content=\"image\/jpeg\" \/>\n<meta name=\"twitter:card\" content=\"summary_large_image\" \/>\n<script type=\"application\/ld+json\" class=\"yoast-schema-graph\">{\"@context\":\"https:\/\/schema.org\",\"@graph\":[{\"@type\":\"WebPage\",\"@id\":\"https:\/\/burkinistar.com\/?product=tam-kapali-mayo-likrali-fulya-model-beyaz-yaprak-desenli-siyah\",\"url\":\"https:\/\/burkinistar.com\/?product=tam-kapali-mayo-likrali-fulya-model-beyaz-yaprak-desenli-siyah\",\"name\":\"Tam Kapal\u0131 Mayo Likral\u0131 Fulya Model Beyaz Yaprak Desenli Siyah - BURKINISTAR\",\"isPartOf\":{\"@id\":\"https:\/\/burkinistar.com\/#website\"},\"primaryImageOfPage\":{\"@id\":\"https:\/\/burkinistar.com\/?product=tam-kapali-mayo-likrali-fulya-model-beyaz-yaprak-desenli-siyah#primaryimage\"},\"image\":{\"@id\":\"https:\/\/burkinistar.com\/?product=tam-kapali-mayo-likrali-fulya-model-beyaz-yaprak-desenli-siyah#primaryimage\"},\"thumbnailUrl\":\"https:\/\/burkinistar.com\/wp-content\/uploads\/2025\/08\/likrali-tesettur-mayotam-kapali-mayo-l-1a76d1.jpg\",\"datePublished\":\"2025-08-30T11:42:31+00:00\",\"dateModified\":\"2025-08-30T11:42:50+00:00\",\"breadcrumb\":{\"@id\":\"https:\/\/burkinistar.com\/?product=tam-kapali-mayo-likrali-fulya-model-beyaz-yaprak-desenli-siyah#breadcrumb\"},\"inLanguage\":\"en-US\",\"potentialAction\":[{\"@type\":\"ReadAction\",\"target\":[\"https:\/\/burkinistar.com\/?product=tam-kapali-mayo-likrali-fulya-model-beyaz-yaprak-desenli-siyah\"]}]},{\"@type\":\"ImageObject\",\"inLanguage\":\"en-US\",\"@id\":\"https:\/\/burkinistar.com\/?product=tam-kapali-mayo-likrali-fulya-model-beyaz-yaprak-desenli-siyah#primaryimage\",\"url\":\"https:\/\/burkinistar.com\/wp-content\/uploads\/2025\/08\/likrali-tesettur-mayotam-kapali-mayo-l-1a76d1.jpg\",\"contentUrl\":\"https:\/\/burkinistar.com\/wp-content\/uploads\/2025\/08\/likrali-tesettur-mayotam-kapali-mayo-l-1a76d1.jpg\",\"width\":600,\"height\":900},{\"@type\":\"BreadcrumbList\",\"@id\":\"https:\/\/burkinistar.com\/?product=tam-kapali-mayo-likrali-fulya-model-beyaz-yaprak-desenli-siyah#breadcrumb\",\"itemListElement\":[{\"@type\":\"ListItem\",\"position\":1,\"name\":\"Homepage\",\"item\":\"https:\/\/burkinistar.com\/\"},{\"@type\":\"ListItem\",\"position\":2,\"name\":\"All Products\",\"item\":\"https:\/\/burkinistar.com\/?page_id=8\"},{\"@type\":\"ListItem\",\"position\":3,\"name\":\"Tam Kapal\u0131 Mayo Likral\u0131 Fulya Model Beyaz Yaprak Desenli Siyah\"}]},{\"@type\":\"WebSite\",\"@id\":\"https:\/\/burkinistar.com\/#website\",\"url\":\"https:\/\/burkinistar.com\/\",\"name\":\"BURKINISTAR\",\"description\":\"The Best Modest Swimwear and Bikini Store | Burkinistar\",\"potentialAction\":[{\"@type\":\"SearchAction\",\"target\":{\"@type\":\"EntryPoint\",\"urlTemplate\":\"https:\/\/burkinistar.com\/?s={search_term_string}\"},\"query-input\":{\"@type\":\"PropertyValueSpecification\",\"valueRequired\":true,\"valueName\":\"search_term_string\"}}],\"inLanguage\":\"en-US\"}]}<\/script>\n<!-- \/ Yoast SEO plugin. -->","yoast_head_json":{"title":"Tam Kapal\u0131 Mayo Likral\u0131 Fulya Model Beyaz Yaprak Desenli Siyah - BURKINISTAR","robots":{"index":"index","follow":"follow","max-snippet":"max-snippet:-1","max-image-preview":"max-image-preview:large","max-video-preview":"max-video-preview:-1"},"canonical":"https:\/\/burkinistar.com\/?product=tam-kapali-mayo-likrali-fulya-model-beyaz-yaprak-desenli-siyah","og_locale":"en_US","og_type":"article","og_title":"Tam Kapal\u0131 Mayo Likral\u0131 Fulya Model Beyaz Yaprak Desenli Siyah - BURKINISTAR","og_description":"Likral\u0131 Tesett\u00fcr Mayo Siyah Beyaz Desenli Likral\u0131 kapal\u0131 mayonun tak\u0131m\u0131 pantolon, tunik, bone ve b\u00fcstiyerden&hellip;","og_url":"https:\/\/burkinistar.com\/?product=tam-kapali-mayo-likrali-fulya-model-beyaz-yaprak-desenli-siyah","og_site_name":"BURKINISTAR","article_modified_time":"2025-08-30T11:42:50+00:00","og_image":[{"width":600,"height":900,"url":"https:\/\/burkinistar.com\/wp-content\/uploads\/2025\/08\/likrali-tesettur-mayotam-kapali-mayo-l-1a76d1.jpg","type":"image\/jpeg"}],"twitter_card":"summary_large_image","schema":{"@context":"https:\/\/schema.org","@graph":[{"@type":"WebPage","@id":"https:\/\/burkinistar.com\/?product=tam-kapali-mayo-likrali-fulya-model-beyaz-yaprak-desenli-siyah","url":"https:\/\/burkinistar.com\/?product=tam-kapali-mayo-likrali-fulya-model-beyaz-yaprak-desenli-siyah","name":"Tam Kapal\u0131 Mayo Likral\u0131 Fulya Model Beyaz Yaprak Desenli Siyah - BURKINISTAR","isPartOf":{"@id":"https:\/\/burkinistar.com\/#website"},"primaryImageOfPage":{"@id":"https:\/\/burkinistar.com\/?product=tam-kapali-mayo-likrali-fulya-model-beyaz-yaprak-desenli-siyah#primaryimage"},"image":{"@id":"https:\/\/burkinistar.com\/?product=tam-kapali-mayo-likrali-fulya-model-beyaz-yaprak-desenli-siyah#primaryimage"},"thumbnailUrl":"https:\/\/burkinistar.com\/wp-content\/uploads\/2025\/08\/likrali-tesettur-mayotam-kapali-mayo-l-1a76d1.jpg","datePublished":"2025-08-30T11:42:31+00:00","dateModified":"2025-08-30T11:42:50+00:00","breadcrumb":{"@id":"https:\/\/burkinistar.com\/?product=tam-kapali-mayo-likrali-fulya-model-beyaz-yaprak-desenli-siyah#breadcrumb"},"inLanguage":"en-US","potentialAction":[{"@type":"ReadAction","target":["https:\/\/burkinistar.com\/?product=tam-kapali-mayo-likrali-fulya-model-beyaz-yaprak-desenli-siyah"]}]},{"@type":"ImageObject","inLanguage":"en-US","@id":"https:\/\/burkinistar.com\/?product=tam-kapali-mayo-likrali-fulya-model-beyaz-yaprak-desenli-siyah#primaryimage","url":"https:\/\/burkinistar.com\/wp-content\/uploads\/2025\/08\/likrali-tesettur-mayotam-kapali-mayo-l-1a76d1.jpg","contentUrl":"https:\/\/burkinistar.com\/wp-content\/uploads\/2025\/08\/likrali-tesettur-mayotam-kapali-mayo-l-1a76d1.jpg","width":600,"height":900},{"@type":"BreadcrumbList","@id":"https:\/\/burkinistar.com\/?product=tam-kapali-mayo-likrali-fulya-model-beyaz-yaprak-desenli-siyah#breadcrumb","itemListElement":[{"@type":"ListItem","position":1,"name":"Homepage","item":"https:\/\/burkinistar.com\/"},{"@type":"ListItem","position":2,"name":"All Products","item":"https:\/\/burkinistar.com\/?page_id=8"},{"@type":"ListItem","position":3,"name":"Tam Kapal\u0131 Mayo Likral\u0131 Fulya Model Beyaz Yaprak Desenli Siyah"}]},{"@type":"WebSite","@id":"https:\/\/burkinistar.com\/#website","url":"https:\/\/burkinistar.com\/","name":"BURKINISTAR","description":"The Best Modest Swimwear and Bikini Store | Burkinistar","potentialAction":[{"@type":"SearchAction","target":{"@type":"EntryPoint","urlTemplate":"https:\/\/burkinistar.com\/?s={search_term_string}"},"query-input":{"@type":"PropertyValueSpecification","valueRequired":true,"valueName":"search_term_string"}}],"inLanguage":"en-US"}]}},"_links":{"self":[{"href":"https:\/\/burkinistar.com\/index.php?rest_route=\/wp\/v2\/product\/53372","targetHints":{"allow":["GET"]}}],"collection":[{"href":"https:\/\/burkinistar.com\/index.php?rest_route=\/wp\/v2\/product"}],"about":[{"href":"https:\/\/burkinistar.com\/index.php?rest_route=\/wp\/v2\/types\/product"}],"replies":[{"embeddable":true,"href":"https:\/\/burkinistar.com\/index.php?rest_route=%2Fwp%2Fv2%2Fcomments&post=53372"}],"version-history":[{"count":1,"href":"https:\/\/burkinistar.com\/index.php?rest_route=\/wp\/v2\/product\/53372\/revisions"}],"predecessor-version":[{"id":53373,"href":"https:\/\/burkinistar.com\/index.php?rest_route=\/wp\/v2\/product\/53372\/revisions\/53373"}],"wp:featuredmedia":[{"embeddable":true,"href":"https:\/\/burkinistar.com\/index.php?rest_route=\/wp\/v2\/media\/53375"}],"wp:attachment":[{"href":"https:\/\/burkinistar.com\/index.php?rest_route=%2Fwp%2Fv2%2Fmedia&parent=53372"}],"wp:term":[{"taxonomy":"product_brand","embeddable":true,"href":"https:\/\/burkinistar.com\/index.php?rest_route=%2Fwp%2Fv2%2Fproduct_brand&post=53372"},{"taxonomy":"product_cat","embeddable":true,"href":"https:\/\/burkinistar.com\/index.php?rest_route=%2Fwp%2Fv2%2Fproduct_cat&post=53372"},{"taxonomy":"product_tag","embeddable":true,"href":"https:\/\/burkinistar.com\/index.php?rest_route=%2Fwp%2Fv2%2Fproduct_tag&post=53372"}],"curies":[{"name":"wp","href":"https:\/\/api.w.org\/{rel}","templated":true}]}}