{"id":53447,"date":"2025-08-30T11:42:51","date_gmt":"2025-08-30T11:42:51","guid":{"rendered":"https:\/\/burkinistar.com\/?product=kapli-elbise-mayo-sortlu-siyah-floral"},"modified":"2025-08-30T11:43:08","modified_gmt":"2025-08-30T11:43:08","slug":"kapli-elbise-mayo-sortlu-siyah-floral","status":"publish","type":"product","link":"https:\/\/burkinistar.com\/?product=kapli-elbise-mayo-sortlu-siyah-floral","title":{"rendered":"Kapl\u0131 Elbise Mayo \u015eortlu Siyah Floral"},"content":{"rendered":"<p>\u015eortlu Elbiseli Mayo Kapl\u0131 Floral Elbiseli mayo tak\u0131m\u0131 \u015fort ve elbise olmak \u00fczere iki par\u00e7ad\u0131r. G\u00f6\u011f\u00fcs k\u0131sm\u0131nda sert cup vard\u0131r. G\u00f6\u011fs\u00fcn alt k\u0131sm\u0131nda balen teli vard\u0131r. Ask\u0131lar\u0131 ayarlanabilir. \u015eort k\u0131sm\u0131nda astar vard\u0131r. Beden se\u00e7imi yaparken g\u00f6rsellerdeki beden tablosundan faydalanabilirsiniz. Bu \u00fcr\u00fcn hmm markas\u0131 taraf\u0131ndan starinci i\u00e7in \u00fcretilmi\u015ftir.<\/p>\n","protected":false},"excerpt":{"rendered":"<p>\u015eortlu Elbiseli Mayo Kapl\u0131 Floral Elbiseli mayo tak\u0131m\u0131 \u015fort ve elbise olmak \u00fczere iki par\u00e7ad\u0131r.&hellip;<\/p>\n","protected":false},"featured_media":53450,"comment_status":"closed","ping_status":"open","template":"","meta":[],"product_brand":[2562],"product_cat":[2567],"product_tag":[],"class_list":{"0":"post-53447","1":"product","2":"type-product","3":"status-publish","4":"has-post-thumbnail","6":"product_brand-starinci-mayo","7":"product_cat-elbise-mayo","8":"pa_color-siyah","9":"pa_size-2581","10":"pa_size-2582","11":"pa_size-2583","12":"pa_size-2584","14":"first","15":"instock","16":"shipping-taxable","17":"purchasable","18":"product-type-variable","19":"layout-style-2","20":"col-md-4 col-sm-4 col-xs-6","21":"col-lg-4","22":"product-has-gallery","23":"product-style-slider"},"yoast_head":"<!-- This site is optimized with the Yoast SEO plugin v25.8 - https:\/\/yoast.com\/wordpress\/plugins\/seo\/ -->\n<title>Kapl\u0131 Elbise Mayo \u015eortlu Siyah Floral - BURKINISTAR<\/title>\n<meta name=\"robots\" content=\"index, follow, max-snippet:-1, max-image-preview:large, max-video-preview:-1\" \/>\n<link rel=\"canonical\" href=\"https:\/\/burkinistar.com\/?product=kapli-elbise-mayo-sortlu-siyah-floral\" \/>\n<meta property=\"og:locale\" content=\"en_US\" \/>\n<meta property=\"og:type\" content=\"article\" \/>\n<meta property=\"og:title\" content=\"Kapl\u0131 Elbise Mayo \u015eortlu Siyah Floral - BURKINISTAR\" \/>\n<meta property=\"og:description\" content=\"\u015eortlu Elbiseli Mayo Kapl\u0131 Floral Elbiseli mayo tak\u0131m\u0131 \u015fort ve elbise olmak \u00fczere iki par\u00e7ad\u0131r.&hellip;\" \/>\n<meta property=\"og:url\" content=\"https:\/\/burkinistar.com\/?product=kapli-elbise-mayo-sortlu-siyah-floral\" \/>\n<meta property=\"og:site_name\" content=\"BURKINISTAR\" \/>\n<meta property=\"article:modified_time\" content=\"2025-08-30T11:43:08+00:00\" \/>\n<meta property=\"og:image\" content=\"https:\/\/burkinistar.com\/wp-content\/uploads\/2025\/08\/elbise-mayokapli-elbise-mayo-sortlu-si-012103.jpg\" \/>\n\t<meta property=\"og:image:width\" content=\"600\" \/>\n\t<meta property=\"og:image:height\" content=\"900\" \/>\n\t<meta property=\"og:image:type\" content=\"image\/jpeg\" \/>\n<meta name=\"twitter:card\" content=\"summary_large_image\" \/>\n<script type=\"application\/ld+json\" class=\"yoast-schema-graph\">{\"@context\":\"https:\/\/schema.org\",\"@graph\":[{\"@type\":\"WebPage\",\"@id\":\"https:\/\/burkinistar.com\/?product=kapli-elbise-mayo-sortlu-siyah-floral\",\"url\":\"https:\/\/burkinistar.com\/?product=kapli-elbise-mayo-sortlu-siyah-floral\",\"name\":\"Kapl\u0131 Elbise Mayo \u015eortlu Siyah Floral - BURKINISTAR\",\"isPartOf\":{\"@id\":\"https:\/\/burkinistar.com\/#website\"},\"primaryImageOfPage\":{\"@id\":\"https:\/\/burkinistar.com\/?product=kapli-elbise-mayo-sortlu-siyah-floral#primaryimage\"},\"image\":{\"@id\":\"https:\/\/burkinistar.com\/?product=kapli-elbise-mayo-sortlu-siyah-floral#primaryimage\"},\"thumbnailUrl\":\"https:\/\/burkinistar.com\/wp-content\/uploads\/2025\/08\/elbise-mayokapli-elbise-mayo-sortlu-si-012103.jpg\",\"datePublished\":\"2025-08-30T11:42:51+00:00\",\"dateModified\":\"2025-08-30T11:43:08+00:00\",\"breadcrumb\":{\"@id\":\"https:\/\/burkinistar.com\/?product=kapli-elbise-mayo-sortlu-siyah-floral#breadcrumb\"},\"inLanguage\":\"en-US\",\"potentialAction\":[{\"@type\":\"ReadAction\",\"target\":[\"https:\/\/burkinistar.com\/?product=kapli-elbise-mayo-sortlu-siyah-floral\"]}]},{\"@type\":\"ImageObject\",\"inLanguage\":\"en-US\",\"@id\":\"https:\/\/burkinistar.com\/?product=kapli-elbise-mayo-sortlu-siyah-floral#primaryimage\",\"url\":\"https:\/\/burkinistar.com\/wp-content\/uploads\/2025\/08\/elbise-mayokapli-elbise-mayo-sortlu-si-012103.jpg\",\"contentUrl\":\"https:\/\/burkinistar.com\/wp-content\/uploads\/2025\/08\/elbise-mayokapli-elbise-mayo-sortlu-si-012103.jpg\",\"width\":600,\"height\":900},{\"@type\":\"BreadcrumbList\",\"@id\":\"https:\/\/burkinistar.com\/?product=kapli-elbise-mayo-sortlu-siyah-floral#breadcrumb\",\"itemListElement\":[{\"@type\":\"ListItem\",\"position\":1,\"name\":\"Homepage\",\"item\":\"https:\/\/burkinistar.com\/\"},{\"@type\":\"ListItem\",\"position\":2,\"name\":\"All Products\",\"item\":\"https:\/\/burkinistar.com\/?page_id=8\"},{\"@type\":\"ListItem\",\"position\":3,\"name\":\"Kapl\u0131 Elbise Mayo \u015eortlu Siyah Floral\"}]},{\"@type\":\"WebSite\",\"@id\":\"https:\/\/burkinistar.com\/#website\",\"url\":\"https:\/\/burkinistar.com\/\",\"name\":\"BURKINISTAR\",\"description\":\"The Best Modest Swimwear and Bikini Store | Burkinistar\",\"potentialAction\":[{\"@type\":\"SearchAction\",\"target\":{\"@type\":\"EntryPoint\",\"urlTemplate\":\"https:\/\/burkinistar.com\/?s={search_term_string}\"},\"query-input\":{\"@type\":\"PropertyValueSpecification\",\"valueRequired\":true,\"valueName\":\"search_term_string\"}}],\"inLanguage\":\"en-US\"}]}<\/script>\n<!-- \/ Yoast SEO plugin. -->","yoast_head_json":{"title":"Kapl\u0131 Elbise Mayo \u015eortlu Siyah Floral - BURKINISTAR","robots":{"index":"index","follow":"follow","max-snippet":"max-snippet:-1","max-image-preview":"max-image-preview:large","max-video-preview":"max-video-preview:-1"},"canonical":"https:\/\/burkinistar.com\/?product=kapli-elbise-mayo-sortlu-siyah-floral","og_locale":"en_US","og_type":"article","og_title":"Kapl\u0131 Elbise Mayo \u015eortlu Siyah Floral - BURKINISTAR","og_description":"\u015eortlu Elbiseli Mayo Kapl\u0131 Floral Elbiseli mayo tak\u0131m\u0131 \u015fort ve elbise olmak \u00fczere iki par\u00e7ad\u0131r.&hellip;","og_url":"https:\/\/burkinistar.com\/?product=kapli-elbise-mayo-sortlu-siyah-floral","og_site_name":"BURKINISTAR","article_modified_time":"2025-08-30T11:43:08+00:00","og_image":[{"width":600,"height":900,"url":"https:\/\/burkinistar.com\/wp-content\/uploads\/2025\/08\/elbise-mayokapli-elbise-mayo-sortlu-si-012103.jpg","type":"image\/jpeg"}],"twitter_card":"summary_large_image","schema":{"@context":"https:\/\/schema.org","@graph":[{"@type":"WebPage","@id":"https:\/\/burkinistar.com\/?product=kapli-elbise-mayo-sortlu-siyah-floral","url":"https:\/\/burkinistar.com\/?product=kapli-elbise-mayo-sortlu-siyah-floral","name":"Kapl\u0131 Elbise Mayo \u015eortlu Siyah Floral - BURKINISTAR","isPartOf":{"@id":"https:\/\/burkinistar.com\/#website"},"primaryImageOfPage":{"@id":"https:\/\/burkinistar.com\/?product=kapli-elbise-mayo-sortlu-siyah-floral#primaryimage"},"image":{"@id":"https:\/\/burkinistar.com\/?product=kapli-elbise-mayo-sortlu-siyah-floral#primaryimage"},"thumbnailUrl":"https:\/\/burkinistar.com\/wp-content\/uploads\/2025\/08\/elbise-mayokapli-elbise-mayo-sortlu-si-012103.jpg","datePublished":"2025-08-30T11:42:51+00:00","dateModified":"2025-08-30T11:43:08+00:00","breadcrumb":{"@id":"https:\/\/burkinistar.com\/?product=kapli-elbise-mayo-sortlu-siyah-floral#breadcrumb"},"inLanguage":"en-US","potentialAction":[{"@type":"ReadAction","target":["https:\/\/burkinistar.com\/?product=kapli-elbise-mayo-sortlu-siyah-floral"]}]},{"@type":"ImageObject","inLanguage":"en-US","@id":"https:\/\/burkinistar.com\/?product=kapli-elbise-mayo-sortlu-siyah-floral#primaryimage","url":"https:\/\/burkinistar.com\/wp-content\/uploads\/2025\/08\/elbise-mayokapli-elbise-mayo-sortlu-si-012103.jpg","contentUrl":"https:\/\/burkinistar.com\/wp-content\/uploads\/2025\/08\/elbise-mayokapli-elbise-mayo-sortlu-si-012103.jpg","width":600,"height":900},{"@type":"BreadcrumbList","@id":"https:\/\/burkinistar.com\/?product=kapli-elbise-mayo-sortlu-siyah-floral#breadcrumb","itemListElement":[{"@type":"ListItem","position":1,"name":"Homepage","item":"https:\/\/burkinistar.com\/"},{"@type":"ListItem","position":2,"name":"All Products","item":"https:\/\/burkinistar.com\/?page_id=8"},{"@type":"ListItem","position":3,"name":"Kapl\u0131 Elbise Mayo \u015eortlu Siyah Floral"}]},{"@type":"WebSite","@id":"https:\/\/burkinistar.com\/#website","url":"https:\/\/burkinistar.com\/","name":"BURKINISTAR","description":"The Best Modest Swimwear and Bikini Store | Burkinistar","potentialAction":[{"@type":"SearchAction","target":{"@type":"EntryPoint","urlTemplate":"https:\/\/burkinistar.com\/?s={search_term_string}"},"query-input":{"@type":"PropertyValueSpecification","valueRequired":true,"valueName":"search_term_string"}}],"inLanguage":"en-US"}]}},"_links":{"self":[{"href":"https:\/\/burkinistar.com\/index.php?rest_route=\/wp\/v2\/product\/53447","targetHints":{"allow":["GET"]}}],"collection":[{"href":"https:\/\/burkinistar.com\/index.php?rest_route=\/wp\/v2\/product"}],"about":[{"href":"https:\/\/burkinistar.com\/index.php?rest_route=\/wp\/v2\/types\/product"}],"replies":[{"embeddable":true,"href":"https:\/\/burkinistar.com\/index.php?rest_route=%2Fwp%2Fv2%2Fcomments&post=53447"}],"version-history":[{"count":1,"href":"https:\/\/burkinistar.com\/index.php?rest_route=\/wp\/v2\/product\/53447\/revisions"}],"predecessor-version":[{"id":53448,"href":"https:\/\/burkinistar.com\/index.php?rest_route=\/wp\/v2\/product\/53447\/revisions\/53448"}],"wp:featuredmedia":[{"embeddable":true,"href":"https:\/\/burkinistar.com\/index.php?rest_route=\/wp\/v2\/media\/53450"}],"wp:attachment":[{"href":"https:\/\/burkinistar.com\/index.php?rest_route=%2Fwp%2Fv2%2Fmedia&parent=53447"}],"wp:term":[{"taxonomy":"product_brand","embeddable":true,"href":"https:\/\/burkinistar.com\/index.php?rest_route=%2Fwp%2Fv2%2Fproduct_brand&post=53447"},{"taxonomy":"product_cat","embeddable":true,"href":"https:\/\/burkinistar.com\/index.php?rest_route=%2Fwp%2Fv2%2Fproduct_cat&post=53447"},{"taxonomy":"product_tag","embeddable":true,"href":"https:\/\/burkinistar.com\/index.php?rest_route=%2Fwp%2Fv2%2Fproduct_tag&post=53447"}],"curies":[{"name":"wp","href":"https:\/\/api.w.org\/{rel}","templated":true}]}}