{"id":53479,"date":"2025-08-30T11:43:09","date_gmt":"2025-08-30T11:43:09","guid":{"rendered":"https:\/\/burkinistar.com\/?product=bikini-takimi-toparlayici-kruvaze-siyah"},"modified":"2025-08-30T11:43:24","modified_gmt":"2025-08-30T11:43:24","slug":"bikini-takimi-toparlayici-kruvaze-siyah","status":"publish","type":"product","link":"https:\/\/burkinistar.com\/?product=bikini-takimi-toparlayici-kruvaze-siyah","title":{"rendered":"Bikini Tak\u0131m\u0131 Toparlay\u0131c\u0131 Kruvaze Siyah"},"content":{"rendered":"<p>Toparlay\u0131c\u0131 Y\u00fcksek Bel Kruvaze Yaka Bikini Tak\u0131m\u0131 Tak\u0131m\u0131 iki par\u00e7adan olu\u015fmaktad\u0131r. Bikini alt\u0131n\u0131n tamam\u0131 \u00e7ift kat kuma\u015ftan \u00fcretilmi\u015ftir. Bikini \u00fcst\u00fcnde g\u00f6\u011f\u00fcs pedi vard\u0131r, \u00e7\u0131kar\u0131labilir. Bikini \u00fcst\u00fcn\u00fcn ask\u0131lar\u0131 ayarlanabilir. Polyamit kuma\u015ftan \u00fcretilmi\u015ftir.<\/p>\n","protected":false},"excerpt":{"rendered":"<p>Toparlay\u0131c\u0131 Y\u00fcksek Bel Kruvaze Yaka Bikini Tak\u0131m\u0131 Tak\u0131m\u0131 iki par\u00e7adan olu\u015fmaktad\u0131r. Bikini alt\u0131n\u0131n tamam\u0131 \u00e7ift&hellip;<\/p>\n","protected":false},"featured_media":53482,"comment_status":"closed","ping_status":"open","template":"","meta":[],"product_brand":[2562],"product_cat":[2503],"product_tag":[],"class_list":{"0":"post-53479","1":"product","2":"type-product","3":"status-publish","4":"has-post-thumbnail","6":"product_brand-starinci-mayo","7":"product_cat-bikini","8":"pa_color-siyah","9":"pa_size-2581","10":"pa_size-2582","11":"pa_size-2583","12":"pa_size-2584","13":"pa_size-2585","15":"first","16":"instock","17":"shipping-taxable","18":"purchasable","19":"product-type-variable","20":"layout-style-2","21":"col-md-4 col-sm-4 col-xs-6","22":"col-lg-4","23":"product-has-gallery","24":"product-style-slider"},"yoast_head":"<!-- This site is optimized with the Yoast SEO plugin v25.8 - https:\/\/yoast.com\/wordpress\/plugins\/seo\/ -->\n<title>Bikini Tak\u0131m\u0131 Toparlay\u0131c\u0131 Kruvaze Siyah - BURKINISTAR<\/title>\n<meta name=\"robots\" content=\"index, follow, max-snippet:-1, max-image-preview:large, max-video-preview:-1\" \/>\n<link rel=\"canonical\" href=\"https:\/\/burkinistar.com\/?product=bikini-takimi-toparlayici-kruvaze-siyah\" \/>\n<meta property=\"og:locale\" content=\"en_US\" \/>\n<meta property=\"og:type\" content=\"article\" \/>\n<meta property=\"og:title\" content=\"Bikini Tak\u0131m\u0131 Toparlay\u0131c\u0131 Kruvaze Siyah - BURKINISTAR\" \/>\n<meta property=\"og:description\" content=\"Toparlay\u0131c\u0131 Y\u00fcksek Bel Kruvaze Yaka Bikini Tak\u0131m\u0131 Tak\u0131m\u0131 iki par\u00e7adan olu\u015fmaktad\u0131r. Bikini alt\u0131n\u0131n tamam\u0131 \u00e7ift&hellip;\" \/>\n<meta property=\"og:url\" content=\"https:\/\/burkinistar.com\/?product=bikini-takimi-toparlayici-kruvaze-siyah\" \/>\n<meta property=\"og:site_name\" content=\"BURKINISTAR\" \/>\n<meta property=\"article:modified_time\" content=\"2025-08-30T11:43:24+00:00\" \/>\n<meta property=\"og:image\" content=\"https:\/\/burkinistar.com\/wp-content\/uploads\/2025\/08\/bikinibikini-takimi-toparlayici-kruvaz-bc3bea.jpg\" \/>\n\t<meta property=\"og:image:width\" content=\"600\" \/>\n\t<meta property=\"og:image:height\" content=\"900\" \/>\n\t<meta property=\"og:image:type\" content=\"image\/jpeg\" \/>\n<meta name=\"twitter:card\" content=\"summary_large_image\" \/>\n<script type=\"application\/ld+json\" class=\"yoast-schema-graph\">{\"@context\":\"https:\/\/schema.org\",\"@graph\":[{\"@type\":\"WebPage\",\"@id\":\"https:\/\/burkinistar.com\/?product=bikini-takimi-toparlayici-kruvaze-siyah\",\"url\":\"https:\/\/burkinistar.com\/?product=bikini-takimi-toparlayici-kruvaze-siyah\",\"name\":\"Bikini Tak\u0131m\u0131 Toparlay\u0131c\u0131 Kruvaze Siyah - BURKINISTAR\",\"isPartOf\":{\"@id\":\"https:\/\/burkinistar.com\/#website\"},\"primaryImageOfPage\":{\"@id\":\"https:\/\/burkinistar.com\/?product=bikini-takimi-toparlayici-kruvaze-siyah#primaryimage\"},\"image\":{\"@id\":\"https:\/\/burkinistar.com\/?product=bikini-takimi-toparlayici-kruvaze-siyah#primaryimage\"},\"thumbnailUrl\":\"https:\/\/burkinistar.com\/wp-content\/uploads\/2025\/08\/bikinibikini-takimi-toparlayici-kruvaz-bc3bea.jpg\",\"datePublished\":\"2025-08-30T11:43:09+00:00\",\"dateModified\":\"2025-08-30T11:43:24+00:00\",\"breadcrumb\":{\"@id\":\"https:\/\/burkinistar.com\/?product=bikini-takimi-toparlayici-kruvaze-siyah#breadcrumb\"},\"inLanguage\":\"en-US\",\"potentialAction\":[{\"@type\":\"ReadAction\",\"target\":[\"https:\/\/burkinistar.com\/?product=bikini-takimi-toparlayici-kruvaze-siyah\"]}]},{\"@type\":\"ImageObject\",\"inLanguage\":\"en-US\",\"@id\":\"https:\/\/burkinistar.com\/?product=bikini-takimi-toparlayici-kruvaze-siyah#primaryimage\",\"url\":\"https:\/\/burkinistar.com\/wp-content\/uploads\/2025\/08\/bikinibikini-takimi-toparlayici-kruvaz-bc3bea.jpg\",\"contentUrl\":\"https:\/\/burkinistar.com\/wp-content\/uploads\/2025\/08\/bikinibikini-takimi-toparlayici-kruvaz-bc3bea.jpg\",\"width\":600,\"height\":900},{\"@type\":\"BreadcrumbList\",\"@id\":\"https:\/\/burkinistar.com\/?product=bikini-takimi-toparlayici-kruvaze-siyah#breadcrumb\",\"itemListElement\":[{\"@type\":\"ListItem\",\"position\":1,\"name\":\"Homepage\",\"item\":\"https:\/\/burkinistar.com\/\"},{\"@type\":\"ListItem\",\"position\":2,\"name\":\"All Products\",\"item\":\"https:\/\/burkinistar.com\/?page_id=8\"},{\"@type\":\"ListItem\",\"position\":3,\"name\":\"Bikini Tak\u0131m\u0131 Toparlay\u0131c\u0131 Kruvaze Siyah\"}]},{\"@type\":\"WebSite\",\"@id\":\"https:\/\/burkinistar.com\/#website\",\"url\":\"https:\/\/burkinistar.com\/\",\"name\":\"BURKINISTAR\",\"description\":\"The Best Modest Swimwear and Bikini Store | Burkinistar\",\"potentialAction\":[{\"@type\":\"SearchAction\",\"target\":{\"@type\":\"EntryPoint\",\"urlTemplate\":\"https:\/\/burkinistar.com\/?s={search_term_string}\"},\"query-input\":{\"@type\":\"PropertyValueSpecification\",\"valueRequired\":true,\"valueName\":\"search_term_string\"}}],\"inLanguage\":\"en-US\"}]}<\/script>\n<!-- \/ Yoast SEO plugin. -->","yoast_head_json":{"title":"Bikini Tak\u0131m\u0131 Toparlay\u0131c\u0131 Kruvaze Siyah - BURKINISTAR","robots":{"index":"index","follow":"follow","max-snippet":"max-snippet:-1","max-image-preview":"max-image-preview:large","max-video-preview":"max-video-preview:-1"},"canonical":"https:\/\/burkinistar.com\/?product=bikini-takimi-toparlayici-kruvaze-siyah","og_locale":"en_US","og_type":"article","og_title":"Bikini Tak\u0131m\u0131 Toparlay\u0131c\u0131 Kruvaze Siyah - BURKINISTAR","og_description":"Toparlay\u0131c\u0131 Y\u00fcksek Bel Kruvaze Yaka Bikini Tak\u0131m\u0131 Tak\u0131m\u0131 iki par\u00e7adan olu\u015fmaktad\u0131r. Bikini alt\u0131n\u0131n tamam\u0131 \u00e7ift&hellip;","og_url":"https:\/\/burkinistar.com\/?product=bikini-takimi-toparlayici-kruvaze-siyah","og_site_name":"BURKINISTAR","article_modified_time":"2025-08-30T11:43:24+00:00","og_image":[{"width":600,"height":900,"url":"https:\/\/burkinistar.com\/wp-content\/uploads\/2025\/08\/bikinibikini-takimi-toparlayici-kruvaz-bc3bea.jpg","type":"image\/jpeg"}],"twitter_card":"summary_large_image","schema":{"@context":"https:\/\/schema.org","@graph":[{"@type":"WebPage","@id":"https:\/\/burkinistar.com\/?product=bikini-takimi-toparlayici-kruvaze-siyah","url":"https:\/\/burkinistar.com\/?product=bikini-takimi-toparlayici-kruvaze-siyah","name":"Bikini Tak\u0131m\u0131 Toparlay\u0131c\u0131 Kruvaze Siyah - BURKINISTAR","isPartOf":{"@id":"https:\/\/burkinistar.com\/#website"},"primaryImageOfPage":{"@id":"https:\/\/burkinistar.com\/?product=bikini-takimi-toparlayici-kruvaze-siyah#primaryimage"},"image":{"@id":"https:\/\/burkinistar.com\/?product=bikini-takimi-toparlayici-kruvaze-siyah#primaryimage"},"thumbnailUrl":"https:\/\/burkinistar.com\/wp-content\/uploads\/2025\/08\/bikinibikini-takimi-toparlayici-kruvaz-bc3bea.jpg","datePublished":"2025-08-30T11:43:09+00:00","dateModified":"2025-08-30T11:43:24+00:00","breadcrumb":{"@id":"https:\/\/burkinistar.com\/?product=bikini-takimi-toparlayici-kruvaze-siyah#breadcrumb"},"inLanguage":"en-US","potentialAction":[{"@type":"ReadAction","target":["https:\/\/burkinistar.com\/?product=bikini-takimi-toparlayici-kruvaze-siyah"]}]},{"@type":"ImageObject","inLanguage":"en-US","@id":"https:\/\/burkinistar.com\/?product=bikini-takimi-toparlayici-kruvaze-siyah#primaryimage","url":"https:\/\/burkinistar.com\/wp-content\/uploads\/2025\/08\/bikinibikini-takimi-toparlayici-kruvaz-bc3bea.jpg","contentUrl":"https:\/\/burkinistar.com\/wp-content\/uploads\/2025\/08\/bikinibikini-takimi-toparlayici-kruvaz-bc3bea.jpg","width":600,"height":900},{"@type":"BreadcrumbList","@id":"https:\/\/burkinistar.com\/?product=bikini-takimi-toparlayici-kruvaze-siyah#breadcrumb","itemListElement":[{"@type":"ListItem","position":1,"name":"Homepage","item":"https:\/\/burkinistar.com\/"},{"@type":"ListItem","position":2,"name":"All Products","item":"https:\/\/burkinistar.com\/?page_id=8"},{"@type":"ListItem","position":3,"name":"Bikini Tak\u0131m\u0131 Toparlay\u0131c\u0131 Kruvaze Siyah"}]},{"@type":"WebSite","@id":"https:\/\/burkinistar.com\/#website","url":"https:\/\/burkinistar.com\/","name":"BURKINISTAR","description":"The Best Modest Swimwear and Bikini Store | Burkinistar","potentialAction":[{"@type":"SearchAction","target":{"@type":"EntryPoint","urlTemplate":"https:\/\/burkinistar.com\/?s={search_term_string}"},"query-input":{"@type":"PropertyValueSpecification","valueRequired":true,"valueName":"search_term_string"}}],"inLanguage":"en-US"}]}},"_links":{"self":[{"href":"https:\/\/burkinistar.com\/index.php?rest_route=\/wp\/v2\/product\/53479","targetHints":{"allow":["GET"]}}],"collection":[{"href":"https:\/\/burkinistar.com\/index.php?rest_route=\/wp\/v2\/product"}],"about":[{"href":"https:\/\/burkinistar.com\/index.php?rest_route=\/wp\/v2\/types\/product"}],"replies":[{"embeddable":true,"href":"https:\/\/burkinistar.com\/index.php?rest_route=%2Fwp%2Fv2%2Fcomments&post=53479"}],"version-history":[{"count":1,"href":"https:\/\/burkinistar.com\/index.php?rest_route=\/wp\/v2\/product\/53479\/revisions"}],"predecessor-version":[{"id":53480,"href":"https:\/\/burkinistar.com\/index.php?rest_route=\/wp\/v2\/product\/53479\/revisions\/53480"}],"wp:featuredmedia":[{"embeddable":true,"href":"https:\/\/burkinistar.com\/index.php?rest_route=\/wp\/v2\/media\/53482"}],"wp:attachment":[{"href":"https:\/\/burkinistar.com\/index.php?rest_route=%2Fwp%2Fv2%2Fmedia&parent=53479"}],"wp:term":[{"taxonomy":"product_brand","embeddable":true,"href":"https:\/\/burkinistar.com\/index.php?rest_route=%2Fwp%2Fv2%2Fproduct_brand&post=53479"},{"taxonomy":"product_cat","embeddable":true,"href":"https:\/\/burkinistar.com\/index.php?rest_route=%2Fwp%2Fv2%2Fproduct_cat&post=53479"},{"taxonomy":"product_tag","embeddable":true,"href":"https:\/\/burkinistar.com\/index.php?rest_route=%2Fwp%2Fv2%2Fproduct_tag&post=53479"}],"curies":[{"name":"wp","href":"https:\/\/api.w.org\/{rel}","templated":true}]}}