{"id":53502,"date":"2025-08-30T11:43:09","date_gmt":"2025-08-30T11:43:09","guid":{"rendered":"https:\/\/burkinistar.com\/?product=bikini-alti-siyah-yuksek-bel-toparlayici-cizgi-desenli-buzgulu"},"modified":"2025-08-30T11:43:24","modified_gmt":"2025-08-30T11:43:24","slug":"bikini-alti-siyah-yuksek-bel-toparlayici-cizgi-desenli-buzgulu","status":"publish","type":"product","link":"https:\/\/burkinistar.com\/?product=bikini-alti-siyah-yuksek-bel-toparlayici-cizgi-desenli-buzgulu","title":{"rendered":"Bikini Alt\u0131 Siyah Y\u00fcksek Bel Toparlay\u0131c\u0131 \u00c7izgi Desenli B\u00fczg\u00fcl\u00fc"},"content":{"rendered":"<p>Kad\u0131n y\u00fcksek bel toparlay\u0131c\u0131 bikini tak\u0131m\u0131 tek par\u00e7a halinde sat\u0131lmaktad\u0131r. H\u0131zl\u0131 kuruma \u00f6zelli\u011fi olan likral\u0131 polyamid kuma\u015ftan \u00fcretilmi\u015ftir. Astar\u0131 tulum \u015feklinde dikildi\u011finden d\u0131\u015far\u0131da kalan diki\u015f izi yoktur ve v\u00fccudu rahats\u0131z etmez.<\/p>\n","protected":false},"excerpt":{"rendered":"<p>Kad\u0131n y\u00fcksek bel toparlay\u0131c\u0131 bikini tak\u0131m\u0131 tek par\u00e7a halinde sat\u0131lmaktad\u0131r. H\u0131zl\u0131 kuruma \u00f6zelli\u011fi olan likral\u0131&hellip;<\/p>\n","protected":false},"featured_media":53505,"comment_status":"closed","ping_status":"open","template":"","meta":[],"product_brand":[2562],"product_cat":[2568,2564],"product_tag":[],"class_list":{"0":"post-53502","1":"product","2":"type-product","3":"status-publish","4":"has-post-thumbnail","6":"product_brand-starinci-mayo","7":"product_cat-bikini-alti-ve-tayt","8":"product_cat-plaj","9":"pa_color-siyah","10":"pa_size-2581","11":"pa_size-2582","12":"pa_size-2583","13":"pa_size-2584","14":"pa_size-2585","15":"pa_size-2588","17":"first","18":"instock","19":"shipping-taxable","20":"purchasable","21":"product-type-variable","22":"layout-style-2","23":"col-md-4 col-sm-4 col-xs-6","24":"col-lg-4","25":"product-has-gallery","26":"product-style-slider"},"yoast_head":"<!-- This site is optimized with the Yoast SEO plugin v25.8 - https:\/\/yoast.com\/wordpress\/plugins\/seo\/ -->\n<title>Bikini Alt\u0131 Siyah Y\u00fcksek Bel Toparlay\u0131c\u0131 \u00c7izgi Desenli B\u00fczg\u00fcl\u00fc - BURKINISTAR<\/title>\n<meta name=\"robots\" content=\"index, follow, max-snippet:-1, max-image-preview:large, max-video-preview:-1\" \/>\n<link rel=\"canonical\" href=\"https:\/\/burkinistar.com\/?product=bikini-alti-siyah-yuksek-bel-toparlayici-cizgi-desenli-buzgulu\" \/>\n<meta property=\"og:locale\" content=\"en_US\" \/>\n<meta property=\"og:type\" content=\"article\" \/>\n<meta property=\"og:title\" content=\"Bikini Alt\u0131 Siyah Y\u00fcksek Bel Toparlay\u0131c\u0131 \u00c7izgi Desenli B\u00fczg\u00fcl\u00fc - BURKINISTAR\" \/>\n<meta property=\"og:description\" content=\"Kad\u0131n y\u00fcksek bel toparlay\u0131c\u0131 bikini tak\u0131m\u0131 tek par\u00e7a halinde sat\u0131lmaktad\u0131r. H\u0131zl\u0131 kuruma \u00f6zelli\u011fi olan likral\u0131&hellip;\" \/>\n<meta property=\"og:url\" content=\"https:\/\/burkinistar.com\/?product=bikini-alti-siyah-yuksek-bel-toparlayici-cizgi-desenli-buzgulu\" \/>\n<meta property=\"og:site_name\" content=\"BURKINISTAR\" \/>\n<meta property=\"article:modified_time\" content=\"2025-08-30T11:43:24+00:00\" \/>\n<meta property=\"og:image\" content=\"https:\/\/burkinistar.com\/wp-content\/uploads\/2025\/08\/bikini-alti-ve-taytbikini-alti-siyah-y-739bdb.jpg\" \/>\n\t<meta property=\"og:image:width\" content=\"600\" \/>\n\t<meta property=\"og:image:height\" content=\"900\" \/>\n\t<meta property=\"og:image:type\" content=\"image\/jpeg\" \/>\n<meta name=\"twitter:card\" content=\"summary_large_image\" \/>\n<script type=\"application\/ld+json\" class=\"yoast-schema-graph\">{\"@context\":\"https:\/\/schema.org\",\"@graph\":[{\"@type\":\"WebPage\",\"@id\":\"https:\/\/burkinistar.com\/?product=bikini-alti-siyah-yuksek-bel-toparlayici-cizgi-desenli-buzgulu\",\"url\":\"https:\/\/burkinistar.com\/?product=bikini-alti-siyah-yuksek-bel-toparlayici-cizgi-desenli-buzgulu\",\"name\":\"Bikini Alt\u0131 Siyah Y\u00fcksek Bel Toparlay\u0131c\u0131 \u00c7izgi Desenli B\u00fczg\u00fcl\u00fc - BURKINISTAR\",\"isPartOf\":{\"@id\":\"https:\/\/burkinistar.com\/#website\"},\"primaryImageOfPage\":{\"@id\":\"https:\/\/burkinistar.com\/?product=bikini-alti-siyah-yuksek-bel-toparlayici-cizgi-desenli-buzgulu#primaryimage\"},\"image\":{\"@id\":\"https:\/\/burkinistar.com\/?product=bikini-alti-siyah-yuksek-bel-toparlayici-cizgi-desenli-buzgulu#primaryimage\"},\"thumbnailUrl\":\"https:\/\/burkinistar.com\/wp-content\/uploads\/2025\/08\/bikini-alti-ve-taytbikini-alti-siyah-y-739bdb.jpg\",\"datePublished\":\"2025-08-30T11:43:09+00:00\",\"dateModified\":\"2025-08-30T11:43:24+00:00\",\"breadcrumb\":{\"@id\":\"https:\/\/burkinistar.com\/?product=bikini-alti-siyah-yuksek-bel-toparlayici-cizgi-desenli-buzgulu#breadcrumb\"},\"inLanguage\":\"en-US\",\"potentialAction\":[{\"@type\":\"ReadAction\",\"target\":[\"https:\/\/burkinistar.com\/?product=bikini-alti-siyah-yuksek-bel-toparlayici-cizgi-desenli-buzgulu\"]}]},{\"@type\":\"ImageObject\",\"inLanguage\":\"en-US\",\"@id\":\"https:\/\/burkinistar.com\/?product=bikini-alti-siyah-yuksek-bel-toparlayici-cizgi-desenli-buzgulu#primaryimage\",\"url\":\"https:\/\/burkinistar.com\/wp-content\/uploads\/2025\/08\/bikini-alti-ve-taytbikini-alti-siyah-y-739bdb.jpg\",\"contentUrl\":\"https:\/\/burkinistar.com\/wp-content\/uploads\/2025\/08\/bikini-alti-ve-taytbikini-alti-siyah-y-739bdb.jpg\",\"width\":600,\"height\":900},{\"@type\":\"BreadcrumbList\",\"@id\":\"https:\/\/burkinistar.com\/?product=bikini-alti-siyah-yuksek-bel-toparlayici-cizgi-desenli-buzgulu#breadcrumb\",\"itemListElement\":[{\"@type\":\"ListItem\",\"position\":1,\"name\":\"Homepage\",\"item\":\"https:\/\/burkinistar.com\/\"},{\"@type\":\"ListItem\",\"position\":2,\"name\":\"All Products\",\"item\":\"https:\/\/burkinistar.com\/?page_id=8\"},{\"@type\":\"ListItem\",\"position\":3,\"name\":\"Bikini Alt\u0131 Siyah Y\u00fcksek Bel Toparlay\u0131c\u0131 \u00c7izgi Desenli B\u00fczg\u00fcl\u00fc\"}]},{\"@type\":\"WebSite\",\"@id\":\"https:\/\/burkinistar.com\/#website\",\"url\":\"https:\/\/burkinistar.com\/\",\"name\":\"BURKINISTAR\",\"description\":\"The Best Modest Swimwear and Bikini Store | Burkinistar\",\"potentialAction\":[{\"@type\":\"SearchAction\",\"target\":{\"@type\":\"EntryPoint\",\"urlTemplate\":\"https:\/\/burkinistar.com\/?s={search_term_string}\"},\"query-input\":{\"@type\":\"PropertyValueSpecification\",\"valueRequired\":true,\"valueName\":\"search_term_string\"}}],\"inLanguage\":\"en-US\"}]}<\/script>\n<!-- \/ Yoast SEO plugin. -->","yoast_head_json":{"title":"Bikini Alt\u0131 Siyah Y\u00fcksek Bel Toparlay\u0131c\u0131 \u00c7izgi Desenli B\u00fczg\u00fcl\u00fc - BURKINISTAR","robots":{"index":"index","follow":"follow","max-snippet":"max-snippet:-1","max-image-preview":"max-image-preview:large","max-video-preview":"max-video-preview:-1"},"canonical":"https:\/\/burkinistar.com\/?product=bikini-alti-siyah-yuksek-bel-toparlayici-cizgi-desenli-buzgulu","og_locale":"en_US","og_type":"article","og_title":"Bikini Alt\u0131 Siyah Y\u00fcksek Bel Toparlay\u0131c\u0131 \u00c7izgi Desenli B\u00fczg\u00fcl\u00fc - BURKINISTAR","og_description":"Kad\u0131n y\u00fcksek bel toparlay\u0131c\u0131 bikini tak\u0131m\u0131 tek par\u00e7a halinde sat\u0131lmaktad\u0131r. H\u0131zl\u0131 kuruma \u00f6zelli\u011fi olan likral\u0131&hellip;","og_url":"https:\/\/burkinistar.com\/?product=bikini-alti-siyah-yuksek-bel-toparlayici-cizgi-desenli-buzgulu","og_site_name":"BURKINISTAR","article_modified_time":"2025-08-30T11:43:24+00:00","og_image":[{"width":600,"height":900,"url":"https:\/\/burkinistar.com\/wp-content\/uploads\/2025\/08\/bikini-alti-ve-taytbikini-alti-siyah-y-739bdb.jpg","type":"image\/jpeg"}],"twitter_card":"summary_large_image","schema":{"@context":"https:\/\/schema.org","@graph":[{"@type":"WebPage","@id":"https:\/\/burkinistar.com\/?product=bikini-alti-siyah-yuksek-bel-toparlayici-cizgi-desenli-buzgulu","url":"https:\/\/burkinistar.com\/?product=bikini-alti-siyah-yuksek-bel-toparlayici-cizgi-desenli-buzgulu","name":"Bikini Alt\u0131 Siyah Y\u00fcksek Bel Toparlay\u0131c\u0131 \u00c7izgi Desenli B\u00fczg\u00fcl\u00fc - BURKINISTAR","isPartOf":{"@id":"https:\/\/burkinistar.com\/#website"},"primaryImageOfPage":{"@id":"https:\/\/burkinistar.com\/?product=bikini-alti-siyah-yuksek-bel-toparlayici-cizgi-desenli-buzgulu#primaryimage"},"image":{"@id":"https:\/\/burkinistar.com\/?product=bikini-alti-siyah-yuksek-bel-toparlayici-cizgi-desenli-buzgulu#primaryimage"},"thumbnailUrl":"https:\/\/burkinistar.com\/wp-content\/uploads\/2025\/08\/bikini-alti-ve-taytbikini-alti-siyah-y-739bdb.jpg","datePublished":"2025-08-30T11:43:09+00:00","dateModified":"2025-08-30T11:43:24+00:00","breadcrumb":{"@id":"https:\/\/burkinistar.com\/?product=bikini-alti-siyah-yuksek-bel-toparlayici-cizgi-desenli-buzgulu#breadcrumb"},"inLanguage":"en-US","potentialAction":[{"@type":"ReadAction","target":["https:\/\/burkinistar.com\/?product=bikini-alti-siyah-yuksek-bel-toparlayici-cizgi-desenli-buzgulu"]}]},{"@type":"ImageObject","inLanguage":"en-US","@id":"https:\/\/burkinistar.com\/?product=bikini-alti-siyah-yuksek-bel-toparlayici-cizgi-desenli-buzgulu#primaryimage","url":"https:\/\/burkinistar.com\/wp-content\/uploads\/2025\/08\/bikini-alti-ve-taytbikini-alti-siyah-y-739bdb.jpg","contentUrl":"https:\/\/burkinistar.com\/wp-content\/uploads\/2025\/08\/bikini-alti-ve-taytbikini-alti-siyah-y-739bdb.jpg","width":600,"height":900},{"@type":"BreadcrumbList","@id":"https:\/\/burkinistar.com\/?product=bikini-alti-siyah-yuksek-bel-toparlayici-cizgi-desenli-buzgulu#breadcrumb","itemListElement":[{"@type":"ListItem","position":1,"name":"Homepage","item":"https:\/\/burkinistar.com\/"},{"@type":"ListItem","position":2,"name":"All Products","item":"https:\/\/burkinistar.com\/?page_id=8"},{"@type":"ListItem","position":3,"name":"Bikini Alt\u0131 Siyah Y\u00fcksek Bel Toparlay\u0131c\u0131 \u00c7izgi Desenli B\u00fczg\u00fcl\u00fc"}]},{"@type":"WebSite","@id":"https:\/\/burkinistar.com\/#website","url":"https:\/\/burkinistar.com\/","name":"BURKINISTAR","description":"The Best Modest Swimwear and Bikini Store | Burkinistar","potentialAction":[{"@type":"SearchAction","target":{"@type":"EntryPoint","urlTemplate":"https:\/\/burkinistar.com\/?s={search_term_string}"},"query-input":{"@type":"PropertyValueSpecification","valueRequired":true,"valueName":"search_term_string"}}],"inLanguage":"en-US"}]}},"_links":{"self":[{"href":"https:\/\/burkinistar.com\/index.php?rest_route=\/wp\/v2\/product\/53502","targetHints":{"allow":["GET"]}}],"collection":[{"href":"https:\/\/burkinistar.com\/index.php?rest_route=\/wp\/v2\/product"}],"about":[{"href":"https:\/\/burkinistar.com\/index.php?rest_route=\/wp\/v2\/types\/product"}],"replies":[{"embeddable":true,"href":"https:\/\/burkinistar.com\/index.php?rest_route=%2Fwp%2Fv2%2Fcomments&post=53502"}],"version-history":[{"count":1,"href":"https:\/\/burkinistar.com\/index.php?rest_route=\/wp\/v2\/product\/53502\/revisions"}],"predecessor-version":[{"id":53503,"href":"https:\/\/burkinistar.com\/index.php?rest_route=\/wp\/v2\/product\/53502\/revisions\/53503"}],"wp:featuredmedia":[{"embeddable":true,"href":"https:\/\/burkinistar.com\/index.php?rest_route=\/wp\/v2\/media\/53505"}],"wp:attachment":[{"href":"https:\/\/burkinistar.com\/index.php?rest_route=%2Fwp%2Fv2%2Fmedia&parent=53502"}],"wp:term":[{"taxonomy":"product_brand","embeddable":true,"href":"https:\/\/burkinistar.com\/index.php?rest_route=%2Fwp%2Fv2%2Fproduct_brand&post=53502"},{"taxonomy":"product_cat","embeddable":true,"href":"https:\/\/burkinistar.com\/index.php?rest_route=%2Fwp%2Fv2%2Fproduct_cat&post=53502"},{"taxonomy":"product_tag","embeddable":true,"href":"https:\/\/burkinistar.com\/index.php?rest_route=%2Fwp%2Fv2%2Fproduct_tag&post=53502"}],"curies":[{"name":"wp","href":"https:\/\/api.w.org\/{rel}","templated":true}]}}