{"id":53620,"date":"2025-08-30T11:43:58","date_gmt":"2025-08-30T11:43:58","guid":{"rendered":"https:\/\/burkinistar.com\/?product=bikini-takimi-parasut-sortlu-duz-siyah-bralet-ust"},"modified":"2025-08-30T11:44:09","modified_gmt":"2025-08-30T11:44:09","slug":"bikini-takimi-parasut-sortlu-duz-siyah-bralet-ust","status":"publish","type":"product","link":"https:\/\/burkinistar.com\/?product=bikini-takimi-parasut-sortlu-duz-siyah-bralet-ust","title":{"rendered":"Bikini Tak\u0131m\u0131 Para\u015f\u00fct \u015eortlu D\u00fcz Siyah Bralet \u00dcst"},"content":{"rendered":"<p>\u015eortlu Bralet Bikini Tak\u0131m\u0131 01 Bikini tak\u0131m\u0131 iki par\u00e7adan olu\u015fmaktad\u0131r. \u015eortu esneme \u00f6zelli\u011fi olan para\u015f\u00fct kuma\u015ftan \u00fcretilmi\u015ftir. \u015eort d\u0131\u015farda da giyinmeye uygundur. V\u00fccuda rahats\u0131zl\u0131k hissi vermez. Bikini \u00fcst\u00fcn\u00fcn ask\u0131lar\u0131 ayarlanabilir G\u00f6\u011f\u00fcs pedi \u00e7\u0131kar\u0131labilir. Bu \u00fcr\u00fcn hmm markas\u0131 taraf\u0131ndan starinci i\u00e7in \u00fcretilmi\u015ftir.<\/p>\n","protected":false},"excerpt":{"rendered":"<p>\u015eortlu Bralet Bikini Tak\u0131m\u0131 01 Bikini tak\u0131m\u0131 iki par\u00e7adan olu\u015fmaktad\u0131r. \u015eortu esneme \u00f6zelli\u011fi olan para\u015f\u00fct&hellip;<\/p>\n","protected":false},"featured_media":53623,"comment_status":"closed","ping_status":"open","template":"","meta":[],"product_brand":[2562],"product_cat":[2503],"product_tag":[],"class_list":{"0":"post-53620","1":"product","2":"type-product","3":"status-publish","4":"has-post-thumbnail","6":"product_brand-starinci-mayo","7":"product_cat-bikini","8":"pa_color-siyah","9":"pa_size-2581","10":"pa_size-2582","11":"pa_size-2583","12":"pa_size-2584","13":"pa_size-2585","15":"first","16":"instock","17":"shipping-taxable","18":"purchasable","19":"product-type-variable","20":"layout-style-2","21":"col-md-4 col-sm-4 col-xs-6","22":"col-lg-4","23":"product-has-gallery","24":"product-style-slider"},"yoast_head":"<!-- This site is optimized with the Yoast SEO plugin v25.8 - https:\/\/yoast.com\/wordpress\/plugins\/seo\/ -->\n<title>Bikini Tak\u0131m\u0131 Para\u015f\u00fct \u015eortlu D\u00fcz Siyah Bralet \u00dcst - BURKINISTAR<\/title>\n<meta name=\"robots\" content=\"index, follow, max-snippet:-1, max-image-preview:large, max-video-preview:-1\" \/>\n<link rel=\"canonical\" href=\"https:\/\/burkinistar.com\/?product=bikini-takimi-parasut-sortlu-duz-siyah-bralet-ust\" \/>\n<meta property=\"og:locale\" content=\"en_US\" \/>\n<meta property=\"og:type\" content=\"article\" \/>\n<meta property=\"og:title\" content=\"Bikini Tak\u0131m\u0131 Para\u015f\u00fct \u015eortlu D\u00fcz Siyah Bralet \u00dcst - BURKINISTAR\" \/>\n<meta property=\"og:description\" content=\"\u015eortlu Bralet Bikini Tak\u0131m\u0131 01 Bikini tak\u0131m\u0131 iki par\u00e7adan olu\u015fmaktad\u0131r. \u015eortu esneme \u00f6zelli\u011fi olan para\u015f\u00fct&hellip;\" \/>\n<meta property=\"og:url\" content=\"https:\/\/burkinistar.com\/?product=bikini-takimi-parasut-sortlu-duz-siyah-bralet-ust\" \/>\n<meta property=\"og:site_name\" content=\"BURKINISTAR\" \/>\n<meta property=\"article:modified_time\" content=\"2025-08-30T11:44:09+00:00\" \/>\n<meta property=\"og:image\" content=\"https:\/\/burkinistar.com\/wp-content\/uploads\/2025\/08\/bikinibikini-takimi-parasut-sortlu-duz-4a0f-9.jpg\" \/>\n\t<meta property=\"og:image:width\" content=\"600\" \/>\n\t<meta property=\"og:image:height\" content=\"900\" \/>\n\t<meta property=\"og:image:type\" content=\"image\/jpeg\" \/>\n<meta name=\"twitter:card\" content=\"summary_large_image\" \/>\n<script type=\"application\/ld+json\" class=\"yoast-schema-graph\">{\"@context\":\"https:\/\/schema.org\",\"@graph\":[{\"@type\":\"WebPage\",\"@id\":\"https:\/\/burkinistar.com\/?product=bikini-takimi-parasut-sortlu-duz-siyah-bralet-ust\",\"url\":\"https:\/\/burkinistar.com\/?product=bikini-takimi-parasut-sortlu-duz-siyah-bralet-ust\",\"name\":\"Bikini Tak\u0131m\u0131 Para\u015f\u00fct \u015eortlu D\u00fcz Siyah Bralet \u00dcst - BURKINISTAR\",\"isPartOf\":{\"@id\":\"https:\/\/burkinistar.com\/#website\"},\"primaryImageOfPage\":{\"@id\":\"https:\/\/burkinistar.com\/?product=bikini-takimi-parasut-sortlu-duz-siyah-bralet-ust#primaryimage\"},\"image\":{\"@id\":\"https:\/\/burkinistar.com\/?product=bikini-takimi-parasut-sortlu-duz-siyah-bralet-ust#primaryimage\"},\"thumbnailUrl\":\"https:\/\/burkinistar.com\/wp-content\/uploads\/2025\/08\/bikinibikini-takimi-parasut-sortlu-duz-4a0f-9.jpg\",\"datePublished\":\"2025-08-30T11:43:58+00:00\",\"dateModified\":\"2025-08-30T11:44:09+00:00\",\"breadcrumb\":{\"@id\":\"https:\/\/burkinistar.com\/?product=bikini-takimi-parasut-sortlu-duz-siyah-bralet-ust#breadcrumb\"},\"inLanguage\":\"en-US\",\"potentialAction\":[{\"@type\":\"ReadAction\",\"target\":[\"https:\/\/burkinistar.com\/?product=bikini-takimi-parasut-sortlu-duz-siyah-bralet-ust\"]}]},{\"@type\":\"ImageObject\",\"inLanguage\":\"en-US\",\"@id\":\"https:\/\/burkinistar.com\/?product=bikini-takimi-parasut-sortlu-duz-siyah-bralet-ust#primaryimage\",\"url\":\"https:\/\/burkinistar.com\/wp-content\/uploads\/2025\/08\/bikinibikini-takimi-parasut-sortlu-duz-4a0f-9.jpg\",\"contentUrl\":\"https:\/\/burkinistar.com\/wp-content\/uploads\/2025\/08\/bikinibikini-takimi-parasut-sortlu-duz-4a0f-9.jpg\",\"width\":600,\"height\":900},{\"@type\":\"BreadcrumbList\",\"@id\":\"https:\/\/burkinistar.com\/?product=bikini-takimi-parasut-sortlu-duz-siyah-bralet-ust#breadcrumb\",\"itemListElement\":[{\"@type\":\"ListItem\",\"position\":1,\"name\":\"Homepage\",\"item\":\"https:\/\/burkinistar.com\/\"},{\"@type\":\"ListItem\",\"position\":2,\"name\":\"All Products\",\"item\":\"https:\/\/burkinistar.com\/?page_id=8\"},{\"@type\":\"ListItem\",\"position\":3,\"name\":\"Bikini Tak\u0131m\u0131 Para\u015f\u00fct \u015eortlu D\u00fcz Siyah Bralet \u00dcst\"}]},{\"@type\":\"WebSite\",\"@id\":\"https:\/\/burkinistar.com\/#website\",\"url\":\"https:\/\/burkinistar.com\/\",\"name\":\"BURKINISTAR\",\"description\":\"The Best Modest Swimwear and Bikini Store | Burkinistar\",\"potentialAction\":[{\"@type\":\"SearchAction\",\"target\":{\"@type\":\"EntryPoint\",\"urlTemplate\":\"https:\/\/burkinistar.com\/?s={search_term_string}\"},\"query-input\":{\"@type\":\"PropertyValueSpecification\",\"valueRequired\":true,\"valueName\":\"search_term_string\"}}],\"inLanguage\":\"en-US\"}]}<\/script>\n<!-- \/ Yoast SEO plugin. -->","yoast_head_json":{"title":"Bikini Tak\u0131m\u0131 Para\u015f\u00fct \u015eortlu D\u00fcz Siyah Bralet \u00dcst - BURKINISTAR","robots":{"index":"index","follow":"follow","max-snippet":"max-snippet:-1","max-image-preview":"max-image-preview:large","max-video-preview":"max-video-preview:-1"},"canonical":"https:\/\/burkinistar.com\/?product=bikini-takimi-parasut-sortlu-duz-siyah-bralet-ust","og_locale":"en_US","og_type":"article","og_title":"Bikini Tak\u0131m\u0131 Para\u015f\u00fct \u015eortlu D\u00fcz Siyah Bralet \u00dcst - BURKINISTAR","og_description":"\u015eortlu Bralet Bikini Tak\u0131m\u0131 01 Bikini tak\u0131m\u0131 iki par\u00e7adan olu\u015fmaktad\u0131r. \u015eortu esneme \u00f6zelli\u011fi olan para\u015f\u00fct&hellip;","og_url":"https:\/\/burkinistar.com\/?product=bikini-takimi-parasut-sortlu-duz-siyah-bralet-ust","og_site_name":"BURKINISTAR","article_modified_time":"2025-08-30T11:44:09+00:00","og_image":[{"width":600,"height":900,"url":"https:\/\/burkinistar.com\/wp-content\/uploads\/2025\/08\/bikinibikini-takimi-parasut-sortlu-duz-4a0f-9.jpg","type":"image\/jpeg"}],"twitter_card":"summary_large_image","schema":{"@context":"https:\/\/schema.org","@graph":[{"@type":"WebPage","@id":"https:\/\/burkinistar.com\/?product=bikini-takimi-parasut-sortlu-duz-siyah-bralet-ust","url":"https:\/\/burkinistar.com\/?product=bikini-takimi-parasut-sortlu-duz-siyah-bralet-ust","name":"Bikini Tak\u0131m\u0131 Para\u015f\u00fct \u015eortlu D\u00fcz Siyah Bralet \u00dcst - BURKINISTAR","isPartOf":{"@id":"https:\/\/burkinistar.com\/#website"},"primaryImageOfPage":{"@id":"https:\/\/burkinistar.com\/?product=bikini-takimi-parasut-sortlu-duz-siyah-bralet-ust#primaryimage"},"image":{"@id":"https:\/\/burkinistar.com\/?product=bikini-takimi-parasut-sortlu-duz-siyah-bralet-ust#primaryimage"},"thumbnailUrl":"https:\/\/burkinistar.com\/wp-content\/uploads\/2025\/08\/bikinibikini-takimi-parasut-sortlu-duz-4a0f-9.jpg","datePublished":"2025-08-30T11:43:58+00:00","dateModified":"2025-08-30T11:44:09+00:00","breadcrumb":{"@id":"https:\/\/burkinistar.com\/?product=bikini-takimi-parasut-sortlu-duz-siyah-bralet-ust#breadcrumb"},"inLanguage":"en-US","potentialAction":[{"@type":"ReadAction","target":["https:\/\/burkinistar.com\/?product=bikini-takimi-parasut-sortlu-duz-siyah-bralet-ust"]}]},{"@type":"ImageObject","inLanguage":"en-US","@id":"https:\/\/burkinistar.com\/?product=bikini-takimi-parasut-sortlu-duz-siyah-bralet-ust#primaryimage","url":"https:\/\/burkinistar.com\/wp-content\/uploads\/2025\/08\/bikinibikini-takimi-parasut-sortlu-duz-4a0f-9.jpg","contentUrl":"https:\/\/burkinistar.com\/wp-content\/uploads\/2025\/08\/bikinibikini-takimi-parasut-sortlu-duz-4a0f-9.jpg","width":600,"height":900},{"@type":"BreadcrumbList","@id":"https:\/\/burkinistar.com\/?product=bikini-takimi-parasut-sortlu-duz-siyah-bralet-ust#breadcrumb","itemListElement":[{"@type":"ListItem","position":1,"name":"Homepage","item":"https:\/\/burkinistar.com\/"},{"@type":"ListItem","position":2,"name":"All Products","item":"https:\/\/burkinistar.com\/?page_id=8"},{"@type":"ListItem","position":3,"name":"Bikini Tak\u0131m\u0131 Para\u015f\u00fct \u015eortlu D\u00fcz Siyah Bralet \u00dcst"}]},{"@type":"WebSite","@id":"https:\/\/burkinistar.com\/#website","url":"https:\/\/burkinistar.com\/","name":"BURKINISTAR","description":"The Best Modest Swimwear and Bikini Store | Burkinistar","potentialAction":[{"@type":"SearchAction","target":{"@type":"EntryPoint","urlTemplate":"https:\/\/burkinistar.com\/?s={search_term_string}"},"query-input":{"@type":"PropertyValueSpecification","valueRequired":true,"valueName":"search_term_string"}}],"inLanguage":"en-US"}]}},"_links":{"self":[{"href":"https:\/\/burkinistar.com\/index.php?rest_route=\/wp\/v2\/product\/53620","targetHints":{"allow":["GET"]}}],"collection":[{"href":"https:\/\/burkinistar.com\/index.php?rest_route=\/wp\/v2\/product"}],"about":[{"href":"https:\/\/burkinistar.com\/index.php?rest_route=\/wp\/v2\/types\/product"}],"replies":[{"embeddable":true,"href":"https:\/\/burkinistar.com\/index.php?rest_route=%2Fwp%2Fv2%2Fcomments&post=53620"}],"version-history":[{"count":1,"href":"https:\/\/burkinistar.com\/index.php?rest_route=\/wp\/v2\/product\/53620\/revisions"}],"predecessor-version":[{"id":53621,"href":"https:\/\/burkinistar.com\/index.php?rest_route=\/wp\/v2\/product\/53620\/revisions\/53621"}],"wp:featuredmedia":[{"embeddable":true,"href":"https:\/\/burkinistar.com\/index.php?rest_route=\/wp\/v2\/media\/53623"}],"wp:attachment":[{"href":"https:\/\/burkinistar.com\/index.php?rest_route=%2Fwp%2Fv2%2Fmedia&parent=53620"}],"wp:term":[{"taxonomy":"product_brand","embeddable":true,"href":"https:\/\/burkinistar.com\/index.php?rest_route=%2Fwp%2Fv2%2Fproduct_brand&post=53620"},{"taxonomy":"product_cat","embeddable":true,"href":"https:\/\/burkinistar.com\/index.php?rest_route=%2Fwp%2Fv2%2Fproduct_cat&post=53620"},{"taxonomy":"product_tag","embeddable":true,"href":"https:\/\/burkinistar.com\/index.php?rest_route=%2Fwp%2Fv2%2Fproduct_tag&post=53620"}],"curies":[{"name":"wp","href":"https:\/\/api.w.org\/{rel}","templated":true}]}}